{"id":37132,"date":"2025-06-17T17:06:19","date_gmt":"2025-06-17T09:06:19","guid":{"rendered":"https:\/\/aiviouvapes.com\/?post_type=product&#038;p=37132"},"modified":"2025-11-13T12:19:51","modified_gmt":"2025-11-13T04:19:51","slug":"vapme-digital-30000-puffs","status":"publish","type":"product","link":"https:\/\/aiviouvapes.com\/pt\/product\/vapme-digital-30000-puffs\/","title":{"rendered":"VAPME DIGITAL 30000 Puffs | 12 sabores, 20mL, bobina de malha de 0,6\u03a9 vape descart\u00e1vel a granel"},"content":{"rendered":"<h2>Carater\u00edsticas principais do VAPME DIGITAL 30000<\/h2>\n<ul>\n<li><strong>Grande n\u00famero de baforadas:<\/strong> Proporciona mais de 30.000 baforadas para sess\u00f5es de vaporiza\u00e7\u00e3o ultra-longas.<\/li>\n<li><strong>Op\u00e7\u00f5es com elevado teor de nicotina:<\/strong> Dispon\u00edvel em 0%, 12%, 13% e 15% para todas as prefer\u00eancias.<\/li>\n<li><strong>Grande capacidade de E-l\u00edquido:<\/strong> Pr\u00e9-cheio com 20 ml de sumo de vapor de primeira qualidade - menos recargas, mais prazer.<\/li>\n<li><strong>Bateria forte:<\/strong> Equipado com uma bateria recarreg\u00e1vel de 850mAh e uma pr\u00e1tica porta de carregamento Tipo C.<\/li>\n<li><strong>Bobina de malha avan\u00e7ada:<\/strong> Utiliza uma bobina de malha de 0,6\u03a9 para um sabor rico e suave e uma produ\u00e7\u00e3o de vapor densa.<\/li>\n<li><strong>Perfeito para os amantes de MTL:<\/strong> Concebida para ser extra\u00edda da boca para o pulm\u00e3o, simulando uma verdadeira experi\u00eancia de fumar.<\/li>\n<\/ul>\n<h2>Porqu\u00ea escolher o VAPME DIGITAL 30000?<\/h2>\n<p>Este vape descart\u00e1vel de alto desempenho \u00e9 ideal para quem procura um potente fornecimento de nicotina, batidas MTL suaves e sabores de destaque. Com um design digital inteligente e uma contagem de baforadas l\u00edder na ind\u00fastria, foi concebido tanto para utilizadores intensivos como para compradores a granel.<\/p>\n<h2>\ud83c\udf53 Sabores dispon\u00edveis<\/h2>\n<ul>\n<li>Mirtilo Framboesa<\/li>\n<li>Gelo de cereja<\/li>\n<li>Kiwi Maracuj\u00e1 Goiaba<\/li>\n<li>Gelo de morango<\/li>\n<li>Morango Kiwi<\/li>\n<li>Red Bull de morango<\/li>\n<li>Morango Uva<\/li>\n<li>Gelo de melancia<\/li>\n<li>Gelo de p\u00eassego<\/li>\n<li>Bebida energ\u00e9tica<\/li>\n<li>Lady Killa<\/li>\n<li>Amor 66<\/li>\n<\/ul>\n<p><img data-recalc-dims=\"1\" loading=\"lazy\" decoding=\"async\" class=\"alignnone size-full wp-image-37168\" src=\"https:\/\/i0.wp.com\/aiviouvapes.com\/wp-content\/uploads\/2025\/06\/VAPME-DIGITAL-30000-details1.jpg?resize=1020%2C683&#038;ssl=1\" alt=\",\" width=\"1020\" height=\"683\" title=\"\" srcset=\"https:\/\/i0.wp.com\/aiviouvapes.com\/wp-content\/uploads\/2025\/06\/VAPME-DIGITAL-30000-details1.jpg?w=1920&amp;ssl=1 1920w, https:\/\/i0.wp.com\/aiviouvapes.com\/wp-content\/uploads\/2025\/06\/VAPME-DIGITAL-30000-details1.jpg?resize=300%2C201&amp;ssl=1 300w, https:\/\/i0.wp.com\/aiviouvapes.com\/wp-content\/uploads\/2025\/06\/VAPME-DIGITAL-30000-details1.jpg?resize=1024%2C685&amp;ssl=1 1024w, https:\/\/i0.wp.com\/aiviouvapes.com\/wp-content\/uploads\/2025\/06\/VAPME-DIGITAL-30000-details1.jpg?resize=768%2C514&amp;ssl=1 768w, https:\/\/i0.wp.com\/aiviouvapes.com\/wp-content\/uploads\/2025\/06\/VAPME-DIGITAL-30000-details1.jpg?resize=1536%2C1028&amp;ssl=1 1536w, https:\/\/i0.wp.com\/aiviouvapes.com\/wp-content\/uploads\/2025\/06\/VAPME-DIGITAL-30000-details1.jpg?resize=18%2C12&amp;ssl=1 18w, https:\/\/i0.wp.com\/aiviouvapes.com\/wp-content\/uploads\/2025\/06\/VAPME-DIGITAL-30000-details1.jpg?resize=1320%2C883&amp;ssl=1 1320w, https:\/\/i0.wp.com\/aiviouvapes.com\/wp-content\/uploads\/2025\/06\/VAPME-DIGITAL-30000-details1.jpg?resize=800%2C535&amp;ssl=1 800w\" sizes=\"auto, (max-width: 1020px) 100vw, 1020px\" \/> <img data-recalc-dims=\"1\" loading=\"lazy\" decoding=\"async\" class=\"alignnone size-full wp-image-37176\" src=\"https:\/\/i0.wp.com\/aiviouvapes.com\/wp-content\/uploads\/2025\/06\/VAPME-DIGITAL-30000-details9.jpg?resize=1020%2C1020&#038;ssl=1\" alt=\",\" width=\"1020\" height=\"1020\" title=\"\" srcset=\"https:\/\/i0.wp.com\/aiviouvapes.com\/wp-content\/uploads\/2025\/06\/VAPME-DIGITAL-30000-details9.jpg?w=1920&amp;ssl=1 1920w, https:\/\/i0.wp.com\/aiviouvapes.com\/wp-content\/uploads\/2025\/06\/VAPME-DIGITAL-30000-details9.jpg?resize=300%2C300&amp;ssl=1 300w, https:\/\/i0.wp.com\/aiviouvapes.com\/wp-content\/uploads\/2025\/06\/VAPME-DIGITAL-30000-details9.jpg?resize=1024%2C1024&amp;ssl=1 1024w, https:\/\/i0.wp.com\/aiviouvapes.com\/wp-content\/uploads\/2025\/06\/VAPME-DIGITAL-30000-details9.jpg?resize=150%2C150&amp;ssl=1 150w, https:\/\/i0.wp.com\/aiviouvapes.com\/wp-content\/uploads\/2025\/06\/VAPME-DIGITAL-30000-details9.jpg?resize=768%2C768&amp;ssl=1 768w, https:\/\/i0.wp.com\/aiviouvapes.com\/wp-content\/uploads\/2025\/06\/VAPME-DIGITAL-30000-details9.jpg?resize=1536%2C1536&amp;ssl=1 1536w, https:\/\/i0.wp.com\/aiviouvapes.com\/wp-content\/uploads\/2025\/06\/VAPME-DIGITAL-30000-details9.jpg?resize=12%2C12&amp;ssl=1 12w, https:\/\/i0.wp.com\/aiviouvapes.com\/wp-content\/uploads\/2025\/06\/VAPME-DIGITAL-30000-details9.jpg?resize=1320%2C1320&amp;ssl=1 1320w, https:\/\/i0.wp.com\/aiviouvapes.com\/wp-content\/uploads\/2025\/06\/VAPME-DIGITAL-30000-details9.jpg?resize=400%2C400&amp;ssl=1 400w, https:\/\/i0.wp.com\/aiviouvapes.com\/wp-content\/uploads\/2025\/06\/VAPME-DIGITAL-30000-details9.jpg?resize=800%2C800&amp;ssl=1 800w, https:\/\/i0.wp.com\/aiviouvapes.com\/wp-content\/uploads\/2025\/06\/VAPME-DIGITAL-30000-details9.jpg?resize=100%2C100&amp;ssl=1 100w\" sizes=\"auto, (max-width: 1020px) 100vw, 1020px\" \/> <img data-recalc-dims=\"1\" loading=\"lazy\" decoding=\"async\" class=\"alignnone size-full wp-image-37175\" src=\"https:\/\/i0.wp.com\/aiviouvapes.com\/wp-content\/uploads\/2025\/06\/VAPME-DIGITAL-30000-details8.jpg?resize=1020%2C680&#038;ssl=1\" alt=\",\" width=\"1020\" height=\"680\" title=\"\" srcset=\"https:\/\/i0.wp.com\/aiviouvapes.com\/wp-content\/uploads\/2025\/06\/VAPME-DIGITAL-30000-details8.jpg?w=1920&amp;ssl=1 1920w, https:\/\/i0.wp.com\/aiviouvapes.com\/wp-content\/uploads\/2025\/06\/VAPME-DIGITAL-30000-details8.jpg?resize=300%2C200&amp;ssl=1 300w, https:\/\/i0.wp.com\/aiviouvapes.com\/wp-content\/uploads\/2025\/06\/VAPME-DIGITAL-30000-details8.jpg?resize=1024%2C683&amp;ssl=1 1024w, https:\/\/i0.wp.com\/aiviouvapes.com\/wp-content\/uploads\/2025\/06\/VAPME-DIGITAL-30000-details8.jpg?resize=768%2C512&amp;ssl=1 768w, https:\/\/i0.wp.com\/aiviouvapes.com\/wp-content\/uploads\/2025\/06\/VAPME-DIGITAL-30000-details8.jpg?resize=1536%2C1024&amp;ssl=1 1536w, https:\/\/i0.wp.com\/aiviouvapes.com\/wp-content\/uploads\/2025\/06\/VAPME-DIGITAL-30000-details8.jpg?resize=18%2C12&amp;ssl=1 18w, https:\/\/i0.wp.com\/aiviouvapes.com\/wp-content\/uploads\/2025\/06\/VAPME-DIGITAL-30000-details8.jpg?resize=1320%2C880&amp;ssl=1 1320w, https:\/\/i0.wp.com\/aiviouvapes.com\/wp-content\/uploads\/2025\/06\/VAPME-DIGITAL-30000-details8.jpg?resize=800%2C533&amp;ssl=1 800w\" sizes=\"auto, (max-width: 1020px) 100vw, 1020px\" \/> <img data-recalc-dims=\"1\" loading=\"lazy\" decoding=\"async\" class=\"alignnone size-full wp-image-37174\" src=\"https:\/\/i0.wp.com\/aiviouvapes.com\/wp-content\/uploads\/2025\/06\/VAPME-DIGITAL-30000-details7.jpg?resize=1020%2C1020&#038;ssl=1\" alt=\",\" width=\"1020\" height=\"1020\" title=\"\" srcset=\"https:\/\/i0.wp.com\/aiviouvapes.com\/wp-content\/uploads\/2025\/06\/VAPME-DIGITAL-30000-details7.jpg?w=1920&amp;ssl=1 1920w, https:\/\/i0.wp.com\/aiviouvapes.com\/wp-content\/uploads\/2025\/06\/VAPME-DIGITAL-30000-details7.jpg?resize=300%2C300&amp;ssl=1 300w, https:\/\/i0.wp.com\/aiviouvapes.com\/wp-content\/uploads\/2025\/06\/VAPME-DIGITAL-30000-details7.jpg?resize=1024%2C1024&amp;ssl=1 1024w, https:\/\/i0.wp.com\/aiviouvapes.com\/wp-content\/uploads\/2025\/06\/VAPME-DIGITAL-30000-details7.jpg?resize=150%2C150&amp;ssl=1 150w, https:\/\/i0.wp.com\/aiviouvapes.com\/wp-content\/uploads\/2025\/06\/VAPME-DIGITAL-30000-details7.jpg?resize=768%2C768&amp;ssl=1 768w, https:\/\/i0.wp.com\/aiviouvapes.com\/wp-content\/uploads\/2025\/06\/VAPME-DIGITAL-30000-details7.jpg?resize=1536%2C1536&amp;ssl=1 1536w, https:\/\/i0.wp.com\/aiviouvapes.com\/wp-content\/uploads\/2025\/06\/VAPME-DIGITAL-30000-details7.jpg?resize=12%2C12&amp;ssl=1 12w, https:\/\/i0.wp.com\/aiviouvapes.com\/wp-content\/uploads\/2025\/06\/VAPME-DIGITAL-30000-details7.jpg?resize=1320%2C1320&amp;ssl=1 1320w, https:\/\/i0.wp.com\/aiviouvapes.com\/wp-content\/uploads\/2025\/06\/VAPME-DIGITAL-30000-details7.jpg?resize=400%2C400&amp;ssl=1 400w, https:\/\/i0.wp.com\/aiviouvapes.com\/wp-content\/uploads\/2025\/06\/VAPME-DIGITAL-30000-details7.jpg?resize=800%2C800&amp;ssl=1 800w, https:\/\/i0.wp.com\/aiviouvapes.com\/wp-content\/uploads\/2025\/06\/VAPME-DIGITAL-30000-details7.jpg?resize=100%2C100&amp;ssl=1 100w\" sizes=\"auto, (max-width: 1020px) 100vw, 1020px\" \/> <img data-recalc-dims=\"1\" loading=\"lazy\" decoding=\"async\" class=\"alignnone size-full wp-image-37173\" src=\"https:\/\/i0.wp.com\/aiviouvapes.com\/wp-content\/uploads\/2025\/06\/VAPME-DIGITAL-30000-details6.jpg?resize=1020%2C1020&#038;ssl=1\" alt=\",\" width=\"1020\" height=\"1020\" title=\"\" srcset=\"https:\/\/i0.wp.com\/aiviouvapes.com\/wp-content\/uploads\/2025\/06\/VAPME-DIGITAL-30000-details6.jpg?w=1920&amp;ssl=1 1920w, https:\/\/i0.wp.com\/aiviouvapes.com\/wp-content\/uploads\/2025\/06\/VAPME-DIGITAL-30000-details6.jpg?resize=300%2C300&amp;ssl=1 300w, https:\/\/i0.wp.com\/aiviouvapes.com\/wp-content\/uploads\/2025\/06\/VAPME-DIGITAL-30000-details6.jpg?resize=1024%2C1024&amp;ssl=1 1024w, https:\/\/i0.wp.com\/aiviouvapes.com\/wp-content\/uploads\/2025\/06\/VAPME-DIGITAL-30000-details6.jpg?resize=150%2C150&amp;ssl=1 150w, https:\/\/i0.wp.com\/aiviouvapes.com\/wp-content\/uploads\/2025\/06\/VAPME-DIGITAL-30000-details6.jpg?resize=768%2C768&amp;ssl=1 768w, https:\/\/i0.wp.com\/aiviouvapes.com\/wp-content\/uploads\/2025\/06\/VAPME-DIGITAL-30000-details6.jpg?resize=1536%2C1536&amp;ssl=1 1536w, https:\/\/i0.wp.com\/aiviouvapes.com\/wp-content\/uploads\/2025\/06\/VAPME-DIGITAL-30000-details6.jpg?resize=12%2C12&amp;ssl=1 12w, https:\/\/i0.wp.com\/aiviouvapes.com\/wp-content\/uploads\/2025\/06\/VAPME-DIGITAL-30000-details6.jpg?resize=1320%2C1320&amp;ssl=1 1320w, https:\/\/i0.wp.com\/aiviouvapes.com\/wp-content\/uploads\/2025\/06\/VAPME-DIGITAL-30000-details6.jpg?resize=400%2C400&amp;ssl=1 400w, https:\/\/i0.wp.com\/aiviouvapes.com\/wp-content\/uploads\/2025\/06\/VAPME-DIGITAL-30000-details6.jpg?resize=800%2C800&amp;ssl=1 800w, https:\/\/i0.wp.com\/aiviouvapes.com\/wp-content\/uploads\/2025\/06\/VAPME-DIGITAL-30000-details6.jpg?resize=100%2C100&amp;ssl=1 100w\" sizes=\"auto, (max-width: 1020px) 100vw, 1020px\" \/> <img data-recalc-dims=\"1\" loading=\"lazy\" decoding=\"async\" class=\"alignnone size-full wp-image-37172\" src=\"https:\/\/i0.wp.com\/aiviouvapes.com\/wp-content\/uploads\/2025\/06\/VAPME-DIGITAL-30000-details5.jpg?resize=1020%2C1530&#038;ssl=1\" alt=\",\" width=\"1020\" height=\"1530\" title=\"\" srcset=\"https:\/\/i0.wp.com\/aiviouvapes.com\/wp-content\/uploads\/2025\/06\/VAPME-DIGITAL-30000-details5.jpg?w=1280&amp;ssl=1 1280w, https:\/\/i0.wp.com\/aiviouvapes.com\/wp-content\/uploads\/2025\/06\/VAPME-DIGITAL-30000-details5.jpg?resize=200%2C300&amp;ssl=1 200w, https:\/\/i0.wp.com\/aiviouvapes.com\/wp-content\/uploads\/2025\/06\/VAPME-DIGITAL-30000-details5.jpg?resize=683%2C1024&amp;ssl=1 683w, https:\/\/i0.wp.com\/aiviouvapes.com\/wp-content\/uploads\/2025\/06\/VAPME-DIGITAL-30000-details5.jpg?resize=768%2C1152&amp;ssl=1 768w, https:\/\/i0.wp.com\/aiviouvapes.com\/wp-content\/uploads\/2025\/06\/VAPME-DIGITAL-30000-details5.jpg?resize=1024%2C1536&amp;ssl=1 1024w, https:\/\/i0.wp.com\/aiviouvapes.com\/wp-content\/uploads\/2025\/06\/VAPME-DIGITAL-30000-details5.jpg?resize=8%2C12&amp;ssl=1 8w, https:\/\/i0.wp.com\/aiviouvapes.com\/wp-content\/uploads\/2025\/06\/VAPME-DIGITAL-30000-details5.jpg?resize=800%2C1200&amp;ssl=1 800w\" sizes=\"auto, (max-width: 1020px) 100vw, 1020px\" \/> <img data-recalc-dims=\"1\" loading=\"lazy\" decoding=\"async\" class=\"alignnone size-full wp-image-37171\" src=\"https:\/\/i0.wp.com\/aiviouvapes.com\/wp-content\/uploads\/2025\/06\/VAPME-DIGITAL-30000-details4.jpg?resize=1020%2C680&#038;ssl=1\" alt=\",\" width=\"1020\" height=\"680\" title=\"\" srcset=\"https:\/\/i0.wp.com\/aiviouvapes.com\/wp-content\/uploads\/2025\/06\/VAPME-DIGITAL-30000-details4.jpg?w=1920&amp;ssl=1 1920w, https:\/\/i0.wp.com\/aiviouvapes.com\/wp-content\/uploads\/2025\/06\/VAPME-DIGITAL-30000-details4.jpg?resize=300%2C200&amp;ssl=1 300w, https:\/\/i0.wp.com\/aiviouvapes.com\/wp-content\/uploads\/2025\/06\/VAPME-DIGITAL-30000-details4.jpg?resize=1024%2C683&amp;ssl=1 1024w, https:\/\/i0.wp.com\/aiviouvapes.com\/wp-content\/uploads\/2025\/06\/VAPME-DIGITAL-30000-details4.jpg?resize=768%2C512&amp;ssl=1 768w, https:\/\/i0.wp.com\/aiviouvapes.com\/wp-content\/uploads\/2025\/06\/VAPME-DIGITAL-30000-details4.jpg?resize=1536%2C1024&amp;ssl=1 1536w, https:\/\/i0.wp.com\/aiviouvapes.com\/wp-content\/uploads\/2025\/06\/VAPME-DIGITAL-30000-details4.jpg?resize=18%2C12&amp;ssl=1 18w, https:\/\/i0.wp.com\/aiviouvapes.com\/wp-content\/uploads\/2025\/06\/VAPME-DIGITAL-30000-details4.jpg?resize=1320%2C880&amp;ssl=1 1320w, https:\/\/i0.wp.com\/aiviouvapes.com\/wp-content\/uploads\/2025\/06\/VAPME-DIGITAL-30000-details4.jpg?resize=800%2C533&amp;ssl=1 800w\" sizes=\"auto, (max-width: 1020px) 100vw, 1020px\" \/> <img data-recalc-dims=\"1\" loading=\"lazy\" decoding=\"async\" class=\"alignnone size-full wp-image-37170\" src=\"https:\/\/i0.wp.com\/aiviouvapes.com\/wp-content\/uploads\/2025\/06\/VAPME-DIGITAL-30000-details3.jpg?resize=1020%2C1020&#038;ssl=1\" alt=\",\" width=\"1020\" height=\"1020\" title=\"\" srcset=\"https:\/\/i0.wp.com\/aiviouvapes.com\/wp-content\/uploads\/2025\/06\/VAPME-DIGITAL-30000-details3.jpg?w=1920&amp;ssl=1 1920w, https:\/\/i0.wp.com\/aiviouvapes.com\/wp-content\/uploads\/2025\/06\/VAPME-DIGITAL-30000-details3.jpg?resize=300%2C300&amp;ssl=1 300w, https:\/\/i0.wp.com\/aiviouvapes.com\/wp-content\/uploads\/2025\/06\/VAPME-DIGITAL-30000-details3.jpg?resize=1024%2C1024&amp;ssl=1 1024w, https:\/\/i0.wp.com\/aiviouvapes.com\/wp-content\/uploads\/2025\/06\/VAPME-DIGITAL-30000-details3.jpg?resize=150%2C150&amp;ssl=1 150w, https:\/\/i0.wp.com\/aiviouvapes.com\/wp-content\/uploads\/2025\/06\/VAPME-DIGITAL-30000-details3.jpg?resize=768%2C768&amp;ssl=1 768w, https:\/\/i0.wp.com\/aiviouvapes.com\/wp-content\/uploads\/2025\/06\/VAPME-DIGITAL-30000-details3.jpg?resize=1536%2C1536&amp;ssl=1 1536w, https:\/\/i0.wp.com\/aiviouvapes.com\/wp-content\/uploads\/2025\/06\/VAPME-DIGITAL-30000-details3.jpg?resize=12%2C12&amp;ssl=1 12w, https:\/\/i0.wp.com\/aiviouvapes.com\/wp-content\/uploads\/2025\/06\/VAPME-DIGITAL-30000-details3.jpg?resize=1320%2C1320&amp;ssl=1 1320w, https:\/\/i0.wp.com\/aiviouvapes.com\/wp-content\/uploads\/2025\/06\/VAPME-DIGITAL-30000-details3.jpg?resize=400%2C400&amp;ssl=1 400w, https:\/\/i0.wp.com\/aiviouvapes.com\/wp-content\/uploads\/2025\/06\/VAPME-DIGITAL-30000-details3.jpg?resize=800%2C800&amp;ssl=1 800w, https:\/\/i0.wp.com\/aiviouvapes.com\/wp-content\/uploads\/2025\/06\/VAPME-DIGITAL-30000-details3.jpg?resize=100%2C100&amp;ssl=1 100w\" sizes=\"auto, (max-width: 1020px) 100vw, 1020px\" \/> <img data-recalc-dims=\"1\" loading=\"lazy\" decoding=\"async\" class=\"alignnone size-full wp-image-37169\" src=\"https:\/\/i0.wp.com\/aiviouvapes.com\/wp-content\/uploads\/2025\/06\/VAPME-DIGITAL-30000-details2.jpg?resize=1020%2C1020&#038;ssl=1\" alt=\",\" width=\"1020\" height=\"1020\" title=\"\" srcset=\"https:\/\/i0.wp.com\/aiviouvapes.com\/wp-content\/uploads\/2025\/06\/VAPME-DIGITAL-30000-details2.jpg?w=1920&amp;ssl=1 1920w, https:\/\/i0.wp.com\/aiviouvapes.com\/wp-content\/uploads\/2025\/06\/VAPME-DIGITAL-30000-details2.jpg?resize=300%2C300&amp;ssl=1 300w, https:\/\/i0.wp.com\/aiviouvapes.com\/wp-content\/uploads\/2025\/06\/VAPME-DIGITAL-30000-details2.jpg?resize=1024%2C1024&amp;ssl=1 1024w, https:\/\/i0.wp.com\/aiviouvapes.com\/wp-content\/uploads\/2025\/06\/VAPME-DIGITAL-30000-details2.jpg?resize=150%2C150&amp;ssl=1 150w, https:\/\/i0.wp.com\/aiviouvapes.com\/wp-content\/uploads\/2025\/06\/VAPME-DIGITAL-30000-details2.jpg?resize=768%2C768&amp;ssl=1 768w, https:\/\/i0.wp.com\/aiviouvapes.com\/wp-content\/uploads\/2025\/06\/VAPME-DIGITAL-30000-details2.jpg?resize=1536%2C1536&amp;ssl=1 1536w, https:\/\/i0.wp.com\/aiviouvapes.com\/wp-content\/uploads\/2025\/06\/VAPME-DIGITAL-30000-details2.jpg?resize=12%2C12&amp;ssl=1 12w, https:\/\/i0.wp.com\/aiviouvapes.com\/wp-content\/uploads\/2025\/06\/VAPME-DIGITAL-30000-details2.jpg?resize=1320%2C1320&amp;ssl=1 1320w, https:\/\/i0.wp.com\/aiviouvapes.com\/wp-content\/uploads\/2025\/06\/VAPME-DIGITAL-30000-details2.jpg?resize=400%2C400&amp;ssl=1 400w, https:\/\/i0.wp.com\/aiviouvapes.com\/wp-content\/uploads\/2025\/06\/VAPME-DIGITAL-30000-details2.jpg?resize=800%2C800&amp;ssl=1 800w, https:\/\/i0.wp.com\/aiviouvapes.com\/wp-content\/uploads\/2025\/06\/VAPME-DIGITAL-30000-details2.jpg?resize=100%2C100&amp;ssl=1 100w\" sizes=\"auto, (max-width: 1020px) 100vw, 1020px\" \/><\/p>","protected":false},"excerpt":{"rendered":"<p>O vape descart\u00e1vel VAPME DIGITAL 30000 oferece mais de 30.000 baforadas, op\u00e7\u00f5es de sabores arrojados e op\u00e7\u00f5es de nicotina elevada num dispositivo compacto com carregamento Tipo C - perfeito para uma satisfa\u00e7\u00e3o intensa e duradoura.<\/p>","protected":false},"featured_media":37133,"comment_status":"open","ping_status":"closed","template":"","meta":[],"product_brand":[233],"product_cat":[20,131],"product_tag":[],"class_list":{"0":"post-37132","1":"product","2":"type-product","3":"status-publish","4":"has-post-thumbnail","6":"product_brand-vapme","7":"product_cat-vapme-vapes","8":"product_cat-30000-puffs-disposable-vape","10":"first","11":"instock","12":"shipping-taxable","13":"purchasable","14":"product-type-variable","15":"has-default-attributes"},"jetpack_sharing_enabled":true,"tiered_pricing_type":"fixed","tiered_pricing_fixed_rules":{"30":9.3800000000000007815970093361102044582366943359375,"50":7.6500000000000003552713678800500929355621337890625,"100":7.04000000000000003552713678800500929355621337890625,"200":6.6699999999999999289457264239899814128875732421875,"400":6.230000000000000426325641456060111522674560546875},"tiered_pricing_product_settings":{"layout":"default","base_unit_name":{"singular":null,"plural":null},"default_variation":null},"tiered_pricing_minimum_quantity":10,"tiered_pricing_roles_data":[],"tiered_pricing_percentage_rules":[],"tiered_pricing_maximum_quantity":null,"tiered_pricing_quantity_step":"10","_links":{"self":[{"href":"https:\/\/aiviouvapes.com\/pt\/wp-json\/wp\/v2\/product\/37132","targetHints":{"allow":["GET"]}}],"collection":[{"href":"https:\/\/aiviouvapes.com\/pt\/wp-json\/wp\/v2\/product"}],"about":[{"href":"https:\/\/aiviouvapes.com\/pt\/wp-json\/wp\/v2\/types\/product"}],"replies":[{"embeddable":true,"href":"https:\/\/aiviouvapes.com\/pt\/wp-json\/wp\/v2\/comments?post=37132"}],"wp:featuredmedia":[{"embeddable":true,"href":"https:\/\/aiviouvapes.com\/pt\/wp-json\/wp\/v2\/media\/37133"}],"wp:attachment":[{"href":"https:\/\/aiviouvapes.com\/pt\/wp-json\/wp\/v2\/media?parent=37132"}],"wp:term":[{"taxonomy":"product_brand","embeddable":true,"href":"https:\/\/aiviouvapes.com\/pt\/wp-json\/wp\/v2\/product_brand?post=37132"},{"taxonomy":"product_cat","embeddable":true,"href":"https:\/\/aiviouvapes.com\/pt\/wp-json\/wp\/v2\/product_cat?post=37132"},{"taxonomy":"product_tag","embeddable":true,"href":"https:\/\/aiviouvapes.com\/pt\/wp-json\/wp\/v2\/product_tag?post=37132"}],"curies":[{"name":"wp","href":"https:\/\/api.w.org\/{rel}","templated":true}]}}