{"id":36829,"date":"2025-06-24T15:51:22","date_gmt":"2025-06-24T07:51:22","guid":{"rendered":"https:\/\/aiviouvapes.com\/?post_type=product&#038;p=36829"},"modified":"2026-03-17T23:57:03","modified_gmt":"2026-03-17T15:57:03","slug":"okso-shisha-max-40000-puffs","status":"publish","type":"product","link":"https:\/\/aiviouvapes.com\/pt\/product\/okso-shisha-max-40000-puffs\/","title":{"rendered":"OKSO Shisha Max 40000 Puffs | 36mL bobina de malha, ecr\u00e3 LED, controlo de fluxo de ar, bloqueio para crian\u00e7as, vape descart\u00e1vel a granel por atacado"},"content":{"rendered":"<p><!-- SEO Meta Description --><\/p>\n<p><!-- Product Title --><\/p>\n<h2>OKSO Shisha Max 40K | 40,000 Puffs, bobina de malha, visor LED Vape descart\u00e1vel<\/h2>\n<p><!-- Key Features of OKSO Shisha Max 40K --><\/p>\n<h2>\ud83d\udd11 Carater\u00edsticas principais<\/h2>\n<ul>\n<li><strong>Grande capacidade de sopro:<\/strong> Desfrute de at\u00e9 40.000 baforadas satisfat\u00f3rias por dispositivo.<\/li>\n<li><strong>Bobina de malha (0,6\u03a9):<\/strong> Proporciona um sabor rico e consistente e um vapor suave.<\/li>\n<li><strong>Grande volume de E-l\u00edquido:<\/strong> Pr\u00e9-cheio com 36 ml de sumo de vapor de primeira qualidade.<\/li>\n<li><strong>Op\u00e7\u00f5es de nicotina:<\/strong> Dispon\u00edvel em 0%, 2%, 3% ou 5% - escolha a sua for\u00e7a.<\/li>\n<li><strong>Bateria recarreg\u00e1vel:<\/strong> Capacidade de 800mAh com carregamento r\u00e1pido do tipo C.<\/li>\n<li><strong>Ecr\u00e3 LED:<\/strong> O ecr\u00e3 de f\u00e1cil leitura apresenta informa\u00e7\u00f5es sobre a bateria e o sopro.<\/li>\n<li><strong>Pot\u00eancia e fluxo de ar ajust\u00e1veis:<\/strong> Personalize o seu sucesso at\u00e9 \u00e0 perfei\u00e7\u00e3o.<\/li>\n<li><strong>Bloqueio para crian\u00e7as:<\/strong> Mecanismo de seguran\u00e7a incorporado para maior tranquilidade.<\/li>\n<\/ul>\n<p><!-- Why Choose OKSO Shisha Max 40K --><\/p>\n<h2>Porqu\u00ea escolher o OKSO Shisha Max 40K?<\/h2>\n<p>O OKSO Shisha Max 40K n\u00e3o \u00e9 apenas mais um descart\u00e1vel - \u00e9 uma experi\u00eancia de topo de gama no seu bolso. Com pot\u00eancia ajust\u00e1vel, controlo do fluxo de ar e um visor LED v\u00edvido, tem o controlo de cada tragada. Quer esteja \u00e0 procura de nuvens, sabor ou liberdade de nicotina, este vape foi concebido para satisfazer todos os tipos de vaper durante dias a fio.<\/p>\n<p><!-- Flavor List --><\/p>\n<h2>\ud83c\udf53 Sabores dispon\u00edveis<\/h2>\n<ul>\n<li>Duas ma\u00e7\u00e3s<\/li>\n<li>Menta Uva<\/li>\n<li>Festa da cereja<\/li>\n<li>Gelo de p\u00eassego<\/li>\n<li>Amor m\u00e1gico<\/li>\n<li>Ponche de morango<\/li>\n<li>Gelo Blue Razz<\/li>\n<li>Gelo exuberante<\/li>\n<li>Melancia com morango<\/li>\n<li>Hortel\u00e3 baga<\/li>\n<\/ul>\n<p><img data-recalc-dims=\"1\" loading=\"lazy\" decoding=\"async\" class=\"alignnone size-full wp-image-37044\" src=\"https:\/\/i0.wp.com\/aiviouvapes.com\/wp-content\/uploads\/2025\/06\/OKSO-Shisha-Max-40k-5.jpg?resize=1020%2C573&#038;ssl=1\" alt=\",\" width=\"1020\" height=\"573\" title=\"\" srcset=\"https:\/\/i0.wp.com\/aiviouvapes.com\/wp-content\/uploads\/2025\/06\/OKSO-Shisha-Max-40k-5.jpg?w=1920&amp;ssl=1 1920w, https:\/\/i0.wp.com\/aiviouvapes.com\/wp-content\/uploads\/2025\/06\/OKSO-Shisha-Max-40k-5.jpg?resize=300%2C169&amp;ssl=1 300w, https:\/\/i0.wp.com\/aiviouvapes.com\/wp-content\/uploads\/2025\/06\/OKSO-Shisha-Max-40k-5.jpg?resize=1024%2C575&amp;ssl=1 1024w, https:\/\/i0.wp.com\/aiviouvapes.com\/wp-content\/uploads\/2025\/06\/OKSO-Shisha-Max-40k-5.jpg?resize=768%2C432&amp;ssl=1 768w, https:\/\/i0.wp.com\/aiviouvapes.com\/wp-content\/uploads\/2025\/06\/OKSO-Shisha-Max-40k-5.jpg?resize=1536%2C863&amp;ssl=1 1536w, https:\/\/i0.wp.com\/aiviouvapes.com\/wp-content\/uploads\/2025\/06\/OKSO-Shisha-Max-40k-5.jpg?resize=18%2C10&amp;ssl=1 18w, https:\/\/i0.wp.com\/aiviouvapes.com\/wp-content\/uploads\/2025\/06\/OKSO-Shisha-Max-40k-5.jpg?resize=1320%2C742&amp;ssl=1 1320w, https:\/\/i0.wp.com\/aiviouvapes.com\/wp-content\/uploads\/2025\/06\/OKSO-Shisha-Max-40k-5.jpg?resize=800%2C450&amp;ssl=1 800w\" sizes=\"auto, (max-width: 1020px) 100vw, 1020px\" \/><\/p>","protected":false},"excerpt":{"rendered":"<p>O vape descart\u00e1vel OKSO Shisha Max 40K proporciona at\u00e9 40.000 baforadas com controlo de pot\u00eancia, ajuste do fluxo de ar e 10 sabores ricos - concebidos para um prazer de vape duradouro, personaliz\u00e1vel e saboroso.<\/p>","protected":false},"featured_media":37001,"comment_status":"open","ping_status":"closed","template":"","meta":[],"product_brand":[244],"product_cat":[243,219],"product_tag":[],"class_list":{"0":"post-36829","1":"product","2":"type-product","3":"status-publish","4":"has-post-thumbnail","6":"product_brand-okso","7":"product_cat-okso","8":"product_cat-40000-puffs-disposable-vape","10":"first","11":"instock","12":"shipping-taxable","13":"purchasable","14":"product-type-variable","15":"has-default-attributes"},"jetpack_sharing_enabled":true,"tiered_pricing_type":"fixed","tiered_pricing_fixed_rules":{"30":8.660000000000000142108547152020037174224853515625,"50":6.839999999999999857891452847979962825775146484375,"100":6.20000000000000017763568394002504646778106689453125,"200":5.80999999999999960920149533194489777088165283203125,"400":5.3499999999999996447286321199499070644378662109375},"tiered_pricing_product_settings":{"layout":"default","base_unit_name":{"singular":null,"plural":null},"default_variation":null},"tiered_pricing_minimum_quantity":10,"tiered_pricing_roles_data":[],"tiered_pricing_percentage_rules":[],"tiered_pricing_maximum_quantity":null,"tiered_pricing_quantity_step":"10","_links":{"self":[{"href":"https:\/\/aiviouvapes.com\/pt\/wp-json\/wp\/v2\/product\/36829","targetHints":{"allow":["GET"]}}],"collection":[{"href":"https:\/\/aiviouvapes.com\/pt\/wp-json\/wp\/v2\/product"}],"about":[{"href":"https:\/\/aiviouvapes.com\/pt\/wp-json\/wp\/v2\/types\/product"}],"replies":[{"embeddable":true,"href":"https:\/\/aiviouvapes.com\/pt\/wp-json\/wp\/v2\/comments?post=36829"}],"wp:featuredmedia":[{"embeddable":true,"href":"https:\/\/aiviouvapes.com\/pt\/wp-json\/wp\/v2\/media\/37001"}],"wp:attachment":[{"href":"https:\/\/aiviouvapes.com\/pt\/wp-json\/wp\/v2\/media?parent=36829"}],"wp:term":[{"taxonomy":"product_brand","embeddable":true,"href":"https:\/\/aiviouvapes.com\/pt\/wp-json\/wp\/v2\/product_brand?post=36829"},{"taxonomy":"product_cat","embeddable":true,"href":"https:\/\/aiviouvapes.com\/pt\/wp-json\/wp\/v2\/product_cat?post=36829"},{"taxonomy":"product_tag","embeddable":true,"href":"https:\/\/aiviouvapes.com\/pt\/wp-json\/wp\/v2\/product_tag?post=36829"}],"curies":[{"name":"wp","href":"https:\/\/api.w.org\/{rel}","templated":true}]}}