{"id":35443,"date":"2025-06-02T23:12:50","date_gmt":"2025-06-02T15:12:50","guid":{"rendered":"https:\/\/aiviouvapes.com\/?post_type=product&#038;p=35443"},"modified":"2026-03-17T10:38:52","modified_gmt":"2026-03-17T02:38:52","slug":"bang-blaze-60000-60k","status":"publish","type":"product","link":"https:\/\/aiviouvapes.com\/pt\/product\/bang-blaze-60000-60k\/","title":{"rendered":"Bang Blaze 4 em 1 60000 puffs | sabor de longa dura\u00e7\u00e3o 60k puff vape descart\u00e1vel a granel"},"content":{"rendered":"<p><!-- SEO Meta Description --><\/p>\n<p><!-- Product Description --><\/p>\n<h2>Bang Blaze 60K Vape descart\u00e1vel - 60.000 baforadas, 4 sabores em 1, ecr\u00e3 inteligente<\/h2>\n<p>Procura uma flexibilidade de sabor e uma longevidade de vapor incompar\u00e1veis? O <strong>Bang Blaze 60K Vape descart\u00e1vel<\/strong> \u00e9 o seu dispositivo de elei\u00e7\u00e3o com at\u00e9 60.000 baforadas, um dep\u00f3sito de e-l\u00edquido de 60 ml e um sistema \u00fanico de comuta\u00e7\u00e3o de 4 sabores. Quer seja um perseguidor de nuvens ou um explorador de sabores, este dispositivo torna a vaporiza\u00e7\u00e3o f\u00e1cil e excitante.<\/p>\n<h3>Carater\u00edsticas principais do Bang Blaze 60K<\/h3>\n<ul>\n<li><strong>Massive 60,000 Puffs:<\/strong> Vaporiza\u00e7\u00f5es mais longas, mais fortes e mais inteligentes sem necessidade de substitui\u00e7\u00e3o frequente.<\/li>\n<li><strong>Interruptor de sabor 4 em 1:<\/strong> Mude instantaneamente entre quatro fant\u00e1sticos sabores pr\u00e9-carregados em cada dispositivo.<\/li>\n<li><strong>E-l\u00edquido pr\u00e9-cheio de 60ml:<\/strong> O dep\u00f3sito gigante significa uma utiliza\u00e7\u00e3o prolongada e zero recargas.<\/li>\n<li><strong>Ecr\u00e3 digital inteligente:<\/strong> Monitoriza\u00e7\u00e3o em tempo real do n\u00edvel da bateria e do e-l\u00edquido para um controlo total.<\/li>\n<li><strong>Recarreg\u00e1vel tipo C:<\/strong> Bateria de 650mAh com carregamento r\u00e1pido para que nunca fique sem energia.<\/li>\n<li><strong>Bobina de malha de 1.0\u03a9:<\/strong> Produz um vapor rico e suave com um sabor limpo e arrojado em cada tragada.<\/li>\n<li><strong>Op\u00e7\u00f5es de nicotina:<\/strong> Dispon\u00edvel em 0%, 2%, 3% e 5% para se adaptar ao seu estilo de vida e prefer\u00eancia.<\/li>\n<\/ul>\n<h3>Porqu\u00ea escolher o Bang Blaze 60K?<\/h3>\n<ul>\n<li><strong>Comodidade do All-in-One:<\/strong> Quatro sabores num s\u00f3 - perfeito para alternar em viagem sem trocar de c\u00e1psulas.<\/li>\n<li><strong>Vaping a longo prazo:<\/strong> Desfrute de at\u00e9 60.000 baforadas - mais vaporiza\u00e7\u00e3o, menos substitui\u00e7\u00e3o.<\/li>\n<li><strong>Flexibilidade da nicotina:<\/strong> Quer esteja a deixar de consumir nicotina ou queira uma dose forte, escolha o que funciona melhor para si.<\/li>\n<li><strong>Design de f\u00e1cil utiliza\u00e7\u00e3o:<\/strong> Sem recargas, sem complica\u00e7\u00f5es - basta escolher o seu sabor e vaporizar.<\/li>\n<\/ul>\n<h3>\ud83c\udf53 As 12 melhores combina\u00e7\u00f5es de sabores<\/h3>\n<ul>\n<li>Gelo de melancia \/ Menta de mirtilo \/ Gelo Fuji \/ Romance de lima<\/li>\n<li>Melancia Gelada \/ Mirtilo Cereja \/ Hora de ver\u00e3o \/ Manga \u00c1cida Anan\u00e1s<\/li>\n<li>Gelo de mirtilo \/ Gelo de p\u00eassego \/ Doce de arco-\u00edris \/ Laranja \u00e1cida com lim\u00e3o<\/li>\n<li>Blueberry Ice \/ P\u00eassego Manga Melancia \/ Passion Kiss \/ Mel\u00e3o Ma\u00e7\u00e3<\/li>\n<li>Mirtilo Framboesa \/ Bagas Mistas \/ Cereja da Calif\u00f3rnia \/ Maracuj\u00e1 Manga<\/li>\n<li>Mirtilo Framboesa \/ Uva Gelo \/ Baga Gelo \/ Alo\u00e9 Manga Mel\u00e3o<\/li>\n<li>Bebida energ\u00e9tica \/ Morango, Banana \/ Manga, P\u00eassego, Damasco \/ Maracuj\u00e1, Kiwi, Lima<\/li>\n<li>Bebida energ\u00e9tica \/ Mirtilo Melancia \/ Ma\u00e7\u00e3 \u00c1cida Framboesa \/ Gomas<\/li>\n<li>Manga com morango \/ Pastilha el\u00e1stica de melancia \/ Mojito vermelho \/ Love66<\/li>\n<li>Morango Manga \/ Morango Kiwi \/ Ma\u00e7\u00e3 Uva \/ Melancia Fruta do Drag\u00e3o<\/li>\n<li>Melancia com morango \/ Gelo preto \/ Mel\u00e3o treze \/ Uva com arando<\/li>\n<li>Morango Melancia \/ Kiwi Maracuj\u00e1 Goiaba \/ Manga Ice \/ Melancia P\u00eassego Azedo<\/li>\n<\/ul>\n<p><strong>Bang Blaze 60K<\/strong> redefine a experi\u00eancia do vape descart\u00e1vel com mais sabores, mais pot\u00eancia e mais conveni\u00eancia. Experimente agora e eleve o seu jogo de vape!<\/p>","protected":false},"excerpt":{"rendered":"<p>O vape descart\u00e1vel Bang Blaze 60000 puffs oferece 60ml de e-l\u00edquido, 60.000 puffs, interrutor de sabor 4 em 1, ecr\u00e3 digital inteligente, v\u00e1rios n\u00edveis de nicotina e bobina de malha - a sua derradeira solu\u00e7\u00e3o de vape tudo-em-um.<\/p>","protected":false},"featured_media":35453,"comment_status":"open","ping_status":"closed","template":"","meta":[],"product_brand":[239],"product_cat":[37,242],"product_tag":[],"class_list":{"0":"post-35443","1":"product","2":"type-product","3":"status-publish","4":"has-post-thumbnail","6":"product_brand-bang","7":"product_cat-bang","8":"product_cat-60000-puffs-disposable-vape","10":"first","11":"instock","12":"shipping-taxable","13":"purchasable","14":"product-type-variable","15":"has-default-attributes"},"jetpack_sharing_enabled":true,"tiered_pricing_type":"fixed","tiered_pricing_fixed_rules":{"30":9.8499999999999996447286321199499070644378662109375,"50":8.5600000000000004973799150320701301097869873046875,"100":7.78000000000000024868995751603506505489349365234375,"200":7.38999999999999968025576890795491635799407958984375,"400":6.80999999999999960920149533194489777088165283203125},"tiered_pricing_product_settings":{"layout":"default","base_unit_name":{"singular":null,"plural":null},"default_variation":null},"tiered_pricing_minimum_quantity":10,"tiered_pricing_roles_data":[],"tiered_pricing_percentage_rules":[],"tiered_pricing_maximum_quantity":null,"tiered_pricing_quantity_step":"10","_links":{"self":[{"href":"https:\/\/aiviouvapes.com\/pt\/wp-json\/wp\/v2\/product\/35443","targetHints":{"allow":["GET"]}}],"collection":[{"href":"https:\/\/aiviouvapes.com\/pt\/wp-json\/wp\/v2\/product"}],"about":[{"href":"https:\/\/aiviouvapes.com\/pt\/wp-json\/wp\/v2\/types\/product"}],"replies":[{"embeddable":true,"href":"https:\/\/aiviouvapes.com\/pt\/wp-json\/wp\/v2\/comments?post=35443"}],"wp:featuredmedia":[{"embeddable":true,"href":"https:\/\/aiviouvapes.com\/pt\/wp-json\/wp\/v2\/media\/35453"}],"wp:attachment":[{"href":"https:\/\/aiviouvapes.com\/pt\/wp-json\/wp\/v2\/media?parent=35443"}],"wp:term":[{"taxonomy":"product_brand","embeddable":true,"href":"https:\/\/aiviouvapes.com\/pt\/wp-json\/wp\/v2\/product_brand?post=35443"},{"taxonomy":"product_cat","embeddable":true,"href":"https:\/\/aiviouvapes.com\/pt\/wp-json\/wp\/v2\/product_cat?post=35443"},{"taxonomy":"product_tag","embeddable":true,"href":"https:\/\/aiviouvapes.com\/pt\/wp-json\/wp\/v2\/product_tag?post=35443"}],"curies":[{"name":"wp","href":"https:\/\/api.w.org\/{rel}","templated":true}]}}