{"id":33282,"date":"2025-04-24T17:00:12","date_gmt":"2025-04-24T09:00:12","guid":{"rendered":"https:\/\/aiviouvapes.com\/?post_type=product&#038;p=33282"},"modified":"2026-03-17T23:58:55","modified_gmt":"2026-03-17T15:58:55","slug":"mrvi-df-40k-puff","status":"publish","type":"product","link":"https:\/\/aiviouvapes.com\/pt\/product\/mrvi-df-40k-puff\/","title":{"rendered":"MRVI DF 40000 Puffs | duplo sabor, 40ml e-liquid descart\u00e1vel vape bulk wholesale"},"content":{"rendered":"<p><strong>MRVI DF 40000 Vape descart\u00e1vel de duplo sabor<\/strong> - O dobro do sabor, o dobro da divers\u00e3o.<\/p>\n<p>Conhe\u00e7a o <strong>MRVI DF 40000<\/strong>O vape descart\u00e1vel que lhe oferece o dobro do sabor e o dobro do prazer. Com at\u00e9 <strong>40.000 baforadas<\/strong>, um enorme <strong>Dep\u00f3sito de e-l\u00edquido de 40mL<\/strong>e de vanguarda <strong>bobina de malha dupla<\/strong> este aparelho foi concebido para produzir um vapor suave e rico que dura mais tempo do que alguma vez pensou ser poss\u00edvel. Quer seja um vaporizador ocasional ou um comprador por grosso, o MRVI DF 40000 re\u00fane tudo o que precisa num dispositivo elegante e de bolso.<\/p>\n<p>Equipado com um <strong>Bateria recarreg\u00e1vel de 850mAh<\/strong> e <strong>Carregamento tipo C<\/strong> para um reabastecimento r\u00e1pido, este aparelho \u00e9 t\u00e3o potente quanto c\u00f3modo. Escolha entre <strong>Intensidade de nicotina 5% ou 2%<\/strong> para personalizar a sua experi\u00eancia. Al\u00e9m disso, com <strong>10 combina\u00e7\u00f5es \u00fanicas de sabores duplos<\/strong>H\u00e1 sempre algo novo para experimentar.<\/p>\n<p>Perfeito para uso pessoal ou para revenda, o MRVI DF 40000 \u00e9 o seu vape de qualidade e quantidade.<\/p>\n<h3><strong>MRVI DF 40000 Carater\u00edsticas:<\/strong><\/h3>\n<ul>\n<li><strong>Grande n\u00famero de baforadas:<\/strong> At\u00e9 40.000 baforadas por dispositivo<\/li>\n<li><strong>Grande capacidade de E-l\u00edquido:<\/strong> 40mL de e-l\u00edquido premium<\/li>\n<li><strong>Bateria potente:<\/strong> Bateria recarreg\u00e1vel de 850mAh<\/li>\n<li><strong>Carregamento r\u00e1pido:<\/strong> Porta tipo C (totalmente carregada em 2 horas)<\/li>\n<li><strong>Bobina de malha dupla:<\/strong> Vapor suave e rico em cada tragada<\/li>\n<li><strong>Op\u00e7\u00f5es de nicotina:<\/strong> 5% ou 2% nicotina sem tabaco<\/li>\n<li><strong>Variedade de sabores:<\/strong> 10 excitantes combina\u00e7\u00f5es de sabores duplos<\/li>\n<li><strong>F\u00e1cil ativa\u00e7\u00e3o:<\/strong> Inspire para ativar - n\u00e3o s\u00e3o necess\u00e1rios bot\u00f5es<\/li>\n<li><strong>Design compacto:<\/strong> F\u00e1cil de transportar e ergon\u00f3mico (92*41*19mm)<\/li>\n<li><strong>Amigo do com\u00e9rcio grossista:<\/strong> 10 unidades por caixa de exposi\u00e7\u00e3o<\/li>\n<\/ul>","protected":false},"excerpt":{"rendered":"<p class=\"\" data-start=\"97\" data-end=\"366\">O vape descart\u00e1vel MRVI DF 40000 oferece at\u00e9 40.000 baforadas, bobinas de malha dupla, 40 ml de e-l\u00edquido e 10 combina\u00e7\u00f5es de sabores din\u00e2micos. Perfeito para uma vaporiza\u00e7\u00e3o duradoura e sem complica\u00e7\u00f5es, ideal para uso pessoal ou grossista.<\/p>","protected":false},"featured_media":33307,"comment_status":"open","ping_status":"closed","template":"","meta":[],"product_brand":[229],"product_cat":[33,219,80,79],"product_tag":[],"class_list":{"0":"post-33282","1":"product","2":"type-product","3":"status-publish","4":"has-post-thumbnail","6":"product_brand-mrvi","7":"product_cat-mrvi","8":"product_cat-40000-puffs-disposable-vape","9":"product_cat-dual-flavor-vapes","10":"product_cat-dual-mesh-vapes","12":"first","13":"instock","14":"shipping-taxable","15":"purchasable","16":"product-type-variable","17":"has-default-attributes"},"jetpack_sharing_enabled":true,"tiered_pricing_type":"fixed","tiered_pricing_fixed_rules":{"100":7.05999999999999960920149533194489777088165283203125,"200":6.4199999999999999289457264239899814128875732421875,"400":6.089999999999999857891452847979962825775146484375},"tiered_pricing_product_settings":{"layout":"default","base_unit_name":{"singular":null,"plural":null},"default_variation":null},"tiered_pricing_minimum_quantity":50,"tiered_pricing_roles_data":[],"tiered_pricing_percentage_rules":[],"tiered_pricing_maximum_quantity":null,"tiered_pricing_quantity_step":"10","_links":{"self":[{"href":"https:\/\/aiviouvapes.com\/pt\/wp-json\/wp\/v2\/product\/33282","targetHints":{"allow":["GET"]}}],"collection":[{"href":"https:\/\/aiviouvapes.com\/pt\/wp-json\/wp\/v2\/product"}],"about":[{"href":"https:\/\/aiviouvapes.com\/pt\/wp-json\/wp\/v2\/types\/product"}],"replies":[{"embeddable":true,"href":"https:\/\/aiviouvapes.com\/pt\/wp-json\/wp\/v2\/comments?post=33282"}],"wp:featuredmedia":[{"embeddable":true,"href":"https:\/\/aiviouvapes.com\/pt\/wp-json\/wp\/v2\/media\/33307"}],"wp:attachment":[{"href":"https:\/\/aiviouvapes.com\/pt\/wp-json\/wp\/v2\/media?parent=33282"}],"wp:term":[{"taxonomy":"product_brand","embeddable":true,"href":"https:\/\/aiviouvapes.com\/pt\/wp-json\/wp\/v2\/product_brand?post=33282"},{"taxonomy":"product_cat","embeddable":true,"href":"https:\/\/aiviouvapes.com\/pt\/wp-json\/wp\/v2\/product_cat?post=33282"},{"taxonomy":"product_tag","embeddable":true,"href":"https:\/\/aiviouvapes.com\/pt\/wp-json\/wp\/v2\/product_tag?post=33282"}],"curies":[{"name":"wp","href":"https:\/\/api.w.org\/{rel}","templated":true}]}}