{"id":316,"date":"2024-08-14T22:57:05","date_gmt":"2024-08-14T14:57:05","guid":{"rendered":"https:\/\/aiviouvapes.com\/?post_type=product&#038;p=316"},"modified":"2026-04-17T13:02:31","modified_gmt":"2026-04-17T05:02:31","slug":"fihp-shisha-hookah-15000pro","status":"publish","type":"product","link":"https:\/\/aiviouvapes.com\/pt\/product\/fihp-shisha-hookah-15000pro\/","title":{"rendered":"FIHP Shisha Hookah Pro 15000 Puffs | 0.6% nicotina, 22mL, ecr\u00e3 LED, vape descart\u00e1vel a granel"},"content":{"rendered":"<figure class=\"wp-block-videopress-video wp-block-jetpack-videopress jetpack-videopress-player\"><div class=\"jetpack-videopress-player__wrapper\"><iframe title=\"VideoPress Leitor de v\u00eddeo\" aria-label=\"VideoPress Leitor de v\u00eddeo\" src=\"https:\/\/videopress.com\/embed\/C7JPYAA7?at=0&#038;loop=true&#038;controls=1&#038;preloadContent=metadata\" width=\"720\"height=\"405\" frameborder=\"0\" allowfullscreen allow=\"clipboard-write\"><\/iframe><\/div><\/figure>\n<h2>FIHP Shisha Hookah Pro 15000 puffs | 0,6% nicotina, 22ml e-l\u00edquido, bobina de malha, display LED, tipo C recarreg\u00e1vel, compre a granel vape descart\u00e1vel no atacado<\/h2>\n<h3>Vis\u00e3o geral do FIHP Shisha Hookah 15000 Puffs Pro<\/h3>\n<ul>\n<li><strong>Capacidade de sopro alargada<\/strong>: At\u00e9 15.000 tragadas para satisfa\u00e7\u00e3o duradoura.<\/li>\n<li><strong>Reservat\u00f3rio de E-l\u00edquido generoso<\/strong>: A capacidade de 22 ml minimiza a necessidade de recargas, maximizando a conveni\u00eancia.<\/li>\n<li><strong>Bateria confi\u00e1vel<\/strong>: Bateria recarreg\u00e1vel de 650 mAh com carregamento Tipo C para inicializa\u00e7\u00f5es r\u00e1pidas e eficientes.<\/li>\n<li><strong>For\u00e7a da nicotina<\/strong>: Cont\u00e9m 0,61 TP24T de nicotina (6 mg) para uma dose equilibrada e satisfat\u00f3ria.<\/li>\n<li><strong>Produ\u00e7\u00e3o de vapor suave<\/strong>: Bobina de malha com resist\u00eancia de 0,6\u03a9 para um sabor rico e consistente.<\/li>\n<li><strong>Ecr\u00e3 LED<\/strong>: Monitoramento do dispositivo em tempo real para verificar a dura\u00e7\u00e3o e o uso da bateria.<\/li>\n<\/ul>\n<h3>FIHP Shisha Hookah 15000 Puffs Pro Principais Caracter\u00edsticas<\/h3>\n<ul>\n<li><strong>Longevidade excecional<\/strong>: 15.000 tragadas por dispositivo, oferecendo \u00f3timo valor e durabilidade.<\/li>\n<li><strong>Compacto e port\u00e1til<\/strong>: Design elegante com display LED para f\u00e1cil uso em qualquer lugar.<\/li>\n<li><strong>F\u00e1cil de utilizar<\/strong>: Recarreg\u00e1vel e descart\u00e1vel com manuten\u00e7\u00e3o m\u00ednima.<\/li>\n<li><strong>Sabor refor\u00e7ado<\/strong>: A tecnologia avan\u00e7ada de bobina de malha garante um vapor suave e saboroso.<\/li>\n<\/ul>\n<h3>FIHP Shisha Hookah 15000 Puffs Sele\u00e7\u00e3o de Sabor Profissional<\/h3>\n<p>Sorvete de melancia, sorvete de drag\u00e3o preto, mirtilo e framboesa, morango e kiwi, frutas vermelhas mistas, melancia e morango, pina colada, abacaxi com manga e p\u00eassego, kiwi e maracuj\u00e1, goiaba, morango e framboesa e cereja<\/p>\n<h3>Por que escolher o narguil\u00e9 FIHP Shisha Hookah 15000pro?<\/h3>\n<p>O FIHP Shisha Hookah 15000pro foi projetado para desempenho de alta qualidade e variedade de sabores, tornando-o a melhor escolha para vapers e varejistas. Com sua ampla capacidade de sopro, bateria recarreg\u00e1vel e diversas op\u00e7\u00f5es de sabores, este dispositivo oferece uma experi\u00eancia de vaporiza\u00e7\u00e3o premium. Dispon\u00edvel para atacado a granel, \u00e9 ideal para varejistas que buscam um produto dur\u00e1vel e saboroso para aprimorar suas ofertas. Eleve sua sele\u00e7\u00e3o de vaporiza\u00e7\u00e3o com o FIHP Shisha Hookah 15000pro e ofere\u00e7a aos seus clientes uma experi\u00eancia de vaporiza\u00e7\u00e3o inigual\u00e1vel.<\/p>\n<p><a href=\"https:\/\/i0.wp.com\/aiviouvapes.com\/wp-content\/uploads\/2024\/08\/%E5%AE%9E%E6%8B%8D2-5.jpg?ssl=1\"><img data-recalc-dims=\"1\" loading=\"lazy\" decoding=\"async\" class=\"alignnone size-full wp-image-6724\" title=\"FIHP Shisha Hookah 15000 Pro Puffs 6mg Low Nicotine Bulk Buy Rechargeable Disposable Vape Wholesale\" src=\"https:\/\/i0.wp.com\/aiviouvapes.com\/wp-content\/uploads\/2024\/08\/%E5%AE%9E%E6%8B%8D2-5.jpg?resize=800%2C800&#038;ssl=1\" alt=\"FIHP Shisha Hookah 15000 Pro Puffs 6mg Low Nicotine Bulk Buy Rechargeable Disposable Vape Wholesale\" width=\"800\" height=\"800\" srcset=\"https:\/\/i0.wp.com\/aiviouvapes.com\/wp-content\/uploads\/2024\/08\/%E5%AE%9E%E6%8B%8D2-5.jpg?w=800&amp;ssl=1 800w, https:\/\/i0.wp.com\/aiviouvapes.com\/wp-content\/uploads\/2024\/08\/%E5%AE%9E%E6%8B%8D2-5.jpg?resize=300%2C300&amp;ssl=1 300w, https:\/\/i0.wp.com\/aiviouvapes.com\/wp-content\/uploads\/2024\/08\/%E5%AE%9E%E6%8B%8D2-5.jpg?resize=150%2C150&amp;ssl=1 150w, https:\/\/i0.wp.com\/aiviouvapes.com\/wp-content\/uploads\/2024\/08\/%E5%AE%9E%E6%8B%8D2-5.jpg?resize=768%2C768&amp;ssl=1 768w, https:\/\/i0.wp.com\/aiviouvapes.com\/wp-content\/uploads\/2024\/08\/%E5%AE%9E%E6%8B%8D2-5.jpg?resize=12%2C12&amp;ssl=1 12w, https:\/\/i0.wp.com\/aiviouvapes.com\/wp-content\/uploads\/2024\/08\/%E5%AE%9E%E6%8B%8D2-5.jpg?resize=100%2C100&amp;ssl=1 100w\" sizes=\"auto, (max-width: 800px) 100vw, 800px\" \/><\/a><br \/>\n<h3>Por que escolher AiviouVapes<\/h3>\n<p>Bem-vindo ao <a href=\"https:\/\/aiviouvapes.com\/pt\/\">AiviouVapes<\/a> - a sua fonte fi\u00e1vel de produtos de qualidade superior e a pre\u00e7os acess\u00edveis <a href=\"https:\/\/aiviouvapes.com\/pt\/shop\/\">vapes descart\u00e1veis por atacado<\/a> a pre\u00e7os verdadeiramente baixos. Com mais de cinco anos de experi\u00eancia na ind\u00fastria de vape, temos o orgulho de oferecer uma sele\u00e7\u00e3o escolhida a dedo de marcas l\u00edderes, incluindo <a href=\"https:\/\/aiviouvapes.com\/pt\/categoria-produto\/waspe\/\">WASPE<\/a>, <a href=\"https:\/\/aiviouvapes.com\/pt\/categoria-produto\/bang\/\">Bang Vape<\/a>, <a href=\"https:\/\/aiviouvapes.com\/pt\/categoria-produto\/vapme-vapes\/\">Vapme<\/a>e <a href=\"https:\/\/aiviouvapes.com\/pt\/categoria-produto\/mrvi\/\">MRVI<\/a>.<\/p>\n<p>Desde dispositivos de alta pot\u00eancia como o <a href=\"https:\/\/aiviouvapes.com\/pt\/produto\/waspe-4-in-1-100000-puffs\/\">WASPE 100K Sabor 4 em 1<\/a> a favoritos ousados, como o <a href=\"https:\/\/aiviouvapes.com\/pt\/produto\/bang-king-triple-flavors-85000\/\">Bang 85,000 Triple Puff<\/a>e at\u00e9 o emocionante <a class=\"woocommerce-LoopProduct-link woocommerce-loop-product__link\" href=\"https:\/\/aiviouvapes.com\/pt\/produto\/mystery-vape-blind-box\/\">Caixa de Vape descart\u00e1vel Mystery<\/a>Na AiviouVapes, cada produto \u00e9 selecionado pela sua qualidade superior e valor imbat\u00edvel. Na AiviouVapes, desfrutar\u00e1 de um excelente servi\u00e7o, poupan\u00e7as por atacado e uma cole\u00e7\u00e3o concebida para satisfazer as suas necessidades de vaporiza\u00e7\u00e3o.<\/p>\n<div class=\"row row-large row-full-width align-middle\"  id=\"row-1784506808\">\n\n\n\t<div id=\"col-2068688126\" class=\"col medium-3 small-6 large-3\"  >\n\t\t\t\t<div class=\"col-inner text-center\"  >\n\t\t\t\n\t\t\t\n\n\n\t\t<div class=\"icon-box featured-box icon-box-top text-left\"  >\n\t\t\t\t\t<div class=\"icon-box-img\" style=\"width: 90px\">\n\t\t\t\t<div class=\"icon\">\n\t\t\t\t\t<div class=\"icon-inner\" >\n\t\t\t\t\t\t<img loading=\"lazy\" decoding=\"async\" width=\"200\" height=\"200\" src=\"https:\/\/i0.wp.com\/aiviouvapes.com\/wp-content\/uploads\/2024\/08\/vape-1-1.png?fit=200%2C200&amp;ssl=1\" class=\"attachment-medium size-medium\" alt=\"Porqu\u00ea escolher AIVIOUVAPES\" srcset=\"https:\/\/i0.wp.com\/aiviouvapes.com\/wp-content\/uploads\/2024\/08\/vape-1-1.png?w=200&amp;ssl=1 200w, https:\/\/i0.wp.com\/aiviouvapes.com\/wp-content\/uploads\/2024\/08\/vape-1-1.png?resize=150%2C150&amp;ssl=1 150w, https:\/\/i0.wp.com\/aiviouvapes.com\/wp-content\/uploads\/2024\/08\/vape-1-1.png?resize=12%2C12&amp;ssl=1 12w, https:\/\/i0.wp.com\/aiviouvapes.com\/wp-content\/uploads\/2024\/08\/vape-1-1.png?resize=100%2C100&amp;ssl=1 100w\" sizes=\"auto, (max-width: 200px) 100vw, 200px\" title=\"\">\t\t\t\t\t<\/div>\n\t\t\t\t<\/div>\n\t\t\t<\/div>\n\t\t\t\t<div class=\"icon-box-text last-reset\">\n\t\t\t\t\t\t\t\t\t\n\n\t<div id=\"text-165440812\" class=\"text\">\n\t\t\n\n<h3 style=\"text-align: center;\">Grande variedade de vaporizadores<\/h3>\n<p style=\"text-align: center;\">Descubra nossa ampla gama de produtos, elaborados para atender a todas as prefer\u00eancias.<\/p>\n\t\t\n<style>\n#text-165440812 {\n  font-size: 0.9rem;\n}\n<\/style>\n\t<\/div>\n\t\n\n\t\t<\/div>\n\t<\/div>\n\t\n\t\n\n\t\t<\/div>\n\t\t\t\t\t<\/div>\n\n\t\n\n\t<div id=\"col-638522323\" class=\"col medium-3 small-6 large-3\"  >\n\t\t\t\t<div class=\"col-inner text-center\"  >\n\t\t\t\n\t\t\t\n\n\n\t\t<div class=\"icon-box featured-box icon-box-top text-left\"  >\n\t\t\t\t\t<div class=\"icon-box-img\" style=\"width: 90px\">\n\t\t\t\t<div class=\"icon\">\n\t\t\t\t\t<div class=\"icon-inner\" >\n\t\t\t\t\t\t<img loading=\"lazy\" decoding=\"async\" width=\"200\" height=\"200\" src=\"https:\/\/i0.wp.com\/aiviouvapes.com\/wp-content\/uploads\/2024\/08\/save-money-1-1-1.png?fit=200%2C200&amp;ssl=1\" class=\"attachment-medium size-medium\" alt=\"Porqu\u00ea escolher AIVIOUVAPES\" srcset=\"https:\/\/i0.wp.com\/aiviouvapes.com\/wp-content\/uploads\/2024\/08\/save-money-1-1-1.png?w=200&amp;ssl=1 200w, https:\/\/i0.wp.com\/aiviouvapes.com\/wp-content\/uploads\/2024\/08\/save-money-1-1-1.png?resize=150%2C150&amp;ssl=1 150w, https:\/\/i0.wp.com\/aiviouvapes.com\/wp-content\/uploads\/2024\/08\/save-money-1-1-1.png?resize=12%2C12&amp;ssl=1 12w, https:\/\/i0.wp.com\/aiviouvapes.com\/wp-content\/uploads\/2024\/08\/save-money-1-1-1.png?resize=100%2C100&amp;ssl=1 100w\" sizes=\"auto, (max-width: 200px) 100vw, 200px\" title=\"\">\t\t\t\t\t<\/div>\n\t\t\t\t<\/div>\n\t\t\t<\/div>\n\t\t\t\t<div class=\"icon-box-text last-reset\">\n\t\t\t\t\t\t\t\t\t\n\n\t<div id=\"text-2367931123\" class=\"text\">\n\t\t\n\n<h3 style=\"text-align: center;\">Valor imbat\u00edvel<\/h3>\n<p style=\"text-align: center;\">Aproveite produtos de alta qualidade a pre\u00e7os que cabem no seu or\u00e7amento.<\/p>\n\t\t\n<style>\n#text-2367931123 {\n  font-size: 0.9rem;\n}\n<\/style>\n\t<\/div>\n\t\n\n\t\t<\/div>\n\t<\/div>\n\t\n\t\n\n\t\t<\/div>\n\t\t\t\t\t<\/div>\n\n\t\n\n\t<div id=\"col-396367029\" class=\"col medium-3 small-6 large-3\"  >\n\t\t\t\t<div class=\"col-inner text-center\"  >\n\t\t\t\n\t\t\t\n\n\n\t\t<div class=\"icon-box featured-box icon-box-top text-left\"  >\n\t\t\t\t\t<div class=\"icon-box-img\" style=\"width: 90px\">\n\t\t\t\t<div class=\"icon\">\n\t\t\t\t\t<div class=\"icon-inner\" >\n\t\t\t\t\t\t<img loading=\"lazy\" decoding=\"async\" width=\"200\" height=\"200\" src=\"https:\/\/i0.wp.com\/aiviouvapes.com\/wp-content\/uploads\/2024\/08\/delivery-truck-1-1.png?fit=200%2C200&amp;ssl=1\" class=\"attachment-medium size-medium\" alt=\"Porqu\u00ea escolher AIVIOUVAPES\" srcset=\"https:\/\/i0.wp.com\/aiviouvapes.com\/wp-content\/uploads\/2024\/08\/delivery-truck-1-1.png?w=200&amp;ssl=1 200w, https:\/\/i0.wp.com\/aiviouvapes.com\/wp-content\/uploads\/2024\/08\/delivery-truck-1-1.png?resize=150%2C150&amp;ssl=1 150w, https:\/\/i0.wp.com\/aiviouvapes.com\/wp-content\/uploads\/2024\/08\/delivery-truck-1-1.png?resize=12%2C12&amp;ssl=1 12w, https:\/\/i0.wp.com\/aiviouvapes.com\/wp-content\/uploads\/2024\/08\/delivery-truck-1-1.png?resize=100%2C100&amp;ssl=1 100w\" sizes=\"auto, (max-width: 200px) 100vw, 200px\" title=\"\">\t\t\t\t\t<\/div>\n\t\t\t\t<\/div>\n\t\t\t<\/div>\n\t\t\t\t<div class=\"icon-box-text last-reset\">\n\t\t\t\t\t\t\t\t\t\n\n\t<div id=\"text-2702305632\" class=\"text\">\n\t\t\n\n<h3 style=\"text-align: center;\">Envio global r\u00e1pido<\/h3>\n<p style=\"text-align: center;\">Fazemos entregas no mundo todo com desembara\u00e7o aduaneiro garantido para uma experi\u00eancia tranquila.<\/p>\n\t\t\n<style>\n#text-2702305632 {\n  font-size: 0.9rem;\n}\n<\/style>\n\t<\/div>\n\t\n\n\t\t<\/div>\n\t<\/div>\n\t\n\t\n\n\t\t<\/div>\n\t\t\t\t\t<\/div>\n\n\t\n\n\t<div id=\"col-1195182024\" class=\"col medium-3 small-6 large-3\"  >\n\t\t\t\t<div class=\"col-inner text-center\"  >\n\t\t\t\n\t\t\t\n\n\n\t\t<div class=\"icon-box featured-box icon-box-top text-left\"  >\n\t\t\t\t\t<div class=\"icon-box-img\" style=\"width: 90px\">\n\t\t\t\t<div class=\"icon\">\n\t\t\t\t\t<div class=\"icon-inner\" >\n\t\t\t\t\t\t<img loading=\"lazy\" decoding=\"async\" width=\"200\" height=\"200\" src=\"https:\/\/i0.wp.com\/aiviouvapes.com\/wp-content\/uploads\/2024\/08\/support-1-1.png?fit=200%2C200&amp;ssl=1\" class=\"attachment-medium size-medium\" alt=\"Porqu\u00ea escolher AIVIOUVAPES\" srcset=\"https:\/\/i0.wp.com\/aiviouvapes.com\/wp-content\/uploads\/2024\/08\/support-1-1.png?w=200&amp;ssl=1 200w, https:\/\/i0.wp.com\/aiviouvapes.com\/wp-content\/uploads\/2024\/08\/support-1-1.png?resize=150%2C150&amp;ssl=1 150w, https:\/\/i0.wp.com\/aiviouvapes.com\/wp-content\/uploads\/2024\/08\/support-1-1.png?resize=12%2C12&amp;ssl=1 12w, https:\/\/i0.wp.com\/aiviouvapes.com\/wp-content\/uploads\/2024\/08\/support-1-1.png?resize=100%2C100&amp;ssl=1 100w\" sizes=\"auto, (max-width: 200px) 100vw, 200px\" title=\"\">\t\t\t\t\t<\/div>\n\t\t\t\t<\/div>\n\t\t\t<\/div>\n\t\t\t\t<div class=\"icon-box-text last-reset\">\n\t\t\t\t\t\t\t\t\t\n\n\t<div id=\"text-2572881154\" class=\"text\">\n\t\t\n\n<h3 style=\"text-align: center;\">Assist\u00eancia 24 horas<\/h3>\n<p style=\"text-align: center;\">Entre em contato com nossa equipe de suporte a qualquer hora, 24 horas por dia, 7 dias por semana, via WhatsApp ou e-mail.<\/p>\n\t\t\n<style>\n#text-2572881154 {\n  font-size: 0.9rem;\n}\n<\/style>\n\t<\/div>\n\t\n\n\t\t<\/div>\n\t<\/div>\n\t\n\t\n\n\t\t<\/div>\n\t\t\t\t\t<\/div>\n\n\t\n\n<\/div>\n<div class=\"row row-full-width align-middle\"  id=\"row-1131697170\">\n\n\n\t<div id=\"col-45564762\" class=\"col medium-6 small-12 large-6\"  >\n\t\t\t\t<div class=\"col-inner\"  >\n\t\t\t\n\t\t\t\n\n\t<div class=\"img has-hover x md-x lg-x y md-y lg-y\" id=\"image_814306725\">\n\t\t\t\t\t\t\t\t<div class=\"img-inner dark\" >\n\t\t\t<img loading=\"lazy\" decoding=\"async\" width=\"930\" height=\"1024\" src=\"https:\/\/i0.wp.com\/aiviouvapes.com\/wp-content\/uploads\/2024\/08\/%E6%8B%BC%E5%9B%BE.jpg?fit=930%2C1024&amp;ssl=1\" class=\"attachment-large size-large\" alt=\"Porqu\u00ea escolher AIVIOUVAPES\" title=\"\">\t\t\t\t\t\t\n\t\t\t\t\t<\/div>\n\t\t\t\t\t\t\t\t\n<style>\n#image_814306725 {\n  width: 100%;\n}\n<\/style>\n\t<\/div>\n\t\n\n\n\t\t<\/div>\n\t\t\t\t\t<\/div>\n\n\t\n\n\t<div id=\"col-1743007016\" class=\"col medium-6 small-12 large-6\"  >\n\t\t\t\t<div class=\"col-inner\"  >\n\t\t\t\n\t\t\t\n\n<div class=\"container section-title-container\" ><h4 class=\"section-title section-title-normal\"><b aria-hidden=\"true\"><\/b><span class=\"section-title-main\" style=\"font-size:91%;\">Nossas vantagens<\/span><b aria-hidden=\"true\"><\/b><\/h4><\/div>\n\n<div class=\"accordion\">\n\n\t<div id=\"accordion-1496524002\" class=\"accordion-item\">\n\t\t<a id=\"accordion-1496524002-label\" class=\"accordion-title plain\" href=\"#accordion-item-commitment-to-quality\" aria-expanded=\"false\" aria-controls=\"accordion-1496524002-content\">\n\t\t\t<button class=\"toggle\" aria-label=\"Alternar\"><i class=\"icon-angle-down\" aria-hidden=\"true\"><\/i><\/button>\n\t\t\t<span>Compromisso de qualidade<\/span>\n\t\t<\/a>\n\t\t<div id=\"accordion-1496524002-content\" class=\"accordion-inner\" aria-labelledby=\"accordion-1496524002-label\">\n\t\t\t\n\n<p>Em <a href=\"https:\/\/aiviouvapes.com\/pt\/\">AiviouVape<\/a>, a qualidade impulsiona tudo o que fazemos. Nossos vapes descart\u00e1veis s\u00e3o meticulosamente elaborados e rigorosamente testados para atender aos mais altos padr\u00f5es, garantindo uma experi\u00eancia de vaporiza\u00e7\u00e3o suave e confi\u00e1vel todas as vezes. Com nosso compromisso com zero defeitos e zero reclama\u00e7\u00f5es, voc\u00ea pode confiar que est\u00e1 obtendo o melhor.<\/p>\n\n\t\t<\/div>\n\t<\/div>\n\t\n\t<div id=\"accordion-2185308789\" class=\"accordion-item\">\n\t\t<a id=\"accordion-2185308789-label\" class=\"accordion-title plain\" href=\"#accordion-item-diverse-range-of-products\" aria-expanded=\"false\" aria-controls=\"accordion-2185308789-content\">\n\t\t\t<button class=\"toggle\" aria-label=\"Alternar\"><i class=\"icon-angle-down\" aria-hidden=\"true\"><\/i><\/button>\n\t\t\t<span>Gama diversificada de produtos<\/span>\n\t\t<\/a>\n\t\t<div id=\"accordion-2185308789-content\" class=\"accordion-inner\" aria-labelledby=\"accordion-2185308789-label\">\n\t\t\t\n\n<p>Orgulhamo-nos de oferecer uma vasta gama de vapes descart\u00e1veis de qualidade superior para satisfazer todas as prefer\u00eancias. Desde as mais recentes inova\u00e7\u00f5es at\u00e9 aos favoritos de longa data dos f\u00e3s, a nossa sele\u00e7\u00e3o inclui marcas de confian\u00e7a como Waspe, Vapme, RandM Tornado, Bang Box, ELF Box e Bang King. Quer procure os sabores arrojados do Vapme ou o design elegante do RandM Tornado, a nossa cole\u00e7\u00e3o foi concebida para o ajudar a descobrir o vape perfeito para corresponder ao seu gosto e estilo de vida.<\/p>\n\n\n\t\t<\/div>\n\t<\/div>\n\t\n\t<div id=\"accordion-2877583253\" class=\"accordion-item\">\n\t\t<a id=\"accordion-2877583253-label\" class=\"accordion-title plain\" href=\"#accordion-item-wholesale-and-retail-solutions\" aria-expanded=\"false\" aria-controls=\"accordion-2877583253-content\">\n\t\t\t<button class=\"toggle\" aria-label=\"Alternar\"><i class=\"icon-angle-down\" aria-hidden=\"true\"><\/i><\/button>\n\t\t\t<span>Solu\u00e7\u00f5es para o com\u00e9rcio grossista e retalhista<\/span>\n\t\t<\/a>\n\t\t<div id=\"accordion-2877583253-content\" class=\"accordion-inner\" aria-labelledby=\"accordion-2877583253-label\">\n\t\t\t\n\n<p>A AiviouVape atende \u00e0s demandas de clientes de varejo e atacado, entregando produtos e servi\u00e7os excepcionais sempre. Se voc\u00ea \u00e9 novo para n\u00f3s, recomendamos come\u00e7ar com um pequeno lote para experimentar nossa qualidade em primeira m\u00e3o. Com pre\u00e7os competitivos e padr\u00f5es premium, somos a escolha confi\u00e1vel na ind\u00fastria de vape descart\u00e1veis.\u00a0<\/p>\n\n\t\t<\/div>\n\t<\/div>\n\t\n\t<div id=\"accordion-2237883179\" class=\"accordion-item\">\n\t\t<a id=\"accordion-2237883179-label\" class=\"accordion-title plain\" href=\"#accordion-item-continuous-improvement\" aria-expanded=\"false\" aria-controls=\"accordion-2237883179-content\">\n\t\t\t<button class=\"toggle\" aria-label=\"Alternar\"><i class=\"icon-angle-down\" aria-hidden=\"true\"><\/i><\/button>\n\t\t\t<span>Melhoria Cont\u00ednua<\/span>\n\t\t<\/a>\n\t\t<div id=\"accordion-2237883179-content\" class=\"accordion-inner\" aria-labelledby=\"accordion-2237883179-label\">\n\t\t\t\n\n<p>O que diferencia a AiviouVape \u00e9 nossa dedica\u00e7\u00e3o ao atendimento excepcional ao cliente. Se voc\u00ea precisa de conselhos antes de comprar ou assist\u00eancia com um pedido, nossa equipe est\u00e1 sempre dispon\u00edvel via WhatsApp ou e-mail. N\u00f3s nos esfor\u00e7amos para construir relacionamentos duradouros com nossos clientes, garantindo sua satisfa\u00e7\u00e3o em cada etapa do caminho.<\/p>\n\n\t\t<\/div>\n\t<\/div>\n\t\n\t<div id=\"accordion-229958025\" class=\"accordion-item\">\n\t\t<a id=\"accordion-229958025-label\" class=\"accordion-title plain\" href=\"#accordion-item-quality-assurance\" aria-expanded=\"false\" aria-controls=\"accordion-229958025-content\">\n\t\t\t<button class=\"toggle\" aria-label=\"Alternar\"><i class=\"icon-angle-down\" aria-hidden=\"true\"><\/i><\/button>\n\t\t\t<span>Garantia de qualidade<\/span>\n\t\t<\/a>\n\t\t<div id=\"accordion-229958025-content\" class=\"accordion-inner\" aria-labelledby=\"accordion-229958025-label\">\n\t\t\t\n\n<p>Em todas as etapas \u2014 desenvolvimento de produtos, produ\u00e7\u00e3o, marketing e distribui\u00e7\u00e3o \u2014 nosso compromisso com a qualidade nunca vacila. Nossos vapes descart\u00e1veis passam por testes rigorosos para garantir que n\u00e3o sejam t\u00f3xicos, puros e ofere\u00e7am sabor excepcional. Essa dedica\u00e7\u00e3o \u00e0 excel\u00eancia forma a espinha dorsal da nossa cultura corporativa.<\/p>\n\n\t\t<\/div>\n\t<\/div>\n\t\n\t<div id=\"accordion-2816767621\" class=\"accordion-item\">\n\t\t<a id=\"accordion-2816767621-label\" class=\"accordion-title plain\" href=\"#accordion-item-efficient-logistics-and-delivery\" aria-expanded=\"false\" aria-controls=\"accordion-2816767621-content\">\n\t\t\t<button class=\"toggle\" aria-label=\"Alternar\"><i class=\"icon-angle-down\" aria-hidden=\"true\"><\/i><\/button>\n\t\t\t<span>Log\u00edstica e entrega eficientes<\/span>\n\t\t<\/a>\n\t\t<div id=\"accordion-2816767621-content\" class=\"accordion-inner\" aria-labelledby=\"accordion-2816767621-label\">\n\t\t\t\n\n<p>A AiviouVape fornece log\u00edstica e entrega eficientes, incluindo servi\u00e7os DDP (Delivered Duty Paid), garantindo desembara\u00e7o aduaneiro sem problemas, sem taxas ou impostos. Com entrega r\u00e1pida e suporte excepcional ao cliente, oferecemos uma experi\u00eancia tranquila e confi\u00e1vel, o que nos torna um parceiro confi\u00e1vel na ind\u00fastria.<\/p>\n\n\t\t<\/div>\n\t<\/div>\n\t\n\t<div id=\"accordion-2320127277\" class=\"accordion-item\">\n\t\t<a id=\"accordion-2320127277-label\" class=\"accordion-title plain\" href=\"#accordion-item-odm-and-oem-services\" aria-expanded=\"false\" aria-controls=\"accordion-2320127277-content\">\n\t\t\t<button class=\"toggle\" aria-label=\"Alternar\"><i class=\"icon-angle-down\" aria-hidden=\"true\"><\/i><\/button>\n\t\t\t<span>Servi\u00e7os ODM e OEM<\/span>\n\t\t<\/a>\n\t\t<div id=\"accordion-2320127277-content\" class=\"accordion-inner\" aria-labelledby=\"accordion-2320127277-label\">\n\t\t\t\n\n<p>A AiviouVapes oferece servi\u00e7os completos de ODM (Original Design Manufacturing) e OEM (Original Equipment Manufacturing). Com duas grandes instala\u00e7\u00f5es, ajudamos os clientes a projetar produtos exclusivos e logotipos atraentes para embalagens. Tamb\u00e9m fornecemos orienta\u00e7\u00e3o gratuita sobre design de embalagens e damos suporte aos clientes que embalam seus pr\u00f3prios produtos, garantindo que sua marca brilhe no mercado.<\/p>\n\n\t\t<\/div>\n\t<\/div>\n\t\n\n<\/div>\n\n\t\t<\/div>\n\t\t\t\t\t<\/div>\n\n\t\n\n<\/div>","protected":false},"excerpt":{"rendered":"<p>FIHP Shisha Hookah 15000pro Vape Descart\u00e1vel oferece at\u00e9 15.000 puffs com um reservat\u00f3rio de e-l\u00edquido de 22ml, bateria recarreg\u00e1vel de 650mAh e display LED para monitoramento em tempo real. Desfrute de um vapor rico e suave com tecnologia de bobina de malha de 0,6\u03a9 em v\u00e1rios sabores para uma experi\u00eancia de vaporiza\u00e7\u00e3o premium.<\/p>","protected":false},"featured_media":317,"comment_status":"open","ping_status":"closed","template":"","meta":[],"product_brand":[236],"product_cat":[18,126,90,117,76,134,135,133,136,137,146,138,139,140,141,142,143,144,145,573,572,132,77,82],"product_tag":[],"class_list":{"0":"post-316","1":"product","2":"type-product","3":"status-publish","4":"has-post-thumbnail","6":"product_brand-fihp","7":"product_cat-fihp","8":"product_cat-15000-puffs-disposable-vape","9":"product_cat-big-puffs-vapes","10":"product_cat-different-puffs-of-diposable-vapes","11":"product_cat-disposable-vape-types","12":"product_cat-disposable-vapes-in-austria","13":"product_cat-disposable-vapes-in-belgium","14":"product_cat-disposable-vapes-in-europe","15":"product_cat-disposable-vapes-in-france","16":"product_cat-disposable-vapes-in-germany","17":"product_cat-disposable-vapes-in-hungary","18":"product_cat-disposable-vapes-in-ltaly","19":"product_cat-disposable-vapes-in-netherlands","20":"product_cat-disposable-vapes-in-norway","21":"product_cat-disposable-vapes-in-poland","22":"product_cat-disposable-vapes-in-portugal","23":"product_cat-disposable-vapes-in-spain","24":"product_cat-disposable-vapes-in-sweden","25":"product_cat-disposable-vapes-in-switzerland","26":"product_cat-new-3","27":"product_cat-new-2","28":"product_cat-rechargeable-vapes","29":"product_cat-shisha-hookah-vapes","30":"product_cat-smart-screen-vapes","32":"first","33":"instock","34":"shipping-taxable","35":"purchasable","36":"product-type-variable","37":"has-default-attributes"},"jetpack_sharing_enabled":true,"tiered_pricing_type":"fixed","tiered_pricing_fixed_rules":{"2000":5.19000000000000039079850466805510222911834716796875},"tiered_pricing_product_settings":{"layout":"default","base_unit_name":{"singular":null,"plural":null},"default_variation":null},"tiered_pricing_minimum_quantity":1000,"tiered_pricing_roles_data":[],"tiered_pricing_percentage_rules":[],"tiered_pricing_maximum_quantity":null,"tiered_pricing_quantity_step":"10","_links":{"self":[{"href":"https:\/\/aiviouvapes.com\/pt\/wp-json\/wp\/v2\/product\/316","targetHints":{"allow":["GET"]}}],"collection":[{"href":"https:\/\/aiviouvapes.com\/pt\/wp-json\/wp\/v2\/product"}],"about":[{"href":"https:\/\/aiviouvapes.com\/pt\/wp-json\/wp\/v2\/types\/product"}],"replies":[{"embeddable":true,"href":"https:\/\/aiviouvapes.com\/pt\/wp-json\/wp\/v2\/comments?post=316"}],"wp:featuredmedia":[{"embeddable":true,"href":"https:\/\/aiviouvapes.com\/pt\/wp-json\/wp\/v2\/media\/317"}],"wp:attachment":[{"href":"https:\/\/aiviouvapes.com\/pt\/wp-json\/wp\/v2\/media?parent=316"}],"wp:term":[{"taxonomy":"product_brand","embeddable":true,"href":"https:\/\/aiviouvapes.com\/pt\/wp-json\/wp\/v2\/product_brand?post=316"},{"taxonomy":"product_cat","embeddable":true,"href":"https:\/\/aiviouvapes.com\/pt\/wp-json\/wp\/v2\/product_cat?post=316"},{"taxonomy":"product_tag","embeddable":true,"href":"https:\/\/aiviouvapes.com\/pt\/wp-json\/wp\/v2\/product_tag?post=316"}],"curies":[{"name":"wp","href":"https:\/\/api.w.org\/{rel}","templated":true}]}}