{"id":29120,"date":"2025-02-21T15:04:17","date_gmt":"2025-02-21T07:04:17","guid":{"rendered":"https:\/\/aiviouvapes.com\/?post_type=product&#038;p=29120"},"modified":"2026-03-23T13:30:00","modified_gmt":"2026-03-23T05:30:00","slug":"mystery-vape-blind-box","status":"publish","type":"product","link":"https:\/\/aiviouvapes.com\/pt\/product\/mystery-vape-blind-box\/","title":{"rendered":"Caixa Mist\u00e9rio Vape Descart\u00e1vel - um pacote surpresa para os mais ousados!"},"content":{"rendered":"<p>Prepare-se para uma aventura emocionante com o nosso <strong>Caixa de Vape descart\u00e1vel Mystery<\/strong>onde cada abertura de caixa traz uma surpresa deliciosa. No interior, encontrar\u00e1 uma sele\u00e7\u00e3o cuidadosamente selecionada de sabores de cigarros electr\u00f3nicos, desde cl\u00e1ssicos intemporais a misturas ousadas e ex\u00f3ticas. Quer deseje notas refrescantes e revigorantes ou uma intensidade rica e satisfat\u00f3ria, cada caixa oferece uma nova experi\u00eancia de sabor que o far\u00e1 voltar para mais.<\/p>\n<p>Perfeita para o vaporizador aventureiro ou para quem adora a emo\u00e7\u00e3o de fazer compras surpresa, a <strong>Caixa de Vape descart\u00e1vel Mystery<\/strong> tem tudo a ver com a emo\u00e7\u00e3o de descobrir novos sabores selecionados aleatoriamente. Cada baforada \u00e9 uma viagem inesperada!<\/p>\n<h3>Como funciona a Caixa Misteriosa<\/h3>\n<p>Prepare-se para a derradeira aventura vape com o nosso <strong>Caixa de Vape descart\u00e1vel Mystery<\/strong>! Cada caixa cont\u00e9m 10 vapes descart\u00e1veis de primeira qualidade, com uma mistura de sabores excitantes e diversificados. Embora n\u00e3o possamos garantir sabores espec\u00edficos, pode esperar uma surpresa emocionante em cada caixa, incluindo modelos populares como <strong>WASPE,UWIN,ELF-WORLD,VOPK,Randm,MRVI<\/strong>\u00a0- com mais de 100 perfis de sabores \u00fanicos para explorar!<\/p>\n<ul>\n<li><strong>Todas as vendas s\u00e3o definitivas<\/strong>: Devido \u00e0 natureza do produto, n\u00e3o podemos oferecer reembolsos ou trocas, exceto se houver um problema de qualidade com o produto.<\/li>\n<li><strong>Envio gratuito<\/strong>: Desfrute de envio gratuito em todas as encomendas do <strong>Caixa de Vape descart\u00e1vel Mystery<\/strong>.<\/li>\n<li><strong>Requisitos de idade<\/strong>: Os clientes devem ter idade legal para fumar na sua jurisdi\u00e7\u00e3o para comprar e utilizar este produto.<\/li>\n<li>Ao adquirir o <strong>Caixa de Vape descart\u00e1vel Mystery<\/strong>, o utilizador concorda com estes termos e condi\u00e7\u00f5es.<\/li>\n<\/ul>\n<h3>M\u00e9todos de envio<\/h3>\n<p>Estabelecemos parcerias com transportadoras de confian\u00e7a como a UPS, a DHL, a FedEx e a DPD para garantir que a sua encomenda \u00e9 entregue rapidamente. O m\u00e9todo de envio ser\u00e1 selecionado com base no seu local de entrega para obter o servi\u00e7o mais r\u00e1pido e fi\u00e1vel.<\/p>\n<ul>\n<li><strong>Pa\u00edses europeus<\/strong>: Normalmente entregue em 12-15 dias.<\/li>\n<li><strong>Estados Unidos<\/strong>: Normalmente, chega no prazo de 10 dias.<\/li>\n<li><strong>Seguimento em tempo real<\/strong>: Mant\u00ea-lo-emos atualizado com informa\u00e7\u00f5es log\u00edsticas em tempo real em cada etapa do processo.<\/li>\n<\/ul>\n<p>Pode ter a certeza de que trataremos de todos os procedimentos de desalfandegamento em seu nome, garantindo uma experi\u00eancia tranquila e sem complica\u00e7\u00f5es. Para al\u00e9m disso, n\u00e3o ser\u00e3o aplicados quaisquer encargos fiscais adicionais e garantimos que <strong>100% dos nossos produtos ser\u00e3o aprovados no desalfandegamento<\/strong>.<\/p>\n<style>.tier-pricing-summary-table {display:none !important}<br \/>.mysterybox1 {display:none}<br \/><\/style>","protected":false},"excerpt":{"rendered":"<p>Desembrulhe a derradeira surpresa vape com o nosso <strong>Caixa de Vape descart\u00e1vel Mystery<\/strong> - dispon\u00edvel agora com um desconto imbat\u00edvel, sem necessidade de c\u00f3digo de cup\u00e3o! Inclui <strong>10 vaporizadores descart\u00e1veis de primeira qualidade<\/strong>cada caixa apresenta uma mistura de sabores excitantes, incluindo os favoritos como o <strong>WASPE, UWIN, ELFWORLD, VOPK, Randm, MRVI<\/strong>. Cada baforada traz uma nova aventura com mais de 100 perfis de sabores diferentes para descobrir!<\/p>","protected":false},"featured_media":29126,"comment_status":"open","ping_status":"closed","template":"","meta":[],"product_brand":[],"product_cat":[133,280],"product_tag":[306,308,303,305,304,302],"class_list":{"0":"post-29120","1":"product","2":"type-product","3":"status-publish","4":"has-post-thumbnail","6":"product_cat-disposable-vapes-in-europe","7":"product_cat-cheap-rechargeable-disposable-vapes","8":"product_tag-best-disposable-vapes","9":"product_tag-disposable-vape-in-europe","10":"product_tag-screen-vape","11":"product_tag-vape-suppliers","12":"product_tag-wholesale-vapes","13":"product_tag-wholesale-vapor","15":"first","16":"instock","17":"sale","18":"shipping-taxable","19":"purchasable","20":"product-type-simple"},"jetpack_sharing_enabled":true,"tiered_pricing_type":"fixed","tiered_pricing_fixed_rules":[],"tiered_pricing_product_settings":{"layout":"default","base_unit_name":{"singular":null,"plural":null},"default_variation":null},"tiered_pricing_minimum_quantity":null,"tiered_pricing_roles_data":[],"tiered_pricing_percentage_rules":[],"tiered_pricing_maximum_quantity":null,"tiered_pricing_quantity_step":null,"_links":{"self":[{"href":"https:\/\/aiviouvapes.com\/pt\/wp-json\/wp\/v2\/product\/29120","targetHints":{"allow":["GET"]}}],"collection":[{"href":"https:\/\/aiviouvapes.com\/pt\/wp-json\/wp\/v2\/product"}],"about":[{"href":"https:\/\/aiviouvapes.com\/pt\/wp-json\/wp\/v2\/types\/product"}],"replies":[{"embeddable":true,"href":"https:\/\/aiviouvapes.com\/pt\/wp-json\/wp\/v2\/comments?post=29120"}],"wp:featuredmedia":[{"embeddable":true,"href":"https:\/\/aiviouvapes.com\/pt\/wp-json\/wp\/v2\/media\/29126"}],"wp:attachment":[{"href":"https:\/\/aiviouvapes.com\/pt\/wp-json\/wp\/v2\/media?parent=29120"}],"wp:term":[{"taxonomy":"product_brand","embeddable":true,"href":"https:\/\/aiviouvapes.com\/pt\/wp-json\/wp\/v2\/product_brand?post=29120"},{"taxonomy":"product_cat","embeddable":true,"href":"https:\/\/aiviouvapes.com\/pt\/wp-json\/wp\/v2\/product_cat?post=29120"},{"taxonomy":"product_tag","embeddable":true,"href":"https:\/\/aiviouvapes.com\/pt\/wp-json\/wp\/v2\/product_tag?post=29120"}],"curies":[{"name":"wp","href":"https:\/\/api.w.org\/{rel}","templated":true}]}}