{"id":2731,"date":"2024-08-17T03:35:02","date_gmt":"2024-08-17T03:35:02","guid":{"rendered":"https:\/\/aiviouvapes.com\/?post_type=product&#038;p=2731"},"modified":"2026-04-09T16:30:41","modified_gmt":"2026-04-09T08:30:41","slug":"poco-sl-15000-puffs","status":"publish","type":"product","link":"https:\/\/aiviouvapes.com\/pt\/product\/poco-sl-15000-puffs\/","title":{"rendered":"Poco SL 15000 Puffs | fluxo de ar ajust\u00e1vel, 0%-5% nicotina, vape descart\u00e1vel a granel"},"content":{"rendered":"<h2>Poco SL 15000 puffs | fluxo de ar ajust\u00e1vel vape de alta capacidade 0% 2% 3% 5% nicotina recarreg\u00e1vel Tipo-C cigarro eletr\u00f4nico vape descart\u00e1vel atacado comprar a granel<\/h2>\n<h3>Poco SL 15000 Puffs Descri\u00e7\u00e3o geral e carater\u00edsticas<\/h3>\n<p>O Poco SL 15000 Puffs \u00e9 um dispositivo de vapor descart\u00e1vel inovador que oferece at\u00e9 15.000 baforadas, combinando conveni\u00eancia, desempenho e funcionalidades avan\u00e7adas. Com uma capacidade substancial de 25 ml de e-l\u00edquido, este dispositivo garante um m\u00ednimo de recargas e um prazer de vaporiza\u00e7\u00e3o prolongado. Alimentado por uma fi\u00e1vel bateria recarreg\u00e1vel de 650mAh e com fluxo de ar ajust\u00e1vel, proporciona uma experi\u00eancia de vaporiza\u00e7\u00e3o personaliz\u00e1vel e satisfat\u00f3ria, adaptada \u00e0s suas prefer\u00eancias. Dispon\u00edvel em concentra\u00e7\u00f5es de nicotina de 0%, 2%, 3% e 5% (escolha colocando-a na nota de encomenda), o Poco SL foi concebido para satisfazer diversas prefer\u00eancias de vaporiza\u00e7\u00e3o.<\/p>\n<ul>\n<li><strong>At\u00e9 15.000 baforadas<\/strong>: Oferece um prazer duradouro e uma excelente rela\u00e7\u00e3o qualidade\/pre\u00e7o.<\/li>\n<li><strong>Capacidade de e-l\u00edquido de 25 ml<\/strong>: Reduz o n\u00famero de recargas, ideal para sess\u00f5es ininterruptas.<\/li>\n<li><strong>Bateria de 650mAh<\/strong>: Garante um desempenho sustentado com recarga r\u00e1pida do Tipo C.<\/li>\n<li><strong>Fluxo de ar ajust\u00e1vel<\/strong>: Permite-lhe afinar a sua experi\u00eancia de vaporiza\u00e7\u00e3o para obter um vapor suave e um sabor rico.<\/li>\n<\/ul>\n<h3>Poco SL 15000 Puffs Sabores em stock:<\/h3>\n<p>Alo\u00e9 Uva, Mirtilo Framboesa Limonada, Morango Melancia, Black Ice Dragon Fruit Morango, Bebida Energ\u00e9tica, Morango Framboesa Kiwi, Anan\u00e1s Ma\u00e7\u00e3, Anan\u00e1s Morango Banana, Melancia Lichia, Morango Cereja, Amora Arando, Uva Arando P\u00eassego.<\/p>\n<h3>Porqu\u00ea escolher o Poco SL 15000 Puffs?<\/h3>\n<p>O Poco SL 15000 Puffs combina uma elevada capacidade de puffs, uma gama de sabores sedutores e carater\u00edsticas personaliz\u00e1veis, tornando-o na escolha ideal para os vapers que procuram uma experi\u00eancia superior e conveniente. O seu design compacto e recarreg\u00e1vel \u00e9 perfeito para utiliza\u00e7\u00e3o em viagem, enquanto o formato descart\u00e1vel significa que n\u00e3o \u00e9 necess\u00e1ria manuten\u00e7\u00e3o. Dispon\u00edvel para venda por grosso, este dispositivo \u00e9 uma excelente op\u00e7\u00e3o para os retalhistas que procuram oferecer um vape vers\u00e1til e de grande capacidade. O Poco SL 15000 Puffs proporciona uma experi\u00eancia de vaporiza\u00e7\u00e3o de alta qualidade e satisfat\u00f3ria, que se destina tanto a utilizadores novos como a utilizadores experientes, garantindo sempre uma baforada perfeita.<\/p>\n<h3>Por que escolher AiviouVapes<\/h3>\n<p>Bem-vindo ao <a href=\"https:\/\/aiviouvapes.com\/pt\/\">AiviouVapes<\/a> - a sua fonte fi\u00e1vel de produtos de qualidade superior e a pre\u00e7os acess\u00edveis <a href=\"https:\/\/aiviouvapes.com\/pt\/shop\/\">vapes descart\u00e1veis por atacado<\/a> a pre\u00e7os verdadeiramente baixos. Com mais de cinco anos de experi\u00eancia na ind\u00fastria de vape, temos o orgulho de oferecer uma sele\u00e7\u00e3o escolhida a dedo de marcas l\u00edderes, incluindo <a href=\"https:\/\/aiviouvapes.com\/pt\/categoria-produto\/waspe\/\">WASPE<\/a>, <a href=\"https:\/\/aiviouvapes.com\/pt\/categoria-produto\/bang\/\">Bang Vape<\/a>, <a href=\"https:\/\/aiviouvapes.com\/pt\/categoria-produto\/vapme-vapes\/\">Vapme<\/a>e <a href=\"https:\/\/aiviouvapes.com\/pt\/categoria-produto\/mrvi\/\">MRVI<\/a>.<\/p>\n<p>Desde dispositivos de alta pot\u00eancia como o <a href=\"https:\/\/aiviouvapes.com\/pt\/produto\/waspe-4-in-1-100000-puffs\/\">WASPE 100K Sabor 4 em 1<\/a> a favoritos ousados, como o <a href=\"https:\/\/aiviouvapes.com\/pt\/produto\/bang-king-triple-flavors-85000\/\">Bang 85,000 Triple Puff<\/a>e at\u00e9 o emocionante <a class=\"woocommerce-LoopProduct-link woocommerce-loop-product__link\" href=\"https:\/\/aiviouvapes.com\/pt\/produto\/mystery-vape-blind-box\/\">Caixa de Vape descart\u00e1vel Mystery<\/a>Na AiviouVapes, cada produto \u00e9 selecionado pela sua qualidade superior e valor imbat\u00edvel. Na AiviouVapes, desfrutar\u00e1 de um excelente servi\u00e7o, poupan\u00e7as por atacado e uma cole\u00e7\u00e3o concebida para satisfazer as suas necessidades de vaporiza\u00e7\u00e3o.<\/p>\n<div class=\"row row-large row-full-width align-middle\"  id=\"row-1971555684\">\n\n\n\t<div id=\"col-269987307\" class=\"col medium-3 small-6 large-3\"  >\n\t\t\t\t<div class=\"col-inner text-center\"  >\n\t\t\t\n\t\t\t\n\n\n\t\t<div class=\"icon-box featured-box icon-box-top text-left\"  >\n\t\t\t\t\t<div class=\"icon-box-img\" style=\"width: 90px\">\n\t\t\t\t<div class=\"icon\">\n\t\t\t\t\t<div class=\"icon-inner\" >\n\t\t\t\t\t\t<img loading=\"lazy\" decoding=\"async\" width=\"200\" height=\"200\" src=\"https:\/\/i0.wp.com\/aiviouvapes.com\/wp-content\/uploads\/2024\/08\/vape-1-1.png?fit=200%2C200&amp;ssl=1\" class=\"attachment-medium size-medium\" alt=\"Porqu\u00ea escolher AIVIOUVAPES\" srcset=\"https:\/\/i0.wp.com\/aiviouvapes.com\/wp-content\/uploads\/2024\/08\/vape-1-1.png?w=200&amp;ssl=1 200w, https:\/\/i0.wp.com\/aiviouvapes.com\/wp-content\/uploads\/2024\/08\/vape-1-1.png?resize=150%2C150&amp;ssl=1 150w, https:\/\/i0.wp.com\/aiviouvapes.com\/wp-content\/uploads\/2024\/08\/vape-1-1.png?resize=12%2C12&amp;ssl=1 12w, https:\/\/i0.wp.com\/aiviouvapes.com\/wp-content\/uploads\/2024\/08\/vape-1-1.png?resize=100%2C100&amp;ssl=1 100w\" sizes=\"auto, (max-width: 200px) 100vw, 200px\" title=\"\">\t\t\t\t\t<\/div>\n\t\t\t\t<\/div>\n\t\t\t<\/div>\n\t\t\t\t<div class=\"icon-box-text last-reset\">\n\t\t\t\t\t\t\t\t\t\n\n\t<div id=\"text-4076369593\" class=\"text\">\n\t\t\n\n<h3 style=\"text-align: center;\">Grande variedade de vaporizadores<\/h3>\n<p style=\"text-align: center;\">Descubra nossa ampla gama de produtos, elaborados para atender a todas as prefer\u00eancias.<\/p>\n\t\t\n<style>\n#text-4076369593 {\n  font-size: 0.9rem;\n}\n<\/style>\n\t<\/div>\n\t\n\n\t\t<\/div>\n\t<\/div>\n\t\n\t\n\n\t\t<\/div>\n\t\t\t\t\t<\/div>\n\n\t\n\n\t<div id=\"col-1371176643\" class=\"col medium-3 small-6 large-3\"  >\n\t\t\t\t<div class=\"col-inner text-center\"  >\n\t\t\t\n\t\t\t\n\n\n\t\t<div class=\"icon-box featured-box icon-box-top text-left\"  >\n\t\t\t\t\t<div class=\"icon-box-img\" style=\"width: 90px\">\n\t\t\t\t<div class=\"icon\">\n\t\t\t\t\t<div class=\"icon-inner\" >\n\t\t\t\t\t\t<img loading=\"lazy\" decoding=\"async\" width=\"200\" height=\"200\" src=\"https:\/\/i0.wp.com\/aiviouvapes.com\/wp-content\/uploads\/2024\/08\/save-money-1-1-1.png?fit=200%2C200&amp;ssl=1\" class=\"attachment-medium size-medium\" alt=\"Porqu\u00ea escolher AIVIOUVAPES\" srcset=\"https:\/\/i0.wp.com\/aiviouvapes.com\/wp-content\/uploads\/2024\/08\/save-money-1-1-1.png?w=200&amp;ssl=1 200w, https:\/\/i0.wp.com\/aiviouvapes.com\/wp-content\/uploads\/2024\/08\/save-money-1-1-1.png?resize=150%2C150&amp;ssl=1 150w, https:\/\/i0.wp.com\/aiviouvapes.com\/wp-content\/uploads\/2024\/08\/save-money-1-1-1.png?resize=12%2C12&amp;ssl=1 12w, https:\/\/i0.wp.com\/aiviouvapes.com\/wp-content\/uploads\/2024\/08\/save-money-1-1-1.png?resize=100%2C100&amp;ssl=1 100w\" sizes=\"auto, (max-width: 200px) 100vw, 200px\" title=\"\">\t\t\t\t\t<\/div>\n\t\t\t\t<\/div>\n\t\t\t<\/div>\n\t\t\t\t<div class=\"icon-box-text last-reset\">\n\t\t\t\t\t\t\t\t\t\n\n\t<div id=\"text-4277749048\" class=\"text\">\n\t\t\n\n<h3 style=\"text-align: center;\">Valor imbat\u00edvel<\/h3>\n<p style=\"text-align: center;\">Aproveite produtos de alta qualidade a pre\u00e7os que cabem no seu or\u00e7amento.<\/p>\n\t\t\n<style>\n#text-4277749048 {\n  font-size: 0.9rem;\n}\n<\/style>\n\t<\/div>\n\t\n\n\t\t<\/div>\n\t<\/div>\n\t\n\t\n\n\t\t<\/div>\n\t\t\t\t\t<\/div>\n\n\t\n\n\t<div id=\"col-403814315\" class=\"col medium-3 small-6 large-3\"  >\n\t\t\t\t<div class=\"col-inner text-center\"  >\n\t\t\t\n\t\t\t\n\n\n\t\t<div class=\"icon-box featured-box icon-box-top text-left\"  >\n\t\t\t\t\t<div class=\"icon-box-img\" style=\"width: 90px\">\n\t\t\t\t<div class=\"icon\">\n\t\t\t\t\t<div class=\"icon-inner\" >\n\t\t\t\t\t\t<img loading=\"lazy\" decoding=\"async\" width=\"200\" height=\"200\" src=\"https:\/\/i0.wp.com\/aiviouvapes.com\/wp-content\/uploads\/2024\/08\/delivery-truck-1-1.png?fit=200%2C200&amp;ssl=1\" class=\"attachment-medium size-medium\" alt=\"Porqu\u00ea escolher AIVIOUVAPES\" srcset=\"https:\/\/i0.wp.com\/aiviouvapes.com\/wp-content\/uploads\/2024\/08\/delivery-truck-1-1.png?w=200&amp;ssl=1 200w, https:\/\/i0.wp.com\/aiviouvapes.com\/wp-content\/uploads\/2024\/08\/delivery-truck-1-1.png?resize=150%2C150&amp;ssl=1 150w, https:\/\/i0.wp.com\/aiviouvapes.com\/wp-content\/uploads\/2024\/08\/delivery-truck-1-1.png?resize=12%2C12&amp;ssl=1 12w, https:\/\/i0.wp.com\/aiviouvapes.com\/wp-content\/uploads\/2024\/08\/delivery-truck-1-1.png?resize=100%2C100&amp;ssl=1 100w\" sizes=\"auto, (max-width: 200px) 100vw, 200px\" title=\"\">\t\t\t\t\t<\/div>\n\t\t\t\t<\/div>\n\t\t\t<\/div>\n\t\t\t\t<div class=\"icon-box-text last-reset\">\n\t\t\t\t\t\t\t\t\t\n\n\t<div id=\"text-704422267\" class=\"text\">\n\t\t\n\n<h3 style=\"text-align: center;\">Envio global r\u00e1pido<\/h3>\n<p style=\"text-align: center;\">Fazemos entregas no mundo todo com desembara\u00e7o aduaneiro garantido para uma experi\u00eancia tranquila.<\/p>\n\t\t\n<style>\n#text-704422267 {\n  font-size: 0.9rem;\n}\n<\/style>\n\t<\/div>\n\t\n\n\t\t<\/div>\n\t<\/div>\n\t\n\t\n\n\t\t<\/div>\n\t\t\t\t\t<\/div>\n\n\t\n\n\t<div id=\"col-1805343445\" class=\"col medium-3 small-6 large-3\"  >\n\t\t\t\t<div class=\"col-inner text-center\"  >\n\t\t\t\n\t\t\t\n\n\n\t\t<div class=\"icon-box featured-box icon-box-top text-left\"  >\n\t\t\t\t\t<div class=\"icon-box-img\" style=\"width: 90px\">\n\t\t\t\t<div class=\"icon\">\n\t\t\t\t\t<div class=\"icon-inner\" >\n\t\t\t\t\t\t<img loading=\"lazy\" decoding=\"async\" width=\"200\" height=\"200\" src=\"https:\/\/i0.wp.com\/aiviouvapes.com\/wp-content\/uploads\/2024\/08\/support-1-1.png?fit=200%2C200&amp;ssl=1\" class=\"attachment-medium size-medium\" alt=\"Porqu\u00ea escolher AIVIOUVAPES\" srcset=\"https:\/\/i0.wp.com\/aiviouvapes.com\/wp-content\/uploads\/2024\/08\/support-1-1.png?w=200&amp;ssl=1 200w, https:\/\/i0.wp.com\/aiviouvapes.com\/wp-content\/uploads\/2024\/08\/support-1-1.png?resize=150%2C150&amp;ssl=1 150w, https:\/\/i0.wp.com\/aiviouvapes.com\/wp-content\/uploads\/2024\/08\/support-1-1.png?resize=12%2C12&amp;ssl=1 12w, https:\/\/i0.wp.com\/aiviouvapes.com\/wp-content\/uploads\/2024\/08\/support-1-1.png?resize=100%2C100&amp;ssl=1 100w\" sizes=\"auto, (max-width: 200px) 100vw, 200px\" title=\"\">\t\t\t\t\t<\/div>\n\t\t\t\t<\/div>\n\t\t\t<\/div>\n\t\t\t\t<div class=\"icon-box-text last-reset\">\n\t\t\t\t\t\t\t\t\t\n\n\t<div id=\"text-1936767907\" class=\"text\">\n\t\t\n\n<h3 style=\"text-align: center;\">Assist\u00eancia 24 horas<\/h3>\n<p style=\"text-align: center;\">Entre em contato com nossa equipe de suporte a qualquer hora, 24 horas por dia, 7 dias por semana, via WhatsApp ou e-mail.<\/p>\n\t\t\n<style>\n#text-1936767907 {\n  font-size: 0.9rem;\n}\n<\/style>\n\t<\/div>\n\t\n\n\t\t<\/div>\n\t<\/div>\n\t\n\t\n\n\t\t<\/div>\n\t\t\t\t\t<\/div>\n\n\t\n\n<\/div>\n<div class=\"row row-full-width align-middle\"  id=\"row-1335926676\">\n\n\n\t<div id=\"col-1711519153\" class=\"col medium-6 small-12 large-6\"  >\n\t\t\t\t<div class=\"col-inner\"  >\n\t\t\t\n\t\t\t\n\n\t<div class=\"img has-hover x md-x lg-x y md-y lg-y\" id=\"image_1953886412\">\n\t\t\t\t\t\t\t\t<div class=\"img-inner dark\" >\n\t\t\t<img loading=\"lazy\" decoding=\"async\" width=\"930\" height=\"1024\" src=\"https:\/\/i0.wp.com\/aiviouvapes.com\/wp-content\/uploads\/2024\/08\/%E6%8B%BC%E5%9B%BE.jpg?fit=930%2C1024&amp;ssl=1\" class=\"attachment-large size-large\" alt=\"Porqu\u00ea escolher AIVIOUVAPES\" title=\"\">\t\t\t\t\t\t\n\t\t\t\t\t<\/div>\n\t\t\t\t\t\t\t\t\n<style>\n#image_1953886412 {\n  width: 100%;\n}\n<\/style>\n\t<\/div>\n\t\n\n\n\t\t<\/div>\n\t\t\t\t\t<\/div>\n\n\t\n\n\t<div id=\"col-462590378\" class=\"col medium-6 small-12 large-6\"  >\n\t\t\t\t<div class=\"col-inner\"  >\n\t\t\t\n\t\t\t\n\n<div class=\"container section-title-container\" ><h4 class=\"section-title section-title-normal\"><b aria-hidden=\"true\"><\/b><span class=\"section-title-main\" style=\"font-size:91%;\">Nossas vantagens<\/span><b aria-hidden=\"true\"><\/b><\/h4><\/div>\n\n<div class=\"accordion\">\n\n\t<div id=\"accordion-2378011648\" class=\"accordion-item\">\n\t\t<a id=\"accordion-2378011648-label\" class=\"accordion-title plain\" href=\"#accordion-item-commitment-to-quality\" aria-expanded=\"false\" aria-controls=\"accordion-2378011648-content\">\n\t\t\t<button class=\"toggle\" aria-label=\"Alternar\"><i class=\"icon-angle-down\" aria-hidden=\"true\"><\/i><\/button>\n\t\t\t<span>Compromisso de qualidade<\/span>\n\t\t<\/a>\n\t\t<div id=\"accordion-2378011648-content\" class=\"accordion-inner\" aria-labelledby=\"accordion-2378011648-label\">\n\t\t\t\n\n<p>Em <a href=\"https:\/\/aiviouvapes.com\/pt\/\">AiviouVape<\/a>, a qualidade impulsiona tudo o que fazemos. Nossos vapes descart\u00e1veis s\u00e3o meticulosamente elaborados e rigorosamente testados para atender aos mais altos padr\u00f5es, garantindo uma experi\u00eancia de vaporiza\u00e7\u00e3o suave e confi\u00e1vel todas as vezes. Com nosso compromisso com zero defeitos e zero reclama\u00e7\u00f5es, voc\u00ea pode confiar que est\u00e1 obtendo o melhor.<\/p>\n\n\t\t<\/div>\n\t<\/div>\n\t\n\t<div id=\"accordion-2663550618\" class=\"accordion-item\">\n\t\t<a id=\"accordion-2663550618-label\" class=\"accordion-title plain\" href=\"#accordion-item-diverse-range-of-products\" aria-expanded=\"false\" aria-controls=\"accordion-2663550618-content\">\n\t\t\t<button class=\"toggle\" aria-label=\"Alternar\"><i class=\"icon-angle-down\" aria-hidden=\"true\"><\/i><\/button>\n\t\t\t<span>Gama diversificada de produtos<\/span>\n\t\t<\/a>\n\t\t<div id=\"accordion-2663550618-content\" class=\"accordion-inner\" aria-labelledby=\"accordion-2663550618-label\">\n\t\t\t\n\n<p>Orgulhamo-nos de oferecer uma vasta gama de vapes descart\u00e1veis de qualidade superior para satisfazer todas as prefer\u00eancias. Desde as mais recentes inova\u00e7\u00f5es at\u00e9 aos favoritos de longa data dos f\u00e3s, a nossa sele\u00e7\u00e3o inclui marcas de confian\u00e7a como Waspe, Vapme, RandM Tornado, Bang Box, ELF Box e Bang King. Quer procure os sabores arrojados do Vapme ou o design elegante do RandM Tornado, a nossa cole\u00e7\u00e3o foi concebida para o ajudar a descobrir o vape perfeito para corresponder ao seu gosto e estilo de vida.<\/p>\n\n\n\t\t<\/div>\n\t<\/div>\n\t\n\t<div id=\"accordion-2200304376\" class=\"accordion-item\">\n\t\t<a id=\"accordion-2200304376-label\" class=\"accordion-title plain\" href=\"#accordion-item-wholesale-and-retail-solutions\" aria-expanded=\"false\" aria-controls=\"accordion-2200304376-content\">\n\t\t\t<button class=\"toggle\" aria-label=\"Alternar\"><i class=\"icon-angle-down\" aria-hidden=\"true\"><\/i><\/button>\n\t\t\t<span>Solu\u00e7\u00f5es para o com\u00e9rcio grossista e retalhista<\/span>\n\t\t<\/a>\n\t\t<div id=\"accordion-2200304376-content\" class=\"accordion-inner\" aria-labelledby=\"accordion-2200304376-label\">\n\t\t\t\n\n<p>A AiviouVape atende \u00e0s demandas de clientes de varejo e atacado, entregando produtos e servi\u00e7os excepcionais sempre. Se voc\u00ea \u00e9 novo para n\u00f3s, recomendamos come\u00e7ar com um pequeno lote para experimentar nossa qualidade em primeira m\u00e3o. Com pre\u00e7os competitivos e padr\u00f5es premium, somos a escolha confi\u00e1vel na ind\u00fastria de vape descart\u00e1veis.\u00a0<\/p>\n\n\t\t<\/div>\n\t<\/div>\n\t\n\t<div id=\"accordion-1097485230\" class=\"accordion-item\">\n\t\t<a id=\"accordion-1097485230-label\" class=\"accordion-title plain\" href=\"#accordion-item-continuous-improvement\" aria-expanded=\"false\" aria-controls=\"accordion-1097485230-content\">\n\t\t\t<button class=\"toggle\" aria-label=\"Alternar\"><i class=\"icon-angle-down\" aria-hidden=\"true\"><\/i><\/button>\n\t\t\t<span>Melhoria Cont\u00ednua<\/span>\n\t\t<\/a>\n\t\t<div id=\"accordion-1097485230-content\" class=\"accordion-inner\" aria-labelledby=\"accordion-1097485230-label\">\n\t\t\t\n\n<p>O que diferencia a AiviouVape \u00e9 nossa dedica\u00e7\u00e3o ao atendimento excepcional ao cliente. Se voc\u00ea precisa de conselhos antes de comprar ou assist\u00eancia com um pedido, nossa equipe est\u00e1 sempre dispon\u00edvel via WhatsApp ou e-mail. N\u00f3s nos esfor\u00e7amos para construir relacionamentos duradouros com nossos clientes, garantindo sua satisfa\u00e7\u00e3o em cada etapa do caminho.<\/p>\n\n\t\t<\/div>\n\t<\/div>\n\t\n\t<div id=\"accordion-684343120\" class=\"accordion-item\">\n\t\t<a id=\"accordion-684343120-label\" class=\"accordion-title plain\" href=\"#accordion-item-quality-assurance\" aria-expanded=\"false\" aria-controls=\"accordion-684343120-content\">\n\t\t\t<button class=\"toggle\" aria-label=\"Alternar\"><i class=\"icon-angle-down\" aria-hidden=\"true\"><\/i><\/button>\n\t\t\t<span>Garantia de qualidade<\/span>\n\t\t<\/a>\n\t\t<div id=\"accordion-684343120-content\" class=\"accordion-inner\" aria-labelledby=\"accordion-684343120-label\">\n\t\t\t\n\n<p>Em todas as etapas \u2014 desenvolvimento de produtos, produ\u00e7\u00e3o, marketing e distribui\u00e7\u00e3o \u2014 nosso compromisso com a qualidade nunca vacila. Nossos vapes descart\u00e1veis passam por testes rigorosos para garantir que n\u00e3o sejam t\u00f3xicos, puros e ofere\u00e7am sabor excepcional. Essa dedica\u00e7\u00e3o \u00e0 excel\u00eancia forma a espinha dorsal da nossa cultura corporativa.<\/p>\n\n\t\t<\/div>\n\t<\/div>\n\t\n\t<div id=\"accordion-155783016\" class=\"accordion-item\">\n\t\t<a id=\"accordion-155783016-label\" class=\"accordion-title plain\" href=\"#accordion-item-efficient-logistics-and-delivery\" aria-expanded=\"false\" aria-controls=\"accordion-155783016-content\">\n\t\t\t<button class=\"toggle\" aria-label=\"Alternar\"><i class=\"icon-angle-down\" aria-hidden=\"true\"><\/i><\/button>\n\t\t\t<span>Log\u00edstica e entrega eficientes<\/span>\n\t\t<\/a>\n\t\t<div id=\"accordion-155783016-content\" class=\"accordion-inner\" aria-labelledby=\"accordion-155783016-label\">\n\t\t\t\n\n<p>A AiviouVape fornece log\u00edstica e entrega eficientes, incluindo servi\u00e7os DDP (Delivered Duty Paid), garantindo desembara\u00e7o aduaneiro sem problemas, sem taxas ou impostos. Com entrega r\u00e1pida e suporte excepcional ao cliente, oferecemos uma experi\u00eancia tranquila e confi\u00e1vel, o que nos torna um parceiro confi\u00e1vel na ind\u00fastria.<\/p>\n\n\t\t<\/div>\n\t<\/div>\n\t\n\t<div id=\"accordion-914495273\" class=\"accordion-item\">\n\t\t<a id=\"accordion-914495273-label\" class=\"accordion-title plain\" href=\"#accordion-item-odm-and-oem-services\" aria-expanded=\"false\" aria-controls=\"accordion-914495273-content\">\n\t\t\t<button class=\"toggle\" aria-label=\"Alternar\"><i class=\"icon-angle-down\" aria-hidden=\"true\"><\/i><\/button>\n\t\t\t<span>Servi\u00e7os ODM e OEM<\/span>\n\t\t<\/a>\n\t\t<div id=\"accordion-914495273-content\" class=\"accordion-inner\" aria-labelledby=\"accordion-914495273-label\">\n\t\t\t\n\n<p>A AiviouVapes oferece servi\u00e7os completos de ODM (Original Design Manufacturing) e OEM (Original Equipment Manufacturing). Com duas grandes instala\u00e7\u00f5es, ajudamos os clientes a projetar produtos exclusivos e logotipos atraentes para embalagens. Tamb\u00e9m fornecemos orienta\u00e7\u00e3o gratuita sobre design de embalagens e damos suporte aos clientes que embalam seus pr\u00f3prios produtos, garantindo que sua marca brilhe no mercado.<\/p>\n\n\t\t<\/div>\n\t<\/div>\n\t\n\n<\/div>\n\n\t\t<\/div>\n\t\t\t\t\t<\/div>\n\n\t\n\n<\/div>","protected":false},"excerpt":{"rendered":"<p>O Poco SL 15000 Puffs oferece at\u00e9 15.000 baforadas com uma capacidade de 25 ml de e-l\u00edquido e um fluxo de ar ajust\u00e1vel para uma experi\u00eancia personaliz\u00e1vel e suave. Alimentado por uma bateria recarreg\u00e1vel de 650mAh, est\u00e1 dispon\u00edvel em v\u00e1rios n\u00edveis de nicotina e numa variedade de sabores deliciosos.<\/p>\n<div style=\"border-radius: 5px; padding: 5px; margin-top: 0px; background-color: whitesmoke; color: black; margin-bottom: 12px;\">J\u00e1 dispon\u00edvel em nosso dep\u00f3sito na Europa \u2013 entrega r\u00e1pida em apenas 3-5 dias!<\/div>","protected":false},"featured_media":2742,"comment_status":"open","ping_status":"closed","template":"","meta":[],"product_brand":[232],"product_cat":[36,126,90,117,81,76,134,135,133,136,137,146,138,139,140,141,142,143,144,145,132,82],"product_tag":[],"class_list":{"0":"post-2731","1":"product","2":"type-product","3":"status-publish","4":"has-post-thumbnail","6":"product_brand-poco","7":"product_cat-poco","8":"product_cat-15000-puffs-disposable-vape","9":"product_cat-big-puffs-vapes","10":"product_cat-different-puffs-of-diposable-vapes","11":"product_cat-digital-box-vapes","12":"product_cat-disposable-vape-types","13":"product_cat-disposable-vapes-in-austria","14":"product_cat-disposable-vapes-in-belgium","15":"product_cat-disposable-vapes-in-europe","16":"product_cat-disposable-vapes-in-france","17":"product_cat-disposable-vapes-in-germany","18":"product_cat-disposable-vapes-in-hungary","19":"product_cat-disposable-vapes-in-ltaly","20":"product_cat-disposable-vapes-in-netherlands","21":"product_cat-disposable-vapes-in-norway","22":"product_cat-disposable-vapes-in-poland","23":"product_cat-disposable-vapes-in-portugal","24":"product_cat-disposable-vapes-in-spain","25":"product_cat-disposable-vapes-in-sweden","26":"product_cat-disposable-vapes-in-switzerland","27":"product_cat-rechargeable-vapes","28":"product_cat-smart-screen-vapes","30":"first","31":"instock","32":"shipping-taxable","33":"purchasable","34":"product-type-variable","35":"has-default-attributes"},"jetpack_sharing_enabled":true,"tiered_pricing_type":"fixed","tiered_pricing_fixed_rules":{"100":8.0999999999999996447286321199499070644378662109375,"400":7.69000000000000039079850466805510222911834716796875,"1000":7.4900000000000002131628207280300557613372802734375},"tiered_pricing_product_settings":{"layout":"default","base_unit_name":{"singular":null,"plural":null},"default_variation":null},"tiered_pricing_minimum_quantity":50,"tiered_pricing_roles_data":[],"tiered_pricing_percentage_rules":[],"tiered_pricing_maximum_quantity":null,"tiered_pricing_quantity_step":"10","_links":{"self":[{"href":"https:\/\/aiviouvapes.com\/pt\/wp-json\/wp\/v2\/product\/2731","targetHints":{"allow":["GET"]}}],"collection":[{"href":"https:\/\/aiviouvapes.com\/pt\/wp-json\/wp\/v2\/product"}],"about":[{"href":"https:\/\/aiviouvapes.com\/pt\/wp-json\/wp\/v2\/types\/product"}],"replies":[{"embeddable":true,"href":"https:\/\/aiviouvapes.com\/pt\/wp-json\/wp\/v2\/comments?post=2731"}],"wp:featuredmedia":[{"embeddable":true,"href":"https:\/\/aiviouvapes.com\/pt\/wp-json\/wp\/v2\/media\/2742"}],"wp:attachment":[{"href":"https:\/\/aiviouvapes.com\/pt\/wp-json\/wp\/v2\/media?parent=2731"}],"wp:term":[{"taxonomy":"product_brand","embeddable":true,"href":"https:\/\/aiviouvapes.com\/pt\/wp-json\/wp\/v2\/product_brand?post=2731"},{"taxonomy":"product_cat","embeddable":true,"href":"https:\/\/aiviouvapes.com\/pt\/wp-json\/wp\/v2\/product_cat?post=2731"},{"taxonomy":"product_tag","embeddable":true,"href":"https:\/\/aiviouvapes.com\/pt\/wp-json\/wp\/v2\/product_tag?post=2731"}],"curies":[{"name":"wp","href":"https:\/\/api.w.org\/{rel}","templated":true}]}}