{"id":24616,"date":"2024-11-09T14:42:54","date_gmt":"2024-11-09T06:42:54","guid":{"rendered":"https:\/\/aiviouvapes.com\/?post_type=product&#038;p=24616"},"modified":"2025-12-30T17:14:46","modified_gmt":"2025-12-30T09:14:46","slug":"mrvi-winning-30k-puffs-2-5-nicotine-rechargeable-bulk-buy-disposable-vape-wholesale","status":"publish","type":"product","link":"https:\/\/aiviouvapes.com\/pt\/product\/mrvi-winning-30k-puffs-2-5-nicotine-rechargeable-bulk-buy-disposable-vape-wholesale\/","title":{"rendered":"MRVI WINNING 30000 Puffs | 2%-5% nicotina, 35mL, 800mAh, vape descart\u00e1vel a granel"},"content":{"rendered":"<p><iframe title=\"VideoPress Leitor de v\u00eddeo\" aria-label='VideoPress Leitor de v\u00eddeo' width='1020' height='574' src='https:\/\/videopress.com\/embed\/13e6MPsk?hd=0&amp;cover=1' frameborder='0' allowfullscreen allow='clipboard-write'><\/iframe><script src='https:\/\/v0.wordpress.com\/js\/next\/videopress-iframe.js?m=1739540970'><\/script><\/p>\n<h2><strong>MRVI WINNING 30K - Vape descart\u00e1vel de 30 000 baforadas<\/strong><\/h2>\n<p>O vape descart\u00e1vel MRVI WINNING 30K foi concebido para proporcionar uma experi\u00eancia de vaporiza\u00e7\u00e3o imbat\u00edvel, com uma capacidade de at\u00e9 30 000 baforadas. A sua tecnologia avan\u00e7ada garante um prazer prolongado do sabor, tornando-o perfeito tanto para vapers dedicados como para principiantes.<\/p>\n<p>Concebido com uma generosa capacidade de 35 ml de e-l\u00edquido e uma bateria de 800 mAh, o MRVI WINNING 30K promete um prazer de vaporiza\u00e7\u00e3o suave e ininterrupto. Este dispositivo elegante e port\u00e1til cabe facilmente no seu bolso, tornando-o ideal para uso dom\u00e9stico ou para vaporizar em viagem.<\/p>\n<p>Com uma bobina de malha premium, o MRVI WINNING 30K proporciona um sabor intenso e satisfat\u00f3rio a cada tragada. Personalize a sua experi\u00eancia com duas op\u00e7\u00f5es de concentra\u00e7\u00e3o de nicotina - 2% e 5% - e desfrute da comodidade de uma porta Type-C de carregamento r\u00e1pido para um tempo de inatividade m\u00ednimo entre as sess\u00f5es.<\/p>\n<h3>MRVI WINNING 30000 Puff Destaques do produto:<\/h3>\n<ul>\n<li><strong>Contagem de baforadas:<\/strong> At\u00e9 30.000 baforadas para sess\u00f5es de vaporiza\u00e7\u00e3o prolongadas<\/li>\n<li><strong>Capacidade de E-l\u00edquido:<\/strong> 35mL para menos recargas e mais tempo de vaporiza\u00e7\u00e3o<\/li>\n<li><strong>Capacidade da bateria:<\/strong> 800mAh para um desempenho duradouro<\/li>\n<li><strong>For\u00e7a da nicotina:<\/strong> Escolha entre 2% e 5% de acordo com as suas prefer\u00eancias<\/li>\n<li><strong>Porta de carregamento:<\/strong> Carregamento r\u00e1pido tipo C para recargas r\u00e1pidas<\/li>\n<li><strong>Tecnologia de bobina de malha:<\/strong> Vapor suave e consistente com uma qualidade de sabor melhorada<\/li>\n<\/ul>\n<h3>MRVI WINNING 30000 Puff Sabores dispon\u00edveis:<\/h3>\n<p>Blueberry Watermelon, Cherry Lemon, Blue Razz Ice, Mixed Berries, Strawberry Ice, Watermelon Ice, Juicy Peach, Pineapple Mango, Grape Ice, Sour Apple.<\/p>\n<p>Explore uma excitante gama de sabores que satisfazem todos os paladares, desde os favoritos frutados como Blueberry Watermelon e Juicy Peach at\u00e9 \u00e0s op\u00e7\u00f5es geladas como Strawberry Ice e Grape Ice. Cada sabor \u00e9 cuidadosamente elaborado para proporcionar uma experi\u00eancia rica e agrad\u00e1vel.<\/p>\n<h3>MRVI WINNING 30000 Puff Oportunidade de compra a granel e individual:<\/h3>\n<p>MRVI WINNING 30000 Puff \u00e9 a escolha perfeita para quem procura longevidade, qualidade e uma vasta sele\u00e7\u00e3o de sabores. Com at\u00e9 30.000 baforadas, carregamento r\u00e1pido do tipo C e desempenho fi\u00e1vel, este vape premium oferece um valor excecional e uma experi\u00eancia memor\u00e1vel, quer esteja a comprar a granel para neg\u00f3cios ou a comprar individualmente para divers\u00e3o pessoal.<\/p>\n<h4>MRVI WINNING 30K puffs | 2% 5% nicotina, e-l\u00edquido de 35 mL, bobina de malha, bateria de 800 mAh, recarreg\u00e1vel tipo C, at\u00e9 30.000 puffs, compre vape descart\u00e1vel no atacado<\/h4>\n<p><img data-recalc-dims=\"1\" loading=\"lazy\" decoding=\"async\" class=\"alignnone size-full wp-image-24620\" title=\"MRVI WINNING 30K Puffs 2% 5% Nicotina recarreg\u00e1vel a granel Comprar descart\u00e1vel Vape Wholesale\" src=\"https:\/\/i0.wp.com\/aiviouvapes.com\/wp-content\/uploads\/2024\/11\/%E5%BE%AE%E4%BF%A1%E5%9B%BE%E7%89%87_20240924171847.jpg?resize=1020%2C1020&#038;ssl=1\" alt=\"MRVI WINNING 30K Puffs 2% 5% Nicotina recarreg\u00e1vel a granel Comprar descart\u00e1vel Vape Wholesale\" width=\"1020\" height=\"1020\" srcset=\"https:\/\/i0.wp.com\/aiviouvapes.com\/wp-content\/uploads\/2024\/11\/%E5%BE%AE%E4%BF%A1%E5%9B%BE%E7%89%87_20240924171847.jpg?w=1600&amp;ssl=1 1600w, https:\/\/i0.wp.com\/aiviouvapes.com\/wp-content\/uploads\/2024\/11\/%E5%BE%AE%E4%BF%A1%E5%9B%BE%E7%89%87_20240924171847.jpg?resize=300%2C300&amp;ssl=1 300w, https:\/\/i0.wp.com\/aiviouvapes.com\/wp-content\/uploads\/2024\/11\/%E5%BE%AE%E4%BF%A1%E5%9B%BE%E7%89%87_20240924171847.jpg?resize=1024%2C1024&amp;ssl=1 1024w, https:\/\/i0.wp.com\/aiviouvapes.com\/wp-content\/uploads\/2024\/11\/%E5%BE%AE%E4%BF%A1%E5%9B%BE%E7%89%87_20240924171847.jpg?resize=150%2C150&amp;ssl=1 150w, https:\/\/i0.wp.com\/aiviouvapes.com\/wp-content\/uploads\/2024\/11\/%E5%BE%AE%E4%BF%A1%E5%9B%BE%E7%89%87_20240924171847.jpg?resize=768%2C768&amp;ssl=1 768w, https:\/\/i0.wp.com\/aiviouvapes.com\/wp-content\/uploads\/2024\/11\/%E5%BE%AE%E4%BF%A1%E5%9B%BE%E7%89%87_20240924171847.jpg?resize=1536%2C1536&amp;ssl=1 1536w, https:\/\/i0.wp.com\/aiviouvapes.com\/wp-content\/uploads\/2024\/11\/%E5%BE%AE%E4%BF%A1%E5%9B%BE%E7%89%87_20240924171847.jpg?resize=12%2C12&amp;ssl=1 12w, https:\/\/i0.wp.com\/aiviouvapes.com\/wp-content\/uploads\/2024\/11\/%E5%BE%AE%E4%BF%A1%E5%9B%BE%E7%89%87_20240924171847.jpg?resize=800%2C800&amp;ssl=1 800w, https:\/\/i0.wp.com\/aiviouvapes.com\/wp-content\/uploads\/2024\/11\/%E5%BE%AE%E4%BF%A1%E5%9B%BE%E7%89%87_20240924171847.jpg?resize=100%2C100&amp;ssl=1 100w\" sizes=\"auto, (max-width: 1020px) 100vw, 1020px\" \/><\/p>\n<p>&nbsp;<\/p>","protected":false},"excerpt":{"rendered":"<p>O MRVI WINNING 30K Disposable Vape oferece at\u00e9 30.000 puffs com uma capacidade de e-l\u00edquido de 35mL e bateria de 800mAh para vaporiza\u00e7\u00e3o prolongada e suave. Com uma bobina de malha, carregamento r\u00e1pido Tipo C e uma variedade de sabores, \u00e9 perfeito para vapers casuais e experientes.<\/p>","protected":false},"featured_media":24621,"comment_status":"open","ping_status":"closed","template":"","meta":[],"product_brand":[229],"product_cat":[33,131,320,90,117,81,76,134,135,133,136,137,146,138,139,140,141,142,143,144,145,79,132,82],"product_tag":[],"class_list":{"0":"post-24616","1":"product","2":"type-product","3":"status-publish","4":"has-post-thumbnail","6":"product_brand-mrvi","7":"product_cat-mrvi","8":"product_cat-30000-puffs-disposable-vape","9":"product_cat-best-disposable-vapes","10":"product_cat-big-puffs-vapes","11":"product_cat-different-puffs-of-diposable-vapes","12":"product_cat-digital-box-vapes","13":"product_cat-disposable-vape-types","14":"product_cat-disposable-vapes-in-austria","15":"product_cat-disposable-vapes-in-belgium","16":"product_cat-disposable-vapes-in-europe","17":"product_cat-disposable-vapes-in-france","18":"product_cat-disposable-vapes-in-germany","19":"product_cat-disposable-vapes-in-hungary","20":"product_cat-disposable-vapes-in-ltaly","21":"product_cat-disposable-vapes-in-netherlands","22":"product_cat-disposable-vapes-in-norway","23":"product_cat-disposable-vapes-in-poland","24":"product_cat-disposable-vapes-in-portugal","25":"product_cat-disposable-vapes-in-spain","26":"product_cat-disposable-vapes-in-sweden","27":"product_cat-disposable-vapes-in-switzerland","28":"product_cat-dual-mesh-vapes","29":"product_cat-rechargeable-vapes","30":"product_cat-smart-screen-vapes","32":"first","33":"instock","34":"shipping-taxable","35":"purchasable","36":"product-type-variable","37":"has-default-attributes"},"jetpack_sharing_enabled":true,"tiered_pricing_type":"fixed","tiered_pricing_fixed_rules":[],"tiered_pricing_product_settings":{"layout":"default","base_unit_name":{"singular":null,"plural":null},"default_variation":null},"tiered_pricing_minimum_quantity":1000,"tiered_pricing_roles_data":[],"tiered_pricing_percentage_rules":[],"tiered_pricing_maximum_quantity":null,"tiered_pricing_quantity_step":"10","_links":{"self":[{"href":"https:\/\/aiviouvapes.com\/pt\/wp-json\/wp\/v2\/product\/24616","targetHints":{"allow":["GET"]}}],"collection":[{"href":"https:\/\/aiviouvapes.com\/pt\/wp-json\/wp\/v2\/product"}],"about":[{"href":"https:\/\/aiviouvapes.com\/pt\/wp-json\/wp\/v2\/types\/product"}],"replies":[{"embeddable":true,"href":"https:\/\/aiviouvapes.com\/pt\/wp-json\/wp\/v2\/comments?post=24616"}],"wp:featuredmedia":[{"embeddable":true,"href":"https:\/\/aiviouvapes.com\/pt\/wp-json\/wp\/v2\/media\/24621"}],"wp:attachment":[{"href":"https:\/\/aiviouvapes.com\/pt\/wp-json\/wp\/v2\/media?parent=24616"}],"wp:term":[{"taxonomy":"product_brand","embeddable":true,"href":"https:\/\/aiviouvapes.com\/pt\/wp-json\/wp\/v2\/product_brand?post=24616"},{"taxonomy":"product_cat","embeddable":true,"href":"https:\/\/aiviouvapes.com\/pt\/wp-json\/wp\/v2\/product_cat?post=24616"},{"taxonomy":"product_tag","embeddable":true,"href":"https:\/\/aiviouvapes.com\/pt\/wp-json\/wp\/v2\/product_tag?post=24616"}],"curies":[{"name":"wp","href":"https:\/\/api.w.org\/{rel}","templated":true}]}}