{"id":1290,"date":"2024-08-17T04:08:16","date_gmt":"2024-08-16T20:08:16","guid":{"rendered":"https:\/\/aiviouvapes.com\/?post_type=product&#038;p=1290"},"modified":"2026-03-18T00:02:37","modified_gmt":"2026-03-17T16:02:37","slug":"vapme-crystal-7000-disposable-wholesale","status":"publish","type":"product","link":"https:\/\/aiviouvapes.com\/pt\/product\/vapme-crystal-7000-disposable-wholesale\/","title":{"rendered":"VAPME Crystal 7000 Puffs | 0%-5% nicotina, 14mL, 650mAh, vape descart\u00e1vel a granel"},"content":{"rendered":"<p><iframe title=\"VideoPress Leitor de v\u00eddeo\" aria-label='VideoPress Leitor de v\u00eddeo' width='562' height='1000' src='https:\/\/videopress.com\/embed\/tK1sr4ND?hd=0&amp;cover=1' frameborder='0' allowfullscreen allow='clipboard-write'><\/iframe><script src='https:\/\/v0.wordpress.com\/js\/next\/videopress-iframe.js?m=1739540970'><\/script><\/p>\n<h2>VAPME Crystal 7000 puffs | 0% 2% 3% 5% nicotina, e-l\u00edquido de 14 ml, 650 mAh recarreg\u00e1vel, recarga r\u00e1pida tipo C, bobina de malha, compre vape descart\u00e1vel no atacado<\/h2>\n<h3>VAPME Crystal 7000 Puff Descri\u00e7\u00e3o geral<\/h3>\n<ul>\n<li><strong>Grande capacidade de sopro<\/strong>: At\u00e9 7.000 baforadas por dispositivo para uma utiliza\u00e7\u00e3o prolongada e agrad\u00e1vel.<\/li>\n<li><strong>Capacidade generosa de E-l\u00edquido<\/strong>: O reservat\u00f3rio de 14 ml permite um menor n\u00famero de recargas, aumentando a comodidade.<\/li>\n<li><strong>Bateria eficiente<\/strong>Bateria recarreg\u00e1vel de 650mAh com carregamento Tipo C para uma alimenta\u00e7\u00e3o r\u00e1pida e fi\u00e1vel.<\/li>\n<li><strong>Produ\u00e7\u00e3o de vapor suave<\/strong>: A bobina de malha de 0,8\u03a9 fornece vapor consistente e saboroso para uma experi\u00eancia satisfat\u00f3ria.<\/li>\n<\/ul>\n<h3>VAPME Crystal 7000 Puff Carater\u00edsticas<\/h3>\n<ul>\n<li><strong>Longevidade excecional<\/strong>7.000 baforadas por dispositivo, proporcionando um excelente valor e durabilidade.<\/li>\n<li><strong>Design port\u00e1til<\/strong>: Leve e compacto, perfeito para vaporizar em movimento.<\/li>\n<li><strong>F\u00e1cil de utilizar<\/strong>: Descart\u00e1vel e recarreg\u00e1vel, reduzindo os problemas de manuten\u00e7\u00e3o.<\/li>\n<li><strong>Recarga r\u00e1pida<\/strong>: A porta Type-C permite um recarregamento r\u00e1pido com um tempo de inatividade m\u00ednimo.<\/li>\n<\/ul>\n<h3>VAPME Crystal 7000 Puff Sele\u00e7\u00e3o de sabores<\/h3>\n<p>Blueberry Raspberry, Grape Berry, Morango e melancia Bubblegum, Morango e framboesa Candy, Morango e banana, Morango e manga, P\u00eassego e manga e abacaxi, Watermela Ice, Triple Mango, Cherry Ice, Passionfruit Melon Ice, Kiwi Passionfruit Goiaba, Strawberry Ice, Peach Ice, Blue Razz Lemonade, Strawberry Kiwi, Energy Drink, Cherry Cola, Mixed Berries Ice, Lim\u00e3o e lima, Morango e uva, Blackcurrant Ice, Blueberry Cranberry Cherry, Watermelon Kiwi Ice, Cherry Berry, Hortel\u00e3, Tropical Fruit Punch, Mr. Blue, Double Apple, Banana Ice<\/p>\n<h3>Porqu\u00ea escolher o VAPME Crystal 7000 Puffs?<\/h3>\n<p>O VAPME Crystal 7000 Puffs combina capacidade de longa dura\u00e7\u00e3o, diversos sabores e conveni\u00eancia num \u00fanico dispositivo elegante. Com a sua contagem de 7000 puffs, bateria recarreg\u00e1vel e rica sele\u00e7\u00e3o de sabores, \u00e9 uma escolha de primeira qualidade tanto para os vapers do dia a dia como para os novos utilizadores. Perfeito para venda por grosso, o VAPME Crystal 7000 Puffs melhora qualquer linha de vape com uma op\u00e7\u00e3o de alta qualidade e satisfat\u00f3ria que os clientes ir\u00e3o apreciar. Desfrute de vapor suave, excelente sabor e comodidade sem complica\u00e7\u00f5es em cada baforada!<\/p>\n<p><a href=\"https:\/\/i0.wp.com\/aiviouvapes.com\/wp-content\/uploads\/2024\/08\/2a2bd822428f04286eb5f21cbc6548a.jpg?ssl=1\"><img data-recalc-dims=\"1\" loading=\"lazy\" decoding=\"async\" class=\"alignnone size-full wp-image-6738\" title=\"VAPME Crystal 7000 Puffs Vape descart\u00e1vel - 30 sabores, 2%\/5% Nicotina, recarreg\u00e1vel tipo C, atacado\" src=\"https:\/\/i0.wp.com\/aiviouvapes.com\/wp-content\/uploads\/2024\/08\/2a2bd822428f04286eb5f21cbc6548a.jpg?resize=1020%2C1616&#038;ssl=1\" alt=\"VAPME Crystal 7000 Puffs Vape descart\u00e1vel - 30 sabores, 2%\/5% Nicotina, recarreg\u00e1vel tipo C, atacado\" width=\"1020\" height=\"1616\" srcset=\"https:\/\/i0.wp.com\/aiviouvapes.com\/wp-content\/uploads\/2024\/08\/2a2bd822428f04286eb5f21cbc6548a.jpg?w=1212&amp;ssl=1 1212w, https:\/\/i0.wp.com\/aiviouvapes.com\/wp-content\/uploads\/2024\/08\/2a2bd822428f04286eb5f21cbc6548a.jpg?resize=189%2C300&amp;ssl=1 189w, https:\/\/i0.wp.com\/aiviouvapes.com\/wp-content\/uploads\/2024\/08\/2a2bd822428f04286eb5f21cbc6548a.jpg?resize=646%2C1024&amp;ssl=1 646w, https:\/\/i0.wp.com\/aiviouvapes.com\/wp-content\/uploads\/2024\/08\/2a2bd822428f04286eb5f21cbc6548a.jpg?resize=768%2C1217&amp;ssl=1 768w, https:\/\/i0.wp.com\/aiviouvapes.com\/wp-content\/uploads\/2024\/08\/2a2bd822428f04286eb5f21cbc6548a.jpg?resize=970%2C1536&amp;ssl=1 970w, https:\/\/i0.wp.com\/aiviouvapes.com\/wp-content\/uploads\/2024\/08\/2a2bd822428f04286eb5f21cbc6548a.jpg?resize=8%2C12&amp;ssl=1 8w, https:\/\/i0.wp.com\/aiviouvapes.com\/wp-content\/uploads\/2024\/08\/2a2bd822428f04286eb5f21cbc6548a.jpg?resize=800%2C1267&amp;ssl=1 800w\" sizes=\"auto, (max-width: 1020px) 100vw, 1020px\" \/><\/a><\/p>\n<h3>Por que escolher AiviouVapes<\/h3>\n<p>Bem-vindo ao <a href=\"https:\/\/aiviouvapes.com\/pt\/\">AiviouVapes<\/a> - a sua fonte fi\u00e1vel de produtos de qualidade superior e a pre\u00e7os acess\u00edveis <a href=\"https:\/\/aiviouvapes.com\/pt\/shop\/\">vapes descart\u00e1veis por atacado<\/a> a pre\u00e7os verdadeiramente baixos. Com mais de cinco anos de experi\u00eancia na ind\u00fastria de vape, temos o orgulho de oferecer uma sele\u00e7\u00e3o escolhida a dedo de marcas l\u00edderes, incluindo <a href=\"https:\/\/aiviouvapes.com\/pt\/categoria-produto\/waspe\/\">WASPE<\/a>, <a href=\"https:\/\/aiviouvapes.com\/pt\/categoria-produto\/bang\/\">Bang Vape<\/a>, <a href=\"https:\/\/aiviouvapes.com\/pt\/categoria-produto\/vapme-vapes\/\">Vapme<\/a>e <a href=\"https:\/\/aiviouvapes.com\/pt\/categoria-produto\/mrvi\/\">MRVI<\/a>.<\/p>\n<p>Desde dispositivos de alta pot\u00eancia como o <a href=\"https:\/\/aiviouvapes.com\/pt\/produto\/waspe-4-in-1-100000-puffs\/\">WASPE 100K Sabor 4 em 1<\/a> a favoritos ousados, como o <a href=\"https:\/\/aiviouvapes.com\/pt\/produto\/bang-king-triple-flavors-85000\/\">Bang 85,000 Triple Puff<\/a>e at\u00e9 o emocionante <a class=\"woocommerce-LoopProduct-link woocommerce-loop-product__link\" href=\"https:\/\/aiviouvapes.com\/pt\/produto\/mystery-vape-blind-box\/\">Caixa de Vape descart\u00e1vel Mystery<\/a>Na AiviouVapes, cada produto \u00e9 selecionado pela sua qualidade superior e valor imbat\u00edvel. Na AiviouVapes, desfrutar\u00e1 de um excelente servi\u00e7o, poupan\u00e7as por atacado e uma cole\u00e7\u00e3o concebida para satisfazer as suas necessidades de vaporiza\u00e7\u00e3o.<\/p>\n<div class=\"row row-large row-full-width align-middle\"  id=\"row-1282316176\">\n\n\n\t<div id=\"col-920982854\" class=\"col medium-3 small-6 large-3\"  >\n\t\t\t\t<div class=\"col-inner text-center\"  >\n\t\t\t\n\t\t\t\n\n\n\t\t<div class=\"icon-box featured-box icon-box-top text-left\"  >\n\t\t\t\t\t<div class=\"icon-box-img\" style=\"width: 90px\">\n\t\t\t\t<div class=\"icon\">\n\t\t\t\t\t<div class=\"icon-inner\" >\n\t\t\t\t\t\t<img loading=\"lazy\" decoding=\"async\" width=\"200\" height=\"200\" src=\"https:\/\/i0.wp.com\/aiviouvapes.com\/wp-content\/uploads\/2024\/08\/vape-1-1.png?fit=200%2C200&amp;ssl=1\" class=\"attachment-medium size-medium\" alt=\"Porqu\u00ea escolher AIVIOUVAPES\" srcset=\"https:\/\/i0.wp.com\/aiviouvapes.com\/wp-content\/uploads\/2024\/08\/vape-1-1.png?w=200&amp;ssl=1 200w, https:\/\/i0.wp.com\/aiviouvapes.com\/wp-content\/uploads\/2024\/08\/vape-1-1.png?resize=150%2C150&amp;ssl=1 150w, https:\/\/i0.wp.com\/aiviouvapes.com\/wp-content\/uploads\/2024\/08\/vape-1-1.png?resize=12%2C12&amp;ssl=1 12w, https:\/\/i0.wp.com\/aiviouvapes.com\/wp-content\/uploads\/2024\/08\/vape-1-1.png?resize=100%2C100&amp;ssl=1 100w\" sizes=\"auto, (max-width: 200px) 100vw, 200px\" title=\"\">\t\t\t\t\t<\/div>\n\t\t\t\t<\/div>\n\t\t\t<\/div>\n\t\t\t\t<div class=\"icon-box-text last-reset\">\n\t\t\t\t\t\t\t\t\t\n\n\t<div id=\"text-2587117579\" class=\"text\">\n\t\t\n\n<h3 style=\"text-align: center;\">Grande variedade de vaporizadores<\/h3>\n<p style=\"text-align: center;\">Descubra nossa ampla gama de produtos, elaborados para atender a todas as prefer\u00eancias.<\/p>\n\t\t\n<style>\n#text-2587117579 {\n  font-size: 0.9rem;\n}\n<\/style>\n\t<\/div>\n\t\n\n\t\t<\/div>\n\t<\/div>\n\t\n\t\n\n\t\t<\/div>\n\t\t\t\t\t<\/div>\n\n\t\n\n\t<div id=\"col-292532636\" class=\"col medium-3 small-6 large-3\"  >\n\t\t\t\t<div class=\"col-inner text-center\"  >\n\t\t\t\n\t\t\t\n\n\n\t\t<div class=\"icon-box featured-box icon-box-top text-left\"  >\n\t\t\t\t\t<div class=\"icon-box-img\" style=\"width: 90px\">\n\t\t\t\t<div class=\"icon\">\n\t\t\t\t\t<div class=\"icon-inner\" >\n\t\t\t\t\t\t<img loading=\"lazy\" decoding=\"async\" width=\"200\" height=\"200\" src=\"https:\/\/i0.wp.com\/aiviouvapes.com\/wp-content\/uploads\/2024\/08\/save-money-1-1-1.png?fit=200%2C200&amp;ssl=1\" class=\"attachment-medium size-medium\" alt=\"Porqu\u00ea escolher AIVIOUVAPES\" srcset=\"https:\/\/i0.wp.com\/aiviouvapes.com\/wp-content\/uploads\/2024\/08\/save-money-1-1-1.png?w=200&amp;ssl=1 200w, https:\/\/i0.wp.com\/aiviouvapes.com\/wp-content\/uploads\/2024\/08\/save-money-1-1-1.png?resize=150%2C150&amp;ssl=1 150w, https:\/\/i0.wp.com\/aiviouvapes.com\/wp-content\/uploads\/2024\/08\/save-money-1-1-1.png?resize=12%2C12&amp;ssl=1 12w, https:\/\/i0.wp.com\/aiviouvapes.com\/wp-content\/uploads\/2024\/08\/save-money-1-1-1.png?resize=100%2C100&amp;ssl=1 100w\" sizes=\"auto, (max-width: 200px) 100vw, 200px\" title=\"\">\t\t\t\t\t<\/div>\n\t\t\t\t<\/div>\n\t\t\t<\/div>\n\t\t\t\t<div class=\"icon-box-text last-reset\">\n\t\t\t\t\t\t\t\t\t\n\n\t<div id=\"text-2065219345\" class=\"text\">\n\t\t\n\n<h3 style=\"text-align: center;\">Valor imbat\u00edvel<\/h3>\n<p style=\"text-align: center;\">Aproveite produtos de alta qualidade a pre\u00e7os que cabem no seu or\u00e7amento.<\/p>\n\t\t\n<style>\n#text-2065219345 {\n  font-size: 0.9rem;\n}\n<\/style>\n\t<\/div>\n\t\n\n\t\t<\/div>\n\t<\/div>\n\t\n\t\n\n\t\t<\/div>\n\t\t\t\t\t<\/div>\n\n\t\n\n\t<div id=\"col-1153733812\" class=\"col medium-3 small-6 large-3\"  >\n\t\t\t\t<div class=\"col-inner text-center\"  >\n\t\t\t\n\t\t\t\n\n\n\t\t<div class=\"icon-box featured-box icon-box-top text-left\"  >\n\t\t\t\t\t<div class=\"icon-box-img\" style=\"width: 90px\">\n\t\t\t\t<div class=\"icon\">\n\t\t\t\t\t<div class=\"icon-inner\" >\n\t\t\t\t\t\t<img loading=\"lazy\" decoding=\"async\" width=\"200\" height=\"200\" src=\"https:\/\/i0.wp.com\/aiviouvapes.com\/wp-content\/uploads\/2024\/08\/delivery-truck-1-1.png?fit=200%2C200&amp;ssl=1\" class=\"attachment-medium size-medium\" alt=\"Porqu\u00ea escolher AIVIOUVAPES\" srcset=\"https:\/\/i0.wp.com\/aiviouvapes.com\/wp-content\/uploads\/2024\/08\/delivery-truck-1-1.png?w=200&amp;ssl=1 200w, https:\/\/i0.wp.com\/aiviouvapes.com\/wp-content\/uploads\/2024\/08\/delivery-truck-1-1.png?resize=150%2C150&amp;ssl=1 150w, https:\/\/i0.wp.com\/aiviouvapes.com\/wp-content\/uploads\/2024\/08\/delivery-truck-1-1.png?resize=12%2C12&amp;ssl=1 12w, https:\/\/i0.wp.com\/aiviouvapes.com\/wp-content\/uploads\/2024\/08\/delivery-truck-1-1.png?resize=100%2C100&amp;ssl=1 100w\" sizes=\"auto, (max-width: 200px) 100vw, 200px\" title=\"\">\t\t\t\t\t<\/div>\n\t\t\t\t<\/div>\n\t\t\t<\/div>\n\t\t\t\t<div class=\"icon-box-text last-reset\">\n\t\t\t\t\t\t\t\t\t\n\n\t<div id=\"text-1890889377\" class=\"text\">\n\t\t\n\n<h3 style=\"text-align: center;\">Envio global r\u00e1pido<\/h3>\n<p style=\"text-align: center;\">Fazemos entregas no mundo todo com desembara\u00e7o aduaneiro garantido para uma experi\u00eancia tranquila.<\/p>\n\t\t\n<style>\n#text-1890889377 {\n  font-size: 0.9rem;\n}\n<\/style>\n\t<\/div>\n\t\n\n\t\t<\/div>\n\t<\/div>\n\t\n\t\n\n\t\t<\/div>\n\t\t\t\t\t<\/div>\n\n\t\n\n\t<div id=\"col-618030782\" class=\"col medium-3 small-6 large-3\"  >\n\t\t\t\t<div class=\"col-inner text-center\"  >\n\t\t\t\n\t\t\t\n\n\n\t\t<div class=\"icon-box featured-box icon-box-top text-left\"  >\n\t\t\t\t\t<div class=\"icon-box-img\" style=\"width: 90px\">\n\t\t\t\t<div class=\"icon\">\n\t\t\t\t\t<div class=\"icon-inner\" >\n\t\t\t\t\t\t<img loading=\"lazy\" decoding=\"async\" width=\"200\" height=\"200\" src=\"https:\/\/i0.wp.com\/aiviouvapes.com\/wp-content\/uploads\/2024\/08\/support-1-1.png?fit=200%2C200&amp;ssl=1\" class=\"attachment-medium size-medium\" alt=\"Porqu\u00ea escolher AIVIOUVAPES\" srcset=\"https:\/\/i0.wp.com\/aiviouvapes.com\/wp-content\/uploads\/2024\/08\/support-1-1.png?w=200&amp;ssl=1 200w, https:\/\/i0.wp.com\/aiviouvapes.com\/wp-content\/uploads\/2024\/08\/support-1-1.png?resize=150%2C150&amp;ssl=1 150w, https:\/\/i0.wp.com\/aiviouvapes.com\/wp-content\/uploads\/2024\/08\/support-1-1.png?resize=12%2C12&amp;ssl=1 12w, https:\/\/i0.wp.com\/aiviouvapes.com\/wp-content\/uploads\/2024\/08\/support-1-1.png?resize=100%2C100&amp;ssl=1 100w\" sizes=\"auto, (max-width: 200px) 100vw, 200px\" title=\"\">\t\t\t\t\t<\/div>\n\t\t\t\t<\/div>\n\t\t\t<\/div>\n\t\t\t\t<div class=\"icon-box-text last-reset\">\n\t\t\t\t\t\t\t\t\t\n\n\t<div id=\"text-1596561802\" class=\"text\">\n\t\t\n\n<h3 style=\"text-align: center;\">Assist\u00eancia 24 horas<\/h3>\n<p style=\"text-align: center;\">Entre em contato com nossa equipe de suporte a qualquer hora, 24 horas por dia, 7 dias por semana, via WhatsApp ou e-mail.<\/p>\n\t\t\n<style>\n#text-1596561802 {\n  font-size: 0.9rem;\n}\n<\/style>\n\t<\/div>\n\t\n\n\t\t<\/div>\n\t<\/div>\n\t\n\t\n\n\t\t<\/div>\n\t\t\t\t\t<\/div>\n\n\t\n\n<\/div>\n<div class=\"row row-full-width align-middle\"  id=\"row-1311874928\">\n\n\n\t<div id=\"col-1639663893\" class=\"col medium-6 small-12 large-6\"  >\n\t\t\t\t<div class=\"col-inner\"  >\n\t\t\t\n\t\t\t\n\n\t<div class=\"img has-hover x md-x lg-x y md-y lg-y\" id=\"image_1645599241\">\n\t\t\t\t\t\t\t\t<div class=\"img-inner dark\" >\n\t\t\t<img loading=\"lazy\" decoding=\"async\" width=\"930\" height=\"1024\" src=\"https:\/\/i0.wp.com\/aiviouvapes.com\/wp-content\/uploads\/2024\/08\/%E6%8B%BC%E5%9B%BE.jpg?fit=930%2C1024&amp;ssl=1\" class=\"attachment-large size-large\" alt=\"Porqu\u00ea escolher AIVIOUVAPES\" title=\"\">\t\t\t\t\t\t\n\t\t\t\t\t<\/div>\n\t\t\t\t\t\t\t\t\n<style>\n#image_1645599241 {\n  width: 100%;\n}\n<\/style>\n\t<\/div>\n\t\n\n\n\t\t<\/div>\n\t\t\t\t\t<\/div>\n\n\t\n\n\t<div id=\"col-1771403118\" class=\"col medium-6 small-12 large-6\"  >\n\t\t\t\t<div class=\"col-inner\"  >\n\t\t\t\n\t\t\t\n\n<div class=\"container section-title-container\" ><h4 class=\"section-title section-title-normal\"><b aria-hidden=\"true\"><\/b><span class=\"section-title-main\" style=\"font-size:91%;\">Nossas vantagens<\/span><b aria-hidden=\"true\"><\/b><\/h4><\/div>\n\n<div class=\"accordion\">\n\n\t<div id=\"accordion-3702910896\" class=\"accordion-item\">\n\t\t<a id=\"accordion-3702910896-label\" class=\"accordion-title plain\" href=\"#accordion-item-commitment-to-quality\" aria-expanded=\"false\" aria-controls=\"accordion-3702910896-content\">\n\t\t\t<button class=\"toggle\" aria-label=\"Alternar\"><i class=\"icon-angle-down\" aria-hidden=\"true\"><\/i><\/button>\n\t\t\t<span>Compromisso de qualidade<\/span>\n\t\t<\/a>\n\t\t<div id=\"accordion-3702910896-content\" class=\"accordion-inner\" aria-labelledby=\"accordion-3702910896-label\">\n\t\t\t\n\n<p>Em <a href=\"https:\/\/aiviouvapes.com\/pt\/\">AiviouVape<\/a>, a qualidade impulsiona tudo o que fazemos. Nossos vapes descart\u00e1veis s\u00e3o meticulosamente elaborados e rigorosamente testados para atender aos mais altos padr\u00f5es, garantindo uma experi\u00eancia de vaporiza\u00e7\u00e3o suave e confi\u00e1vel todas as vezes. Com nosso compromisso com zero defeitos e zero reclama\u00e7\u00f5es, voc\u00ea pode confiar que est\u00e1 obtendo o melhor.<\/p>\n\n\t\t<\/div>\n\t<\/div>\n\t\n\t<div id=\"accordion-824734699\" class=\"accordion-item\">\n\t\t<a id=\"accordion-824734699-label\" class=\"accordion-title plain\" href=\"#accordion-item-diverse-range-of-products\" aria-expanded=\"false\" aria-controls=\"accordion-824734699-content\">\n\t\t\t<button class=\"toggle\" aria-label=\"Alternar\"><i class=\"icon-angle-down\" aria-hidden=\"true\"><\/i><\/button>\n\t\t\t<span>Gama diversificada de produtos<\/span>\n\t\t<\/a>\n\t\t<div id=\"accordion-824734699-content\" class=\"accordion-inner\" aria-labelledby=\"accordion-824734699-label\">\n\t\t\t\n\n<p>Orgulhamo-nos de oferecer uma vasta gama de vapes descart\u00e1veis de qualidade superior para satisfazer todas as prefer\u00eancias. Desde as mais recentes inova\u00e7\u00f5es at\u00e9 aos favoritos de longa data dos f\u00e3s, a nossa sele\u00e7\u00e3o inclui marcas de confian\u00e7a como Waspe, Vapme, RandM Tornado, Bang Box, ELF Box e Bang King. Quer procure os sabores arrojados do Vapme ou o design elegante do RandM Tornado, a nossa cole\u00e7\u00e3o foi concebida para o ajudar a descobrir o vape perfeito para corresponder ao seu gosto e estilo de vida.<\/p>\n\n\n\t\t<\/div>\n\t<\/div>\n\t\n\t<div id=\"accordion-777299718\" class=\"accordion-item\">\n\t\t<a id=\"accordion-777299718-label\" class=\"accordion-title plain\" href=\"#accordion-item-wholesale-and-retail-solutions\" aria-expanded=\"false\" aria-controls=\"accordion-777299718-content\">\n\t\t\t<button class=\"toggle\" aria-label=\"Alternar\"><i class=\"icon-angle-down\" aria-hidden=\"true\"><\/i><\/button>\n\t\t\t<span>Solu\u00e7\u00f5es para o com\u00e9rcio grossista e retalhista<\/span>\n\t\t<\/a>\n\t\t<div id=\"accordion-777299718-content\" class=\"accordion-inner\" aria-labelledby=\"accordion-777299718-label\">\n\t\t\t\n\n<p>A AiviouVape atende \u00e0s demandas de clientes de varejo e atacado, entregando produtos e servi\u00e7os excepcionais sempre. Se voc\u00ea \u00e9 novo para n\u00f3s, recomendamos come\u00e7ar com um pequeno lote para experimentar nossa qualidade em primeira m\u00e3o. Com pre\u00e7os competitivos e padr\u00f5es premium, somos a escolha confi\u00e1vel na ind\u00fastria de vape descart\u00e1veis.\u00a0<\/p>\n\n\t\t<\/div>\n\t<\/div>\n\t\n\t<div id=\"accordion-1096974350\" class=\"accordion-item\">\n\t\t<a id=\"accordion-1096974350-label\" class=\"accordion-title plain\" href=\"#accordion-item-continuous-improvement\" aria-expanded=\"false\" aria-controls=\"accordion-1096974350-content\">\n\t\t\t<button class=\"toggle\" aria-label=\"Alternar\"><i class=\"icon-angle-down\" aria-hidden=\"true\"><\/i><\/button>\n\t\t\t<span>Melhoria Cont\u00ednua<\/span>\n\t\t<\/a>\n\t\t<div id=\"accordion-1096974350-content\" class=\"accordion-inner\" aria-labelledby=\"accordion-1096974350-label\">\n\t\t\t\n\n<p>O que diferencia a AiviouVape \u00e9 nossa dedica\u00e7\u00e3o ao atendimento excepcional ao cliente. Se voc\u00ea precisa de conselhos antes de comprar ou assist\u00eancia com um pedido, nossa equipe est\u00e1 sempre dispon\u00edvel via WhatsApp ou e-mail. N\u00f3s nos esfor\u00e7amos para construir relacionamentos duradouros com nossos clientes, garantindo sua satisfa\u00e7\u00e3o em cada etapa do caminho.<\/p>\n\n\t\t<\/div>\n\t<\/div>\n\t\n\t<div id=\"accordion-1440247443\" class=\"accordion-item\">\n\t\t<a id=\"accordion-1440247443-label\" class=\"accordion-title plain\" href=\"#accordion-item-quality-assurance\" aria-expanded=\"false\" aria-controls=\"accordion-1440247443-content\">\n\t\t\t<button class=\"toggle\" aria-label=\"Alternar\"><i class=\"icon-angle-down\" aria-hidden=\"true\"><\/i><\/button>\n\t\t\t<span>Garantia de qualidade<\/span>\n\t\t<\/a>\n\t\t<div id=\"accordion-1440247443-content\" class=\"accordion-inner\" aria-labelledby=\"accordion-1440247443-label\">\n\t\t\t\n\n<p>Em todas as etapas \u2014 desenvolvimento de produtos, produ\u00e7\u00e3o, marketing e distribui\u00e7\u00e3o \u2014 nosso compromisso com a qualidade nunca vacila. Nossos vapes descart\u00e1veis passam por testes rigorosos para garantir que n\u00e3o sejam t\u00f3xicos, puros e ofere\u00e7am sabor excepcional. Essa dedica\u00e7\u00e3o \u00e0 excel\u00eancia forma a espinha dorsal da nossa cultura corporativa.<\/p>\n\n\t\t<\/div>\n\t<\/div>\n\t\n\t<div id=\"accordion-2180085568\" class=\"accordion-item\">\n\t\t<a id=\"accordion-2180085568-label\" class=\"accordion-title plain\" href=\"#accordion-item-efficient-logistics-and-delivery\" aria-expanded=\"false\" aria-controls=\"accordion-2180085568-content\">\n\t\t\t<button class=\"toggle\" aria-label=\"Alternar\"><i class=\"icon-angle-down\" aria-hidden=\"true\"><\/i><\/button>\n\t\t\t<span>Log\u00edstica e entrega eficientes<\/span>\n\t\t<\/a>\n\t\t<div id=\"accordion-2180085568-content\" class=\"accordion-inner\" aria-labelledby=\"accordion-2180085568-label\">\n\t\t\t\n\n<p>A AiviouVape fornece log\u00edstica e entrega eficientes, incluindo servi\u00e7os DDP (Delivered Duty Paid), garantindo desembara\u00e7o aduaneiro sem problemas, sem taxas ou impostos. Com entrega r\u00e1pida e suporte excepcional ao cliente, oferecemos uma experi\u00eancia tranquila e confi\u00e1vel, o que nos torna um parceiro confi\u00e1vel na ind\u00fastria.<\/p>\n\n\t\t<\/div>\n\t<\/div>\n\t\n\t<div id=\"accordion-3032610847\" class=\"accordion-item\">\n\t\t<a id=\"accordion-3032610847-label\" class=\"accordion-title plain\" href=\"#accordion-item-odm-and-oem-services\" aria-expanded=\"false\" aria-controls=\"accordion-3032610847-content\">\n\t\t\t<button class=\"toggle\" aria-label=\"Alternar\"><i class=\"icon-angle-down\" aria-hidden=\"true\"><\/i><\/button>\n\t\t\t<span>Servi\u00e7os ODM e OEM<\/span>\n\t\t<\/a>\n\t\t<div id=\"accordion-3032610847-content\" class=\"accordion-inner\" aria-labelledby=\"accordion-3032610847-label\">\n\t\t\t\n\n<p>A AiviouVapes oferece servi\u00e7os completos de ODM (Original Design Manufacturing) e OEM (Original Equipment Manufacturing). Com duas grandes instala\u00e7\u00f5es, ajudamos os clientes a projetar produtos exclusivos e logotipos atraentes para embalagens. Tamb\u00e9m fornecemos orienta\u00e7\u00e3o gratuita sobre design de embalagens e damos suporte aos clientes que embalam seus pr\u00f3prios produtos, garantindo que sua marca brilhe no mercado.<\/p>\n\n\t\t<\/div>\n\t<\/div>\n\t\n\n<\/div>\n\n\t\t<\/div>\n\t\t\t\t\t<\/div>\n\n\t\n\n<\/div>","protected":false},"excerpt":{"rendered":"<p>O Vape descart\u00e1vel VAPME Crystal 7000 Puffs oferece at\u00e9 7.000 baforadas com um reservat\u00f3rio de e-l\u00edquido de 14 ml, garantindo menos recargas. Com uma bateria recarreg\u00e1vel de 650mAh, vapor suave e uma vasta gama de 30 sabores, \u00e9 perfeito para uma vaporiza\u00e7\u00e3o duradoura e em movimento.<\/p>","protected":false},"featured_media":1384,"comment_status":"open","ping_status":"closed","template":"","meta":[],"product_brand":[233],"product_cat":[20,120,90,78,117,76,134,135,133,136,137,146,138,139,140,141,142,143,144,145,132],"product_tag":[],"class_list":{"0":"post-1290","1":"product","2":"type-product","3":"status-publish","4":"has-post-thumbnail","6":"product_brand-vapme","7":"product_cat-vapme-vapes","8":"product_cat-8000-puffs-disposable-vape","9":"product_cat-big-puffs-vapes","10":"product_cat-crystal-vapes","11":"product_cat-different-puffs-of-diposable-vapes","12":"product_cat-disposable-vape-types","13":"product_cat-disposable-vapes-in-austria","14":"product_cat-disposable-vapes-in-belgium","15":"product_cat-disposable-vapes-in-europe","16":"product_cat-disposable-vapes-in-france","17":"product_cat-disposable-vapes-in-germany","18":"product_cat-disposable-vapes-in-hungary","19":"product_cat-disposable-vapes-in-ltaly","20":"product_cat-disposable-vapes-in-netherlands","21":"product_cat-disposable-vapes-in-norway","22":"product_cat-disposable-vapes-in-poland","23":"product_cat-disposable-vapes-in-portugal","24":"product_cat-disposable-vapes-in-spain","25":"product_cat-disposable-vapes-in-sweden","26":"product_cat-disposable-vapes-in-switzerland","27":"product_cat-rechargeable-vapes","29":"first","30":"instock","31":"shipping-taxable","32":"purchasable","33":"product-type-variable","34":"has-default-attributes"},"jetpack_sharing_enabled":true,"tiered_pricing_type":"fixed","tiered_pricing_fixed_rules":{"30":6.03000000000000024868995751603506505489349365234375,"50":4.9900000000000002131628207280300557613372802734375,"100":4.37000000000000010658141036401502788066864013671875,"200":4.17999999999999971578290569595992565155029296875,"400":3.7599999999999997868371792719699442386627197265625},"tiered_pricing_product_settings":{"layout":"default","base_unit_name":{"singular":null,"plural":null},"default_variation":null},"tiered_pricing_minimum_quantity":10,"tiered_pricing_roles_data":[],"tiered_pricing_percentage_rules":[],"tiered_pricing_maximum_quantity":null,"tiered_pricing_quantity_step":"10","_links":{"self":[{"href":"https:\/\/aiviouvapes.com\/pt\/wp-json\/wp\/v2\/product\/1290","targetHints":{"allow":["GET"]}}],"collection":[{"href":"https:\/\/aiviouvapes.com\/pt\/wp-json\/wp\/v2\/product"}],"about":[{"href":"https:\/\/aiviouvapes.com\/pt\/wp-json\/wp\/v2\/types\/product"}],"replies":[{"embeddable":true,"href":"https:\/\/aiviouvapes.com\/pt\/wp-json\/wp\/v2\/comments?post=1290"}],"wp:featuredmedia":[{"embeddable":true,"href":"https:\/\/aiviouvapes.com\/pt\/wp-json\/wp\/v2\/media\/1384"}],"wp:attachment":[{"href":"https:\/\/aiviouvapes.com\/pt\/wp-json\/wp\/v2\/media?parent=1290"}],"wp:term":[{"taxonomy":"product_brand","embeddable":true,"href":"https:\/\/aiviouvapes.com\/pt\/wp-json\/wp\/v2\/product_brand?post=1290"},{"taxonomy":"product_cat","embeddable":true,"href":"https:\/\/aiviouvapes.com\/pt\/wp-json\/wp\/v2\/product_cat?post=1290"},{"taxonomy":"product_tag","embeddable":true,"href":"https:\/\/aiviouvapes.com\/pt\/wp-json\/wp\/v2\/product_tag?post=1290"}],"curies":[{"name":"wp","href":"https:\/\/api.w.org\/{rel}","templated":true}]}}