{"id":117908,"date":"2026-03-26T18:57:59","date_gmt":"2026-03-26T10:57:59","guid":{"rendered":"https:\/\/aiviouvapes.com\/?post_type=product&#038;p=117908"},"modified":"2026-04-15T09:06:22","modified_gmt":"2026-04-15T01:06:22","slug":"bang-legend-geek-300k","status":"publish","type":"product","link":"https:\/\/aiviouvapes.com\/pt\/product\/bang-legend-geek-300k\/","title":{"rendered":"Bang Legend Geek 300K | Interruptor de sabor 8 em 1, 300000 baforadas, recarreg\u00e1vel, vape descart\u00e1vel a granel"},"content":{"rendered":"<h2>Conhe\u00e7a o Bang Legend Geek 300K \u26a1<\/h2>\n<p>Pronto para o pr\u00f3ximo n\u00edvel de vaping descart\u00e1vel? O <strong>Bang Legend Geek 300K<\/strong> \u00e9 uma besta de embalagem <strong>at\u00e9 300000 baforadas<\/strong> e um inovador <strong>Sistema de mudan\u00e7a de sabor 8 em 1<\/strong> num \u00fanico dispositivo futurista. Com o seu design arrojado de inspira\u00e7\u00e3o geek, a poderosa bobina de malha e a bateria recarreg\u00e1vel tipo C, este dispositivo foi concebido para os vapers que pretendem o m\u00e1ximo desempenho e variedade. Para lojas e grossistas, \u00e9 um SKU de alta demanda na categoria de mega-puff.<\/p>\n<h2>Porqu\u00ea escolher o Bang Legend Geek 300K? \u2705<\/h2>\n<ul>\n<li><strong>Interruptor de sabor 8 em 1<\/strong>-oito modos de sabor num s\u00f3 dispositivo para uma variedade m\u00e1xima \ud83d\ude0b<\/li>\n<li><strong>At\u00e9 300000 baforadas<\/strong> para uma utiliza\u00e7\u00e3o ultra-longa e menos mudan\u00e7as de dispositivo \ud83d\udd25<\/li>\n<li><strong>Tecnologia de bobina de malha<\/strong> para um sabor forte e suave e um vapor denso \u2601\ufe0f<\/li>\n<li><strong>Bateria recarreg\u00e1vel tipo C<\/strong> para uma utiliza\u00e7\u00e3o di\u00e1ria pr\u00e1tica \u26a1<\/li>\n<li><strong>Design futurista de estilo geek<\/strong>-visual arrojado de inspira\u00e7\u00e3o tecnol\u00f3gica que se destaca \ud83c\udfae<\/li>\n<li><strong>Sistema de fluxo de ar inteligente<\/strong> para uma extra\u00e7\u00e3o suave e satisfat\u00f3ria em todas as ocasi\u00f5es<\/li>\n<li><strong>Ativado por sorteio<\/strong>-sem bot\u00f5es, basta inalar e desfrutar<\/li>\n<li><strong>Ideal para lojas e grossistas<\/strong>-contagem de baforadas + fun\u00e7\u00e3o 8 em 1 = venda r\u00e1pida \ud83d\udce6<\/li>\n<\/ul>\n<h2>Especifica\u00e7\u00f5es do Bang Legend Geek 300K \ud83d\udccc<\/h2>\n<table>\n<tbody>\n<tr>\n<td><strong>Nome do produto<\/strong><\/td>\n<td>Bang Legend Geek 300K Vape descart\u00e1vel<\/td>\n<\/tr>\n<tr>\n<td><strong>Max Puffs<\/strong><\/td>\n<td>At\u00e9 300000 baforadas<\/td>\n<\/tr>\n<tr>\n<td><strong>Sistema de aromas<\/strong><\/td>\n<td>C\u00e2mara de aromas 8 em 1<\/td>\n<\/tr>\n<tr>\n<td><strong>Bobina<\/strong><\/td>\n<td>Bobina de malha<\/td>\n<\/tr>\n<tr>\n<td><strong>For\u00e7a da nicotina<\/strong><\/td>\n<td>0% \/ 2% \/ 3% \/ 5%<\/td>\n<\/tr>\n<tr>\n<td><strong>Bateria<\/strong><\/td>\n<td>Recarreg\u00e1vel<\/td>\n<\/tr>\n<tr>\n<td><strong>Carregamento<\/strong><\/td>\n<td>USB Tipo C<\/td>\n<\/tr>\n<tr>\n<td><strong>Conce\u00e7\u00e3o<\/strong><\/td>\n<td>Estilo nerd futurista<\/td>\n<\/tr>\n<tr>\n<td><strong>Ativa\u00e7\u00e3o<\/strong><\/td>\n<td>Ativado por desenho (sem bot\u00f5es)<\/td>\n<\/tr>\n<\/tbody>\n<\/table>\n<h2>Combina\u00e7\u00f5es de sabores 8 em 1 (13 op\u00e7\u00f5es) \ud83c\udf53\ud83c\udf49\ud83e\uddca<\/h2>\n<p>Cada Bang Legend Geek 300K possui uma inovadora <strong>Sistema de mudan\u00e7a de sabor 8 em 1<\/strong>. Cada dispositivo inclui quatro sabores principais e quatro combina\u00e7\u00f5es autom\u00e1ticas de mistura (1+2, 2+3, 3+4, 4+1), proporcionando-lhe sabores puros e misturas de sabores num s\u00f3 vape.<\/p>\n<table>\n<thead>\n<tr>\n<th>N\u00e3o.<\/th>\n<th>Combo de sabores (4 sabores principais)<\/th>\n<\/tr>\n<\/thead>\n<tbody>\n<tr>\n<td>1<\/td>\n<td><strong>Mamba<\/strong> \/ <strong>P\u00eassego Manga Melancia<\/strong> \/ <strong>Bebida energ\u00e9tica<\/strong> \/ <strong>Gelo de uva<\/strong><\/td>\n<\/tr>\n<tr>\n<td>2<\/td>\n<td><strong>Maracuj\u00e1 Manga<\/strong> \/ <strong>P\u00eassego Anan\u00e1s<\/strong> \/ <strong>Mirtilo Framboesa<\/strong> \/ <strong>Gelo de melancia<\/strong><\/td>\n<\/tr>\n<tr>\n<td>3<\/td>\n<td><strong>Lim\u00e3o Laranja \u00c1cida<\/strong> \/ <strong>Manga P\u00eassego<\/strong> \/ <strong>Gelo de melancia<\/strong> \/ <strong>Gelo de bagas<\/strong><\/td>\n<\/tr>\n<tr>\n<td>4<\/td>\n<td><strong>Pera-ma\u00e7\u00e3<\/strong> \/ <strong>Manga com morango<\/strong> \/ <strong>Melancia com morango<\/strong> \/ <strong>Gelo de mirtilo<\/strong><\/td>\n<\/tr>\n<tr>\n<td>5<\/td>\n<td><strong>Melancia Baga<\/strong> \/ <strong>Manga P\u00eassego Alperce<\/strong> \/ <strong>Morango Kiwi<\/strong> \/ <strong>P\u00eassego Manga Melancia<\/strong><\/td>\n<\/tr>\n<tr>\n<td>6<\/td>\n<td><strong>Hora de ver\u00e3o<\/strong> \/ <strong>Gelo de manga<\/strong> \/ <strong>Amor 66<\/strong> \/ <strong>Manga azeda Anan\u00e1s<\/strong><\/td>\n<\/tr>\n<tr>\n<td>7<\/td>\n<td><strong>Kiwi Maracuj\u00e1 Goiaba<\/strong> \/ <strong>Gelo de uva<\/strong> \/ <strong>Beijo apaixonado<\/strong> \/ <strong>Melancia Sour P\u00eassego<\/strong><\/td>\n<\/tr>\n<tr>\n<td>8<\/td>\n<td><strong>Melancia Fruta do drag\u00e3o<\/strong> \/ <strong>Pera-ma\u00e7\u00e3<\/strong> \/ <strong>Maracuj\u00e1 Kiwi Lima<\/strong> \/ <strong>Mirtilo P\u00eassego<\/strong><\/td>\n<\/tr>\n<tr>\n<td>9<\/td>\n<td><strong>Banana com morango<\/strong> \/ <strong>Melancia Baga<\/strong> \/ <strong>Gelo de mirtilo<\/strong> \/ <strong>Gelo Fuji<\/strong><\/td>\n<\/tr>\n<tr>\n<td>10<\/td>\n<td><strong>Urso de goma<\/strong> \/ <strong>Bagas mistas<\/strong> \/ <strong>Melancia com morango<\/strong> \/ <strong>Romance com lima<\/strong><\/td>\n<\/tr>\n<tr>\n<td>11<\/td>\n<td><strong>Pastilha el\u00e1stica de melancia<\/strong> \/ <strong>Gelo de mirtilo e p\u00eassego<\/strong> \/ <strong>Mel\u00e3o Ma\u00e7\u00e3<\/strong> \/ <strong>Banana com morango<\/strong><\/td>\n<\/tr>\n<tr>\n<td>12<\/td>\n<td><strong>Melancia Sour P\u00eassego<\/strong> \/ <strong>Gelo de mirtilo<\/strong> \/ <strong>Cereja da Calif\u00f3rnia<\/strong> \/ <strong>Manga com morango<\/strong><\/td>\n<\/tr>\n<\/tbody>\n<\/table>\n<p>De perfis frutados e gelados a doces e bebidas energ\u00e9ticas - h\u00e1 uma combina\u00e7\u00e3o para todos os gostos.<\/p>\n<h2>Como funciona o sistema de sabores 8 em 1 \ud83d\udd04<\/h2>\n<p>O Bang Legend Geek 300K utiliza um <strong>C\u00e2mara de aromas 8 em 1<\/strong> com 4 sabores principais por dispositivo. Para al\u00e9m dos 4 aromas puros, o dispositivo cria automaticamente 4 combina\u00e7\u00f5es misturadas (1+2, 2+3, 3+4, 4+1), proporcionando-lhe <strong>8 experi\u00eancias gustativas \u00fanicas<\/strong> a partir de um \u00fanico dispositivo. Simples, divertido e perfeito para os vapers que se aborrecem facilmente.<\/p>\n<h2>Feito para o sucesso do varejo + atacado \ud83c\udfea\ud83d\udce6<\/h2>\n<p>O <strong>Bang Legend Geek 300K<\/strong> \u00e9 perfeito para <strong>utilizadores intensivos<\/strong> que pretendem um desempenho m\u00e1ximo do sopro, <strong>ca\u00e7adores de sabores<\/strong> que gostam de alternar entre gostos e <strong>lojas de vape<\/strong> que pretendem um produto de qualidade superior com um aspeto futurista arrojado. Para <strong>distribuidores e grossistas<\/strong>, O n\u00famero de baforadas de 300K e a funcionalidade 8 em 1 fazem dele um l\u00edder da categoria - elevada procura, grandes margens e fortes compras repetidas.<\/p>\n<h2>Bang Legend Geek 300K FAQ \u2753<\/h2>\n<h3>Quantas baforadas oferece o Bang Legend Geek 300K?<\/h3>\n<p>At\u00e9 <strong>300000 baforadas<\/strong>, o que o torna um dos vapes descart\u00e1veis de maior capacidade dispon\u00edveis.<\/p>\n<h3>Como \u00e9 que o sistema de aromas 8 em 1 funciona?<\/h3>\n<p>Cada dispositivo tem <strong>4 sabores principais<\/strong>. O sistema tamb\u00e9m cria 4 combina\u00e7\u00f5es autom\u00e1ticas de misturas (1+2, 2+3, 3+4, 4+1), totalizando <strong>8 modos de sabor \u00fanicos<\/strong>. \ud83d\udd04<\/p>\n<h3>Este dispositivo \u00e9 recarreg\u00e1vel?<\/h3>\n<p>Sim. \u00c9 fornecido com uma bateria recarreg\u00e1vel e <strong>USB Tipo C<\/strong> porta de carregamento. \u26a1<\/p>\n<h3>Que dosagens de nicotina est\u00e3o dispon\u00edveis?<\/h3>\n<p>Suporta <strong>0%<\/strong>, <strong>2%<\/strong>, <strong>3%<\/strong>e <strong>5%<\/strong> op\u00e7\u00f5es de nicotina para diferentes mercados.<\/p>\n<h3>Que tipo de bobina utiliza?<\/h3>\n<p>Utiliza um <strong>bobina de malha<\/strong> para batidas suaves e sa\u00edda de sabor rico. \u2601\ufe0f<\/p>\n<h3>\u00c9 bom para lojas de vape e encomendas por grosso?<\/h3>\n<p>Sim. A funcionalidade 8 em 1, a mega contagem de puffs e o design futurista fazem dele uma escolha forte para <strong>prateleiras de retalho<\/strong> e <strong>distribui\u00e7\u00e3o a granel<\/strong>. \ud83d\udce6<\/p>\n<h3>Quantas combina\u00e7\u00f5es de sabores est\u00e3o dispon\u00edveis?<\/h3>\n<p>Existem <strong>13 combina\u00e7\u00f5es de sabores<\/strong> \u00e0 escolha (12 combina\u00e7\u00f5es nomeadas + 1 op\u00e7\u00e3o mista aleat\u00f3ria para uma entrega r\u00e1pida).<\/p>","protected":false},"excerpt":{"rendered":"<p>Vape descart\u00e1vel Bang Legend Geek 300K 8 em 1 com 300000 baforadas, bobina de malha, recarga Tipo C e 13 combina\u00e7\u00f5es de sabores. Design futurista de estilo geek com comuta\u00e7\u00e3o de v\u00e1rios sabores - perfeito para compradores de varejo e atacado. \u2728<\/p>\n<h3>Este produto est\u00e1 em stock no nosso armaz\u00e9m na UE!<\/h3>\n<h4>Evitar a espera: <strong>Entrega em 5-7 dias a partir da nossa sede na Europa<\/strong> armaz\u00e9m (para a predefini\u00e7\u00e3o <strong>For\u00e7a da nicotina 2%<\/strong> vers\u00e3o apenas).<\/h4>\n<p><span style=\"font-size: 75%;\"><em>A maioria das encomendas \u00e9 enviada do nosso armaz\u00e9m europeu, se dispon\u00edvel. Ocasionalmente, se n\u00e3o houver stock, enviamos da China.<\/em><\/span><\/p>","protected":false},"featured_media":117909,"comment_status":"open","ping_status":"closed","template":"","meta":[],"product_brand":[239],"product_cat":[37,336,320,90,280,76,133,136,137,138,139,141,143,132],"product_tag":[493,547,544,545,546,349,478],"class_list":{"0":"post-117908","1":"product","2":"type-product","3":"status-publish","4":"has-post-thumbnail","6":"product_brand-bang","7":"product_cat-bang","8":"product_cat-100k-puffs-disposable-vape","9":"product_cat-best-disposable-vapes","10":"product_cat-big-puffs-vapes","11":"product_cat-cheap-rechargeable-disposable-vapes","12":"product_cat-disposable-vape-types","13":"product_cat-disposable-vapes-in-europe","14":"product_cat-disposable-vapes-in-france","15":"product_cat-disposable-vapes-in-germany","16":"product_cat-disposable-vapes-in-ltaly","17":"product_cat-disposable-vapes-in-netherlands","18":"product_cat-disposable-vapes-in-poland","19":"product_cat-disposable-vapes-in-spain","20":"product_cat-rechargeable-vapes","21":"product_tag-300000-puffs-vape","22":"product_tag-300k-disposable-vape","23":"product_tag-8-in-1-flavor-vape","24":"product_tag-bang-legend-geek","25":"product_tag-bang-legend-geek-300k","26":"product_tag-bulk-disposable-vape","27":"product_tag-high-puff-disposable-vape","29":"first","30":"instock","31":"shipping-taxable","32":"purchasable","33":"product-type-variable","34":"has-default-attributes"},"jetpack_sharing_enabled":true,"tiered_pricing_type":"fixed","tiered_pricing_fixed_rules":{"30":9.9000000000000003552713678800500929355621337890625,"50":8.5800000000000000710542735760100185871124267578125,"100":7.79000000000000003552713678800500929355621337890625,"200":7.4000000000000003552713678800500929355621337890625,"400":6.8499999999999996447286321199499070644378662109375},"tiered_pricing_product_settings":{"layout":"default","base_unit_name":{"singular":null,"plural":null},"default_variation":null},"tiered_pricing_minimum_quantity":10,"tiered_pricing_roles_data":[],"tiered_pricing_percentage_rules":[],"tiered_pricing_maximum_quantity":null,"tiered_pricing_quantity_step":"10","_links":{"self":[{"href":"https:\/\/aiviouvapes.com\/pt\/wp-json\/wp\/v2\/product\/117908","targetHints":{"allow":["GET"]}}],"collection":[{"href":"https:\/\/aiviouvapes.com\/pt\/wp-json\/wp\/v2\/product"}],"about":[{"href":"https:\/\/aiviouvapes.com\/pt\/wp-json\/wp\/v2\/types\/product"}],"replies":[{"embeddable":true,"href":"https:\/\/aiviouvapes.com\/pt\/wp-json\/wp\/v2\/comments?post=117908"}],"wp:featuredmedia":[{"embeddable":true,"href":"https:\/\/aiviouvapes.com\/pt\/wp-json\/wp\/v2\/media\/117909"}],"wp:attachment":[{"href":"https:\/\/aiviouvapes.com\/pt\/wp-json\/wp\/v2\/media?parent=117908"}],"wp:term":[{"taxonomy":"product_brand","embeddable":true,"href":"https:\/\/aiviouvapes.com\/pt\/wp-json\/wp\/v2\/product_brand?post=117908"},{"taxonomy":"product_cat","embeddable":true,"href":"https:\/\/aiviouvapes.com\/pt\/wp-json\/wp\/v2\/product_cat?post=117908"},{"taxonomy":"product_tag","embeddable":true,"href":"https:\/\/aiviouvapes.com\/pt\/wp-json\/wp\/v2\/product_tag?post=117908"}],"curies":[{"name":"wp","href":"https:\/\/api.w.org\/{rel}","templated":true}]}}