{"id":114623,"date":"2026-03-12T11:10:04","date_gmt":"2026-03-12T03:10:04","guid":{"rendered":"https:\/\/aiviouvapes.com\/?post_type=product&#038;p=114623"},"modified":"2026-04-24T12:53:41","modified_gmt":"2026-04-24T04:53:41","slug":"waspe-bar-60k","status":"publish","type":"product","link":"https:\/\/aiviouvapes.com\/pt\/product\/waspe-bar-60k\/","title":{"rendered":"WASPE Bar 60K | 60000 baforadas, longa dura\u00e7\u00e3o, 16 op\u00e7\u00f5es de sabores, vape descart\u00e1vel a granel"},"content":{"rendered":"<p><img data-recalc-dims=\"1\" loading=\"lazy\" decoding=\"async\" class=\"alignnone size-full wp-image-114648\" src=\"https:\/\/i0.wp.com\/aiviouvapes.com\/wp-content\/uploads\/2026\/03\/WASPE-Bar-60K-Puffs-25.jpg?resize=1020%2C1192&#038;ssl=1\" alt=\"WASPE Bar 60K Puffs\" width=\"1020\" height=\"1192\" title=\"\" srcset=\"https:\/\/i0.wp.com\/aiviouvapes.com\/wp-content\/uploads\/2026\/03\/WASPE-Bar-60K-Puffs-25.jpg?w=1643&amp;ssl=1 1643w, https:\/\/i0.wp.com\/aiviouvapes.com\/wp-content\/uploads\/2026\/03\/WASPE-Bar-60K-Puffs-25.jpg?resize=257%2C300&amp;ssl=1 257w, https:\/\/i0.wp.com\/aiviouvapes.com\/wp-content\/uploads\/2026\/03\/WASPE-Bar-60K-Puffs-25.jpg?resize=876%2C1024&amp;ssl=1 876w, https:\/\/i0.wp.com\/aiviouvapes.com\/wp-content\/uploads\/2026\/03\/WASPE-Bar-60K-Puffs-25.jpg?resize=768%2C897&amp;ssl=1 768w, https:\/\/i0.wp.com\/aiviouvapes.com\/wp-content\/uploads\/2026\/03\/WASPE-Bar-60K-Puffs-25.jpg?resize=1314%2C1536&amp;ssl=1 1314w, https:\/\/i0.wp.com\/aiviouvapes.com\/wp-content\/uploads\/2026\/03\/WASPE-Bar-60K-Puffs-25.jpg?resize=10%2C12&amp;ssl=1 10w, https:\/\/i0.wp.com\/aiviouvapes.com\/wp-content\/uploads\/2026\/03\/WASPE-Bar-60K-Puffs-25.jpg?resize=800%2C935&amp;ssl=1 800w\" sizes=\"auto, (max-width: 1020px) 100vw, 1020px\" \/><\/p>\n<h3>Porqu\u00ea escolher o WASPE Bar 60K?<\/h3>\n<ul>\n<li>\ud83d\udca8 <strong>At\u00e9 60000 baforadas<\/strong> para uma utiliza\u00e7\u00e3o duradoura e uma melhor rela\u00e7\u00e3o qualidade\/pre\u00e7o<\/li>\n<li>\ud83c\udf53 <strong>16 sabores populares de fruta e gelo<\/strong> para corresponder aos diferentes gostos dos clientes<\/li>\n<li>Experi\u00eancia de sabor suave e agrad\u00e1vel para vaporiza\u00e7\u00e3o di\u00e1ria<\/li>\n<li>Concebido para utilizadores intensivos que pretendem um dispositivo descart\u00e1vel de utiliza\u00e7\u00e3o prolongada<\/li>\n<li>\ud83c\udf0d Dispon\u00edvel em <strong>0%, 2% e 5% nicotina<\/strong> para diferentes necessidades do mercado<\/li>\n<li>\ud83d\udce6 <strong>160 unidades por caixa<\/strong> e <strong>10 unidades por caixa<\/strong>, ideal para encomendas por grosso<\/li>\n<li>\u00d3timo para lojas de vape, distribuidores, importadores e vendedores de vape online<\/li>\n<li>Produto forte de alta press\u00e3o para construir uma linha atraente de vape descart\u00e1vel<\/li>\n<\/ul>\n<h3>WASPE Bar 60K Detalhes do Vape descart\u00e1vel<\/h3>\n<p>O <strong>WASPE Bar 60K Puffs vape descart\u00e1vel<\/strong> \u00e9 um dispositivo de elevada capacidade concebido para clientes que pretendem mais baforadas, mais sabor e mais comodidade num s\u00f3 produto. \u00c9 uma \u00f3ptima op\u00e7\u00e3o para os mercados que exigem vaporizadores descart\u00e1veis de longa dura\u00e7\u00e3o com op\u00e7\u00f5es de sabor apelativas e dosagens de nicotina flex\u00edveis.<\/p>\n<p>Para os compradores B2B, o WASPE Bar 60K \u00e9 um produto f\u00e1cil de adicionar a um cat\u00e1logo grossista. A capacidade de 60000 baforadas ajuda-o a destacar-se no competitivo mercado dos vape descart\u00e1veis, enquanto a sele\u00e7\u00e3o de sabores inclui perfis frutados, gelados, doces e mistos que s\u00e3o populares entre muitos consumidores. Isso torna mais f\u00e1cil para os distribuidores e lojas de vape atingir tanto os vapers comuns quanto os clientes que procuram uma nova experi\u00eancia de sabor ousada. \u2728<\/p>\n<h3>Especifica\u00e7\u00f5es do WASPE Bar 60K<\/h3>\n<table>\n<tbody>\n<tr>\n<th>Nome do produto<\/th>\n<td>WASPE Bar 60K Puffs<\/td>\n<\/tr>\n<tr>\n<th>Tipo de dispositivo<\/th>\n<td>Dispositivo Vape descart\u00e1vel<\/td>\n<\/tr>\n<tr>\n<th>Contagem de baforadas<\/th>\n<td>60000 Puffs<\/td>\n<\/tr>\n<tr>\n<th>For\u00e7a da nicotina<\/th>\n<td>0% \/ 2% \/ 5%<\/td>\n<\/tr>\n<tr>\n<th>Op\u00e7\u00f5es de sabor<\/th>\n<td>16 sabores<\/td>\n<\/tr>\n<tr>\n<th>Embalagem<\/th>\n<td>10 unidades\/caixa<\/td>\n<\/tr>\n<tr>\n<th>Quantidade de caixas<\/th>\n<td>160pcs\/ctn<\/td>\n<\/tr>\n<tr>\n<th>Peso bruto<\/th>\n<td>20,8 kg<\/td>\n<\/tr>\n<tr>\n<th>Compradores-alvo<\/th>\n<td>Grossistas, distribuidores, lojas de vape, retalhistas<\/td>\n<\/tr>\n<\/tbody>\n<\/table>\n<h3>WASPE Bar 60K Sabores \ud83c\udf4d\ud83c\udf47\ud83c\udf49<\/h3>\n<p><strong>Gelo de melancia<\/strong> - Um sabor suculento a melancia com um final fresco e gelado, fresco e f\u00e1cil de apreciar.<\/p>\n<p><strong>Gelo de mirtilo<\/strong> - Doce sabor a mirtilo misturado com um toque fresco e crocante.<\/p>\n<p><strong>Gelo de uva<\/strong> - Rica do\u00e7ura de uva com uma nota refrescante de gelo.<\/p>\n<p><strong>Lima-lim\u00e3o<\/strong> - Aroma c\u00edtrico brilhante com um sabor picante e vivo.<\/p>\n<p><strong>Banana com morango<\/strong> - Uma mistura de frutas suave e doce adorada por muitos utilizadores de vape.<\/p>\n<p><strong>Bagas mistas<\/strong> - Uma mistura ousada de frutos silvestres com notas doces e \u00e1cidas em camadas.<\/p>\n<p><strong>Red Bull Gelo<\/strong> - Um sabor inspirado em bebidas energ\u00e9ticas com um acabamento fresco para um sabor mais forte.<\/p>\n<p><strong>Melancia Kiwi<\/strong> - Uma mistura equilibrada de melancia sumarenta e kiwi picante.<\/p>\n<p><strong>Melancia com morango<\/strong> - Uma combina\u00e7\u00e3o de frutas doce e refrescante com grande atra\u00e7\u00e3o para os clientes.<\/p>\n<p><strong>Mirtilo Framboesa Cereja<\/strong> - Um perfil rico de tripla baga com profunda do\u00e7ura e complexidade frutada.<\/p>\n<p><strong>Amora preta Groselha preta<\/strong> - Sabor a bagas escuras com um final arrojado e ligeiramente picante.<\/p>\n<p><strong>Gelo Drag\u00e3o Negro de Morango<\/strong> - Uma mistura especial de frutas com morango doce e um toque fresco e ex\u00f3tico.<\/p>\n<p><strong>Morango Kiwi<\/strong> - Uma combina\u00e7\u00e3o cl\u00e1ssica de frutas com um equil\u00edbrio doce e picante.<\/p>\n<p><strong>Cola de cereja azul<\/strong> - Uma mistura divertida e \u00fanica de frutos silvestres, cerejas e sabores inspirados na cola.<\/p>\n<p><strong>Gelo de mel\u00e3o kiwi<\/strong> - Uma mistura de mel\u00e3o fresco com brilho de kiwi e suavidade gelada.<\/p>\n<p><strong>P\u00eassego Manga Anan\u00e1s<\/strong> - Uma mistura de frutas tropicais cheia de sabor doce, suculento e ensolarado. \ud83c\udf34<\/p>\n<p><img data-recalc-dims=\"1\" loading=\"lazy\" decoding=\"async\" class=\"alignnone size-full wp-image-114647\" src=\"https:\/\/i0.wp.com\/aiviouvapes.com\/wp-content\/uploads\/2026\/03\/WASPE-Bar-60K-Puffs-24.jpg?resize=1020%2C574&#038;ssl=1\" alt=\"WASPE Bar 60K Puffs\" width=\"1020\" height=\"574\" title=\"\" srcset=\"https:\/\/i0.wp.com\/aiviouvapes.com\/wp-content\/uploads\/2026\/03\/WASPE-Bar-60K-Puffs-24.jpg?w=1920&amp;ssl=1 1920w, https:\/\/i0.wp.com\/aiviouvapes.com\/wp-content\/uploads\/2026\/03\/WASPE-Bar-60K-Puffs-24.jpg?resize=300%2C169&amp;ssl=1 300w, https:\/\/i0.wp.com\/aiviouvapes.com\/wp-content\/uploads\/2026\/03\/WASPE-Bar-60K-Puffs-24.jpg?resize=1024%2C576&amp;ssl=1 1024w, https:\/\/i0.wp.com\/aiviouvapes.com\/wp-content\/uploads\/2026\/03\/WASPE-Bar-60K-Puffs-24.jpg?resize=768%2C432&amp;ssl=1 768w, https:\/\/i0.wp.com\/aiviouvapes.com\/wp-content\/uploads\/2026\/03\/WASPE-Bar-60K-Puffs-24.jpg?resize=1536%2C864&amp;ssl=1 1536w, https:\/\/i0.wp.com\/aiviouvapes.com\/wp-content\/uploads\/2026\/03\/WASPE-Bar-60K-Puffs-24.jpg?resize=18%2C10&amp;ssl=1 18w, https:\/\/i0.wp.com\/aiviouvapes.com\/wp-content\/uploads\/2026\/03\/WASPE-Bar-60K-Puffs-24.jpg?resize=800%2C450&amp;ssl=1 800w\" sizes=\"auto, (max-width: 1020px) 100vw, 1020px\" \/> <img data-recalc-dims=\"1\" loading=\"lazy\" decoding=\"async\" class=\"alignnone size-full wp-image-114646\" src=\"https:\/\/i0.wp.com\/aiviouvapes.com\/wp-content\/uploads\/2026\/03\/WASPE-Bar-60K-Puffs-23.jpg?resize=1020%2C574&#038;ssl=1\" alt=\"WASPE Bar 60K Puffs\" width=\"1020\" height=\"574\" title=\"\" srcset=\"https:\/\/i0.wp.com\/aiviouvapes.com\/wp-content\/uploads\/2026\/03\/WASPE-Bar-60K-Puffs-23.jpg?w=1920&amp;ssl=1 1920w, https:\/\/i0.wp.com\/aiviouvapes.com\/wp-content\/uploads\/2026\/03\/WASPE-Bar-60K-Puffs-23.jpg?resize=300%2C169&amp;ssl=1 300w, https:\/\/i0.wp.com\/aiviouvapes.com\/wp-content\/uploads\/2026\/03\/WASPE-Bar-60K-Puffs-23.jpg?resize=1024%2C576&amp;ssl=1 1024w, https:\/\/i0.wp.com\/aiviouvapes.com\/wp-content\/uploads\/2026\/03\/WASPE-Bar-60K-Puffs-23.jpg?resize=768%2C432&amp;ssl=1 768w, https:\/\/i0.wp.com\/aiviouvapes.com\/wp-content\/uploads\/2026\/03\/WASPE-Bar-60K-Puffs-23.jpg?resize=1536%2C864&amp;ssl=1 1536w, https:\/\/i0.wp.com\/aiviouvapes.com\/wp-content\/uploads\/2026\/03\/WASPE-Bar-60K-Puffs-23.jpg?resize=18%2C10&amp;ssl=1 18w, https:\/\/i0.wp.com\/aiviouvapes.com\/wp-content\/uploads\/2026\/03\/WASPE-Bar-60K-Puffs-23.jpg?resize=800%2C450&amp;ssl=1 800w\" sizes=\"auto, (max-width: 1020px) 100vw, 1020px\" \/><\/p>\n<h3>Perguntas frequentes sobre o WASPE Bar 60K \u2753<\/h3>\n<h4>1. Quantas baforadas oferece o WASPE Bar 60K?<\/h4>\n<p>O WASPE Bar 60K oferece at\u00e9 <strong>60000 puffs<\/strong>, o que o torna uma \u00f3ptima escolha para os utilizadores que pretendem um vape descart\u00e1vel de longa dura\u00e7\u00e3o.<\/p>\n<h4>2. Que dosagens de nicotina est\u00e3o dispon\u00edveis?<\/h4>\n<p>Este dispositivo est\u00e1 dispon\u00edvel em <strong>0%, 2% e 5% nicotina<\/strong>, para que se possa adaptar \u00e0s diferentes prefer\u00eancias dos clientes e \u00e0s exig\u00eancias do mercado.<\/p>\n<h4>3. Quantos sabores tem este modelo?<\/h4>\n<p>O WASPE Bar 60K est\u00e1 dispon\u00edvel em <strong>16 op\u00e7\u00f5es de sabores<\/strong>, incluindo sabores de fruta, gelo, bagas, tropicais e inspirados em bebidas.<\/p>\n<h4>4. O WASPE Bar 60K \u00e9 bom para venda por grosso?<\/h4>\n<p>Sim. Com <strong>10 unidades por caixa<\/strong> e <strong>160 unidades por caixa<\/strong>, \u00c9 muito adequado para grossistas, distribuidores e lojas de vape que procuram um fornecimento de vape descart\u00e1vel a granel.<\/p>\n<h4>5. Para quem \u00e9 que este produto \u00e9 melhor?<\/h4>\n<p>Este produto \u00e9 ideal para utilizadores intensivos, amantes de sabores, retalhistas de vape descart\u00e1veis e compradores B2B que pretendam um modelo de alta pot\u00eancia com grande potencial de vendas.<\/p>\n<h4>6. Porque \u00e9 que o WASPE Bar 60K \u00e9 atrativo para as lojas de vape?<\/h4>\n<p>Combina um n\u00famero muito elevado de baforadas, op\u00e7\u00f5es flex\u00edveis de nicotina e sabores populares num \u00fanico dispositivo, o que ajuda as lojas de vape a oferecer uma sele\u00e7\u00e3o de produtos mais competitiva e atraente.<\/p>\n<h3>Vis\u00e3o geral do WASPE Bar 60K<\/h3>\n<p><strong>WASPE Bar 60K vape descart\u00e1vel<\/strong> \u00e9 uma boa op\u00e7\u00e3o para <strong>utilizadores intensivos<\/strong> que pretendem uma utiliza\u00e7\u00e3o mais prolongada, para <strong>ca\u00e7adores de sabores<\/strong> que apreciam misturas frutadas e geladas, e para <strong>lojas de vape e distribuidores grossistas<\/strong> \u00e0 procura de um produto vape descart\u00e1vel de elevada procura. Com at\u00e9 60000 baforadas, n\u00edveis flex\u00edveis de nicotina e embalagens prontas para o atacado, este modelo foi desenvolvido para apoiar o sucesso do varejo e o crescimento da distribui\u00e7\u00e3o em massa. \ud83d\udcc8<\/p>","protected":false},"excerpt":{"rendered":"<p>Desfrute do poderoso <strong>WASPE Bar 60K vape descart\u00e1vel<\/strong> com at\u00e9 <strong>60000 puffs<\/strong>, sabores ricos de fruta e gelo e flexibilidade <strong>0% \/ 2% \/ 5% nicotina<\/strong> op\u00e7\u00f5es. Uma escolha inteligente para atacadistas, distribuidores e usu\u00e1rios pesados de vape que procuram um vape descart\u00e1vel de alta press\u00e3o com forte apelo de mercado. \ud83d\ude80<\/p>","protected":false},"featured_media":114657,"comment_status":"open","ping_status":"closed","template":"","meta":[],"product_brand":[227],"product_cat":[19,242],"product_tag":[],"class_list":{"0":"post-114623","1":"product","2":"type-product","3":"status-publish","4":"has-post-thumbnail","6":"product_brand-waspe","7":"product_cat-waspe","8":"product_cat-60000-puffs-disposable-vape","10":"first","11":"instock","12":"shipping-taxable","13":"purchasable","14":"product-type-variable","15":"has-default-attributes"},"jetpack_sharing_enabled":true,"tiered_pricing_type":"fixed","tiered_pricing_fixed_rules":{"30":7.86000000000000031974423109204508364200592041015625,"50":6.5999999999999996447286321199499070644378662109375,"100":6.339999999999999857891452847979962825775146484375,"200":6.20999999999999996447286321199499070644378662109375,"400":5.75},"tiered_pricing_product_settings":{"layout":"default","base_unit_name":{"singular":null,"plural":null},"default_variation":null},"tiered_pricing_minimum_quantity":10,"tiered_pricing_roles_data":[],"tiered_pricing_percentage_rules":[],"tiered_pricing_maximum_quantity":null,"tiered_pricing_quantity_step":"10","_links":{"self":[{"href":"https:\/\/aiviouvapes.com\/pt\/wp-json\/wp\/v2\/product\/114623","targetHints":{"allow":["GET"]}}],"collection":[{"href":"https:\/\/aiviouvapes.com\/pt\/wp-json\/wp\/v2\/product"}],"about":[{"href":"https:\/\/aiviouvapes.com\/pt\/wp-json\/wp\/v2\/types\/product"}],"replies":[{"embeddable":true,"href":"https:\/\/aiviouvapes.com\/pt\/wp-json\/wp\/v2\/comments?post=114623"}],"wp:featuredmedia":[{"embeddable":true,"href":"https:\/\/aiviouvapes.com\/pt\/wp-json\/wp\/v2\/media\/114657"}],"wp:attachment":[{"href":"https:\/\/aiviouvapes.com\/pt\/wp-json\/wp\/v2\/media?parent=114623"}],"wp:term":[{"taxonomy":"product_brand","embeddable":true,"href":"https:\/\/aiviouvapes.com\/pt\/wp-json\/wp\/v2\/product_brand?post=114623"},{"taxonomy":"product_cat","embeddable":true,"href":"https:\/\/aiviouvapes.com\/pt\/wp-json\/wp\/v2\/product_cat?post=114623"},{"taxonomy":"product_tag","embeddable":true,"href":"https:\/\/aiviouvapes.com\/pt\/wp-json\/wp\/v2\/product_tag?post=114623"}],"curies":[{"name":"wp","href":"https:\/\/api.w.org\/{rel}","templated":true}]}}