{"id":111650,"date":"2026-02-28T10:30:51","date_gmt":"2026-02-28T02:30:51","guid":{"rendered":"https:\/\/aiviouvapes.com\/?post_type=product&#038;p=111650"},"modified":"2026-04-07T09:59:22","modified_gmt":"2026-04-07T01:59:22","slug":"bang-king-200k","status":"publish","type":"product","link":"https:\/\/aiviouvapes.com\/pt\/product\/bang-king-200k\/","title":{"rendered":"Bang King 200K | 8 em 1 200000 baforadas, dep\u00f3sito qu\u00e1druplo, 8 sabores, alta capacidade, vape descart\u00e1vel a granel"},"content":{"rendered":"<h2>Bang King 200K | 8 em 1 200000 puffs mega capacidade bobina quad vape descart\u00e1vel<\/h2>\n<h3>\ud83d\udd25 Vape descart\u00e1vel Bang King 200K 8 em 1 - puffs maci\u00e7os, sabores maci\u00e7os<\/h3>\n<p>O <strong>Bang King 200K Vape descart\u00e1vel 8 em 1<\/strong> foi concebido para um desempenho a s\u00e9rio. Com uma incr\u00edvel <strong>Capacidade de 200000 puffs<\/strong>, quatro tanques de e-l\u00edquido de 16ml e bobinas de 1,0\u03a9, este dispositivo foi projetado para um sabor duradouro e forte produ\u00e7\u00e3o de vapor. \ud83d\udca8<\/p>\n<p>Quer seja um propriet\u00e1rio de uma loja de vape, um distribuidor ou um utilizador frequente que procura um tempo de vaporiza\u00e7\u00e3o prolongado, o Bang King 200K oferece pot\u00eancia, variedade de sabores e um excelente valor grossista num \u00fanico dispositivo de qualidade superior.<\/p>\n<h3>\u2705 Porqu\u00ea escolher o Bang King 200K?<\/h3>\n<ul>\n<li>\ud83d\udd25 At\u00e9 200000 Puffs - Vape descart\u00e1vel de capacidade ultra-alta para uso a longo prazo<\/li>\n<li>\ud83c\udfaf Comuta\u00e7\u00e3o de sabores 8 em 1 - V\u00e1rias combina\u00e7\u00f5es de sabores num s\u00f3 dispositivo<\/li>\n<li>\ud83d\udca7 Tanques de 16ml x 4 E-liquid - Capacidade total de 64ml de sumo<\/li>\n<li>\u26a1 Bateria incorporada de 650mAh - Sa\u00edda est\u00e1vel e desempenho suave<\/li>\n<li>\ud83c\udf00 Sistema de bobina qu\u00e1drupla de 1.0\u03a9 - Sabor forte, batida suave na garganta<\/li>\n<li>\ud83d\udce6 Embalagem de f\u00e1cil utiliza\u00e7\u00e3o - Concebida para venda por grosso e distribui\u00e7\u00e3o<\/li>\n<li>\ud83d\udcbc Alta margem de lucro - Ideal para distribuidores de vapor e compradores B2B<\/li>\n<\/ul>\n<h3>\ud83d\udcca Especifica\u00e7\u00f5es Bang King 200K<\/h3>\n<table>\n<tbody>\n<tr>\n<td><strong>Contagem de baforadas<\/strong><\/td>\n<td>At\u00e9 200000 baforadas<\/td>\n<\/tr>\n<tr>\n<td><strong>Capacidade de E-l\u00edquido<\/strong><\/td>\n<td>16ml x 4 (Total 64ml)<\/td>\n<\/tr>\n<tr>\n<td><strong>Bateria<\/strong><\/td>\n<td>Bateria incorporada de 650mAh<\/td>\n<\/tr>\n<tr>\n<td><strong>Resist\u00eancia da bobina<\/strong><\/td>\n<td>1.0\u03a9 x 4<\/td>\n<\/tr>\n<tr>\n<td><strong>Peso do dispositivo<\/strong><\/td>\n<td>150g (unidade individual)<\/td>\n<\/tr>\n<tr>\n<td><strong>Tamanho da caixa (6 unidades)<\/strong><\/td>\n<td>137 \u00d7 91 \u00d7 127,5 mm<\/td>\n<\/tr>\n<tr>\n<td><strong>Tamanho da caixa<\/strong><\/td>\n<td>57 \u00d7 48 \u00d7 15 cm<\/td>\n<\/tr>\n<tr>\n<td><strong>Peso da caixa<\/strong><\/td>\n<td>120 unidades \/ 20 kg<\/td>\n<\/tr>\n<\/tbody>\n<\/table>\n<h3>\ud83c\udf53 Combina\u00e7\u00f5es de sabores - Experi\u00eancia de sabores 8 em 1<\/h3>\n<p><strong>Framboesa Azul Gelada \/ P\u00eassego Gelado \/ Uva Gelada \/ Manga Gelada<\/strong> - Mistura fresca e frutada com um refrescante acabamento em gelo \u2744\ufe0f<\/p>\n<p><strong>P\u00eassego Manga Melancia \/ Red Bull \/ Morango Red Bull \/ Morango Kiwi<\/strong> - Bebida energ\u00e9tica doce com frutos tropicais \u26a1<\/p>\n<p><strong>Morango Manga \/ Gelado de Morango \/ Banana Gelada \/ Morango Lichia<\/strong> - Cole\u00e7\u00e3o de sobremesas cremosas e frutadas \ud83c\udf68<\/p>\n<p><strong>Dupla Ma\u00e7\u00e3 \/ Manga P\u00eassego \/ Morango Melancia \/ Morango Baunilha Coca-Cola<\/strong> - Frutos cl\u00e1ssicos com um toque de refrigerante \ud83e\udd64<\/p>\n<p><strong>Drag\u00e3o Negro Ice \/ Love 66 \/ Mr Blue \/ Limonada de Morango<\/strong> - Mistura premium de frutos silvestres e citrinos \ud83c\udf4b<\/p>\n<p><strong>Kiwi Maracuj\u00e1 Goiaba \/ Gomas \/ Rebu\u00e7ados arco-\u00edris \/ Algod\u00e3o doce<\/strong> - Do\u00e7ura ex\u00f3tica e de estilo doce \ud83c\udf6c<\/p>\n<p><strong>Melancia Gelada \/ Lim\u00e3o e Menta \/ Morango Gelado \/ Framboesa Azul Cereja<\/strong> - Sabores frescos e refrescantes durante todo o dia \ud83c\udf3f<\/p>\n<p><strong>Triplo Frutos Silvestres \/ Fruta tropical \/ Morango e banana \/ Limonada cor-de-rosa<\/strong> - Mistura equilibrada de frutos doces e azedos \ud83c\udf53<\/p>\n<p><strong>Triplo Mel\u00e3o \/ Mirtilo Gelado \/ Bomba de Cereja \/ Anan\u00e1s Coco<\/strong> - Fus\u00e3o ousada de frutos silvestres e tropicais \ud83c\udf34<\/p>\n<p><strong>Melancia Pastilha El\u00e1stica \/ Mirtilos Framboesas \/ Framboesa Melancia \/ Melancia Mirtilo<\/strong> - Explos\u00e3o de bagas doces e sumarentas \ud83d\udca5<\/p>\n<p><strong>Hortel\u00e3 Fresca \/ P\u00eassego Cereja \/ P\u00eassego Baga Lim\u00e3o \/ Kiwi Melancia Gelada<\/strong> - Sucessos refrescantes e suaves \u2744\ufe0f<\/p>\n<p><strong>Lim\u00e3o Efervescente &amp; Lima \/ Mojito de Ma\u00e7\u00e3 \/ Anan\u00e1s Gelado \/ Cola Gelada<\/strong> - Soda espumante e cole\u00e7\u00e3o de citrinos gelados \ud83e\uddca<\/p>\n<h3>\ud83d\ude80 Perfeito para Grandes Utilizadores e Compradores Grossistas<\/h3>\n<p>O vape descart\u00e1vel Bang King 200K \u00e9 ideal para <strong>grandes consumidores de cigarros eletr\u00f3nicos<\/strong> que pretendem um desempenho duradouro sem necessidade de substitui\u00e7\u00e3o frequente. Tamb\u00e9m \u00e9 perfeito para <strong>ca\u00e7adores de sabores<\/strong> que gostam de alternar entre v\u00e1rios gostos num \u00fanico dispositivo.<\/p>\n<p>Para <strong>lojas de vape, distribuidores e compradores grossistas<\/strong>, este vape descart\u00e1vel de grande capacidade oferece uma forte procura no mercado, margens atractivas e efici\u00eancia de embalagem a granel. Uma escolha poderosa para expandir a sua linha de produtos vape descart\u00e1veis.<\/p>\n<h3>\u2753 FAQ - Bang King 200K Vape descart\u00e1vel<\/h3>\n<p><strong>P1: O Bang King 200K \u00e9 recarreg\u00e1vel?<\/strong><br \/>\nR: O dispositivo inclui uma bateria incorporada de 650mAh concebida para suportar uma utiliza\u00e7\u00e3o prolongada devido \u00e0 sua elevada capacidade de carga.<\/p>\n<p><strong>P2: Quantos sabores existem num dispositivo?<\/strong><br \/>\nR: Cada dispositivo possui um sistema de sabores 8 em 1, permitindo aos utilizadores desfrutar de v\u00e1rias combina\u00e7\u00f5es de sabores num s\u00f3 vape.<\/p>\n<p><strong>P3: Este produto \u00e9 adequado para encomendas por grosso?<\/strong><br \/>\nR: Sim. O Bang King 200K \u00e9 embalado para distribui\u00e7\u00e3o a granel, com 120 unidades por caixa, o que o torna ideal para compradores e distribuidores B2B.<\/p>\n<p><strong>P4: Para quem \u00e9 que este dispositivo \u00e9 melhor?<\/strong><br \/>\nR: \u00c9 adequado para utilizadores intensivos, vapers de longa dura\u00e7\u00e3o, amantes de sabores, retalhistas de vape e distribuidores grossistas que procuram dispositivos descart\u00e1veis de elevada capacidade.<\/p>\n<p><strong>P5: O que \u00e9 que o torna diferente dos vapes descart\u00e1veis normais?<\/strong><br \/>\nR: O seu n\u00famero de baforadas ultra-elevado, os quatro dep\u00f3sitos de e-l\u00edquido e o sistema de comuta\u00e7\u00e3o de sabores 8 em 1 fazem com que se destaque no mercado dos vape descart\u00e1veis de alta capacidade.<\/p>","protected":false},"excerpt":{"rendered":"<p>O vape descart\u00e1vel Bang King 200K 8 em 1 oferece at\u00e9 200000 puffs com tanques qu\u00e1druplos de 16ml, bateria de 650mAh e bobinas de malha de 1.0\u03a9. Vape descart\u00e1vel a granel de alta capacidade perfeito para distribuidores e usu\u00e1rios pesados.<\/p>","protected":false},"featured_media":111677,"comment_status":"open","ping_status":"closed","template":"","meta":[],"product_brand":[239],"product_cat":[37,336],"product_tag":[519,500,463,478,520],"class_list":{"0":"post-111650","1":"product","2":"type-product","3":"status-publish","4":"has-post-thumbnail","6":"product_brand-bang","7":"product_cat-bang","8":"product_cat-100k-puffs-disposable-vape","9":"product_tag-200k-disposable-vape","10":"product_tag-8-in-1-disposable-vape","11":"product_tag-bulk-disposable-vape-wholesale","12":"product_tag-high-puff-disposable-vape","13":"product_tag-quad-tank-vape-device","15":"first","16":"instock","17":"shipping-taxable","18":"purchasable","19":"product-type-variable","20":"has-default-attributes"},"jetpack_sharing_enabled":true,"tiered_pricing_type":"fixed","tiered_pricing_fixed_rules":{"30":9.589999999999999857891452847979962825775146484375,"50":8.1699999999999999289457264239899814128875732421875,"100":7.519999999999999573674358543939888477325439453125,"200":6.9900000000000002131628207280300557613372802734375,"400":6.480000000000000426325641456060111522674560546875},"tiered_pricing_product_settings":{"layout":"default","base_unit_name":{"singular":null,"plural":null},"default_variation":null},"tiered_pricing_minimum_quantity":10,"tiered_pricing_roles_data":[],"tiered_pricing_percentage_rules":[],"tiered_pricing_maximum_quantity":null,"tiered_pricing_quantity_step":"10","_links":{"self":[{"href":"https:\/\/aiviouvapes.com\/pt\/wp-json\/wp\/v2\/product\/111650","targetHints":{"allow":["GET"]}}],"collection":[{"href":"https:\/\/aiviouvapes.com\/pt\/wp-json\/wp\/v2\/product"}],"about":[{"href":"https:\/\/aiviouvapes.com\/pt\/wp-json\/wp\/v2\/types\/product"}],"replies":[{"embeddable":true,"href":"https:\/\/aiviouvapes.com\/pt\/wp-json\/wp\/v2\/comments?post=111650"}],"wp:featuredmedia":[{"embeddable":true,"href":"https:\/\/aiviouvapes.com\/pt\/wp-json\/wp\/v2\/media\/111677"}],"wp:attachment":[{"href":"https:\/\/aiviouvapes.com\/pt\/wp-json\/wp\/v2\/media?parent=111650"}],"wp:term":[{"taxonomy":"product_brand","embeddable":true,"href":"https:\/\/aiviouvapes.com\/pt\/wp-json\/wp\/v2\/product_brand?post=111650"},{"taxonomy":"product_cat","embeddable":true,"href":"https:\/\/aiviouvapes.com\/pt\/wp-json\/wp\/v2\/product_cat?post=111650"},{"taxonomy":"product_tag","embeddable":true,"href":"https:\/\/aiviouvapes.com\/pt\/wp-json\/wp\/v2\/product_tag?post=111650"}],"curies":[{"name":"wp","href":"https:\/\/api.w.org\/{rel}","templated":true}]}}