{"id":111052,"date":"2026-02-27T00:02:11","date_gmt":"2026-02-26T16:02:11","guid":{"rendered":"https:\/\/aiviouvapes.com\/?post_type=product&#038;p=111052"},"modified":"2026-03-17T11:19:06","modified_gmt":"2026-03-17T03:19:06","slug":"fihp-90k","status":"publish","type":"product","link":"https:\/\/aiviouvapes.com\/pt\/product\/fihp-90k\/","title":{"rendered":"FIHP 90K 3 em 1 | 90.000 baforadas, 42 ml, triplo sabor, ecr\u00e3 LED, vape descart\u00e1vel"},"content":{"rendered":"<p><!-- Short SEO Description --><\/p>\n<h2>FIHP 90000 3 em 1 90.000 baforadas | triplo sabor ecr\u00e3 LED vape descart\u00e1vel recarreg\u00e1vel<\/h2>\n<p>\ud83d\udd25 <strong>Pot\u00eancia tripla de sabor. Desempenho maci\u00e7o de 90K. Controlo LED inteligente.<\/strong> \ud83d\udd25<\/p>\n<p><strong>FIHP 90000 90K puffs vape descart\u00e1vel<\/strong> foi concebido para vapers s\u00e9rios que exigem uma longevidade extrema, um sabor intenso e uma utiliza\u00e7\u00e3o inteligente. Com uma inovadora <strong>Sistema 3 em 1 de sabor triplo<\/strong>, Este dispositivo integra tr\u00eas sabores premium numa \u00fanica unidade potente com um enorme <strong>42mL de capacidade de e-l\u00edquido<\/strong>.<\/p>\n<p>Concebida para utilizadores intensivos e mercados grossistas, fornece at\u00e9 <strong>90.000 baforadas<\/strong> mantendo um vapor suave e consistente do primeiro ao \u00faltimo trago. Equipado com um <strong>Bobina de malha dupla de 0,9\u03a9<\/strong> e <strong>Bateria recarreg\u00e1vel de 650mAh<\/strong> com carregamento r\u00e1pido Tipo C, este descart\u00e1vel avan\u00e7ado garante nuvens densas e uma clareza de sabor superior em todas as ocasi\u00f5es.<\/p>\n<h3>Vis\u00e3o geral e carater\u00edsticas do FIHP 90K<\/h3>\n<p>- At\u00e9 90.000 baforadas de desempenho ultra-longo<br \/>\n- Sistema 3-em-1 Triple Flavor (42mL de capacidade total)<br \/>\n- Bobina de malha dupla de 0,9\u03a9 para maior densidade de vapor<br \/>\n- Bateria recarreg\u00e1vel de 650mAh<br \/>\n- Suporte para carregamento r\u00e1pido tipo C<br \/>\n- Ecr\u00e3 LED inteligente com percentagem de bateria em tempo real<br \/>\n- Dispon\u00edvel nas dosagens de nicotina 2% e 5%<br \/>\n- 10 combina\u00e7\u00f5es de sabores premium<br \/>\n- 10 unidades por caixa - embalagem adequada para venda por grosso<\/p>\n<h3>Especifica\u00e7\u00f5es do FIHP 90K<\/h3>\n<table>\n<tbody>\n<tr>\n<th>Carater\u00edstica<\/th>\n<th>Detalhes<\/th>\n<\/tr>\n<tr>\n<td>Contagem de baforadas<\/td>\n<td>At\u00e9 90.000 baforadas<\/td>\n<\/tr>\n<tr>\n<td>Capacidade de E-l\u00edquido<\/td>\n<td>42mL (Sistema Triplo Sabor)<\/td>\n<\/tr>\n<tr>\n<td>Bobina<\/td>\n<td>Bobina de malha dupla de 0,9\u03a9<\/td>\n<\/tr>\n<tr>\n<td>Bateria<\/td>\n<td>650mAh recarreg\u00e1vel<\/td>\n<\/tr>\n<tr>\n<td>Carregamento<\/td>\n<td>Carregamento r\u00e1pido tipo C<\/td>\n<\/tr>\n<tr>\n<td>Ecr\u00e3<\/td>\n<td>LED inteligente (Bateria em tempo real %)<\/td>\n<\/tr>\n<tr>\n<td>For\u00e7a da nicotina<\/td>\n<td>2% \/ 5%<\/td>\n<\/tr>\n<tr>\n<td>Embalagem<\/td>\n<td>10 unidades por caixa<\/td>\n<\/tr>\n<\/tbody>\n<\/table>\n<h3>FIHP 90K combina\u00e7\u00f5es de sabores (sistema 3 em 1)<\/h3>\n<table>\n<tbody>\n<tr>\n<th>Combo de sabores<\/th>\n<th>Mistura tripla<\/th>\n<\/tr>\n<tr>\n<td>Combo 1<\/td>\n<td>Fizzy Cherry | Lady Killer | Gummy Bear<\/td>\n<\/tr>\n<tr>\n<td>Combo 2<\/td>\n<td>Mirtilo Framboesa | Love 666 | P\u00eassego Gelado<\/td>\n<\/tr>\n<tr>\n<td>Combo 3<\/td>\n<td>Melancia com framboesa | Bagas mistas | P\u00eassego com manga<\/td>\n<\/tr>\n<tr>\n<td>Combo 4<\/td>\n<td>Limonada Blue Razz | Morango Framboesa | Rebu\u00e7ado Arco-\u00cdris<\/td>\n<\/tr>\n<tr>\n<td>Combo 5<\/td>\n<td>Pastilha el\u00e1stica de melancia | Gelo de uva | Gelo de drag\u00e3o negro<\/td>\n<\/tr>\n<tr>\n<td>Combo 6<\/td>\n<td>Anan\u00e1s Coco | Frutos mistos | Lim\u00e3o P\u00eassego<\/td>\n<\/tr>\n<tr>\n<td>Combo 7<\/td>\n<td>Ma\u00e7\u00e3 dupla | Banana com morango | Melancia com framboesa<\/td>\n<\/tr>\n<tr>\n<td>Combo 8<\/td>\n<td>Gelado de melancia | Red Bull | Morango Kiwi<\/td>\n<\/tr>\n<tr>\n<td>Combo 9<\/td>\n<td>Gelado de mirtilo | Melancia de morango | Lima-lim\u00e3o<\/td>\n<\/tr>\n<tr>\n<td>Combo 10<\/td>\n<td>Baga de P\u00eassego | Mel\u00e3o Triplo | Gelo de Melancia<\/td>\n<\/tr>\n<\/tbody>\n<\/table>\n<h3>FIHP 90K sabores dispon\u00edveis<\/h3>\n<p>Fizzy Cereja e Lady Killer e Gomas<br \/>\nMirtilo Framboesa &amp; Love 666 &amp; Gelo de P\u00eassego<br \/>\nMelancia com framboesa e frutos silvestres mistos e p\u00eassego com manga<br \/>\nLimonada Blue Razz &amp; Framboesa Morango &amp; Rebu\u00e7ado Arco-\u00cdris<br \/>\nPastilha el\u00e1stica de melancia &amp; Gelo de uva &amp; Gelo de drag\u00e3o negro<br \/>\nAnan\u00e1s Coco &amp; Frutos mistos &amp; P\u00eassego Lim\u00e3o<br \/>\nDuplo Ma\u00e7\u00e3 &amp; Morango Banana &amp; Framboesa Melancia<br \/>\nGelo de melancia &amp; Red Bull &amp; Kiwi de morango<br \/>\nGelado de mirtilo e morango Melancia e lima-lim\u00e3o<br \/>\nP\u00eassego Baga &amp; Mel\u00e3o Triplo &amp; Melancia Gelada<\/p>\n<h3>Porqu\u00ea escolher o FIHP 90000 3 em 1 90K?<\/h3>\n<ul>\n<li>\ud83d\ude80 A capacidade extrema de 90 000 puffs reduz a frequ\u00eancia de substitui\u00e7\u00e3o<\/li>\n<li>\ud83c\udf53 Troca tripla de sabores para uma maior variedade<\/li>\n<li>\ud83d\udca8 Bobina de malha dupla para nuvens maci\u00e7as e sabor rico<\/li>\n<li>\ud83d\udd0b Recarreg\u00e1vel com monitoriza\u00e7\u00e3o LED da bateria<\/li>\n<li>\u26a1 Conveni\u00eancia do carregamento r\u00e1pido tipo C<\/li>\n<li>\ud83d\udce6 Embalagem de 10 unidades\/caixa pronta para venda por atacado<\/li>\n<li>\ud83c\udfea Ideal para lojas de vape, distribuidores e compradores a granel<\/li>\n<\/ul>\n<p><strong>FIHP 90000 Vape descart\u00e1vel 3 em 1<\/strong> foi concebido para utilizadores intensivos, perseguidores de sabores e distribuidores grossistas que procuram dispositivos de alta capacidade e desempenho de primeira qualidade. Com uma inova\u00e7\u00e3o de sabor triplo, uma sa\u00edda de puff maci\u00e7a e um controlo LED inteligente, \u00e9 uma adi\u00e7\u00e3o poderosa a qualquer invent\u00e1rio de loja de vape ou portf\u00f3lio de distribui\u00e7\u00e3o em grande escala.<\/p>\n<h3>FIHP 90K FAQ<\/h3>\n<p><strong>Q1: Qual \u00e9 a dura\u00e7\u00e3o do FIHP 90000?<\/strong><br \/>\nR: Proporciona at\u00e9 90.000 baforadas, dependendo dos h\u00e1bitos de utiliza\u00e7\u00e3o, reduzindo significativamente a frequ\u00eancia de substitui\u00e7\u00e3o.<\/p>\n<p><strong>Q2: O dispositivo \u00e9 recarreg\u00e1vel?<\/strong><br \/>\nR: Sim, possui uma bateria recarreg\u00e1vel de 650mAh com carregamento r\u00e1pido Tipo C.<\/p>\n<p><strong>P3: Os utilizadores podem alternar entre sabores?<\/strong><br \/>\nR: Sim, o sistema 3 em 1 integra tr\u00eas sabores num s\u00f3 dispositivo para uma experi\u00eancia de vaporiza\u00e7\u00e3o din\u00e2mica.<\/p>\n<p><strong>Q4: Quais s\u00e3o as dosagens de nicotina dispon\u00edveis?<\/strong><br \/>\nR: Est\u00e1 dispon\u00edvel nas op\u00e7\u00f5es de nicotina 2% e 5%.<\/p>\n<p><strong>Q5: Este produto \u00e9 adequado para venda por grosso?<\/strong><br \/>\nR: Sem d\u00favida. Vem em 10 unidades por caixa, o que o torna ideal para lojas de vape e distribui\u00e7\u00e3o a granel.<\/p>","protected":false},"excerpt":{"rendered":"<p><strong>FIHP 90000 Vape descart\u00e1vel 3 em 1<\/strong> oferece at\u00e9 90 000 baforadas com sabores triplos, 42 ml de e-l\u00edquido, ecr\u00e3 LED e alimenta\u00e7\u00e3o recarreg\u00e1vel, bobina de malha dupla, nuvens enormes, embalagem pronta para venda por grosso.<\/p>","protected":false},"featured_media":111131,"comment_status":"open","ping_status":"closed","template":"","meta":[],"product_brand":[236],"product_cat":[18],"product_tag":[513,516,512,349,330,511,515,331,514,497],"class_list":{"0":"post-111052","1":"product","2":"type-product","3":"status-publish","4":"has-post-thumbnail","6":"product_brand-fihp","7":"product_cat-fihp","8":"product_tag-3-in-1-vape","9":"product_tag-90000-puffs-vape","10":"product_tag-90k-disposable-vape","11":"product_tag-bulk-disposable-vape","12":"product_tag-dual-mesh-coil-vape","13":"product_tag-fihp-90000","14":"product_tag-led-screen-disposable-vape","15":"product_tag-rechargeable-disposable-vape","16":"product_tag-triple-flavor-vape","17":"product_tag-wholesale-vape-supplier","19":"first","20":"instock","21":"shipping-taxable","22":"purchasable","23":"product-type-variable","24":"has-default-attributes"},"jetpack_sharing_enabled":true,"tiered_pricing_type":"fixed","tiered_pricing_fixed_rules":{"30":9.589999999999999857891452847979962825775146484375,"50":7.910000000000000142108547152020037174224853515625,"100":7.38999999999999968025576890795491635799407958984375,"200":6.7400000000000002131628207280300557613372802734375,"400":6.21999999999999975131004248396493494510650634765625},"tiered_pricing_product_settings":{"layout":"default","base_unit_name":{"singular":null,"plural":null},"default_variation":null},"tiered_pricing_minimum_quantity":10,"tiered_pricing_roles_data":[],"tiered_pricing_percentage_rules":[],"tiered_pricing_maximum_quantity":null,"tiered_pricing_quantity_step":"10","_links":{"self":[{"href":"https:\/\/aiviouvapes.com\/pt\/wp-json\/wp\/v2\/product\/111052","targetHints":{"allow":["GET"]}}],"collection":[{"href":"https:\/\/aiviouvapes.com\/pt\/wp-json\/wp\/v2\/product"}],"about":[{"href":"https:\/\/aiviouvapes.com\/pt\/wp-json\/wp\/v2\/types\/product"}],"replies":[{"embeddable":true,"href":"https:\/\/aiviouvapes.com\/pt\/wp-json\/wp\/v2\/comments?post=111052"}],"wp:featuredmedia":[{"embeddable":true,"href":"https:\/\/aiviouvapes.com\/pt\/wp-json\/wp\/v2\/media\/111131"}],"wp:attachment":[{"href":"https:\/\/aiviouvapes.com\/pt\/wp-json\/wp\/v2\/media?parent=111052"}],"wp:term":[{"taxonomy":"product_brand","embeddable":true,"href":"https:\/\/aiviouvapes.com\/pt\/wp-json\/wp\/v2\/product_brand?post=111052"},{"taxonomy":"product_cat","embeddable":true,"href":"https:\/\/aiviouvapes.com\/pt\/wp-json\/wp\/v2\/product_cat?post=111052"},{"taxonomy":"product_tag","embeddable":true,"href":"https:\/\/aiviouvapes.com\/pt\/wp-json\/wp\/v2\/product_tag?post=111052"}],"curies":[{"name":"wp","href":"https:\/\/api.w.org\/{rel}","templated":true}]}}