{"id":9135,"date":"2024-08-21T10:54:29","date_gmt":"2024-08-21T10:54:29","guid":{"rendered":"https:\/\/aiviouvapes.com\/?page_id=9135"},"modified":"2024-12-02T02:32:31","modified_gmt":"2024-12-01T18:32:31","slug":"buy-vapes-in-belgium-with-bancontact","status":"publish","type":"page","link":"https:\/\/aiviouvapes.com\/pt\/buy-vapes-in-belgium-with-bancontact\/","title":{"rendered":"Comprar Vapes na B\u00e9lgica com Bancontact"},"content":{"rendered":"<p>O Bancontact \u00e9 um sistema de pagamento eletr\u00f4nico popular na B\u00e9lgica, fornecendo um m\u00e9todo seguro, eficiente e f\u00e1cil de usar para concluir transa\u00e7\u00f5es on-line e off-line. Como uma op\u00e7\u00e3o de pagamento reconhecida nacionalmente, o Bancontact permite transa\u00e7\u00f5es perfeitas e confi\u00e1veis para consumidores e empresas belgas. O sistema suporta uma ampla gama de cen\u00e1rios de pagamento, desde pagamentos sem contato e m\u00f3veis at\u00e9 compras on-line, tornando-o uma escolha vers\u00e1til e conveniente para o uso di\u00e1rio.<\/p>\n<h3>Por que escolher o Bancontact?<\/h3>\n<p><strong>1. Pagamentos simples e flex\u00edveis para todos os valores<\/strong><br \/>\nO Bancontact foi projetado para acomodar transa\u00e7\u00f5es de qualquer tamanho, seja uma compra pequena ou um pagamento maior. Com o Bancontact, os usu\u00e1rios podem usar seu cart\u00e3o com confian\u00e7a para qualquer quantia, tornando-o uma op\u00e7\u00e3o conveniente para todos os tipos de despesas, de compras de supermercado a itens de alto valor.<\/p>\n<p><strong>2. Pagamentos r\u00e1pidos sem contato<\/strong><br \/>\nPara aqueles que valorizam rapidez e conveni\u00eancia, o Bancontact oferece recursos de pagamento sem contato. Basta aproximar seu cart\u00e3o Bancontact de um terminal sem contato e o pagamento \u00e9 conclu\u00eddo instantaneamente. Esse recurso \u00e9 perfeito para compras r\u00e1pidas, tornando as filas de checkout mais r\u00e1pidas e eficientes.<\/p>\n<p><strong>3. Compras on-line seguras<\/strong><br \/>\nO Bancontact \u00e9 amplamente aceito por varejistas online, permitindo que consumidores belgas comprem com facilidade em v\u00e1rias lojas virtuais. A integra\u00e7\u00e3o perfeita do Bancontact em plataformas de e-commerce oferece um m\u00e9todo de pagamento seguro e eficiente para compras online, permitindo que consumidores comprem com confian\u00e7a de casa.<\/p>\n<p><strong>4. Pagamentos m\u00f3veis facilitados<\/strong><br \/>\nPor meio do aplicativo Payconiq by Bancontact, os usu\u00e1rios podem fazer pagamentos m\u00f3veis em lojas, online e at\u00e9 mesmo em restaurantes. Este aplicativo expande ainda mais a usabilidade do Bancontact, permitindo que os consumidores fa\u00e7am pagamentos em qualquer lugar usando seus dispositivos m\u00f3veis, onde quer que o Bancontact ou o Payconiq sejam aceitos.<\/p>\n<p><strong>5. Saques de dinheiro convenientes<\/strong><br \/>\nO Bancontact tamb\u00e9m permite que os usu\u00e1rios retirem dinheiro com seguran\u00e7a e facilidade, dando a eles acesso aos seus fundos a qualquer momento. Essa flexibilidade \u00e9 especialmente ben\u00e9fica para aqueles que preferem ter dinheiro dispon\u00edvel para certas compras.<\/p>\n<hr \/>\n<h2>Compre Vapes Descart\u00e1veis com Bancontact na AiviouVapes<\/h2>\n<p>A AiviouVapes tem o prazer de anunciar que agora aceitamos o Bancontact como m\u00e9todo de pagamento para comprar vapes descart\u00e1veis. Esta nova adi\u00e7\u00e3o se alinha com nosso compromisso de fornecer op\u00e7\u00f5es de pagamento flex\u00edveis e convenientes para nossos clientes belgas. Veja por que o Bancontact \u00e9 uma excelente escolha para comprar vapes descart\u00e1veis da AiviouVapes:<\/p>\n<p><strong>1. Transa\u00e7\u00f5es sem complica\u00e7\u00f5es<\/strong><br \/>\nUsar o Bancontact na AiviouVapes garante uma experi\u00eancia de compra tranquila e eficiente. Seja comprando um \u00fanico vape ou estocando seus sabores favoritos, o Bancontact lida com pagamentos de forma segura e r\u00e1pida.<\/p>\n<p><strong>2. Pagamentos seguros e confi\u00e1veis<\/strong><br \/>\nO Bancontact emprega medidas de seguran\u00e7a avan\u00e7adas, salvaguardando as informa\u00e7\u00f5es financeiras dos usu\u00e1rios e protegendo as transa\u00e7\u00f5es contra fraudes. Essa tranquilidade permite que nossos clientes fa\u00e7am compras com confian\u00e7a em nosso site.<\/p>\n<p><strong>3. Confirma\u00e7\u00e3o de pagamento instant\u00e2nea<\/strong><br \/>\nAs transa\u00e7\u00f5es do Bancontact s\u00e3o processadas instantaneamente, garantindo que seu pedido seja confirmado e preparado para envio sem demora. Essa confirma\u00e7\u00e3o imediata \u00e9 ideal para clientes que querem seus vapes entregues rapidamente.<\/p>\n<hr \/>\n<h3>Como utilizar o Bancontact na AiviouVapes<\/h3>\n<p><strong>Guia passo a passo para pagar com Bancontact:<\/strong><\/p>\n<ol>\n<li><strong>Adicionar produtos ao carrinho:<\/strong>\n<ul>\n<li>Navegue pela nossa gama de vapes descart\u00e1veis e selecione os produtos que deseja comprar.<\/li>\n<\/ul>\n<\/li>\n<li><strong>Proceder ao checkout:<\/strong>\n<ul>\n<li>Depois de escolher seus itens, v\u00e1 para a p\u00e1gina de finaliza\u00e7\u00e3o da compra.<\/li>\n<\/ul>\n<\/li>\n<li><strong>Selecione Bancontact:<\/strong>\n<ul>\n<li>Nas op\u00e7\u00f5es de pagamento, escolha Bancontact como seu m\u00e9todo preferido.<\/li>\n<\/ul>\n<\/li>\n<li><strong>Introduzir dados de pagamento:<\/strong>\n<ul>\n<li>Siga as instru\u00e7\u00f5es para inserir as informa\u00e7\u00f5es do seu cart\u00e3o Bancontact ou use o aplicativo Payconiq by Bancontact para um pagamento m\u00f3vel.<\/li>\n<\/ul>\n<\/li>\n<li><strong>Confirme seu pagamento:<\/strong>\n<ul>\n<li>Finalize seu pagamento para completar a transa\u00e7\u00e3o. Voc\u00ea receber\u00e1 uma confirma\u00e7\u00e3o instant\u00e2nea do seu pedido.<\/li>\n<\/ul>\n<\/li>\n<li><strong>Processamento de encomendas:<\/strong>\n<ul>\n<li>Seu pedido ser\u00e1 processado e enviado para o endere\u00e7o escolhido. Aproveite seus vapes descart\u00e1veis AiviouVapes!<\/li>\n<\/ul>\n<\/li>\n<\/ol>\n<p>Veja os vapes aqui:<\/p>\n<p><a href=\"https:\/\/aiviouvapes.com\/pt\/shop\/\">https:\/\/aiviouvapes.com\/shop\/<\/a><\/p>","protected":false},"excerpt":{"rendered":"<p>Bancontact is a popular electronic payment system in Belgium, providing a secure, efficient, and user-friendly method for completing transactions both online and offline. As a nationally recognized payment option, Bancontact enables seamless and reliable transactions for Belgian consumers and businesses alike. The system supports a wide range of payment scenarios, from contactless and mobile payments [&#8230;]\n","protected":false},"author":1,"featured_media":0,"parent":0,"menu_order":0,"comment_status":"closed","ping_status":"closed","template":"page-blank-title-center.php","meta":{"footnotes":""},"class_list":["post-9135","page","type-page","status-publish","hentry"],"jetpack_sharing_enabled":true,"_links":{"self":[{"href":"https:\/\/aiviouvapes.com\/pt\/wp-json\/wp\/v2\/pages\/9135","targetHints":{"allow":["GET"]}}],"collection":[{"href":"https:\/\/aiviouvapes.com\/pt\/wp-json\/wp\/v2\/pages"}],"about":[{"href":"https:\/\/aiviouvapes.com\/pt\/wp-json\/wp\/v2\/types\/page"}],"author":[{"embeddable":true,"href":"https:\/\/aiviouvapes.com\/pt\/wp-json\/wp\/v2\/users\/1"}],"replies":[{"embeddable":true,"href":"https:\/\/aiviouvapes.com\/pt\/wp-json\/wp\/v2\/comments?post=9135"}],"version-history":[{"count":0,"href":"https:\/\/aiviouvapes.com\/pt\/wp-json\/wp\/v2\/pages\/9135\/revisions"}],"wp:attachment":[{"href":"https:\/\/aiviouvapes.com\/pt\/wp-json\/wp\/v2\/media?parent=9135"}],"curies":[{"name":"wp","href":"https:\/\/api.w.org\/{rel}","templated":true}]}}