{"id":9132,"date":"2024-08-21T10:53:56","date_gmt":"2024-08-21T10:53:56","guid":{"rendered":"https:\/\/aiviouvapes.com\/?page_id=9132"},"modified":"2024-12-03T13:01:14","modified_gmt":"2024-12-03T05:01:14","slug":"buy-vapes-in-netherlands-with-ideal","status":"publish","type":"page","link":"https:\/\/aiviouvapes.com\/pt\/buy-vapes-in-netherlands-with-ideal\/","title":{"rendered":"Comprar Vapes nos Pa\u00edses Baixos com iDEAL"},"content":{"rendered":"<p><strong>iDEAL: O m\u00e9todo de pagamento preferido na Holanda para transa\u00e7\u00f5es r\u00e1pidas e seguras<\/strong><\/p>\n<p>iDEAL \u00e9 um m\u00e9todo de pagamento online muito popular na Holanda, permitindo que os consumidores fa\u00e7am pagamentos seguros e em tempo real diretamente por meio de seu pr\u00f3prio banco. Perfeitamente integrado ao ambiente banc\u00e1rio online dos bancos holandeses, o iDEAL oferece uma experi\u00eancia simplificada, transferindo fundos da conta do consumidor para a do comerciante com facilidade. Veja o que torna o iDEAL t\u00e3o eficaz:<\/p>\n<ol>\n<li><strong>Facilidade de utiliza\u00e7\u00e3o<\/strong>: Os pagamentos s\u00e3o conclu\u00eddos por meio do aplicativo banc\u00e1rio m\u00f3vel ou do site banc\u00e1rio on-line do banco do consumidor, o que o torna um processo familiar e simples.<\/li>\n<li><strong>Confirma\u00e7\u00e3o em tempo real<\/strong>: Os consumidores recebem confirma\u00e7\u00e3o imediata do pagamento, o que aumenta a confian\u00e7a e acelera os tempos de transa\u00e7\u00e3o.<\/li>\n<li><strong>Pagamentos irrevog\u00e1veis<\/strong>: Depois que uma transa\u00e7\u00e3o iDEAL \u00e9 aprovada, ela n\u00e3o pode ser revertida, garantindo que os fundos sejam transferidos com seguran\u00e7a e processados instantaneamente.<\/li>\n<li><strong>Versatilidade<\/strong>: O iDEAL oferece suporte a v\u00e1rios cen\u00e1rios de pagamento, incluindo pagamentos on-line diretos, pagamentos por meio de links em e-mails ou mensagens e at\u00e9 mesmo transa\u00e7\u00f5es por meio de c\u00f3digos QR do iDEAL para ambientes f\u00edsicos e digitais.<\/li>\n<\/ol>\n<p>Gra\u00e7as \u00e0 sua infraestrutura segura e conveni\u00eancia, o iDEAL se tornou o m\u00e9todo de pagamento mais confi\u00e1vel para os consumidores holandeses, apoiado pelos principais bancos de consumo do pa\u00eds.<\/p>\n<hr \/>\n<h2>Vantagens de usar o iDEAL para comprar Vapes descart\u00e1veis na AiviouVapes<\/h2>\n<p>Comprar vapes descart\u00e1veis na Holanda com a iDEAL traz v\u00e1rios benef\u00edcios, aumentando a seguran\u00e7a e a conveni\u00eancia para nossos clientes:<\/p>\n<ol>\n<li><strong>Seguran\u00e7a aprimorada<\/strong>: O iDEAL utiliza os altos padr\u00f5es de seguran\u00e7a do internet banking e do mobile banking, garantindo que sua transa\u00e7\u00e3o esteja protegida contra fraudes e acesso n\u00e3o autorizado.<\/li>\n<li><strong>Conveni\u00eancia<\/strong>: O iDEAL permite transfer\u00eancias banc\u00e1rias diretas, eliminando a necessidade de cart\u00f5es de cr\u00e9dito ou servi\u00e7os de pagamento de terceiros. Tudo o que \u00e9 necess\u00e1rio \u00e9 acesso ao seu banco on-line.<\/li>\n<li><strong>Processamento imediato<\/strong>: Os pagamentos s\u00e3o processados instantaneamente, ent\u00e3o n\u00e3o h\u00e1 tempo de espera para que os fundos sejam compensados. Isso significa que seus produtos vape s\u00e3o rapidamente preparados para despacho.<\/li>\n<li><strong>Aceita\u00e7\u00e3o generalizada<\/strong>: O iDEAL \u00e9 aceito pela maioria das plataformas de com\u00e9rcio eletr\u00f4nico holandesas, incluindo a AiviouVapes, o que o torna um m\u00e9todo de pagamento universalmente reconhecido na Holanda.<\/li>\n<\/ol>\n<hr \/>\n<h3>Guia passo a passo para comprar vapes descart\u00e1veis com iDEAL<\/h3>\n<p><strong>Como concluir sua compra com o iDEAL:<\/strong><\/p>\n<ol>\n<li><strong>Escolha seus produtos<\/strong>: Navegue pela nossa ampla sele\u00e7\u00e3o de vapes descart\u00e1veis e selecione os itens que deseja comprar.<\/li>\n<li><strong>Ir para o checkout<\/strong>: Ap\u00f3s finalizar suas sele\u00e7\u00f5es, prossiga para a p\u00e1gina de checkout.<\/li>\n<li><strong>Selecione iDEAL como m\u00e9todo de pagamento<\/strong>: Na p\u00e1gina de op\u00e7\u00f5es de pagamento, escolha iDEAL.<\/li>\n<li><strong>Selecione o seu banco<\/strong>: Voc\u00ea ser\u00e1 direcionado ao portal de pagamento iDEAL, onde poder\u00e1 escolher seu banco na lista de bancos holandeses participantes.<\/li>\n<li><strong>Concluir o pagamento<\/strong>: Voc\u00ea ser\u00e1 redirecionado para o ambiente de banco on-line do seu banco. Fa\u00e7a login, confirme o pagamento e o valor ser\u00e1 debitado diretamente da sua conta com confirma\u00e7\u00e3o instant\u00e2nea.<\/li>\n<li><strong>Confirma\u00e7\u00e3o da encomenda<\/strong>: Assim que o pagamento for conclu\u00eddo, voc\u00ea receber\u00e1 uma confirma\u00e7\u00e3o do pedido da AiviouVapes, e seus vapes descart\u00e1veis ser\u00e3o preparados para envio.<\/li>\n<\/ol>\n<p>Ao escolher o iDEAL, voc\u00ea est\u00e1 optando por uma experi\u00eancia de transa\u00e7\u00e3o segura, confi\u00e1vel e eficiente.<\/p>\n<hr \/>\n<h3>Por que comprar seus vapes da AiviouVapes?<\/h3>\n<p>Na AiviouVapes, nos dedicamos a oferecer produtos de alta qualidade e uma experi\u00eancia de compra perfeita. Eis por que somos a melhor escolha para compras de vape na Holanda:<\/p>\n<ul>\n<li><strong>Sele\u00e7\u00e3o Extensa<\/strong>:Temos uma gama diversificada de vapes descart\u00e1veis premium para atender a todos os gostos.<\/li>\n<li><strong>Processamento de pagamento seguro<\/strong>: Nossa integra\u00e7\u00e3o com o iDEAL garante que suas informa\u00e7\u00f5es de pagamento estejam seguras e protegidas.<\/li>\n<li><strong>Suporte ao cliente excepcional<\/strong>: Nossa simp\u00e1tica equipe de suporte est\u00e1 aqui para ajudar voc\u00ea com quaisquer d\u00favidas ou preocupa\u00e7\u00f5es durante sua experi\u00eancia de compra.<\/li>\n<li><strong>Informa\u00e7\u00e3o transparente<\/strong>: Fornecemos detalhes claros sobre m\u00e9todos de pagamento, envio e impostos, para que voc\u00ea tenha tudo o que precisa para uma compra informada.<\/li>\n<\/ul>\n<p>Explore nossa cole\u00e7\u00e3o e aproveite a conveni\u00eancia de comprar seus vapes descart\u00e1veis favoritos com o iDEAL, o m\u00e9todo de pagamento confi\u00e1vel na Holanda.<\/p>\n<p>Veja os vapes aqui:<\/p>\n<p><a href=\"https:\/\/aiviouvapes.com\/pt\/shop\/\">https:\/\/aiviouvapes.com\/shop\/<\/a><\/p>","protected":false},"excerpt":{"rendered":"<p>iDEAL: The Preferred Payment Method in the Netherlands for Secure and Quick Transactions iDEAL is a highly popular online payment method in the Netherlands, allowing consumers to make secure, real-time payments directly through their own bank. Seamlessly integrated with the online banking environment of Dutch banks, iDEAL offers a streamlined experience, transferring funds from the [&#8230;]\n","protected":false},"author":1,"featured_media":0,"parent":0,"menu_order":0,"comment_status":"closed","ping_status":"closed","template":"page-blank-title-center.php","meta":{"footnotes":""},"class_list":["post-9132","page","type-page","status-publish","hentry"],"jetpack_sharing_enabled":true,"_links":{"self":[{"href":"https:\/\/aiviouvapes.com\/pt\/wp-json\/wp\/v2\/pages\/9132","targetHints":{"allow":["GET"]}}],"collection":[{"href":"https:\/\/aiviouvapes.com\/pt\/wp-json\/wp\/v2\/pages"}],"about":[{"href":"https:\/\/aiviouvapes.com\/pt\/wp-json\/wp\/v2\/types\/page"}],"author":[{"embeddable":true,"href":"https:\/\/aiviouvapes.com\/pt\/wp-json\/wp\/v2\/users\/1"}],"replies":[{"embeddable":true,"href":"https:\/\/aiviouvapes.com\/pt\/wp-json\/wp\/v2\/comments?post=9132"}],"version-history":[{"count":0,"href":"https:\/\/aiviouvapes.com\/pt\/wp-json\/wp\/v2\/pages\/9132\/revisions"}],"wp:attachment":[{"href":"https:\/\/aiviouvapes.com\/pt\/wp-json\/wp\/v2\/media?parent=9132"}],"curies":[{"name":"wp","href":"https:\/\/api.w.org\/{rel}","templated":true}]}}