{"id":9129,"date":"2024-08-21T10:53:20","date_gmt":"2024-08-21T10:53:20","guid":{"rendered":"https:\/\/aiviouvapes.com\/?page_id=9129"},"modified":"2024-12-18T18:35:29","modified_gmt":"2024-12-18T10:35:29","slug":"buy-vapes-with-credit-card","status":"publish","type":"page","link":"https:\/\/aiviouvapes.com\/pt\/buy-vapes-with-credit-card\/","title":{"rendered":"Comprar Vapes com cart\u00e3o de cr\u00e9dito"},"content":{"rendered":"<p>Bem-vindo \u00e0 Aiviou Vape, seu destino confi\u00e1vel para produtos de vaping de alta qualidade. Temos o prazer de anunciar que agora aceitamos pagamentos com cart\u00e3o de cr\u00e9dito, tornando mais f\u00e1cil do que nunca comprar todos os seus itens essenciais de vaping!<\/p>\n<p><strong>Transac\u00e7\u00f5es seguras:<\/strong> Compre com tranquilidade \u2014 nosso site usa tecnologia avan\u00e7ada de pagamento 3D Secure para proteger suas informa\u00e7\u00f5es. Estamos comprometidos em proteger sua privacidade, garantindo que cada transa\u00e7\u00e3o seja totalmente segura.<\/p>\n<p><strong>Op\u00e7\u00f5es de pagamento:<\/strong> Aceitamos uma grande variedade dos principais cart\u00f5es de cr\u00e9dito, incluindo Visa, MasterCard e Maestro, tornando a finaliza\u00e7\u00e3o da compra r\u00e1pida e f\u00e1cil para nossos clientes.<\/p>\n<p><strong>Informa\u00e7\u00f5es importantes:<\/strong> Observe que, devido aos regulamentos de IVA da UE, os pagamentos com cart\u00e3o de cr\u00e9dito incluir\u00e3o uma taxa de IVA adicional de 20%. Al\u00e9m disso, para cumprir com esses regulamentos, o valor total de qualquer pedido \u00fanico pago com cart\u00e3o de cr\u00e9dito n\u00e3o deve exceder $600 USD ou \u20ac600 EUR.<\/p>\n<p><strong>M\u00e9todos de pagamento alternativos:<\/strong> Se voc\u00ea est\u00e1 procurando evitar a cobran\u00e7a de IVA ou limita\u00e7\u00f5es de pedidos em pagamentos com cart\u00e3o de cr\u00e9dito, recomendamos considerar transfer\u00eancias SEPA, transfer\u00eancias IBAN ou pagamentos em criptomoeda. Essas op\u00e7\u00f5es oferecem maior flexibilidade, especialmente para transa\u00e7\u00f5es maiores.<\/p>\n<p>Na AiviouVape, nos dedicamos a fornecer uma experi\u00eancia de compra tranquila e segura para todos os nossos clientes. Navegue pela nossa ampla gama de produtos de vaporiza\u00e7\u00e3o e compre com confian\u00e7a!<\/p>\n<p>Se voc\u00ea tiver alguma d\u00favida ou precisar de suporte, nossa equipe de atendimento ao cliente est\u00e1 aqui para ajudar. N\u00e3o hesite em entrar em contato!<\/p>\n<p><img data-recalc-dims=\"1\" loading=\"lazy\" decoding=\"async\" title=\"Comprar Vapes com cart\u00e3o de cr\u00e9dito\" class=\"alignnone wp-image-9208 size-full\" src=\"https:\/\/i0.wp.com\/aiviouvapes.com\/wp-content\/uploads\/2024\/08\/card.jpeg?resize=272%2C185&#038;ssl=1\" alt=\"Comprar Vapes com cart\u00e3o de cr\u00e9dito\" width=\"272\" height=\"185\" srcset=\"https:\/\/i0.wp.com\/aiviouvapes.com\/wp-content\/uploads\/2024\/08\/card.jpeg?w=272&amp;ssl=1 272w, https:\/\/i0.wp.com\/aiviouvapes.com\/wp-content\/uploads\/2024\/08\/card.jpeg?resize=18%2C12&amp;ssl=1 18w\" sizes=\"auto, (max-width: 272px) 100vw, 272px\" \/><\/p>\n<div class=\"row align-middle\"  id=\"row-73850444\">\n\n\t<div id=\"col-422937416\" class=\"col small-12 large-12\"  >\n\t\t\t\t<div class=\"col-inner text-center\"  >\n\t\t\t\n\t\t\t\n<a href=\"https:\/\/aiviouvapes.com\/pt\/shop\/\" class=\"button primary is-shade is-larger box-shadow-4 box-shadow-5-hover\" style=\"border-radius:10px;\">\n\t\t<span>Compre agora<\/span>\n\t<\/a>\n\n\t\t<\/div>\n\t\t\t\t\n<style>\n#col-422937416 > .col-inner {\n  padding: 20px 0px 0px 0px;\n}\n<\/style>\n\t<\/div>\n\n\t\n<\/div>","protected":false},"excerpt":{"rendered":"<p>Welcome to Aiviou Vape, your trusted destination for top-quality vaping products. We\u2019re pleased to announce that we now accept credit card payments, making it easier than ever to shop for all your vaping essentials! Secure Transactions: Shop with peace of mind\u2014our site uses advanced 3D Secure payment technology to protect your information. We are committed [&#8230;]\n","protected":false},"author":1,"featured_media":0,"parent":0,"menu_order":0,"comment_status":"closed","ping_status":"closed","template":"page-blank-title-center.php","meta":{"footnotes":""},"class_list":["post-9129","page","type-page","status-publish","hentry"],"jetpack_sharing_enabled":true,"_links":{"self":[{"href":"https:\/\/aiviouvapes.com\/pt\/wp-json\/wp\/v2\/pages\/9129","targetHints":{"allow":["GET"]}}],"collection":[{"href":"https:\/\/aiviouvapes.com\/pt\/wp-json\/wp\/v2\/pages"}],"about":[{"href":"https:\/\/aiviouvapes.com\/pt\/wp-json\/wp\/v2\/types\/page"}],"author":[{"embeddable":true,"href":"https:\/\/aiviouvapes.com\/pt\/wp-json\/wp\/v2\/users\/1"}],"replies":[{"embeddable":true,"href":"https:\/\/aiviouvapes.com\/pt\/wp-json\/wp\/v2\/comments?post=9129"}],"version-history":[{"count":0,"href":"https:\/\/aiviouvapes.com\/pt\/wp-json\/wp\/v2\/pages\/9129\/revisions"}],"wp:attachment":[{"href":"https:\/\/aiviouvapes.com\/pt\/wp-json\/wp\/v2\/media?parent=9129"}],"curies":[{"name":"wp","href":"https:\/\/api.w.org\/{rel}","templated":true}]}}