{"id":9127,"date":"2024-08-21T10:52:51","date_gmt":"2024-08-21T10:52:51","guid":{"rendered":"https:\/\/aiviouvapes.com\/?page_id=9127"},"modified":"2024-12-18T18:35:26","modified_gmt":"2024-12-18T10:35:26","slug":"buy-vapes-with-sepa-qr-code","status":"publish","type":"page","link":"https:\/\/aiviouvapes.com\/pt\/buy-vapes-with-sepa-qr-code\/","title":{"rendered":"Comprar Vapes com o c\u00f3digo QR SEPA"},"content":{"rendered":"<h2>Como utilizar um c\u00f3digo QR SEPA para pagar com a sua aplica\u00e7\u00e3o banc\u00e1ria as compras de Vape<\/h2>\n<p>Pagar com um c\u00f3digo QR SEPA \u00e9 uma forma r\u00e1pida e conveniente de transferir fundos no Espa\u00e7o \u00danico de Pagamentos em Euros (SEPA). Segue-se um guia passo a passo para o ajudar a utilizar a aplica\u00e7\u00e3o do seu banco para ler e efetuar pagamentos atrav\u00e9s de um c\u00f3digo QR SEPA.<\/p>\n<h3>Guia passo a passo<\/h3>\n<ol>\n<li><strong>Abrir a sua aplica\u00e7\u00e3o banc\u00e1ria<\/strong>\n<ul>\n<li>Abra a sua aplica\u00e7\u00e3o de banca m\u00f3vel no seu smartphone e certifique-se de que tem sess\u00e3o iniciada na sua conta.<\/li>\n<\/ul>\n<\/li>\n<li><strong>Ir para a sec\u00e7\u00e3o Transfer\u00eancias ou pagamentos<\/strong>\n<ul>\n<li>Localize a sec\u00e7\u00e3o para efetuar pagamentos ou transfer\u00eancias - pode estar identificada como \"Transfer\u00eancia\", \"Pagamentos\" ou semelhante.<\/li>\n<\/ul>\n<\/li>\n<li><strong>Localizar o leitor de c\u00f3digo QR<\/strong>\n<ul>\n<li>Na sec\u00e7\u00e3o de pagamento, encontre a op\u00e7\u00e3o do leitor de c\u00f3digo QR, frequentemente apresentada como uma c\u00e2mara ou um \u00edcone de c\u00f3digo QR.<\/li>\n<li>Algumas aplica\u00e7\u00f5es banc\u00e1rias tamb\u00e9m t\u00eam um bot\u00e3o \"Digitalizar\" imediatamente dispon\u00edvel no ecr\u00e3 inicial ou na sec\u00e7\u00e3o de pagamentos para acesso r\u00e1pido.<\/li>\n<\/ul>\n<\/li>\n<li><strong>Digitalizar o c\u00f3digo QR da SEPA<\/strong>\n<ul>\n<li>Aproxime a c\u00e2mara do seu telem\u00f3vel do c\u00f3digo QR SEPA na p\u00e1gina da fatura ou do pagamento.<\/li>\n<li>Alinhe o c\u00f3digo QR com a moldura para captar os detalhes com precis\u00e3o.<\/li>\n<\/ul>\n<\/li>\n<li><strong>Verificar detalhes do pagamento<\/strong>\n<ul>\n<li>Ap\u00f3s a leitura, a aplica\u00e7\u00e3o preencher\u00e1 automaticamente o formul\u00e1rio de pagamento com os dados do c\u00f3digo QR.<\/li>\n<li>Isto inclui informa\u00e7\u00f5es essenciais como o IBAN e o nome do destinat\u00e1rio, reduzindo a possibilidade de erros.<\/li>\n<\/ul>\n<\/li>\n<li><strong>Confirmar o pagamento<\/strong>\n<ul>\n<li>Rever os detalhes para garantir a exatid\u00e3o.<\/li>\n<li>Selecione a conta ou o cart\u00e3o que pretende utilizar para esta transa\u00e7\u00e3o.<\/li>\n<li>Confirme o pagamento seguindo os passos de autentica\u00e7\u00e3o da aplica\u00e7\u00e3o, como introduzir o seu PIN, impress\u00e3o digital ou reconhecimento facial.<\/li>\n<\/ul>\n<\/li>\n<\/ol>\n<p><img data-recalc-dims=\"1\" loading=\"lazy\" decoding=\"async\" title=\"Comprar Vapes com o c\u00f3digo QR SEPA\" class=\"alignnone wp-image-9198 size-full\" src=\"https:\/\/i0.wp.com\/aiviouvapes.com\/wp-content\/uploads\/2024\/08\/qr-code-payment-online-shopping-260nw-704697319-e1724305335194.webp?resize=390%2C260&#038;ssl=1\" alt=\"Comprar Vapes com o c\u00f3digo QR SEPA\" width=\"390\" height=\"260\" srcset=\"https:\/\/i0.wp.com\/aiviouvapes.com\/wp-content\/uploads\/2024\/08\/qr-code-payment-online-shopping-260nw-704697319-e1724305335194.webp?w=390&amp;ssl=1 390w, https:\/\/i0.wp.com\/aiviouvapes.com\/wp-content\/uploads\/2024\/08\/qr-code-payment-online-shopping-260nw-704697319-e1724305335194.webp?resize=300%2C200&amp;ssl=1 300w, https:\/\/i0.wp.com\/aiviouvapes.com\/wp-content\/uploads\/2024\/08\/qr-code-payment-online-shopping-260nw-704697319-e1724305335194.webp?resize=18%2C12&amp;ssl=1 18w\" sizes=\"auto, (max-width: 390px) 100vw, 390px\" \/><\/p>\n<h3>Sugest\u00f5es adicionais<\/h3>\n<ul>\n<li><strong>Utiliza\u00e7\u00e3o de imagens de c\u00f3digo QR<\/strong>\n<ul>\n<li>Se receber um c\u00f3digo QR sob a forma de uma imagem (por exemplo, por correio eletr\u00f3nico), algumas aplica\u00e7\u00f5es banc\u00e1rias permitem-lhe carregar a imagem em vez de a digitalizar diretamente. Verifique se existe uma op\u00e7\u00e3o \"Carregar\" na funcionalidade de leitura de QR.<\/li>\n<\/ul>\n<\/li>\n<li><strong>Medidas de seguran\u00e7a<\/strong>\n<ul>\n<li>Certifique-se de que a sua aplica\u00e7\u00e3o banc\u00e1ria est\u00e1 actualizada e utilize uma liga\u00e7\u00e3o segura \u00e0 Internet para evitar potenciais fraudes.<\/li>\n<\/ul>\n<\/li>\n<\/ul>\n<h3>Vantagens da utiliza\u00e7\u00e3o de c\u00f3digos QR SEPA<\/h3>\n<ul>\n<li><strong>Velocidade:<\/strong> Os c\u00f3digos QR simplificam o processo de pagamento, minimizando os erros de introdu\u00e7\u00e3o de dados.<\/li>\n<li><strong>Facilidade de utiliza\u00e7\u00e3o:<\/strong> Efectue rapidamente pagamentos de bens, servi\u00e7os, facturas ou outras transfer\u00eancias com apenas uma digitaliza\u00e7\u00e3o.<\/li>\n<li><strong>Multi-funcionalidade:<\/strong> Os c\u00f3digos QR SEPA suportam uma vasta gama de transac\u00e7\u00f5es, desde o pagamento de facturas de servi\u00e7os p\u00fablicos a taxas administrativas.<\/li>\n<\/ul>\n<h3>Encerrando<\/h3>\n<p>Seguindo estes passos, a utiliza\u00e7\u00e3o de c\u00f3digos QR SEPA com a sua aplica\u00e7\u00e3o banc\u00e1ria \u00e9 simples e eficiente. Este m\u00e9todo de pagamento n\u00e3o s\u00f3 lhe permite poupar tempo, como tamb\u00e9m aumenta a seguran\u00e7a e a precis\u00e3o das transac\u00e7\u00f5es. Desfrute da experi\u00eancia perfeita de efetuar pagamentos seguros no \u00e2mbito da SEPA.<\/p>\n<p>Para obter uma lista dos bancos europeus que suportam pagamentos SEPA com c\u00f3digo QR, visite o s\u00edtio do Conselho Europeu de Pagamentos.<\/p>\n<p><strong>A AiviouVapes oferece agora o pagamento por c\u00f3digo QR SEPA, trazendo um novo n\u00edvel de conveni\u00eancia para os clientes que compram vapes descart\u00e1veis.<\/strong><\/p>\n<div class=\"row align-middle\"  id=\"row-792870617\">\n\n\t<div id=\"col-590397090\" class=\"col small-12 large-12\"  >\n\t\t\t\t<div class=\"col-inner text-center\"  >\n\t\t\t\n\t\t\t\n<a href=\"https:\/\/aiviouvapes.com\/pt\/shop\/\" class=\"button primary is-shade is-larger box-shadow-4 box-shadow-5-hover\" style=\"border-radius:10px;\">\n\t\t<span>Compre agora<\/span>\n\t<\/a>\n\n\t\t<\/div>\n\t\t\t\t\n<style>\n#col-590397090 > .col-inner {\n  padding: 20px 0px 0px 0px;\n}\n<\/style>\n\t<\/div>\n\n\t\n<\/div>","protected":false},"excerpt":{"rendered":"<p>How to Use a SEPA QR Code to Pay with Your Banking App for Vape Purchases Paying with a SEPA QR code is a fast and convenient way to transfer funds within the Single Euro Payments Area (SEPA). Here\u2019s a step-by-step guide to help you use your bank app to scan and make payments via [&#8230;]\n","protected":false},"author":1,"featured_media":0,"parent":0,"menu_order":0,"comment_status":"closed","ping_status":"closed","template":"page-blank-title-center.php","meta":{"footnotes":""},"class_list":["post-9127","page","type-page","status-publish","hentry"],"jetpack_sharing_enabled":true,"_links":{"self":[{"href":"https:\/\/aiviouvapes.com\/pt\/wp-json\/wp\/v2\/pages\/9127","targetHints":{"allow":["GET"]}}],"collection":[{"href":"https:\/\/aiviouvapes.com\/pt\/wp-json\/wp\/v2\/pages"}],"about":[{"href":"https:\/\/aiviouvapes.com\/pt\/wp-json\/wp\/v2\/types\/page"}],"author":[{"embeddable":true,"href":"https:\/\/aiviouvapes.com\/pt\/wp-json\/wp\/v2\/users\/1"}],"replies":[{"embeddable":true,"href":"https:\/\/aiviouvapes.com\/pt\/wp-json\/wp\/v2\/comments?post=9127"}],"version-history":[{"count":0,"href":"https:\/\/aiviouvapes.com\/pt\/wp-json\/wp\/v2\/pages\/9127\/revisions"}],"wp:attachment":[{"href":"https:\/\/aiviouvapes.com\/pt\/wp-json\/wp\/v2\/media?parent=9127"}],"curies":[{"name":"wp","href":"https:\/\/api.w.org\/{rel}","templated":true}]}}