{"id":9124,"date":"2024-08-21T10:52:08","date_gmt":"2024-08-21T10:52:08","guid":{"rendered":"https:\/\/aiviouvapes.com\/?page_id=9124"},"modified":"2024-11-30T12:03:45","modified_gmt":"2024-11-30T04:03:45","slug":"buy-vapes-in-europe-with-paypal","status":"publish","type":"page","link":"https:\/\/aiviouvapes.com\/pt\/buy-vapes-in-europe-with-paypal\/","title":{"rendered":"Comprar Vapes na Europa com Paypal"},"content":{"rendered":"<p>Navegar na interse\u00e7\u00e3o entre vaping e PayPal apresentou desafios \u00fanicos para empresas e consumidores. Devido \u00e0s pol\u00edticas do PayPal sobre cigarros electr\u00f3nicos e produtos relacionados, muitas transac\u00e7\u00f5es nesta ind\u00fastria enfrentam as mesmas restri\u00e7\u00f5es que o tabaco, resultando em limita\u00e7\u00f5es de conta e pagamentos bloqueados.<\/p>\n<p>Na AiviouVapes, encontr\u00e1mos com sucesso uma forma de operar dentro destas restri\u00e7\u00f5es. Ao contr\u00e1rio de muitos no sector, <strong>obtivemos a pr\u00e9-aprova\u00e7\u00e3o do PayPal para processar as vendas de cigarros electr\u00f3nicos na Europa<\/strong>O nosso sistema de gest\u00e3o de compras \u00e9 o nosso principal objetivo, permitindo-nos oferecer aos nossos clientes uma experi\u00eancia de compra sem problemas e sem interrup\u00e7\u00f5es.<\/p>\n<p>A pr\u00e9-aprova\u00e7\u00e3o do PayPal abrange uma s\u00e9rie de produtos, incluindo cigarros electr\u00f3nicos e determinadas alternativas n\u00e3o relacionadas com o tabaco. Esta autoriza\u00e7\u00e3o permite-nos fornecer o PayPal como um m\u00e9todo de pagamento conveniente e seguro, dando aos nossos clientes a familiaridade e a facilidade que podem preferir.<\/p>\n<p>Embora as restri\u00e7\u00f5es gerais do PayPal \u00e0s transac\u00e7\u00f5es de cigarros electr\u00f3nicos continuem a ser uma fonte de debate, os nossos clientes podem utilizar o PayPal com confian\u00e7a no nosso site sem interrup\u00e7\u00f5es. Isso \u00e9 especialmente ben\u00e9fico para aqueles que valorizam a seguran\u00e7a e a simplicidade que o PayPal oferece em rela\u00e7\u00e3o a outras op\u00e7\u00f5es de pagamento.<\/p>\n<p>No entanto, gostar\u00edamos de salientar uma nova considera\u00e7\u00e3o. <strong>Devido \u00e0 regulamenta\u00e7\u00e3o fiscal<\/strong>As compras por PayPal de cigarros electr\u00f3nicos da AiviouVapes s\u00e3o <strong>com um limite m\u00e1ximo de 200 euros<\/strong> por encomenda e est\u00e3o sujeitos a uma <strong>20% IVA imposto sobre o consumo<\/strong>. Estes requisitos fiscais podem afetar a escolha do m\u00e9todo de pagamento. <strong>Para evitar este limite e a carga fiscal, recomendamos que explore as transfer\u00eancias SEPA, as transfer\u00eancias banc\u00e1rias IBAN ou os pagamentos em moeda criptogr\u00e1fica<\/strong>que oferecem maior flexibilidade para compras de valor mais elevado.<\/p>\n<p>Este limite de gastos e a considera\u00e7\u00e3o de impostos s\u00e3o factores importantes para escolher o seu m\u00e9todo de pagamento preferido. Na AiviouVapes, estamos empenhados na transpar\u00eancia e em fornecer op\u00e7\u00f5es de pagamento flex\u00edveis para que possa desfrutar de uma experi\u00eancia de compra informada e conveniente.<\/p>\n<p>Explore a vasta sele\u00e7\u00e3o de sabores de sumos electr\u00f3nicos da AiviouVapes com confian\u00e7a, sabendo que pode escolher entre v\u00e1rias op\u00e7\u00f5es de pagamento para corresponder \u00e0s suas prefer\u00eancias e necessidades.<\/p>\n<p>Com a inclus\u00e3o destes pontos, pretendemos dar-lhe a conhecer as limita\u00e7\u00f5es do PayPal e os factores fiscais na compra de cigarros electr\u00f3nicos na AiviouVapes, ajudando-o a fazer a melhor escolha de pagamento para a sua situa\u00e7\u00e3o.<\/p>\n<div class=\"row align-middle\"  id=\"row-418514294\">\n\n\t<div id=\"col-661607246\" class=\"col small-12 large-12\"  >\n\t\t\t\t<div class=\"col-inner text-center\"  >\n\t\t\t\n\t\t\t\n<a href=\"https:\/\/aiviouvapes.com\/pt\/shop\/\" class=\"button primary is-shade is-larger box-shadow-4 box-shadow-5-hover\" style=\"border-radius:10px;\">\n\t\t<span>Compre agora<\/span>\n\t<\/a>\n\n\t\t<\/div>\n\t\t\t\t\n<style>\n#col-661607246 > .col-inner {\n  padding: 20px 0px 0px 0px;\n}\n<\/style>\n\t<\/div>\n\n\t\n<\/div>","protected":false},"excerpt":{"rendered":"<p>Navigating the intersection between vaping and PayPal has presented unique challenges for businesses and consumers alike. Due to PayPal&#8217;s policies on e-cigarettes and related products, many transactions in this industry face the same restrictions as tobacco, resulting in account limitations and blocked payments. At AiviouVapes, we\u2019ve successfully found a way to operate within these constraints. [&#8230;]\n","protected":false},"author":1,"featured_media":0,"parent":0,"menu_order":0,"comment_status":"closed","ping_status":"closed","template":"page-blank-title-center.php","meta":{"footnotes":""},"class_list":["post-9124","page","type-page","status-publish","hentry"],"jetpack_sharing_enabled":true,"_links":{"self":[{"href":"https:\/\/aiviouvapes.com\/pt\/wp-json\/wp\/v2\/pages\/9124","targetHints":{"allow":["GET"]}}],"collection":[{"href":"https:\/\/aiviouvapes.com\/pt\/wp-json\/wp\/v2\/pages"}],"about":[{"href":"https:\/\/aiviouvapes.com\/pt\/wp-json\/wp\/v2\/types\/page"}],"author":[{"embeddable":true,"href":"https:\/\/aiviouvapes.com\/pt\/wp-json\/wp\/v2\/users\/1"}],"replies":[{"embeddable":true,"href":"https:\/\/aiviouvapes.com\/pt\/wp-json\/wp\/v2\/comments?post=9124"}],"version-history":[{"count":0,"href":"https:\/\/aiviouvapes.com\/pt\/wp-json\/wp\/v2\/pages\/9124\/revisions"}],"wp:attachment":[{"href":"https:\/\/aiviouvapes.com\/pt\/wp-json\/wp\/v2\/media?parent=9124"}],"curies":[{"name":"wp","href":"https:\/\/api.w.org\/{rel}","templated":true}]}}