{"id":9121,"date":"2024-08-21T10:51:22","date_gmt":"2024-08-21T10:51:22","guid":{"rendered":"https:\/\/aiviouvapes.com\/?page_id=9121"},"modified":"2024-12-02T07:55:27","modified_gmt":"2024-12-01T23:55:27","slug":"age-policy","status":"publish","type":"page","link":"https:\/\/aiviouvapes.com\/pt\/age-policy\/","title":{"rendered":"Pol\u00edtica de idade"},"content":{"rendered":"<p>Verifica\u00e7\u00e3o de idade em <a href=\"https:\/\/AiviouVapes.com\/\" rel=\"noopener\">AiviouVapes<\/a><\/p>\n<p>**Requisito de idade legal para fumar:** Todos os clientes devem ter 21 anos ou mais para comprar produtos em nosso site, alinhando-se com a idade legal para fumar nos EUA para cigarros eletr\u00f4nicos e itens relacionados. Visite <a href=\"https:\/\/AiviouVapes.com\/\" rel=\"noopener\">AiviouVapes<\/a> para compras respons\u00e1veis e em conformidade.<\/p>\n<p>**Import\u00e2ncia da Representa\u00e7\u00e3o Precisa da Idade:** Falsificar informa\u00e7\u00f5es de idade para comprar nossos produtos n\u00e3o \u00e9 apenas contra nossa pol\u00edtica, mas tamb\u00e9m \u00e9 ilegal. Tais a\u00e7\u00f5es podem resultar em consequ\u00eancias legais s\u00e9rias.<\/p>\n<p>**Proibi\u00e7\u00e3o de compras por procura\u00e7\u00e3o para menores:** A compra de qualquer <a href=\"https:\/\/AiviouVapes.com\/\" rel=\"noopener\">produtos de vaporiza\u00e7\u00e3o<\/a> para menores \u00e9 estritamente proibido e traz potenciais penalidades legais. Estamos comprometidos em impedir acesso n\u00e3o autorizado aos nossos produtos.<\/p>\n<p>**Processo Robusto de Verifica\u00e7\u00e3o de Idade:** Para atender aos requisitos legais e proteger os jovens, usamos um sistema rigoroso de verifica\u00e7\u00e3o de idade. Os clientes s\u00e3o obrigados a fornecer detalhes pessoais \u2014 nome, endere\u00e7o, data de nascimento e os \u00faltimos quatro d\u00edgitos do n\u00famero do seguro social \u2014 que verificamos em registros p\u00fablicos. Se a verifica\u00e7\u00e3o falhar ou se voc\u00ea n\u00e3o puder fornecer suas informa\u00e7\u00f5es de seguro social, podemos solicitar uma identifica\u00e7\u00e3o emitida pelo governo.<\/p>\n<p>**Direito de recusar o servi\u00e7o:** Reservamo-nos o direito de cancelar ou recusar pedidos se a verifica\u00e7\u00e3o n\u00e3o for conclu\u00edda com sucesso ou se a identifica\u00e7\u00e3o adequada n\u00e3o for fornecida em tempo h\u00e1bil.<\/p>\n<p>**Dedica\u00e7\u00e3o \u00e0 Preven\u00e7\u00e3o Juvenil:** Evitar vendas para menores \u00e9 uma das nossas maiores prioridades. Nosso sistema de verifica\u00e7\u00e3o de idade ressalta nosso comprometimento em manter um ambiente de vaporiza\u00e7\u00e3o respons\u00e1vel.<\/p>\n<p>**Recusa ou Limita\u00e7\u00e3o de Servi\u00e7o:** Como um fornecedor online, reservamo-nos o direito de negar o servi\u00e7o em certos casos. Se um cliente acredita que seu acesso foi injustamente restrito, ele \u00e9 encorajado a entrar em contato com nosso suporte ao cliente para obter assist\u00eancia.<\/p>\n<p>**Aviso de restri\u00e7\u00e3o de idade:** o site da Aiviou Vape apresenta um aviso claro, destacando a exig\u00eancia de que os clientes dos EUA tenham pelo menos 21 anos para comprar produtos de cigarro eletr\u00f4nico.<\/p>\n<p>Em <a href=\"https:\/\/AiviouVapes.com\/\" rel=\"noopener\">AiviouVapes<\/a>, priorizamos a seguran\u00e7a e o bem-estar dos nossos clientes ao impor uma verifica\u00e7\u00e3o rigorosa da idade. Nossas medidas refletem nossa dedica\u00e7\u00e3o a uma comunidade de vaping segura e em conformidade, oferecendo aos clientes tranquilidade ao comprar conosco.<\/p>\n<p>O compromisso da nossa empresa em garantir que apenas aqueles legalmente autorizados possam comprar nossos produtos refor\u00e7a a import\u00e2ncia de pr\u00e1ticas de vaporiza\u00e7\u00e3o respons\u00e1veis. Reconhecemos que a verifica\u00e7\u00e3o efetiva da idade \u00e9 essencial para evitar o acesso de menores de idade, e estabelecemos um sistema abrangente para manter essa responsabilidade.<\/p>\n<p>Nosso processo requer informa\u00e7\u00f5es espec\u00edficas \u2014 nome, endere\u00e7o, data de nascimento e os \u00faltimos quatro d\u00edgitos do n\u00famero do seguro social \u2014 que validamos em registros confi\u00e1veis para confirmar a idade. Se um cliente n\u00e3o puder fornecer suas informa\u00e7\u00f5es de seguro social, oferecemos a op\u00e7\u00e3o de upload de um documento de identidade do governo como uma medida de verifica\u00e7\u00e3o adicional.<\/p>\n<p>**Consequ\u00eancias para a Falsa Representa\u00e7\u00e3o da Idade:** Falsificar a idade para comprar nossos produtos \u00e9 ilegal e tem repercuss\u00f5es legais severas. Al\u00e9m disso, comprar para menores \u00e9 estritamente proibido e tamb\u00e9m \u00e9 pun\u00edvel por lei. Levamos esses padr\u00f5es a s\u00e9rio e podemos recusar qualquer pedido se a identifica\u00e7\u00e3o n\u00e3o puder ser verificada imediatamente.<\/p>\n<p>A Aiviou Vape continua comprometida em prevenir vendas para menores de idade. Nosso protocolo de verifica\u00e7\u00e3o de idade \u00e9 central para nossa miss\u00e3o de promover compras respons\u00e1veis e seguras dentro da comunidade de vaping.<\/p>\n<p>Se um cliente tiver uma restri\u00e7\u00e3o de servi\u00e7o que ele acredita ser um erro, ele pode entrar em contato com nossa equipe de suporte ao cliente. Priorizamos a comunica\u00e7\u00e3o transparente e nos esfor\u00e7amos para resolver quaisquer problemas de forma justa.<\/p>\n<p>Nosso site exibe com destaque um aviso sobre o requisito de idade para compras de cigarros eletr\u00f4nicos, lembrando todos os usu\u00e1rios do requisito legal de ter 21 anos nos EUA.<\/p>\n<p>Escolher a Aiviou Vape significa selecionar uma empresa que valoriza a integridade, a conformidade legal e a seguran\u00e7a do cliente. Nosso compromisso com pol\u00edticas de idade respons\u00e1vel n\u00e3o \u00e9 apenas processual; \u00e9 um reflexo fundamental de nossos valores e dedica\u00e7\u00e3o para criar uma experi\u00eancia de compra segura e confi\u00e1vel. Confie na Aiviou Vape para acesso seguro e respons\u00e1vel a produtos de vaporiza\u00e7\u00e3o de qualidade.<\/p>\n<div class=\"row align-middle\"  id=\"row-1575620341\">\n\n\t<div id=\"col-808139234\" class=\"col small-12 large-12\"  >\n\t\t\t\t<div class=\"col-inner text-center\"  >\n\t\t\t\n\t\t\t\n<a href=\"https:\/\/aiviouvapes.com\/pt\/shop\/\" class=\"button primary is-shade is-larger box-shadow-4 box-shadow-5-hover\" style=\"border-radius:10px;\">\n\t\t<span>Compre agora<\/span>\n\t<\/a>\n\n\t\t<\/div>\n\t\t\t\t\n<style>\n#col-808139234 > .col-inner {\n  padding: 20px 0px 0px 0px;\n}\n<\/style>\n\t<\/div>\n\n\t\n<\/div>","protected":false},"excerpt":{"rendered":"<p>Age Verification at AiviouVapes **Legal Smoking Age Requirement:** All customers must be 21 or older to purchase products on our site, aligning with the U.S. legal smoking age for e-cigarettes and related items. Visit AiviouVapes for compliant and responsible purchases. **Importance of Accurate Age Representation:** Falsifying age information to buy our products is not only [&#8230;]\n","protected":false},"author":1,"featured_media":0,"parent":0,"menu_order":0,"comment_status":"closed","ping_status":"closed","template":"page-blank-title-center.php","meta":{"footnotes":""},"class_list":["post-9121","page","type-page","status-publish","hentry"],"jetpack_sharing_enabled":true,"_links":{"self":[{"href":"https:\/\/aiviouvapes.com\/pt\/wp-json\/wp\/v2\/pages\/9121","targetHints":{"allow":["GET"]}}],"collection":[{"href":"https:\/\/aiviouvapes.com\/pt\/wp-json\/wp\/v2\/pages"}],"about":[{"href":"https:\/\/aiviouvapes.com\/pt\/wp-json\/wp\/v2\/types\/page"}],"author":[{"embeddable":true,"href":"https:\/\/aiviouvapes.com\/pt\/wp-json\/wp\/v2\/users\/1"}],"replies":[{"embeddable":true,"href":"https:\/\/aiviouvapes.com\/pt\/wp-json\/wp\/v2\/comments?post=9121"}],"version-history":[{"count":0,"href":"https:\/\/aiviouvapes.com\/pt\/wp-json\/wp\/v2\/pages\/9121\/revisions"}],"wp:attachment":[{"href":"https:\/\/aiviouvapes.com\/pt\/wp-json\/wp\/v2\/media?parent=9121"}],"curies":[{"name":"wp","href":"https:\/\/api.w.org\/{rel}","templated":true}]}}