{"id":9117,"date":"2024-08-21T10:50:31","date_gmt":"2024-08-21T10:50:31","guid":{"rendered":"https:\/\/aiviouvapes.com\/?page_id=9117"},"modified":"2024-11-24T00:13:56","modified_gmt":"2024-11-23T16:13:56","slug":"terms-conditions","status":"publish","type":"page","link":"https:\/\/aiviouvapes.com\/pt\/terms-conditions\/","title":{"rendered":"Termos e condi\u00e7\u00f5es"},"content":{"rendered":"<p dir=\"auto\">Bem-vindo ao <strong>AiviouVape<\/strong>! Leia estes termos e condi\u00e7\u00f5es cuidadosamente antes de usar nosso site. Ao acessar e usar nosso site, voc\u00ea concorda em cumprir os termos descritos aqui, bem como todas as leis aplic\u00e1veis. Se voc\u00ea n\u00e3o concordar com estes termos, interrompa o uso do nosso site. Ao fazer uma compra, voc\u00ea aceita estes Termos e Condi\u00e7\u00f5es, juntamente com nossas pol\u00edticas de Envio, Devolu\u00e7\u00f5es e Garantia.<\/p>\n<p dir=\"auto\"><strong>Encomendas internacionais<\/strong><\/p>\n<p dir=\"auto\">A AiviouVape opera globalmente a partir de nossa sede em Hong Kong. Clientes fora de Hong Kong s\u00e3o considerados clientes internacionais. Certifique-se de estar familiarizado com os regulamentos do seu pa\u00eds sobre propriedade, importa\u00e7\u00e3o e uso de produtos vaporizadores antes de fazer um pedido. Certos pa\u00edses podem ter pol\u00edticas adicionais especificadas em nossas pol\u00edticas de Envio, Devolu\u00e7\u00f5es e Garantia.<\/p>\n<p dir=\"auto\"><strong>Direitos de autor<\/strong><\/p>\n<p dir=\"auto\">Todo o conte\u00fado deste site \u2014 incluindo texto, gr\u00e1ficos e c\u00f3digo \u2014 \u00e9 protegido por leis de direitos autorais como um trabalho coletivo de propriedade da AiviouVape. Copyright 2022, AiviouVape. Todos os direitos reservados. Voc\u00ea pode copiar e imprimir eletronicamente partes do site para fazer um pedido ou comprar produtos AiviouVape. Qualquer outro uso, incluindo reprodu\u00e7\u00e3o, distribui\u00e7\u00e3o ou transmiss\u00e3o do conte\u00fado do site, \u00e9 proibido, a menos que autorizado pela AiviouVape Inc.<\/p>\n<p dir=\"auto\"><strong>Marcas registadas<\/strong><\/p>\n<p dir=\"auto\">Todas as marcas registradas, marcas de servi\u00e7o e nomes comerciais exibidos em nosso site s\u00e3o de propriedade da AiviouVape.<\/p>\n<p dir=\"auto\"><strong>Declara\u00e7\u00e3o de garantia<\/strong><\/p>\n<p dir=\"auto\">Nosso site e todos os materiais e produtos s\u00e3o fornecidos \u201ccomo est\u00e3o\u201d, sem garantias de qualquer tipo, expressas ou impl\u00edcitas. A AiviouVape se isenta de todas as garantias, incluindo, mas n\u00e3o se limitando a, comercializa\u00e7\u00e3o, adequa\u00e7\u00e3o a uma finalidade espec\u00edfica e n\u00e3o viola\u00e7\u00e3o. N\u00e3o garantimos que as fun\u00e7\u00f5es do site ser\u00e3o ininterruptas ou livres de erros, nem que os defeitos ser\u00e3o corrigidos, ou que o site esteja livre de v\u00edrus ou outros componentes prejudiciais. N\u00e3o garantimos a precis\u00e3o, integridade ou confiabilidade do conte\u00fado fornecido.<\/p>\n<p dir=\"auto\"><strong>Limita\u00e7\u00e3o da responsabilidade<\/strong><\/p>\n<p dir=\"auto\">A AiviouVape n\u00e3o \u00e9 respons\u00e1vel por quaisquer danos especiais ou consequenciais que resultem do uso ou da incapacidade de uso dos materiais neste site ou do desempenho dos produtos, mesmo se avisado da possibilidade de tais danos. Certas jurisdi\u00e7\u00f5es n\u00e3o permitem a exclus\u00e3o ou limita\u00e7\u00e3o de responsabilidade por danos consequenciais ou incidentais, portanto, essas limita\u00e7\u00f5es podem n\u00e3o se aplicar a voc\u00ea.<\/p>\n<p dir=\"auto\"><strong>Rescis\u00e3o<\/strong><\/p>\n<p dir=\"auto\">Estes termos se aplicam a todos os usu\u00e1rios ao acessar o site, registrar-se ou fazer uma compra. A AiviouVape reserva-se o direito de rescindir estes termos, no todo ou em parte, a qualquer momento, sem aviso pr\u00e9vio. As disposi\u00e7\u00f5es relacionadas a direitos autorais, marcas registradas, isen\u00e7\u00e3o de garantia, limita\u00e7\u00e3o de responsabilidade, indeniza\u00e7\u00e3o e diversos sobreviver\u00e3o \u00e0 rescis\u00e3o.<\/p>\n<p dir=\"auto\"><strong>Aviso<\/strong><\/p>\n<p dir=\"auto\">A AiviouVape pode enviar notifica\u00e7\u00f5es a voc\u00ea por e-mail, avisos gerais no site ou outros m\u00e9todos confi\u00e1veis usando as informa\u00e7\u00f5es de contato fornecidas.<\/p>\n<p dir=\"auto\"><strong>Diversos<\/strong><\/p>\n<p dir=\"auto\">Estes termos s\u00e3o regidos pelas leis de Hong Kong, sem levar em conta seus princ\u00edpios de conflito de leis. Quaisquer disputas decorrentes destes termos ser\u00e3o resolvidas nos tribunais de Hong Kong. As reivindica\u00e7\u00f5es devem ser protocoladas dentro de um ano do surgimento. A decis\u00e3o da AiviouVape de n\u00e3o aplicar nenhuma parte destes termos n\u00e3o renuncia a seus direitos. Podemos ceder nossos direitos e obriga\u00e7\u00f5es sob estes termos sem aviso pr\u00e9vio.<\/p>\n<p dir=\"auto\"><strong>Utiliza\u00e7\u00e3o do s\u00edtio<\/strong><\/p>\n<p dir=\"auto\">Ass\u00e9dio ou comportamento inapropriado no site s\u00e3o proibidos. Os usu\u00e1rios n\u00e3o podem carregar conte\u00fado question\u00e1vel ou solicitar servi\u00e7os comerciais a outros. A AiviouVape reserva-se o direito de bloquear ou remover qualquer conte\u00fado que viole estes termos.<\/p>\n<p dir=\"auto\"><strong>Termo de responsabilidade de participa\u00e7\u00e3o<\/strong><\/p>\n<p dir=\"auto\">A AiviouVape n\u00e3o \u00e9 respons\u00e1vel por conte\u00fado gerado pelo usu\u00e1rio no site. Atuamos apenas como uma plataforma de distribui\u00e7\u00e3o e reservamos o direito de remover conte\u00fado question\u00e1vel conforme julgarmos necess\u00e1rio.<\/p>\n<p dir=\"auto\"><strong>Utiliza\u00e7\u00e3o de produtos<\/strong><\/p>\n<p dir=\"auto\">A AiviouVape n\u00e3o faz nenhuma alega\u00e7\u00e3o sobre a efic\u00e1cia do produto para qualquer prop\u00f3sito espec\u00edfico. Todos os produtos s\u00e3o usados por conta e risco do comprador. Os produtos de nicotina s\u00e3o destinados estritamente para uso adulto. Consulte um profissional m\u00e9dico antes de usar produtos de nicotina.<\/p>\n<p dir=\"auto\"><strong>Indemniza\u00e7\u00e3o<\/strong><\/p>\n<p dir=\"auto\">Ao usar nosso site, voc\u00ea concorda em indenizar a AiviouVape e seus provedores de servi\u00e7os contra quaisquer perdas, danos, custos e despesas resultantes de qualquer viola\u00e7\u00e3o destes termos ou atividades relacionadas em sua conta.<\/p>\n<p dir=\"auto\"><strong>Liga\u00e7\u00f5es de terceiros<\/strong><\/p>\n<p dir=\"auto\">A AiviouVape pode fornecer links para sites externos para conveni\u00eancia do usu\u00e1rio. N\u00e3o controlamos esses sites e n\u00e3o somos respons\u00e1veis por seu conte\u00fado ou pr\u00e1ticas.<\/p>\n<p dir=\"auto\"><strong>Declara\u00e7\u00e3o de exonera\u00e7\u00e3o de responsabilidade do produto<\/strong><\/p>\n<p dir=\"auto\">Certos produtos podem ter isen\u00e7\u00f5es de responsabilidade espec\u00edficas sobre devolu\u00e7\u00f5es ou elegibilidade para troca. Revise todas as isen\u00e7\u00f5es de responsabilidade espec\u00edficas do produto antes da compra. Ao aceitar nossos Termos e Condi\u00e7\u00f5es na finaliza\u00e7\u00e3o da compra, voc\u00ea reconhece a compreens\u00e3o de todas as isen\u00e7\u00f5es de responsabilidade aplic\u00e1veis.<\/p>\n<p dir=\"auto\">Obrigado por escolher <strong>AiviouVape<\/strong>!<\/p>\n<div class=\"row align-middle\"  id=\"row-2143113096\">\n\n\t<div id=\"col-2042031835\" class=\"col small-12 large-12\"  >\n\t\t\t\t<div class=\"col-inner text-center\"  >\n\t\t\t\n\t\t\t\n<a href=\"https:\/\/aiviouvapes.com\/pt\/shop\/\" class=\"button primary is-shade is-larger box-shadow-4 box-shadow-5-hover\" style=\"border-radius:10px;\">\n\t\t<span>Compre agora<\/span>\n\t<\/a>\n\n\t\t<\/div>\n\t\t\t\t\n<style>\n#col-2042031835 > .col-inner {\n  padding: 20px 0px 0px 0px;\n}\n<\/style>\n\t<\/div>\n\n\t\n<\/div>","protected":false},"excerpt":{"rendered":"<p>Welcome to AiviouVape! Please read these terms and conditions carefully before using our website. By accessing and using our site, you agree to comply with the terms outlined here, as well as all applicable laws. If you do not agree with these terms, please discontinue using our website. By making a purchase, you accept these [&#8230;]\n","protected":false},"author":1,"featured_media":0,"parent":0,"menu_order":0,"comment_status":"closed","ping_status":"closed","template":"page-blank-title-center.php","meta":{"footnotes":""},"class_list":["post-9117","page","type-page","status-publish","hentry"],"jetpack_sharing_enabled":true,"_links":{"self":[{"href":"https:\/\/aiviouvapes.com\/pt\/wp-json\/wp\/v2\/pages\/9117","targetHints":{"allow":["GET"]}}],"collection":[{"href":"https:\/\/aiviouvapes.com\/pt\/wp-json\/wp\/v2\/pages"}],"about":[{"href":"https:\/\/aiviouvapes.com\/pt\/wp-json\/wp\/v2\/types\/page"}],"author":[{"embeddable":true,"href":"https:\/\/aiviouvapes.com\/pt\/wp-json\/wp\/v2\/users\/1"}],"replies":[{"embeddable":true,"href":"https:\/\/aiviouvapes.com\/pt\/wp-json\/wp\/v2\/comments?post=9117"}],"version-history":[{"count":0,"href":"https:\/\/aiviouvapes.com\/pt\/wp-json\/wp\/v2\/pages\/9117\/revisions"}],"wp:attachment":[{"href":"https:\/\/aiviouvapes.com\/pt\/wp-json\/wp\/v2\/media?parent=9117"}],"curies":[{"name":"wp","href":"https:\/\/api.w.org\/{rel}","templated":true}]}}