{"id":9111,"date":"2024-08-21T10:48:05","date_gmt":"2024-08-21T10:48:05","guid":{"rendered":"https:\/\/aiviouvapes.com\/?page_id=9111"},"modified":"2024-11-30T20:28:47","modified_gmt":"2024-11-30T12:28:47","slug":"shipping-policy","status":"publish","type":"page","link":"https:\/\/aiviouvapes.com\/pt\/shipping-policy\/","title":{"rendered":"Pol\u00edtica de envio"},"content":{"rendered":"<div id=\"text-114100388\" class=\"text\">\n\t\t\n<header class=\"entry-header text-center\"><\/header>\n<p><strong>Pol\u00edtica de envio<\/strong><\/p>\n<p>1. As encomendas ser\u00e3o processadas e enviadas no prazo de 1 a 3 dias \u00fateis. Os prazos de expedi\u00e7\u00e3o variam normalmente entre 7 e 15 dias \u00fateis para a entrega. Tenha em aten\u00e7\u00e3o que n\u00e3o enviamos encomendas aos fins-de-semana.<\/p>\n<p>2. Quando a sua encomenda for enviada, enviar-lhe-emos por correio eletr\u00f3nico as informa\u00e7\u00f5es de seguimento. Pode seguir o seu envio utilizando o n\u00famero de seguimento fornecido no seguinte s\u00edtio Web:<\/p>\n<p><a href=\"https:\/\/www.17track.net\/en\" target=\"_blank\" rel=\"nofollow noopener\">https:\/\/www.17track.net\/en<\/a><\/p>\n<p>Aguarde 1-2 dias ap\u00f3s o envio para que as actualiza\u00e7\u00f5es de rastreio apare\u00e7am no s\u00edtio Web.<\/p>\n<p>3. O utilizador tem a possibilidade de cancelar uma encomenda ou de atualizar o endere\u00e7o de envio em qualquer altura antes de os produtos serem enviados. No entanto, depois de a encomenda ter sido enviada, n\u00e3o podemos processar reembolsos ou altera\u00e7\u00f5es de endere\u00e7o.<\/p>\n<p>4. pa\u00edses com os quais podemos enviar\u00a0<strong>DDP<\/strong>\u00a0(<strong>Direitos de entrega pagos<\/strong>) M\u00e9todo, n\u00e3o exige o desalfandegamento e n\u00e3o lhe s\u00e3o cobrados direitos.<\/p>\n<ul>\n<li>EUA - UPS Express (exceto Alasca e Havai)<\/li>\n<li>Reino Unido - Local DPD Express<\/li>\n<li>Europa - UPS Express\/ DPD Express\/ DHL Express<\/li>\n<\/ul>\n<p>Listas de pa\u00edses do m\u00e9todo Europa DDP: Alemanha, B\u00e9lgica, Luxemburgo, Pa\u00edses Baixos, Rep\u00fablica Checa, Pol\u00f3nia, Cro\u00e1cia, Eslov\u00e1quia, Eslov\u00e9nia, Finl\u00e2ndia, Dinamarca, Su\u00e9cia, \u00c1ustria, Fran\u00e7a, It\u00e1lia, Hungria, Bulg\u00e1ria, Litu\u00e2nia, Est\u00f3nia, Let\u00f3nia, Gr\u00e9cia, Irlanda, Portugal, Espanha.<\/p>\n<p><strong>Tempos de envio para pa\u00edses espec\u00edficos:<\/strong><\/p>\n<table style=\"height: 810px;\" width=\"518\">\n<thead>\n<tr>\n<th>PA\u00cdS<\/th>\n<th>M\u00c9TODO DE ENVIO<\/th>\n<th>TEMPO DE ENVIO<\/th>\n<\/tr>\n<\/thead>\n<tbody>\n<tr>\n<td>EUA<\/td>\n<td>Local UPS Ground<\/td>\n<td>10-15 dias<\/td>\n<\/tr>\n<tr>\n<td>REINO UNIDO<\/td>\n<td>Local DPD Express<\/td>\n<td>7-12 dias<\/td>\n<\/tr>\n<tr>\n<td>Alemanha<\/td>\n<td>UPS\/DPD\/DHL Alemanha<\/td>\n<td>8-13 dias<\/td>\n<\/tr>\n<tr>\n<td>Fran\u00e7a<\/td>\n<td>UPS\/DPD\/DHL Alemanha<\/td>\n<td>8-13 dias<\/td>\n<\/tr>\n<tr>\n<td>B\u00e9lgica<\/td>\n<td>UPS\/DPD\/DHL Alemanha<\/td>\n<td>8-13 dias<\/td>\n<\/tr>\n<tr>\n<td>Luxemburgo<\/td>\n<td>UPS\/DPD\/DHL Alemanha<\/td>\n<td>8-13 dias<\/td>\n<\/tr>\n<tr>\n<td>Pa\u00edses Baixos<\/td>\n<td>UPS\/DPD\/DHL Alemanha<\/td>\n<td>8-13 dias<\/td>\n<\/tr>\n<tr>\n<td>Rep\u00fablica Checa<\/td>\n<td>UPS\/DPD\/DHL Alemanha<\/td>\n<td>8-13 dias<\/td>\n<\/tr>\n<tr>\n<td>Pol\u00f3nia<\/td>\n<td>UPS\/DPD\/DHL Alemanha<\/td>\n<td>8-13 dias<\/td>\n<\/tr>\n<tr>\n<td>Cro\u00e1cia<\/td>\n<td>UPS\/DPD\/DHL Alemanha<\/td>\n<td>8-13 dias<\/td>\n<\/tr>\n<tr>\n<td>Eslov\u00e1quia<\/td>\n<td>UPS\/DPD\/DHL Alemanha<\/td>\n<td>8-13 dias<\/td>\n<\/tr>\n<tr>\n<td>Eslov\u00e9nia<\/td>\n<td>UPS\/DPD\/DHL Alemanha<\/td>\n<td>8-13 dias<\/td>\n<\/tr>\n<tr>\n<td>Finl\u00e2ndia<\/td>\n<td>UPS\/DPD\/DHL Alemanha<\/td>\n<td>8-13 dias<\/td>\n<\/tr>\n<tr>\n<td>Dinamarca<\/td>\n<td>UPS\/DPD\/DHL Alemanha<\/td>\n<td>8-13 dias<\/td>\n<\/tr>\n<tr>\n<td>Su\u00e9cia<\/td>\n<td>UPS\/DPD\/DHL Alemanha<\/td>\n<td>8-13 dias<\/td>\n<\/tr>\n<tr>\n<td>\u00c1ustria<\/td>\n<td>UPS\/DPD\/DHL Alemanha<\/td>\n<td>8-13 dias<\/td>\n<\/tr>\n<tr>\n<td>It\u00e1lia<\/td>\n<td>UPS\/DPD\/DHL Alemanha<\/td>\n<td>8-13 dias<\/td>\n<\/tr>\n<tr>\n<td>Hungria<\/td>\n<td>UPS\/DPD\/DHL Alemanha<\/td>\n<td>8-13 dias<\/td>\n<\/tr>\n<tr>\n<td>Litu\u00e2nia<\/td>\n<td>UPS\/DPD\/DHL Alemanha<\/td>\n<td>8-13 dias<\/td>\n<\/tr>\n<tr>\n<td>Est\u00f3nia<\/td>\n<td>UPS\/DPD\/DHL Alemanha<\/td>\n<td>8-13 dias<\/td>\n<\/tr>\n<tr>\n<td>Let\u00f3nia<\/td>\n<td>UPS\/DPD\/DHL Alemanha<\/td>\n<td>8-13 dias<\/td>\n<\/tr>\n<tr>\n<td>Gr\u00e9cia<\/td>\n<td>UPS\/DPD\/DHL Alemanha<\/td>\n<td>8-13 dias<\/td>\n<\/tr>\n<tr>\n<td>Irlanda<\/td>\n<td>UPS\/DPD\/DHL Alemanha<\/td>\n<td>8-13 dias<\/td>\n<\/tr>\n<tr>\n<td>Portugal<\/td>\n<td>UPS\/DPD\/DHL Alemanha<\/td>\n<td>8-13 dias<\/td>\n<\/tr>\n<tr>\n<td>Espanha<\/td>\n<td>UPS\/DPD\/DHL Alemanha<\/td>\n<td>8-13 dias<\/td>\n<\/tr>\n<tr>\n<td>Emirados \u00c1rabes Unidos (Dubai)<\/td>\n<td>Linha dedicada ao Dubai<\/td>\n<td>12-18 dias<\/td>\n<\/tr>\n<tr>\n<td>\u00c1frica do Sul<\/td>\n<td>Linha dedicada \u00e0 \u00c1frica do Sul<\/td>\n<td>15-25 dias<\/td>\n<\/tr>\n<tr>\n<td>Vietname<\/td>\n<td>Linha dedicada ao Vietname<\/td>\n<td>3-5 dias<\/td>\n<\/tr>\n<tr>\n<td>Mal\u00e1sia Ocidental<\/td>\n<td>Mal\u00e1sia linha dedicada<\/td>\n<td>4-8 dias<\/td>\n<\/tr>\n<\/tbody>\n<\/table>\n<\/div>\n<\/div>\n<\/div>\n<\/div>\n<div id=\"col-429512057\" class=\"col medium-6 small-12 large-6\"><\/div>\n<\/div>\n<\/div>\n\t\t\n<style>\n#text-114100388 {\n  text-align: left;\n}\n<\/style>\n\t<\/div>\n\t\n<div class=\"row align-middle\"  id=\"row-1117048539\">\n\n\t<div id=\"col-1375918834\" class=\"col small-12 large-12\"  >\n\t\t\t\t<div class=\"col-inner text-center\"  >\n\t\t\t\n\t\t\t\n<a href=\"https:\/\/aiviouvapes.com\/pt\/shop\/\" class=\"button primary is-shade is-larger box-shadow-4 box-shadow-5-hover\" style=\"border-radius:10px;\">\n\t\t<span>Compre agora<\/span>\n\t<\/a>\n\n\t\t<\/div>\n\t\t\t\t\n<style>\n#col-1375918834 > .col-inner {\n  padding: 20px 0px 0px 0px;\n}\n<\/style>\n\t<\/div>\n\n\t\n<\/div>","protected":false},"excerpt":{"rendered":"","protected":false},"author":1,"featured_media":0,"parent":0,"menu_order":0,"comment_status":"closed","ping_status":"closed","template":"page-blank-title-center.php","meta":{"footnotes":""},"class_list":["post-9111","page","type-page","status-publish","hentry"],"jetpack_sharing_enabled":true,"_links":{"self":[{"href":"https:\/\/aiviouvapes.com\/pt\/wp-json\/wp\/v2\/pages\/9111","targetHints":{"allow":["GET"]}}],"collection":[{"href":"https:\/\/aiviouvapes.com\/pt\/wp-json\/wp\/v2\/pages"}],"about":[{"href":"https:\/\/aiviouvapes.com\/pt\/wp-json\/wp\/v2\/types\/page"}],"author":[{"embeddable":true,"href":"https:\/\/aiviouvapes.com\/pt\/wp-json\/wp\/v2\/users\/1"}],"replies":[{"embeddable":true,"href":"https:\/\/aiviouvapes.com\/pt\/wp-json\/wp\/v2\/comments?post=9111"}],"version-history":[{"count":0,"href":"https:\/\/aiviouvapes.com\/pt\/wp-json\/wp\/v2\/pages\/9111\/revisions"}],"wp:attachment":[{"href":"https:\/\/aiviouvapes.com\/pt\/wp-json\/wp\/v2\/media?parent=9111"}],"curies":[{"name":"wp","href":"https:\/\/api.w.org\/{rel}","templated":true}]}}