{"id":82344,"date":"2025-11-10T13:03:54","date_gmt":"2025-11-10T05:03:54","guid":{"rendered":"https:\/\/aiviouvapes.com\/?page_id=82344"},"modified":"2025-11-10T13:14:34","modified_gmt":"2025-11-10T05:14:34","slug":"why-waspe-40k-beats-vapsolo-viking-12000-puffs","status":"publish","type":"page","link":"https:\/\/aiviouvapes.com\/pt\/why-waspe-40k-beats-vapsolo-viking-12000-puffs\/","title":{"rendered":"VapSolo Viking 12000 \u00e9 bom - mas WASPE 40K \u00e9 lend\u00e1rio \u26a1"},"content":{"rendered":"<div id=\"tab-description\" class=\"woocommerce-Tabs-panel woocommerce-Tabs-panel--description panel entry-content active\" style=\"font-family: Arial, sans-serif; line-height: 1.6; color: #333;\" role=\"tabpanel\" aria-labelledby=\"tab-title-description\">\n<h2 style=\"color: #2c3e50; border-bottom: 2px solid #3498db; padding-bottom: 10px; margin-bottom: 20px;\">Est\u00e1 a considerar o VapSolo Viking 12000? Descubra porque \u00e9 que o WASPE 40K Double Flavor Twins \u00e9 a escolha mais inteligente!<\/h2>\n<p style=\"margin-bottom: 20px;\">Compreendemos o apelo do VapSolo Viking 12000 - \u00e9 elegante, capaz e produz um vapor satisfat\u00f3rio. Mas se quiser mais pot\u00eancia, mais baforadas e mais valor, o <strong>WASPE 40K Duplo Sabor G\u00eameos<\/strong> leva a sua experi\u00eancia de vaporiza\u00e7\u00e3o para o pr\u00f3ximo n\u00edvel. \u00c9 como passar de um compacto para iniciantes para uma pot\u00eancia constru\u00edda para vapers s\u00e9rios. Vejamos por que raz\u00e3o esta atualiza\u00e7\u00e3o faz sentido tanto para os retalhistas como para os utilizadores pessoais.<\/p>\n<h3 style=\"color: #2980b9; margin-bottom: 15px;\">Conhe\u00e7a a atualiza\u00e7\u00e3o: WASPE 40K G\u00e9meos com duplo sabor<\/h3>\n<p style=\"margin-bottom: 20px;\">O WASPE 40K Double Flavor Twins oferece at\u00e9 <strong>40.000 baforadas<\/strong> - mais de 3\u00d7 mais do que o Viking 12000 - com uma bateria maior, mais e-l\u00edquido e bobinas de malha dupla para um sabor mais rico e suave. Foi concebido para aqueles que querem desempenho e prazer num dispositivo compacto e de qualidade superior.<\/p>\n<div style=\"display: flex; justify-content: space-around; flex-wrap: wrap; margin: 30px 0;\">\n<div style=\"border: 1px solid #ddd; border-radius: 10px; padding: 20px; text-align: center; width: 45%; box-shadow: 0 4px 8px rgba(0,0,0,0.1); margin-bottom: 20px;\">\n<h4 style=\"color: #e74c3c; margin-top: 0; margin-bottom: 10px;\">O concorrente<\/h4>\n<p style=\"font-size: 1.5em; font-weight: bold; color: #34495e; margin-bottom: 10px;\"><a href=\"https:\/\/aiviouvapes.com\/pt\/produto\/vapsolo-viking-12000-puffs-2-5-2-2\/\">VapSolo Viking 12000<\/a><\/p>\n<p><img data-recalc-dims=\"1\" loading=\"lazy\" decoding=\"async\" class=\"alignnone wp-image-8677\" src=\"https:\/\/i0.wp.com\/aiviouvapes.com\/wp-content\/uploads\/2024\/08\/blueberry-cherry-cranberry.png?resize=300%2C300&#038;ssl=1\" alt=\"VapSolo Viking 12000 Puffs 2% 5% Baixa Nicotina Comprar a granel Caneta Vaporizadora Descart\u00e1vel Recarreg\u00e1vel Atacado\" width=\"300\" height=\"300\" title=\"\" srcset=\"https:\/\/i0.wp.com\/aiviouvapes.com\/wp-content\/uploads\/2024\/08\/blueberry-cherry-cranberry.png?w=900&amp;ssl=1 900w, https:\/\/i0.wp.com\/aiviouvapes.com\/wp-content\/uploads\/2024\/08\/blueberry-cherry-cranberry.png?resize=300%2C300&amp;ssl=1 300w, https:\/\/i0.wp.com\/aiviouvapes.com\/wp-content\/uploads\/2024\/08\/blueberry-cherry-cranberry.png?resize=150%2C150&amp;ssl=1 150w, https:\/\/i0.wp.com\/aiviouvapes.com\/wp-content\/uploads\/2024\/08\/blueberry-cherry-cranberry.png?resize=768%2C768&amp;ssl=1 768w, https:\/\/i0.wp.com\/aiviouvapes.com\/wp-content\/uploads\/2024\/08\/blueberry-cherry-cranberry.png?resize=12%2C12&amp;ssl=1 12w, https:\/\/i0.wp.com\/aiviouvapes.com\/wp-content\/uploads\/2024\/08\/blueberry-cherry-cranberry.png?resize=800%2C800&amp;ssl=1 800w, https:\/\/i0.wp.com\/aiviouvapes.com\/wp-content\/uploads\/2024\/08\/blueberry-cherry-cranberry.png?resize=100%2C100&amp;ssl=1 100w\" sizes=\"auto, (max-width: 300px) 100vw, 300px\" \/><\/p>\n<p style=\"margin-top: 10px;\">Um vape bem constru\u00eddo com ecr\u00e3 LCD e fluxo de ar ajust\u00e1vel, mas limitado por uma capacidade mais pequena e um menor n\u00famero de baforadas.<\/p>\n<\/div>\n<div style=\"border: 1px solid #2ecc71; border-radius: 10px; padding: 20px; text-align: center; width: 45%; box-shadow: 0 4px 8px rgba(0,0,0,0.1); margin-bottom: 20px; background-color: #f0fff4;\">\n<h4 style=\"color: #27ae60; margin-top: 0; margin-bottom: 10px;\">A melhor alternativa<\/h4>\n<p style=\"font-size: 1.5em; font-weight: bold; color: #34495e; margin-bottom: 10px;\"><a style=\"color: #2980b9; text-decoration: none;\" href=\"https:\/\/aiviouvapes.com\/pt\/produto\/waspe-40k-double-flavor-twins-40000-puffs-disposable-vape-bulk-buy-wholesale\/\">WASPE 40K Duplo Sabor G\u00eameos<\/a><\/p>\n<p><img data-recalc-dims=\"1\" loading=\"lazy\" decoding=\"async\" class=\"alignnone wp-image-82317\" src=\"https:\/\/i0.wp.com\/aiviouvapes.com\/wp-content\/uploads\/2025\/11\/123123.png?resize=300%2C300&#038;ssl=1\" alt=\"waspe 40k\" width=\"300\" height=\"300\" title=\"\" srcset=\"https:\/\/i0.wp.com\/aiviouvapes.com\/wp-content\/uploads\/2025\/11\/123123.png?w=500&amp;ssl=1 500w, https:\/\/i0.wp.com\/aiviouvapes.com\/wp-content\/uploads\/2025\/11\/123123.png?resize=300%2C300&amp;ssl=1 300w, https:\/\/i0.wp.com\/aiviouvapes.com\/wp-content\/uploads\/2025\/11\/123123.png?resize=150%2C150&amp;ssl=1 150w, https:\/\/i0.wp.com\/aiviouvapes.com\/wp-content\/uploads\/2025\/11\/123123.png?resize=12%2C12&amp;ssl=1 12w, https:\/\/i0.wp.com\/aiviouvapes.com\/wp-content\/uploads\/2025\/11\/123123.png?resize=400%2C400&amp;ssl=1 400w, https:\/\/i0.wp.com\/aiviouvapes.com\/wp-content\/uploads\/2025\/11\/123123.png?resize=100%2C100&amp;ssl=1 100w\" sizes=\"auto, (max-width: 300px) 100vw, 300px\" \/><\/p>\n<p style=\"margin-top: 10px;\">Triplica o n\u00famero de baforadas, bobinas de malha dupla e sabores duplos para uma vaporiza\u00e7\u00e3o mais duradoura e suave com menos custo por baforada.<\/p>\n<\/div>\n<\/div>\n<p style=\"text-align: center;\"><a href=\"https:\/\/aiviouvapes.com\/pt\/produto\/waspe-40k-double-flavor-twins-40000-puffs-disposable-vape-bulk-buy-wholesale\/\" target=\"_blank\" class=\"button primary is-primary is-medium\" rel=\"noopener\" >\n\t\t<span>\ud83d\udd25 Comprar WASPE 40K Agora<\/span>\n\t<\/a>\n\n<h3 style=\"color: #2980b9; margin-bottom: 15px;\">WASPE 40K vs VapSolo Viking 12000: Compara\u00e7\u00e3o frente a frente<\/h3>\n<p style=\"margin-bottom: 20px;\">Segue-se uma compara\u00e7\u00e3o direta das suas carater\u00edsticas. Ver\u00e1 rapidamente porque \u00e9 que o WASPE 40K domina em todas as categorias principais.<\/p>\n<table style=\"width: 100%; border-collapse: collapse; margin: 30px 0; box-shadow: 0 4px 8px rgba(0,0,0,0.1);\">\n<thead style=\"background-color: #3498db; color: white;\">\n<tr>\n<th style=\"padding: 12px; border: 1px solid #ddd;\">Carater\u00edstica<\/th>\n<th style=\"padding: 12px; border: 1px solid #ddd;\">VapSolo Viking 12000<\/th>\n<th style=\"padding: 12px; border: 1px solid #ddd; background-color: #2ecc71;\">WASPE 40K G\u00e9meos de duplo sabor (Escolha superior)<\/th>\n<\/tr>\n<\/thead>\n<tbody>\n<tr style=\"background-color: #f9f9f9;\">\n<td style=\"padding: 12px; border: 1px solid #ddd;\">Contagem de baforadas<\/td>\n<td style=\"padding: 12px; border: 1px solid #ddd;\">12,000<\/td>\n<td style=\"padding: 12px; border: 1px solid #ddd;\">40 000 (Mais de 3\u00d7 mais puffs por unidade)<\/td>\n<\/tr>\n<tr>\n<td style=\"padding: 12px; border: 1px solid #ddd;\">Capacidade do E-l\u00edquido<\/td>\n<td style=\"padding: 12px; border: 1px solid #ddd;\">22 ml<\/td>\n<td style=\"padding: 12px; border: 1px solid #ddd;\">36 ml (Mais sumo, maior prazer)<\/td>\n<\/tr>\n<tr style=\"background-color: #f9f9f9;\">\n<td style=\"padding: 12px; border: 1px solid #ddd;\">Capacidade da bateria<\/td>\n<td style=\"padding: 12px; border: 1px solid #ddd;\">650 mAh<\/td>\n<td style=\"padding: 12px; border: 1px solid #ddd;\">850 mAh (bateria mais forte para sess\u00f5es prolongadas)<\/td>\n<\/tr>\n<tr>\n<td style=\"padding: 12px; border: 1px solid #ddd;\">Tipo de bobina<\/td>\n<td style=\"padding: 12px; border: 1px solid #ddd;\">Bobina de malha (1,0\u03a9)<\/td>\n<td style=\"padding: 12px; border: 1px solid #ddd;\">Bobinas de malha dupla (sabor e vapor melhorados)<\/td>\n<\/tr>\n<tr style=\"background-color: #f9f9f9;\">\n<td style=\"padding: 12px; border: 1px solid #ddd;\">Fluxo de ar<\/td>\n<td style=\"padding: 12px; border: 1px solid #ddd;\">4 n\u00edveis ajust\u00e1veis<\/td>\n<td style=\"padding: 12px; border: 1px solid #ddd;\">Estiramento autom\u00e1tico optimizado com resist\u00eancia equilibrada<\/td>\n<\/tr>\n<tr>\n<td style=\"padding: 12px; border: 1px solid #ddd;\">Ecr\u00e3<\/td>\n<td style=\"padding: 12px; border: 1px solid #ddd;\">Ecr\u00e3 LCD (informa\u00e7\u00f5es sobre a bateria e o sopro)<\/td>\n<td style=\"padding: 12px; border: 1px solid #ddd;\">Indicador LED inteligente (mais simples, eficiente em termos energ\u00e9ticos)<\/td>\n<\/tr>\n<tr style=\"background-color: #f9f9f9;\">\n<td style=\"padding: 12px; border: 1px solid #ddd;\">Op\u00e7\u00f5es de nicotina<\/td>\n<td style=\"padding: 12px; border: 1px solid #ddd;\">2%, 5%<\/td>\n<td style=\"padding: 12px; border: 1px solid #ddd;\">0%, 2%, 5% (Mais flexibilidade)<\/td>\n<\/tr>\n<tr>\n<td style=\"padding: 12px; border: 1px solid #ddd;\">Pre\u00e7os de n\u00edvel (por unidade, 400+)<\/td>\n<td style=\"padding: 12px; border: 1px solid #ddd;\">\u20ac5.65<\/td>\n<td style=\"padding: 12px; border: 1px solid #ddd;\">5,43 euros (melhor pre\u00e7o e 3\u00d7 mais puffs)<\/td>\n<\/tr>\n<tr style=\"background-color: #f9f9f9;\">\n<td style=\"padding: 12px; border: 1px solid #ddd;\">MOQ<\/td>\n<td style=\"padding: 12px; border: 1px solid #ddd;\">1.000 unidades<\/td>\n<td style=\"padding: 12px; border: 1px solid #ddd;\">10 unidades (Ideal para testadores de retalho ou pequenas lojas)<\/td>\n<\/tr>\n<\/tbody>\n<\/table>\n<h3 style=\"color: #2980b9; margin-bottom: 15px;\">Porque \u00e9 que WASPE 40K vence em todas as categorias<\/h3>\n<div style=\"background-color: #eafaf1; border-left: 5px solid #2ecc71; padding: 20px; border-radius: 5px;\">\n<ul style=\"list-style-type: none; padding: 0; margin: 0;\">\n<li style=\"margin-bottom: 10px;\">\u2705 <strong>3\u00d7 Mais Puffs:<\/strong> 40.000 contra 12.000 poupa tempo, dinheiro e esfor\u00e7o na substitui\u00e7\u00e3o de dispositivos.<\/li>\n<li style=\"margin-bottom: 10px;\">\u2705 <strong>Tecnologia de bobina de malha dupla:<\/strong> Proporciona um sabor mais rico e nuvens mais suaves em cada inala\u00e7\u00e3o.<\/li>\n<li style=\"margin-bottom: 10px;\">\u2705 <strong>Mais E-liquid:<\/strong> 36mL garantem uma vaporiza\u00e7\u00e3o ininterrupta durante semanas.<\/li>\n<li style=\"margin-bottom: 10px;\">\u2705 <strong>N\u00edveis de nicotina flex\u00edveis:<\/strong> Escolha 0%, 2% ou 5% de acordo com as suas necessidades.<\/li>\n<li style=\"margin-bottom: 10px;\">\u2705 <strong>Menor MOQ e melhor valor:<\/strong> Comece com apenas 10 pe\u00e7as - perfeito para retalhistas ou compradores de primeira viagem.<\/li>\n<\/ul>\n<p><strong>\u00a0 \u00a0 \u00a0WASPE 40K Pre\u00e7os por escal\u00e3o:<\/strong><\/p>\n<ul>\n<li>10-29 unidades - 10,67<\/li>\n<li>30-49 unidades - 7,73<\/li>\n<li>50-99 unidades - 6,60 euros<\/li>\n<li>100-199 unidades - 6,36<\/li>\n<li>200-399 unidades - 5,99 euros<\/li>\n<li>400+ unidades - 5,43<\/li>\n<\/ul>\n<p><strong>\u00a0 \u00a0 \u00a0Pre\u00e7os do VapSolo Viking:<\/strong><\/p>\n<ul>\n<li>1.000-1.999 unidades - 6,99 euros<\/li>\n<li>Mais de 2 000 unidades - 5,65 euros<\/li>\n<\/ul>\n<\/div>\n<p style=\"text-align: center;\"><a href=\"https:\/\/aiviouvapes.com\/pt\/produto\/waspe-40k-double-flavor-twins-40000-puffs-disposable-vape-bulk-buy-wholesale\/\" target=\"_blank\" class=\"button secondary is-secondary is-medium\" rel=\"noopener\" >\n\t\t<span>Obter WASPE 40K por atacado<\/span>\n\t<\/a>\n\n<h3 style=\"color: #2980b9; margin-bottom: 15px;\">Responder a perguntas comuns<\/h3>\n<div style=\"background-color: #f4f6f7; border-radius: 8px; padding: 20px;\">\n<h4 style=\"color: #34495e;\">\u201cO WASPE 40K tem controlo do fluxo de ar como o Viking?\u201d<\/h4>\n<p>O fluxo de ar do WASPE \u00e9 pr\u00e9-otimizado para equil\u00edbrio e conforto - sem necessidade de ajuste manual, proporcionando um consumo consistente e satisfat\u00f3rio em todas as ocasi\u00f5es.<\/p>\n<h4 style=\"color: #34495e;\">\ud83e\udd14 \u201cE quanto ao ecr\u00e3 e \u00e0 usabilidade?\u201d<\/h4>\n<p>O sistema LED do WASPE \u00e9 simples e eficiente em termos energ\u00e9ticos, permitindo-lhe concentrar-se no desempenho e n\u00e3o nas defini\u00e7\u00f5es. Menos problemas t\u00e9cnicos, mais satisfa\u00e7\u00e3o com o sabor.<\/p>\n<h4 style=\"color: #34495e;\">\ud83e\udd14 \u201cOs sabores s\u00e3o melhores no WASPE?\u201d<\/h4>\n<p>Sim! Carater\u00edsticas do WASPE 40K <strong>combina\u00e7\u00e3o de dois sabores<\/strong> para variedade, utilizando tanques independentes para evitar a mistura de sabores. De <em>Limonada Blue Razz<\/em> para <em>P\u00eassego Ice &amp; Anan\u00e1s Manga P\u00eassego<\/em>, cada baforada mant\u00e9m-se fresca.<\/p>\n<\/div>\n<h3 style=\"color: #2980b9; margin-top: 40px;\">Actualize agora para obter mais sabor e valor<\/h3>\n<p style=\"font-size: 1.1em;\">Escolher o WASPE 40K significa desfrutar de mais baforadas, mais sabores e melhores pre\u00e7os - tudo num dispositivo compacto e recarreg\u00e1vel concebido para funcionar. Quer seja um utilizador ocasional ou um comprador a granel, o WASPE proporciona uma satisfa\u00e7\u00e3o e uma poupan\u00e7a inigual\u00e1veis.<\/p>\n<p style=\"text-align: center;\"><a href=\"https:\/\/aiviouvapes.com\/pt\/produto\/waspe-40k-double-flavor-twins-40000-puffs-disposable-vape-bulk-buy-wholesale\/\" target=\"_blank\" class=\"button primary is-primary is-medium\" rel=\"noopener\" >\n\t\t<span>\ud83d\udc51 Loja WASPE 40K sobre VapSolo Viking \u2705<\/span>\n\t<\/a>\n\n<\/div>","protected":false},"excerpt":{"rendered":"<p>Considering the VapSolo Viking 12000? Discover Why WASPE 40K Double Flavor Twins Is the Smarter Choice! We understand the appeal of the VapSolo Viking 12000\u2014it&#8217;s sleek, capable, and delivers satisfying vapor. But if you want more power, more puffs, and more value, the WASPE 40K Double Flavor Twins takes your vaping experience to the next [&#8230;]\n","protected":false},"author":2170,"featured_media":0,"parent":0,"menu_order":0,"comment_status":"closed","ping_status":"closed","template":"","meta":{"footnotes":""},"class_list":["post-82344","page","type-page","status-publish","hentry"],"jetpack_sharing_enabled":true,"_links":{"self":[{"href":"https:\/\/aiviouvapes.com\/pt\/wp-json\/wp\/v2\/pages\/82344","targetHints":{"allow":["GET"]}}],"collection":[{"href":"https:\/\/aiviouvapes.com\/pt\/wp-json\/wp\/v2\/pages"}],"about":[{"href":"https:\/\/aiviouvapes.com\/pt\/wp-json\/wp\/v2\/types\/page"}],"author":[{"embeddable":true,"href":"https:\/\/aiviouvapes.com\/pt\/wp-json\/wp\/v2\/users\/2170"}],"replies":[{"embeddable":true,"href":"https:\/\/aiviouvapes.com\/pt\/wp-json\/wp\/v2\/comments?post=82344"}],"version-history":[{"count":4,"href":"https:\/\/aiviouvapes.com\/pt\/wp-json\/wp\/v2\/pages\/82344\/revisions"}],"predecessor-version":[{"id":82353,"href":"https:\/\/aiviouvapes.com\/pt\/wp-json\/wp\/v2\/pages\/82344\/revisions\/82353"}],"wp:attachment":[{"href":"https:\/\/aiviouvapes.com\/pt\/wp-json\/wp\/v2\/media?parent=82344"}],"curies":[{"name":"wp","href":"https:\/\/api.w.org\/{rel}","templated":true}]}}