{"id":80783,"date":"2025-11-05T12:53:51","date_gmt":"2025-11-05T04:53:51","guid":{"rendered":"https:\/\/aiviouvapes.com\/?page_id=80783"},"modified":"2025-11-05T13:10:35","modified_gmt":"2025-11-05T05:10:35","slug":"why-waspe-100k-4-in-1-outshines-vapsolo-triple-30k","status":"publish","type":"page","link":"https:\/\/aiviouvapes.com\/pt\/why-waspe-100k-4-in-1-outshines-vapsolo-triple-30k\/","title":{"rendered":"Porque \u00e9 que o WASPE 100K 4 em 1 supera o VapSolo Triple 30K"},"content":{"rendered":"<div id=\"tab-description\" class=\"woocommerce-Tabs-panel woocommerce-Tabs-panel--description panel entry-content active\" style=\"font-family: Arial, sans-serif; line-height: 1.6; color: #333;\" role=\"tabpanel\" aria-labelledby=\"tab-title-description\">\n<h2 style=\"color: #2c3e50; border-bottom: 2px solid #3498db; padding-bottom: 10px; margin-bottom: 20px;\">Est\u00e1 a considerar o VapSolo Triple 30K? Descubra porque \u00e9 que o WASPE 100K 4 em 1 \u00e9 a melhor escolha!<\/h2>\n<p style=\"margin-bottom: 20px;\">Compreendemos o apelo do VapSolo Triple 30K - \u00e9 um vape fi\u00e1vel com boas carater\u00edsticas. No entanto, se estiver \u00e0 procura de mais baforadas, op\u00e7\u00f5es de sabor extra e melhor valor, temos o prazer de recomendar o WASPE 100K 4 em 1 como a alternativa superior. \u00c9 como fazer uma atualiza\u00e7\u00e3o para um dispositivo que dura mais tempo e oferece mais sem comprometer a qualidade. Vamos explorar porque \u00e9 que esta mudan\u00e7a pode elevar a sua experi\u00eancia de vaporiza\u00e7\u00e3o!<\/p>\n<h3 style=\"color: #2980b9; margin-bottom: 15px;\">Apresentamos a op\u00e7\u00e3o superior: WASPE 100K 4 em 1<\/h3>\n<p style=\"margin-bottom: 20px;\">O WASPE 100K 4 em 1 foi concebido para a m\u00e1xima comodidade e desempenho, proporcionando sabores ricos e uma vida \u00fatil alargada. Perfeito para os vapers que exigem variedade e fiabilidade, este dispositivo garante que se tire o m\u00e1ximo partido de cada tragada. Diz ol\u00e1 ao teu novo favorito!<\/p>\n<div style=\"display: flex; justify-content: space-around; flex-wrap: wrap; margin: 30px 0;\">\n<div style=\"border: 1px solid #ddd; border-radius: 10px; padding: 20px; text-align: center; width: 45%; box-shadow: 0 4px 8px rgba(0,0,0,0.1); margin-bottom: 20px;\">\n<h4 style=\"color: #e74c3c; margin-top: 0; margin-bottom: 10px;\">O concorrente<\/h4>\n<p style=\"font-size: 1.5em; font-weight: bold; color: #34495e; margin-bottom: 10px;\"><a href=\"https:\/\/aiviouvapes.com\/pt\/produto\/vapsolo-triple-30000-puffs\/\">VapSolo Triplo 30K<\/a><\/p>\n<p><img loading=\"lazy\" decoding=\"async\" class=\"alignnone\" src=\"https:\/\/i0.wp.com\/aiviouvapes.com\/wp-content\/uploads\/2025\/06\/vapsolo-triple-30000-flavors1.jpg?fit=800%2C800&amp;ssl=1\" alt=\"vapsolo triple 30000 flavors1\" width=\"353\" height=\"353\" title=\"\"><\/p>\n<p>Um vape decente com sabores triplos e um bom n\u00famero de baforadas, mas que poderia ser melhorado para uma satisfa\u00e7\u00e3o mais duradoura!<\/p>\n<\/div>\n<div style=\"border: 1px solid #2ecc71; border-radius: 10px; padding: 20px; text-align: center; width: 45%; box-shadow: 0 4px 8px rgba(0,0,0,0.1); margin-bottom: 20px; background-color: #f0fff4;\">\n<h4 style=\"color: #27ae60; margin-top: 0; margin-bottom: 10px;\">A melhor alternativa<\/h4>\n<p style=\"font-size: 1.5em; font-weight: bold; color: #34495e; margin-bottom: 10px;\"><a style=\"color: #2980b9; text-decoration: none;\" href=\"https:\/\/aiviouvapes.com\/pt\/produto\/waspe-4-in-1-100000-puffs\/\">WASPE 100K 4 em 1<\/a><\/p>\n<p><img loading=\"lazy\" decoding=\"async\" class=\"alignnone\" src=\"https:\/\/i0.wp.com\/aiviouvapes.com\/wp-content\/uploads\/2025\/07\/ce9ab875bcc8e8bad463b9393eb003fb.jpg?fit=800%2C800&amp;ssl=1\" alt=\"https:\/\/aiviouvapes.com\/product\/waspe-4-in-1-100000-puffs\/\" width=\"343\" height=\"343\" title=\"\"><\/p>\n<p>Possui quatro sabores, uma enorme capacidade e tecnologia avan\u00e7ada para uma viagem de vaporiza\u00e7\u00e3o de alta qualidade e sem complica\u00e7\u00f5es!<\/p>\n<\/div>\n<\/div>\n<p style=\"text-align: center;\"><a href=\"https:\/\/aiviouvapes.com\/pt\/produto\/waspe-4-in-1-100000-puffs\/\" target=\"_blank\" class=\"button primary is-primary is-medium\" rel=\"noopener\" >\n\t\t<span>\ud83d\udd25 Comprar WASPE 100K agora<\/span>\n\t<\/a>\n\n<h3 style=\"color: #2980b9; margin-bottom: 15px;\">Lado a lado: Uma compara\u00e7\u00e3o clara<\/h3>\n<p style=\"margin-bottom: 20px;\">Vamos comparar as especifica\u00e7\u00f5es para ver porque \u00e9 que o WASPE supera o VapSolo. Destac\u00e1mos as principais diferen\u00e7as para facilitar a consulta.<\/p>\n<table style=\"width: 100%; border-collapse: collapse; margin: 30px 0; box-shadow: 0 4px 8px rgba(0,0,0,0.1);\">\n<thead style=\"background-color: #3498db; color: white;\">\n<tr>\n<th style=\"padding: 12px; border: 1px solid #ddd; text-align: left;\">Carater\u00edstica<\/th>\n<th style=\"padding: 12px; border: 1px solid #ddd; text-align: left;\">VapSolo Triplo 30K<\/th>\n<th style=\"padding: 12px; border: 1px solid #ddd; text-align: left; background-color: #2ecc71;\">WASPE 100K 4 em 1 (A escolha superior!)<\/th>\n<\/tr>\n<\/thead>\n<tbody>\n<tr style=\"background-color: #f9f9f9;\">\n<td style=\"padding: 12px; border: 1px solid #ddd;\">Contagem de baforadas<\/td>\n<td style=\"padding: 12px; border: 1px solid #ddd;\">At\u00e9 30.000<\/td>\n<td style=\"padding: 12px; border: 1px solid #ddd;\">At\u00e9 100.000 (mais de 3x mais para uma divers\u00e3o prolongada!)<\/td>\n<\/tr>\n<tr>\n<td style=\"padding: 12px; border: 1px solid #ddd;\">Capacidade do E-l\u00edquido<\/td>\n<td style=\"padding: 12px; border: 1px solid #ddd;\">40 ml (3 tanques de ~13,3 ml)<\/td>\n<td style=\"padding: 12px; border: 1px solid #ddd;\">56 ml (4 dep\u00f3sitos para sess\u00f5es mais longas)<\/td>\n<\/tr>\n<tr style=\"background-color: #f9f9f9;\">\n<td style=\"padding: 12px; border: 1px solid #ddd;\">Sistema de aromas<\/td>\n<td style=\"padding: 12px; border: 1px solid #ddd;\">Sabores triplos com interrutor rotativo<\/td>\n<td style=\"padding: 12px; border: 1px solid #ddd;\">Quatro sabores (um extra para maior variedade!)<\/td>\n<\/tr>\n<tr>\n<td style=\"padding: 12px; border: 1px solid #ddd;\">Tipo de bobina<\/td>\n<td style=\"padding: 12px; border: 1px solid #ddd;\">Bobina de malha tripla de 1,0\u03a9<\/td>\n<td style=\"padding: 12px; border: 1px solid #ddd;\">Bobinas de malha de 4 x 1,0\u03a9 (vapor rico e consistente)<\/td>\n<\/tr>\n<tr style=\"background-color: #f9f9f9;\">\n<td style=\"padding: 12px; border: 1px solid #ddd;\">Bateria<\/td>\n<td style=\"padding: 12px; border: 1px solid #ddd;\">650mAh recarreg\u00e1vel (Tipo C)<\/td>\n<td style=\"padding: 12px; border: 1px solid #ddd;\">650mAh recarreg\u00e1vel (Tipo C)<\/td>\n<\/tr>\n<tr>\n<td style=\"padding: 12px; border: 1px solid #ddd;\">Ecr\u00e3<\/td>\n<td style=\"padding: 12px; border: 1px solid #ddd;\">LCD inteligente (contagem de baforadas, bateria, sabor)<\/td>\n<td style=\"padding: 12px; border: 1px solid #ddd;\">Ecr\u00e3 LED (monitoriza\u00e7\u00e3o da bateria e do e-l\u00edquido)<\/td>\n<\/tr>\n<tr style=\"background-color: #f9f9f9;\">\n<td style=\"padding: 12px; border: 1px solid #ddd;\">Op\u00e7\u00f5es de nicotina<\/td>\n<td style=\"padding: 12px; border: 1px solid #ddd;\">2%, 5%<\/td>\n<td style=\"padding: 12px; border: 1px solid #ddd;\">0%, 2%, 5%<\/td>\n<\/tr>\n<tr>\n<td style=\"padding: 12px; border: 1px solid #ddd;\">Pre\u00e7o a granel (por unidade, 400+)<\/td>\n<td style=\"padding: 12px; border: 1px solid #ddd;\">~\u20ac7.65<\/td>\n<td style=\"padding: 12px; border: 1px solid #ddd;\">~\u20ac6,54 (Mais poupan\u00e7as!)<\/td>\n<\/tr>\n<tr style=\"background-color: #f9f9f9;\">\n<td style=\"padding: 12px; border: 1px solid #ddd;\">Porqu\u00ea escolher?<\/td>\n<td style=\"padding: 12px; border: 1px solid #ddd;\">Bom para uma utiliza\u00e7\u00e3o moderada com um design ergon\u00f3mico.<\/td>\n<td style=\"padding: 12px; border: 1px solid #ddd;\">Longevidade e valor incompar\u00e1veis para os vapers mais exigentes.<\/td>\n<\/tr>\n<\/tbody>\n<\/table>\n<h3 style=\"color: #2980b9; margin-bottom: 15px;\">O que faz com que o WASPE 100K se destaque<\/h3>\n<div style=\"background-color: #eafaf1; border-left: 5px solid #2ecc71; padding: 20px; margin: 20px 0; border-radius: 5px;\">\n<h4 style=\"color: #27ae60; margin-top: 0; margin-bottom: 15px;\">A vantagem do WASPE: Mais de tudo!<\/h4>\n<ul style=\"list-style-type: none; padding: 0; margin: 0;\">\n<li style=\"margin-bottom: 10px;\">Triplique os Puffs: Com 100.000 puffs, o WASPE dura muito mais do que os 30.000 do VapSolo, minimizando as substitui\u00e7\u00f5es e maximizando a conveni\u00eancia.<\/li>\n<li style=\"margin-bottom: 10px;\">Variedade de sabores extra: Quatro sabores significam mais op\u00e7\u00f5es para alternar, evitando o t\u00e9dio e aumentando a satisfa\u00e7\u00e3o - sem sangramento de sabor gra\u00e7as a tanques separados.<\/li>\n<li style=\"margin-bottom: 10px;\">\u2705 Maior capacidade para menos aborrecimentos: O e-l\u00edquido de 56mL garante sess\u00f5es prolongadas, emparelhado com bobinas de malha qu\u00e1drupla para acertos suaves e intensos todas as vezes.<\/li>\n<li style=\"margin-bottom: 10px;\">Recursos f\u00e1ceis de usar: O design recarreg\u00e1vel, o display LED e a constru\u00e7\u00e3o ergon\u00f3mica tornam-no acess\u00edvel a todos os vapers, com cr\u00edticas positivas sobre a pureza do sabor e a qualidade do vapor.<\/li>\n<li>\n<p dir=\"auto\">Op\u00e7\u00f5es de volume com boa rela\u00e7\u00e3o custo-benef\u00edcio: O WASPE oferece pre\u00e7os flex\u00edveis a partir de um MOQ baixo de apenas 10 pe\u00e7as, tornando-o acess\u00edvel para pequenos pedidos ou testes - ao contr\u00e1rio do VapSolo, que requer um m\u00ednimo de 1,000 pe\u00e7as com custos por unidade mais altos para compradores menores. Isso \u00e9 um divisor de \u00e1guas para vapers ou lojas que desejam encomendar algumas unidades sem se comprometer com grandes quantidades, embora a experi\u00eancia geral do VapSolo n\u00e3o corresponda \u00e0 longevidade e aos recursos superiores do WASPE. Entretanto, os pre\u00e7os mais baixos em quantidades maiores tornam o WASPE ideal para grossistas ou utilizadores \u00e1vidos que procuram poupar. Aqui est\u00e1 uma an\u00e1lise r\u00e1pida dos pre\u00e7os:<\/p>\n<p dir=\"auto\"><strong>WASPE Pre\u00e7os:<\/strong><\/p>\n<ul dir=\"auto\">\n<li>10-29: 12,10 euros cada<\/li>\n<li>30-49: 9,63 euros cada<\/li>\n<li>50-99: 7,90 euros cada<\/li>\n<li>100-199: 7,65 euros cada<\/li>\n<li>200-399: 6,99 euros cada<\/li>\n<li>400+: 6,54 euros cada<\/li>\n<\/ul>\n<p dir=\"auto\"><strong>Pre\u00e7os do VapSolo:<\/strong><\/p>\n<ul dir=\"auto\">\n<li>1.000-1.999: 8,52 euros cada<\/li>\n<li>2.000+: 7,65 euros cada<\/li>\n<\/ul>\n<\/li>\n<\/ul>\n<\/div>\n<p style=\"text-align: center;\"><a href=\"https:\/\/aiviouvapes.com\/pt\/produto\/waspe-4-in-1-100000-puffs\/\" target=\"_blank\" class=\"button secondary is-secondary is-medium\" rel=\"noopener\" >\n\t\t<span>\ud83d\udca8 Obter WASPE 100K por atacado<\/span>\n\t<\/a>\n\n<h3 style=\"color: #2980b9; margin-bottom: 15px;\">Responder a preocupa\u00e7\u00f5es comuns<\/h3>\n<div style=\"background-color: #f4f6f7; border-radius: 8px; padding: 20px; margin-bottom: 20px;\">\n<div style=\"margin-bottom: 15px;\">\n<h4 style=\"font-weight: bold; color: #34495e; margin: 0;\">\u201cO VapSolo tem um LCD sofisticado - o WASPE corresponde a isso?\u201d<\/h4>\n<p style=\"margin-top: 5px; margin-bottom: 0;\">O ecr\u00e3 LED do WASPE \u00e9 intuitivo e mostra informa\u00e7\u00f5es essenciais, como os n\u00edveis da bateria e do e-l\u00edquido. Embora o ecr\u00e3 do VapSolo seja detalhado, o WASPE d\u00e1 prioridade \u00e0 fiabilidade e \u00e0 longevidade em detrimento dos extras.<\/p>\n<\/div>\n<div style=\"margin-bottom: 15px;\">\n<h4 style=\"font-weight: bold; color: #34495e; margin: 0;\">\ud83e\udd14 \u201cO WASPE \u00e9 t\u00e3o port\u00e1til e f\u00e1cil de usar?\u201d<\/h4>\n<p style=\"margin-top: 5px; margin-bottom: 0;\">Sim! \u00c9 compacto, leve e possui um interrutor simples para os sabores. Tal como o VapSolo, \u00e9 recarreg\u00e1vel atrav\u00e9s do Tipo-C e est\u00e1 pronto para a vaporiza\u00e7\u00e3o em movimento.<\/p>\n<\/div>\n<div>\n<h4 style=\"font-weight: bold; color: #34495e; margin: 0;\">\ud83e\udd14 \u201cE quanto aos sabores e \u00e0 qualidade semelhante \u00e0 da nicotina?\u201d<\/h4>\n<p style=\"margin-top: 5px; margin-bottom: 0;\">O WASPE oferece diversas combina\u00e7\u00f5es, como Watermelon Ice e Strawberry Kiwi, com 0-5% de nicotina. Os utilizadores elogiam os seus sabores puros e intensos, notando frequentemente uma melhor consist\u00eancia do que os concorrentes.<\/p>\n<\/div>\n<\/div>\n<h3 style=\"color: #2980b9; margin-top: 40px; text-align: left; margin-bottom: 15px;\">Pronto para atualizar o seu Vape?<\/h3>\n<p style=\"font-size: 1.1em; text-align: left; margin-bottom: 0;\">Mudar para o WASPE 100K 4 em 1 significa mais baforadas, mais sabores e mais poupan\u00e7as. N\u00e3o se trata apenas de um substituto - \u00e9 uma melhoria da sua rotina de vaporiza\u00e7\u00e3o. Experimente-o hoje e sinta a diferen\u00e7a!<\/p>\n<p style=\"text-align: center;\"><a href=\"https:\/\/aiviouvapes.com\/pt\/produto\/waspe-4-in-1-100000-puffs\/\" target=\"_blank\" class=\"button primary is-primary is-medium\" rel=\"noopener\" >\n\t\t<span>\ud83c\udf1f Loja WASPE 100K Aqui<\/span>\n\t<\/a>\n\n<div id=\"row-210236194\" class=\"row row-collapse\" style=\"margin-top: 20px;\">\n<div id=\"col-1507800244\" class=\"col small-12 large-12\"><\/div>\n<\/div>\n<\/div>","protected":false},"excerpt":{"rendered":"<p>Considering the VapSolo Triple 30K? Discover Why WASPE 100K 4-in-1 is the Better Choice! We understand the appeal of the VapSolo Triple 30K\u2014it&#8217;s a reliable vape with good features. However, if you&#8217;re looking for more puffs, extra flavor options, and better value, we&#8217;re excited to recommend the WASPE 100K 4-in-1 as the superior alternative. It&#8217;s [&#8230;]\n","protected":false},"author":2170,"featured_media":0,"parent":0,"menu_order":0,"comment_status":"closed","ping_status":"closed","template":"","meta":{"footnotes":""},"class_list":["post-80783","page","type-page","status-publish","hentry"],"jetpack_sharing_enabled":true,"_links":{"self":[{"href":"https:\/\/aiviouvapes.com\/pt\/wp-json\/wp\/v2\/pages\/80783","targetHints":{"allow":["GET"]}}],"collection":[{"href":"https:\/\/aiviouvapes.com\/pt\/wp-json\/wp\/v2\/pages"}],"about":[{"href":"https:\/\/aiviouvapes.com\/pt\/wp-json\/wp\/v2\/types\/page"}],"author":[{"embeddable":true,"href":"https:\/\/aiviouvapes.com\/pt\/wp-json\/wp\/v2\/users\/2170"}],"replies":[{"embeddable":true,"href":"https:\/\/aiviouvapes.com\/pt\/wp-json\/wp\/v2\/comments?post=80783"}],"version-history":[{"count":6,"href":"https:\/\/aiviouvapes.com\/pt\/wp-json\/wp\/v2\/pages\/80783\/revisions"}],"predecessor-version":[{"id":80792,"href":"https:\/\/aiviouvapes.com\/pt\/wp-json\/wp\/v2\/pages\/80783\/revisions\/80792"}],"wp:attachment":[{"href":"https:\/\/aiviouvapes.com\/pt\/wp-json\/wp\/v2\/media?parent=80783"}],"curies":[{"name":"wp","href":"https:\/\/api.w.org\/{rel}","templated":true}]}}