{"id":5173,"date":"2024-08-21T10:42:43","date_gmt":"2024-08-21T10:42:43","guid":{"rendered":"https:\/\/aiviouvapes.com\/?page_id=5173"},"modified":"2026-02-02T10:25:50","modified_gmt":"2026-02-02T02:25:50","slug":"coupons-offer","status":"publish","type":"page","link":"https:\/\/aiviouvapes.com\/pt\/coupons-offer\/","title":{"rendered":"Cup\u00f5es e ofertas"},"content":{"rendered":"<div class=\"row\"  id=\"row-361922983\">\n\n\t<div id=\"col-843509427\" class=\"col medium-6 small-12 large-6\"  >\n\t\t\t\t<div class=\"col-inner text-center\"  >\n\t\t\t\n\t\t\t\n\t<div id=\"text-2633887353\" class=\"text\">\n\t\t\n<h2>C\u00f3digo de cup\u00e3o exclusivo 2026 dispon\u00edvel!<\/h2>\n<p>Inicie sess\u00e3o na sua conta e v\u00e1 para a p\u00e1gina C\u00f3digo de cup\u00e3o para desbloquear o seu desconto personalizado e come\u00e7ar a poupar hoje.<\/p>\n\t\t\n<style>\n#text-2633887353 {\n  text-align: center;\n}\n<\/style>\n\t<\/div>\n\t\n<a href=\"https:\/\/aiviouvapes.com\/pt\/my-account\/smart-coupons\/\" class=\"button primary box-shadow-3 box-shadow-1-hover\" >\n\t\t<span>Ver cup\u00f5es<\/span>\n\t<\/a>\n\n\t\t<\/div>\n\t\t\t\t\t<\/div>\n\n\t\n\n\t<div id=\"col-340503595\" class=\"col medium-6 small-12 large-6\"  >\n\t\t\t\t<div class=\"col-inner text-center\"  >\n\t\t\t\n\t\t\t\n<div id=\"text-3360396666\" class=\"text\">\n<h2 style=\"text-align: left;\">Cup\u00f5es e ofertas da AIVIOU VAPES para Vape descart\u00e1vel<\/h2>\n<\/div>\n<p style=\"text-align: left;\">Bem-vindo a aiviouvapes.com, o seu destino online definitivo para produtos vape descart\u00e1veis de alta qualidade. Descubra a nossa extensa cole\u00e7\u00e3o de marcas de renome, incluindo Doloda, Elf Box, Bang King, Al Fakher Vape, Vapeme, Waspe, RandM Tornado, Bang Box e muito mais. N\u00e3o se esque\u00e7a de consultar frequentemente o nosso site para obter ofertas exclusivas e especiais, garantindo que os nossos produtos vape excepcionais permanecem acess\u00edveis a todos.<\/p>\n<p style=\"text-align: left;\">Somos distribuidores profissionais por grosso de vapes descart\u00e1veis. As nossas margens de lucro s\u00e3o m\u00ednimas, e fazemos os nossos mais sinceros esfor\u00e7os oferecendo cup\u00f5es de desconto, visando uma parceria est\u00e1vel e a longo prazo com os nossos clientes.<\/p>\n<a href=\"https:\/\/aiviouvapes.com\/pt\/shop\/\" class=\"button primary box-shadow-3 box-shadow-1-hover\" >\n\t\t<span>Encomendar agora<\/span>\n\t<\/a>\n\n\t\t<\/div>\n\t\t\t\t\t<\/div>\n\n\t\n<\/div>\n\t<div id=\"gap-1290485135\" class=\"gap-element clearfix\" style=\"display:block; height:auto;\">\n\t\t\n<style>\n#gap-1290485135 {\n  padding-top: 30px;\n}\n<\/style>\n\t<\/div>\n\t\n<div class=\"container section-title-container\" ><h3 class=\"section-title section-title-normal\"><b aria-hidden=\"true\"><\/b><span class=\"section-title-main\" >Biblioteca de cup\u00f5es de afilia\u00e7\u00e3o (utiliza\u00e7\u00e3o p\u00fablica)<\/span><b aria-hidden=\"true\"><\/b><\/h3><\/div>\n<table style=\"width:100%; border-collapse:collapse; font-family:Arial, sans-serif; text-align:left; border:1px solid #ddd;\">\n<thead style=\"background:#f7f7f7;\">\n<tr>\n<th style=\"padding:10px; border:1px solid #ddd;\">\ud83c\udf9f\ufe0f C\u00f3digo de cup\u00e3o<\/th>\n<th style=\"padding:10px; border:1px solid #ddd;\">\ud83d\udcb0 Desconto<\/th>\n<th style=\"padding:10px; border:1px solid #ddd;\">\ud83d\uded2 Encomenda m\u00ednima<\/th>\n<th style=\"padding:10px; border:1px solid #ddd;\">V\u00e1lido at\u00e9<\/th>\n<th style=\"padding:10px; border:1px solid #ddd;\">\ud83e\udded Descri\u00e7\u00e3o<\/th>\n<th style=\"padding:10px; border:1px solid #ddd;\">Sugest\u00e3o de linha de an\u00fancio<\/th>\n<\/tr>\n<\/thead>\n<tbody>\n<tr>\n<td style=\"padding:10px; border:1px solid #ddd;\"><b>BULKSAVE300<\/b><\/td>\n<td style=\"padding:10px; border:1px solid #ddd;\">2% OFF<\/td>\n<td style=\"padding:10px; border:1px solid #ddd;\">\u20ac300+<\/td>\n<td style=\"padding:10px; border:1px solid #ddd;\">31 de dezembro de 2026<\/td>\n<td style=\"padding:10px; border:1px solid #ddd;\">Poupe muito ao encomendar mais de 300 euros!<\/td>\n<td style=\"padding:10px; border:1px solid #ddd;\">\ud83d\udcb8 Gastar com intelig\u00eancia, poupar mais! Obter <b>2% OFF<\/b> encomendas superiores a 300 euros.<\/td>\n<\/tr>\n<tr>\n<td style=\"padding:10px; border:1px solid #ddd;\"><b>CONSERVA\u00c7\u00c3O A GRANEL<\/b><\/td>\n<td style=\"padding:10px; border:1px solid #ddd;\">3% OFF<\/td>\n<td style=\"padding:10px; border:1px solid #ddd;\">\u20ac500+<\/td>\n<td style=\"padding:10px; border:1px solid #ddd;\">31 de dezembro de 2026<\/td>\n<td style=\"padding:10px; border:1px solid #ddd;\">Desfrute de maiores poupan\u00e7as para encomendas superiores a 500 euros!<\/td>\n<td style=\"padding:10px; border:1px solid #ddd;\">\ud83d\ude9b Grandes encomendas = Grandes pr\u00e9mios! <b>3% OFF<\/b> superior a 500 euros.<\/td>\n<\/tr>\n<tr>\n<td style=\"padding:10px; border:1px solid #ddd;\"><b>BULKSAVE1500<\/b><\/td>\n<td style=\"padding:10px; border:1px solid #ddd;\">3.01% OFF<\/td>\n<td style=\"padding:10px; border:1px solid #ddd;\">\u20ac1500+<\/td>\n<td style=\"padding:10px; border:1px solid #ddd;\">31 de dezembro de 2026<\/td>\n<td style=\"padding:10px; border:1px solid #ddd;\">Desconto especial para compradores de grandes volumes.<\/td>\n<td style=\"padding:10px; border:1px solid #ddd;\">\ud83c\udff7\ufe0f Mega Saver! Gaste mais de 1500 euros e receba <b>3.01% OFF<\/b>.<\/td>\n<\/tr>\n<tr>\n<td style=\"padding:10px; border:1px solid #ddd;\"><b>NOV2026<\/b><\/td>\n<td style=\"padding:10px; border:1px solid #ddd;\">5 EUROS DE DESCONTO<\/td>\n<td style=\"padding:10px; border:1px solid #ddd;\">\u20ac90+<\/td>\n<td style=\"padding:10px; border:1px solid #ddd;\">30 de novembro de 2026<\/td>\n<td style=\"padding:10px; border:1px solid #ddd;\">\ud83c\udf41 Especial de novembro - 5 euros de desconto no seu carrinho!<\/td>\n<td style=\"padding:10px; border:1px solid #ddd;\">\ud83c\udf42 Poupe 5 euros instantaneamente com <b>NOV2026<\/b> durante todo o m\u00eas de novembro!<\/td>\n<\/tr>\n<tr>\n<td style=\"padding:10px; border:1px solid #ddd;\"><b>BlackFriday<\/b><\/td>\n<td style=\"padding:10px; border:1px solid #ddd;\">10 \u20ac OFF<\/td>\n<td style=\"padding:10px; border:1px solid #ddd;\">\u20ac90+<\/td>\n<td style=\"padding:10px; border:1px solid #ddd;\">27 de novembro de 2026<\/td>\n<td style=\"padding:10px; border:1px solid #ddd;\">Poupan\u00e7a especial Black Friday em encomendas eleg\u00edveis.<\/td>\n<td style=\"padding:10px; border:1px solid #ddd;\">Roubo da Black Friday: Obter <b>10 \u20ac OFF<\/b> se gastar mais de 90 euros!<\/td>\n<\/tr>\n<tr>\n<td style=\"padding:10px; border:1px solid #ddd;\"><b>CyberMonday<\/b><\/td>\n<td style=\"padding:10px; border:1px solid #ddd;\">10 \u20ac OFF<\/td>\n<td style=\"padding:10px; border:1px solid #ddd;\">\u20ac90+<\/td>\n<td style=\"padding:10px; border:1px solid #ddd;\">30 de novembro de 2026<\/td>\n<td style=\"padding:10px; border:1px solid #ddd;\">Extens\u00e3o da Cyber Monday - tempo extra para poupar!<\/td>\n<td style=\"padding:10px; border:1px solid #ddd;\">Clicar, comprar, guardar: <b>10 \u20ac OFF<\/b> encomendas a partir de 90 euros!<\/td>\n<\/tr>\n<tr>\n<td style=\"padding:10px; border:1px solid #ddd;\"><b>ChristmasDay<\/b><\/td>\n<td style=\"padding:10px; border:1px solid #ddd;\">10 \u20ac OFF<\/td>\n<td style=\"padding:10px; border:1px solid #ddd;\">\u20ac90+<\/td>\n<td style=\"padding:10px; border:1px solid #ddd;\">26 de dezembro de 2026<\/td>\n<td style=\"padding:10px; border:1px solid #ddd;\">Poupan\u00e7as festivas para os compradores de Natal.<\/td>\n<td style=\"padding:10px; border:1px solid #ddd;\">\ud83c\udf84 Desembrulhar <b>10 \u20ac OFF<\/b> em mais de 90 euros este Natal!<\/td>\n<\/tr>\n<tr>\n<td style=\"padding:10px; border:1px solid #ddd;\"><b>BoxingDay<\/b><\/td>\n<td style=\"padding:10px; border:1px solid #ddd;\">10 \u20ac OFF<\/td>\n<td style=\"padding:10px; border:1px solid #ddd;\">\u20ac90+<\/td>\n<td style=\"padding:10px; border:1px solid #ddd;\">27 de dezembro de 2026<\/td>\n<td style=\"padding:10px; border:1px solid #ddd;\">Oferta do Boxing Day para os cabazes eleg\u00edveis.<\/td>\n<td style=\"padding:10px; border:1px solid #ddd;\">\ud83c\udf81 Oferta do dia seguinte: <b>10 \u20ac OFF<\/b> se gastar mais de 90 euros.<\/td>\n<\/tr>\n<tr>\n<td style=\"padding:10px; border:1px solid #ddd;\"><b>NewYearDay<\/b><\/td>\n<td style=\"padding:10px; border:1px solid #ddd;\">10 \u20ac OFF<\/td>\n<td style=\"padding:10px; border:1px solid #ddd;\">\u20ac90+<\/td>\n<td style=\"padding:10px; border:1px solid #ddd;\">2 de janeiro de 2027<\/td>\n<td style=\"padding:10px; border:1px solid #ddd;\">Entre no novo ano com poupan\u00e7as imediatas.<\/td>\n<td style=\"padding:10px; border:1px solid #ddd;\">\ud83c\udf86 Ano novo, novas poupan\u00e7as: <b>10 \u20ac OFF<\/b> \u20ac90+!<\/td>\n<\/tr>\n<p><!-- 2026 Monthly Coupons --><\/p>\n<tr>\n<td style=\"padding:10px; border:1px solid #ddd;\"><b>FEB2026<\/b><\/td>\n<td style=\"padding:10px; border:1px solid #ddd;\">5 EUROS DE DESCONTO<\/td>\n<td style=\"padding:10px; border:1px solid #ddd;\">\u20ac90+<\/td>\n<td style=\"padding:10px; border:1px solid #ddd;\">28 de fevereiro de 2026<\/td>\n<td style=\"padding:10px; border:1px solid #ddd;\">Oferta de fevereiro - poupan\u00e7a f\u00e1cil.<\/td>\n<td style=\"padding:10px; border:1px solid #ddd;\">\u2764\ufe0f Adoro o pre\u00e7o! <b>5 EUROS DE DESCONTO<\/b> com FEB2026.<\/td>\n<\/tr>\n<tr>\n<td style=\"padding:10px; border:1px solid #ddd;\"><b>MAR2026<\/b><\/td>\n<td style=\"padding:10px; border:1px solid #ddd;\">5 EUROS DE DESCONTO<\/td>\n<td style=\"padding:10px; border:1px solid #ddd;\">\u20ac90+<\/td>\n<td style=\"padding:10px; border:1px solid #ddd;\">31 de mar\u00e7o de 2026<\/td>\n<td style=\"padding:10px; border:1px solid #ddd;\">Poupan\u00e7a de mar\u00e7o de forma simples.<\/td>\n<td style=\"padding:10px; border:1px solid #ddd;\">In\u00edcio da primavera: <b>5 EUROS DE DESCONTO<\/b> com MAR2026.<\/td>\n<\/tr>\n<tr>\n<td style=\"padding:10px; border:1px solid #ddd;\"><b>APR2026<\/b><\/td>\n<td style=\"padding:10px; border:1px solid #ddd;\">5 EUROS DE DESCONTO<\/td>\n<td style=\"padding:10px; border:1px solid #ddd;\">\u20ac90+<\/td>\n<td style=\"padding:10px; border:1px solid #ddd;\">30 de abril de 2026<\/td>\n<td style=\"padding:10px; border:1px solid #ddd;\">B\u00f3nus do carrinho de compras de abril.<\/td>\n<td style=\"padding:10px; border:1px solid #ddd;\">\ud83c\udf38 Ofertas frescas: <b>5 EUROS DE DESCONTO<\/b> APR2026.<\/td>\n<\/tr>\n<tr>\n<td style=\"padding:10px; border:1px solid #ddd;\"><b>MAY2026<\/b><\/td>\n<td style=\"padding:10px; border:1px solid #ddd;\">5 EUROS DE DESCONTO<\/td>\n<td style=\"padding:10px; border:1px solid #ddd;\">\u20ac90+<\/td>\n<td style=\"padding:10px; border:1px solid #ddd;\">31 de maio de 2026<\/td>\n<td style=\"padding:10px; border:1px solid #ddd;\">Poupan\u00e7as especiais de maio.<\/td>\n<td style=\"padding:10px; border:1px solid #ddd;\">\ud83c\udf3c Poupan\u00e7a brilhante com <b>MAY2026<\/b>.<\/td>\n<\/tr>\n<tr>\n<td style=\"padding:10px; border:1px solid #ddd;\"><b>JUN2026<\/b><\/td>\n<td style=\"padding:10px; border:1px solid #ddd;\">5 EUROS DE DESCONTO<\/td>\n<td style=\"padding:10px; border:1px solid #ddd;\">\u20ac90+<\/td>\n<td style=\"padding:10px; border:1px solid #ddd;\">30 de junho de 2026<\/td>\n<td style=\"padding:10px; border:1px solid #ddd;\">B\u00f3nus de checkout de junho.<\/td>\n<td style=\"padding:10px; border:1px solid #ddd;\">\u2600\ufe0f Poupan\u00e7a de ver\u00e3o: <b>5 EUROS DE DESCONTO<\/b> JUN2026.<\/td>\n<\/tr>\n<tr>\n<td style=\"padding:10px; border:1px solid #ddd;\"><b>JUL2026<\/b><\/td>\n<td style=\"padding:10px; border:1px solid #ddd;\">5 EUROS DE DESCONTO<\/td>\n<td style=\"padding:10px; border:1px solid #ddd;\">\u20ac90+<\/td>\n<td style=\"padding:10px; border:1px solid #ddd;\">31 de julho de 2026<\/td>\n<td style=\"padding:10px; border:1px solid #ddd;\">Oferta quente de julho.<\/td>\n<td style=\"padding:10px; border:1px solid #ddd;\">Aquecer as poupan\u00e7as com JUL2026.<\/td>\n<\/tr>\n<tr>\n<td style=\"padding:10px; border:1px solid #ddd;\"><b>AUG2026<\/b><\/td>\n<td style=\"padding:10px; border:1px solid #ddd;\">5 EUROS DE DESCONTO<\/td>\n<td style=\"padding:10px; border:1px solid #ddd;\">\u20ac90+<\/td>\n<td style=\"padding:10px; border:1px solid #ddd;\">31 de agosto de 2026<\/td>\n<td style=\"padding:10px; border:1px solid #ddd;\">Desconto f\u00e1cil de agosto.<\/td>\n<td style=\"padding:10px; border:1px solid #ddd;\">Guardar com um clique: AUG2026.<\/td>\n<\/tr>\n<tr>\n<td style=\"padding:10px; border:1px solid #ddd;\"><b>SEP2026<\/b><\/td>\n<td style=\"padding:10px; border:1px solid #ddd;\">5 EUROS DE DESCONTO<\/td>\n<td style=\"padding:10px; border:1px solid #ddd;\">\u20ac90+<\/td>\n<td style=\"padding:10px; border:1px solid #ddd;\">30 de setembro de 2026<\/td>\n<td style=\"padding:10px; border:1px solid #ddd;\">B\u00f3nus de setembro.<\/td>\n<td style=\"padding:10px; border:1px solid #ddd;\">Poupan\u00e7a de outono com SEP2026.<\/td>\n<\/tr>\n<tr>\n<td style=\"padding:10px; border:1px solid #ddd;\"><b>OCT2026<\/b><\/td>\n<td style=\"padding:10px; border:1px solid #ddd;\">5 EUROS DE DESCONTO<\/td>\n<td style=\"padding:10px; border:1px solid #ddd;\">\u20ac90+<\/td>\n<td style=\"padding:10px; border:1px solid #ddd;\">31 de outubro de 2026<\/td>\n<td style=\"padding:10px; border:1px solid #ddd;\">Guloseima de outubro.<\/td>\n<td style=\"padding:10px; border:1px solid #ddd;\">\ud83c\udf83 Bom neg\u00f3cio assustador: OCT2026.<\/td>\n<\/tr>\n<tr>\n<td style=\"padding:10px; border:1px solid #ddd;\"><b>DEC2026<\/b><\/td>\n<td style=\"padding:10px; border:1px solid #ddd;\">5 EUROS DE DESCONTO<\/td>\n<td style=\"padding:10px; border:1px solid #ddd;\">\u20ac90+<\/td>\n<td style=\"padding:10px; border:1px solid #ddd;\">31 de dezembro de 2026<\/td>\n<td style=\"padding:10px; border:1px solid #ddd;\">B\u00f3nus de fim de ano de dezembro.<\/td>\n<td style=\"padding:10px; border:1px solid #ddd;\">Terminar com for\u00e7a: <b>5 EUROS DE DESCONTO<\/b> DEC2026.<\/td>\n<\/tr>\n<\/tbody>\n<\/table>\n\t<div id=\"gap-237251343\" class=\"gap-element clearfix\" style=\"display:block; height:auto;\">\n\t\t\n<style>\n#gap-237251343 {\n  padding-top: 30px;\n}\n<\/style>\n\t<\/div>\n\t\n<div class=\"container section-title-container\" ><h3 class=\"section-title section-title-normal\"><b aria-hidden=\"true\"><\/b><span class=\"section-title-main\" >Ganhe com AIVIOU Vapes<\/span><b aria-hidden=\"true\"><\/b><\/h3><\/div>\n<p>Junte-se a uma das marcas de vape de crescimento mais r\u00e1pido e comece a ganhar <strong>15%<\/strong> comiss\u00e3o em cada venda! A AIVIOU Vapes oferece uma gama premium de vapes descart\u00e1veis, e-l\u00edquidos e acess\u00f3rios que os clientes adoram - tornando muito f\u00e1cil para os afiliados ganharem comiss\u00f5es. Com produtos de venda quente, altas taxas de convers\u00e3o e novas promo\u00e7\u00f5es todos os meses, a parceria com AIVIOU Vapes significa que seus ganhos podem aumentar rapidamente. \ud83d\udca8<\/p>\n<p><strong>Inscreva-se hoje e comece a ganhar com AIVIOU Vapes - onde o sabor encontra o lucro!<\/strong><\/p>\n<a href=\"https:\/\/ui.awin.com\/express-signup\/us\/awin\/121568\/d01af3da-9031-45f4-bc25-92d66ffdc756?t=VVP9UbjOfvjddyNyvkNBB71Pni2G_dqZqpIZPRdRWII\" target=\"_blank\" class=\"button primary\" rel=\"noopener\">\n\t\t<span>Afiliar-se \u00e0 Aiviou Vapes<\/span>\n\t<\/a>","protected":false},"excerpt":{"rendered":"<p>\ud83c\udf9f\ufe0f Coupon Code \ud83d\udcb0 Discount \ud83d\uded2 Minimum Order \ud83d\udcc5 Valid Until \ud83e\udded Description \ud83d\udce2 Suggested Ad Line BULKSAVE300 2% OFF \u20ac300+ Dec 31, 2026 Save big when you order over \u20ac300! \ud83d\udcb8 Spend Smart, Save More! Get 2% OFF orders above \u20ac300. BULKSAVE 3% OFF \u20ac500+ Dec 31, 2026 Enjoy bigger savings for orders over [&#8230;]\n","protected":false},"author":1,"featured_media":0,"parent":0,"menu_order":0,"comment_status":"closed","ping_status":"closed","template":"page-blank-title-center.php","meta":{"footnotes":""},"class_list":["post-5173","page","type-page","status-publish","hentry"],"jetpack_sharing_enabled":true,"_links":{"self":[{"href":"https:\/\/aiviouvapes.com\/pt\/wp-json\/wp\/v2\/pages\/5173","targetHints":{"allow":["GET"]}}],"collection":[{"href":"https:\/\/aiviouvapes.com\/pt\/wp-json\/wp\/v2\/pages"}],"about":[{"href":"https:\/\/aiviouvapes.com\/pt\/wp-json\/wp\/v2\/types\/page"}],"author":[{"embeddable":true,"href":"https:\/\/aiviouvapes.com\/pt\/wp-json\/wp\/v2\/users\/1"}],"replies":[{"embeddable":true,"href":"https:\/\/aiviouvapes.com\/pt\/wp-json\/wp\/v2\/comments?post=5173"}],"version-history":[{"count":8,"href":"https:\/\/aiviouvapes.com\/pt\/wp-json\/wp\/v2\/pages\/5173\/revisions"}],"predecessor-version":[{"id":105685,"href":"https:\/\/aiviouvapes.com\/pt\/wp-json\/wp\/v2\/pages\/5173\/revisions\/105685"}],"wp:attachment":[{"href":"https:\/\/aiviouvapes.com\/pt\/wp-json\/wp\/v2\/media?parent=5173"}],"curies":[{"name":"wp","href":"https:\/\/api.w.org\/{rel}","templated":true}]}}