{"id":4558,"date":"2024-08-21T10:35:58","date_gmt":"2024-08-21T10:35:58","guid":{"rendered":"https:\/\/aiviouvapes.com\/?page_id=4558"},"modified":"2024-11-29T02:58:48","modified_gmt":"2024-11-28T18:58:48","slug":"payment-method","status":"publish","type":"page","link":"https:\/\/aiviouvapes.com\/pt\/payment-method\/","title":{"rendered":"M\u00e9todo de pagamento"},"content":{"rendered":"<div class=\"row\"  id=\"row-2077653538\">\n\n\t<div id=\"col-34619914\" class=\"col medium-6 small-12 large-6\"  >\n\t\t\t\t<div class=\"col-inner\"  >\n\t\t\t\n\t\t\t\n<p>Bem-vindo ao <strong>AiviouVape<\/strong> \u2013 seu destino global confi\u00e1vel para produtos descart\u00e1veis de vape de alta qualidade. Com envio para todo o mundo, estamos comprometidos em atender clientes em todo o mundo.<\/p>\n<p><strong>Na AiviouVape, priorizamos conveni\u00eancia e seguran\u00e7a para aprimorar sua jornada de compras. Oferecemos uma variedade de op\u00e7\u00f5es de pagamento para atender \u00e0s suas necessidades:<\/strong><\/p>\n<p>1. **PayPal**: aproveite pagamentos seguros e f\u00e1ceis com o PayPal em nossa plataforma. <strong>(20% IVA)<\/strong><\/p>\n<p>2. **Cart\u00e3o de cr\u00e9dito**: Aceitamos todos os principais cart\u00f5es de cr\u00e9dito, garantindo uma experi\u00eancia de pagamento simples e confi\u00e1vel. <strong>(20% IVA)<\/strong><\/p>\n<p>3. **Transfer\u00eancia banc\u00e1ria**: Para aqueles que preferem m\u00e9todos tradicionais, oferecemos suporte a transfer\u00eancias banc\u00e1rias como uma op\u00e7\u00e3o segura. <strong>(SEM IVA)<\/strong><\/p>\n<p>4. **Criptomoeda**: adote as finan\u00e7as modernas com nossa op\u00e7\u00e3o de pagamento em criptomoeda. <strong>(SEM IVA)<\/strong><\/p>\n<p>5. **Wise Transfer**: beneficie-se de pagamentos econ\u00f4micos e eficientes usando a Wise Transfer. <strong>(SEM IVA)<\/strong><\/p>\n<p>Se voc\u00ea tiver alguma d\u00favida ou solicita\u00e7\u00e3o de pagamento espec\u00edfica, entre em contato com nossa equipe de atendimento ao cliente. Estamos aqui para garantir sua experi\u00eancia com <strong>AiviouVape<\/strong> \u00e9 suave, seguro e satisfat\u00f3rio.<\/p>\n<p><strong>Obrigado por confiar na AiviouVape como sua fonte de produtos descart\u00e1veis para vaporizar de qualidade.<\/strong><\/p>\n\t\t<\/div>\n\t\t\t\t\t<\/div>\n\n\t\n\n\t<div id=\"col-1542799691\" class=\"col medium-6 small-12 large-6\"  >\n\t\t\t\t<div class=\"col-inner\"  >\n\t\t\t\n\t\t\t\n\t<div class=\"img has-hover x md-x lg-x y md-y lg-y\" id=\"image_1537658809\">\n\t\t\t\t\t\t\t\t<div class=\"img-inner dark\" >\n\t\t\t<img loading=\"lazy\" decoding=\"async\" width=\"1020\" height=\"797\" src=\"https:\/\/i0.wp.com\/aiviouvapes.com\/wp-content\/uploads\/2024\/08\/%E5%AE%A3%E4%BC%A0%E5%9B%BE2-2.jpg?fit=1020%2C797&amp;ssl=1\" class=\"attachment-large size-large\" alt=\"M\u00e9todo de pagamento\" title=\"\">\t\t\t\t\t\t\n\t\t\t\t\t<\/div>\n\t\t\t\t\t\t\t\t\n<style>\n#image_1537658809 {\n  width: 100%;\n}\n<\/style>\n\t<\/div>\n\t\n\t\t<\/div>\n\t\t\t\t\t<\/div>\n\n\t\n<\/div>\n<div class=\"row align-middle\"  id=\"row-1082136233\">\n\n\t<div id=\"col-616686913\" class=\"col small-12 large-12\"  >\n\t\t\t\t<div class=\"col-inner text-center\"  >\n\t\t\t\n\t\t\t\n<a href=\"https:\/\/aiviouvapes.com\/pt\/shop\/\" class=\"button primary is-shade is-larger box-shadow-4 box-shadow-5-hover\" style=\"border-radius:10px;\">\n\t\t<span>Compre agora<\/span>\n\t<\/a>\n\n\t\t<\/div>\n\t\t\t\t\n<style>\n#col-616686913 > .col-inner {\n  padding: 20px 0px 0px 0px;\n}\n<\/style>\n\t<\/div>\n\n\t\n<\/div>","protected":false},"excerpt":{"rendered":"","protected":false},"author":1,"featured_media":0,"parent":0,"menu_order":0,"comment_status":"closed","ping_status":"closed","template":"page-blank-title-center.php","meta":{"footnotes":""},"class_list":["post-4558","page","type-page","status-publish","hentry"],"jetpack_sharing_enabled":true,"_links":{"self":[{"href":"https:\/\/aiviouvapes.com\/pt\/wp-json\/wp\/v2\/pages\/4558","targetHints":{"allow":["GET"]}}],"collection":[{"href":"https:\/\/aiviouvapes.com\/pt\/wp-json\/wp\/v2\/pages"}],"about":[{"href":"https:\/\/aiviouvapes.com\/pt\/wp-json\/wp\/v2\/types\/page"}],"author":[{"embeddable":true,"href":"https:\/\/aiviouvapes.com\/pt\/wp-json\/wp\/v2\/users\/1"}],"replies":[{"embeddable":true,"href":"https:\/\/aiviouvapes.com\/pt\/wp-json\/wp\/v2\/comments?post=4558"}],"version-history":[{"count":0,"href":"https:\/\/aiviouvapes.com\/pt\/wp-json\/wp\/v2\/pages\/4558\/revisions"}],"wp:attachment":[{"href":"https:\/\/aiviouvapes.com\/pt\/wp-json\/wp\/v2\/media?parent=4558"}],"curies":[{"name":"wp","href":"https:\/\/api.w.org\/{rel}","templated":true}]}}