{"id":10,"date":"2024-08-12T12:49:21","date_gmt":"2024-08-12T12:49:21","guid":{"rendered":"https:\/\/aiviouvapes.com\/?page_id=10"},"modified":"2024-12-26T09:53:11","modified_gmt":"2024-12-26T01:53:11","slug":"refund_returns","status":"publish","type":"page","link":"https:\/\/aiviouvapes.com\/pt\/refund_returns\/","title":{"rendered":"Pol\u00edtica de reembolso e devolu\u00e7\u00e3o"},"content":{"rendered":"<h2 class=\"wp-block-heading\">Pol\u00edtica de reembolso da AiviouVape<\/h2>\r\n<p><strong>Pol\u00edtica de devolu\u00e7\u00e3o em 7 dias<\/strong><\/p>\r\n<p>Na AiviouVape, temos o prazer de oferecer uma pol\u00edtica de devolu\u00e7\u00e3o de 7 dias. Isto significa que a partir do dia em que receber o seu artigo, tem sete dias para iniciar um pedido de devolu\u00e7\u00e3o se n\u00e3o estiver satisfeito com a sua compra.<\/p>\r\n<p><strong>Elegibilidade da devolu\u00e7\u00e3o<\/strong><\/p>\r\n<p>Para poder ser devolvido, o artigo deve permanecer nas condi\u00e7\u00f5es em que foi recebido - sem uso, com as etiquetas coladas e na embalagem original. Certifique-se de que tem o recibo ou a prova de compra para facilitar o processo de devolu\u00e7\u00e3o.<\/p>\r\n<p><strong>Como iniciar uma devolu\u00e7\u00e3o<\/strong><\/p>\r\n<p>Se pretender iniciar uma devolu\u00e7\u00e3o, contacte-nos atrav\u00e9s do endere\u00e7o support@aiviouvape.com. Assim que a sua devolu\u00e7\u00e3o for aprovada, forneceremos uma etiqueta de devolu\u00e7\u00e3o pr\u00e9-paga e instru\u00e7\u00f5es sobre como enviar a sua encomenda. As devolu\u00e7\u00f5es enviadas sem autoriza\u00e7\u00e3o pr\u00e9via n\u00e3o ser\u00e3o aceites, por isso, contacte-nos primeiro.<\/p>\r\n<p><strong>Comunica\u00e7\u00e3o de danos e problemas<\/strong><\/p>\r\n<p>Recomendamos-lhe que inspeccione a sua encomenda assim que esta chegar. Se descobrir que o artigo est\u00e1 danificado, defeituoso ou incorreto, contacte-nos imediatamente para que possamos resolver o problema rapidamente.<\/p>\r\n<p><strong>Artigos n\u00e3o eleg\u00edveis para devolu\u00e7\u00e3o<\/strong><\/p>\r\n<p>Certos produtos n\u00e3o s\u00e3o eleg\u00edveis para devolu\u00e7\u00e3o, incluindo produtos perec\u00edveis, artigos feitos por medida, artigos de cuidados pessoais, materiais perigosos e l\u00edquidos ou gases inflam\u00e1veis. Se n\u00e3o tiver a certeza sobre a elegibilidade de um artigo espec\u00edfico, contacte-nos para obter esclarecimentos.<\/p>\r\n<p><strong>Processo de interc\u00e2mbio<\/strong><\/p>\r\n<p>Para efetuar trocas, recomendamos que devolva primeiro o artigo original. Quando a devolu\u00e7\u00e3o for aprovada, pode efetuar uma encomenda separada do novo artigo para garantir um processamento r\u00e1pido.<\/p>\r\n<p><strong>Per\u00edodo de reflex\u00e3o de 14 dias para os clientes da UE<\/strong><\/p>\r\n<p>Para os clientes da Uni\u00e3o Europeia, oferecemos um per\u00edodo de reflex\u00e3o de 14 dias. Isto significa que pode cancelar ou devolver a sua encomenda no prazo de 14 dias ap\u00f3s a rece\u00e7\u00e3o da mesma, sem necessidade de indicar um motivo. Os artigos devem estar no seu estado original, sem terem sido utilizados, com as etiquetas coladas e na sua embalagem original. Tamb\u00e9m ser\u00e1 necess\u00e1rio um recibo ou prova de compra.<\/p>\r\n<p><strong>Processo de reembolso<\/strong><\/p>\r\n<p>Depois de recebermos e inspeccionarmos a sua devolu\u00e7\u00e3o, inform\u00e1-lo-emos do estado de aprova\u00e7\u00e3o do reembolso. Se for aprovado, processaremos o reembolso para o seu m\u00e9todo de pagamento original no prazo de 10 dias \u00fateis. Tenha em aten\u00e7\u00e3o que o banco ou a operadora do cart\u00e3o de cr\u00e9dito poder\u00e1 necessitar de mais tempo para concluir o reembolso. Se n\u00e3o receber o seu reembolso no prazo de 15 dias \u00fateis ap\u00f3s a aprova\u00e7\u00e3o, contacte-nos atrav\u00e9s do endere\u00e7o support@aiviouvape.com.<\/p>\r\n<p><strong>Obrigado por ter escolhido a AiviouVape. A sua satisfa\u00e7\u00e3o continua a ser a nossa principal prioridade.<\/strong><\/p>\r\n\r\n<div class=\"row align-middle\"  id=\"row-29947648\"> \n\t<div id=\"col-1483627109\" class=\"col small-12 large-12\"  >\n\t\t\t\t<div class=\"col-inner text-center\"  >\n\t\t\t\n\t\t\t <a href=\"https:\/\/aiviouvapes.com\/pt\/shop\/\" class=\"button primary is-shade is-larger box-shadow-4 box-shadow-5-hover\" style=\"border-radius:10px;\">\n\t\t<span>Compre agora<\/span>\n\t<\/a>\n \t\t<\/div>\n\t\t\t\t\n<style>\n#col-1483627109 > .col-inner {\n  padding: 20px 0px 0px 0px;\n}\n<\/style>\n\t<\/div>\n\n\t <\/div>","protected":false},"excerpt":{"rendered":"<p>AiviouVape Refund Policy 7-Day Return Policy We at AiviouVape are pleased to offer a 7-day return policy. This means that from the day you receive your item, you have seven days to initiate a return request if you are unsatisfied with your purchase. Return Eligibility To qualify for a return, your item must remain in [&#8230;]\n","protected":false},"author":1,"featured_media":0,"parent":0,"menu_order":0,"comment_status":"closed","ping_status":"closed","template":"page-blank-title-center.php","meta":{"footnotes":""},"class_list":["post-10","page","type-page","status-publish","hentry"],"jetpack_sharing_enabled":true,"_links":{"self":[{"href":"https:\/\/aiviouvapes.com\/pt\/wp-json\/wp\/v2\/pages\/10","targetHints":{"allow":["GET"]}}],"collection":[{"href":"https:\/\/aiviouvapes.com\/pt\/wp-json\/wp\/v2\/pages"}],"about":[{"href":"https:\/\/aiviouvapes.com\/pt\/wp-json\/wp\/v2\/types\/page"}],"author":[{"embeddable":true,"href":"https:\/\/aiviouvapes.com\/pt\/wp-json\/wp\/v2\/users\/1"}],"replies":[{"embeddable":true,"href":"https:\/\/aiviouvapes.com\/pt\/wp-json\/wp\/v2\/comments?post=10"}],"version-history":[{"count":0,"href":"https:\/\/aiviouvapes.com\/pt\/wp-json\/wp\/v2\/pages\/10\/revisions"}],"wp:attachment":[{"href":"https:\/\/aiviouvapes.com\/pt\/wp-json\/wp\/v2\/media?parent=10"}],"curies":[{"name":"wp","href":"https:\/\/api.w.org\/{rel}","templated":true}]}}