{"id":96838,"date":"2025-12-30T14:56:43","date_gmt":"2025-12-30T06:56:43","guid":{"rendered":"https:\/\/aiviouvapes.com\/?post_type=product&#038;p=96838"},"modified":"2026-03-07T11:30:34","modified_gmt":"2026-03-07T03:30:34","slug":"poco-sc30000","status":"publish","type":"product","link":"https:\/\/aiviouvapes.com\/pl\/product\/poco-sc30000\/","title":{"rendered":"POCO SC30000 | 30000 zaci\u0105gni\u0119\u0107, 30 ml, akumulator o du\u017cej pojemno\u015bci, jednorazowy vape luzem"},"content":{"rendered":"<h2>Jednorazowy vape POCO SC30000 w sprzeda\u017cy<\/h2>\n<p>Jednorazowy vape POCO SC30000 jest przeznaczony dla u\u017cytkownik\u00f3w, kt\u00f3rzy chc\u0105 <strong>maksymalna liczba zaci\u0105gni\u0119\u0107, bogaty smak i niezawodne dzia\u0142anie<\/strong>. Z maksymalnie <strong>30000 zaci\u0105gni\u0119\u0107<\/strong> oraz <strong>du\u017ca pojemno\u015b\u0107 e-p\u0142ynu 30 ml<\/strong>, To urz\u0105dzenie jest idealne zar\u00f3wno dla os\u00f3b intensywnie korzystaj\u0105cych z e-papieros\u00f3w, jak i dla sklep\u00f3w z e-papierosami poszukuj\u0105cych produktu ciesz\u0105cego si\u0119 du\u017cym popytem.<br \/>\nWysy\u0142ka bezpo\u015brednio z <strong>Lokalny magazyn UE<\/strong>, zapewnia szybk\u0105 dostaw\u0119 (3\u20135 dni roboczych) do wi\u0119kszo\u015bci kraj\u00f3w UE.<\/p>\n<h3>Dlaczego warto wybra\u0107 POCO SC30000?<\/h3>\n<ul>\n<li>\ud83d\udd25 Do 30 000 zaci\u0105gni\u0119\u0107 dla wyj\u0105tkowo d\u0142ugiego u\u017cytkowania<\/li>\n<li>\ud83d\udca7 Du\u017cy zbiornik na e-liquid o pojemno\u015bci 30 ml, dzi\u0119ki czemu rzadziej trzeba go wymienia\u0107<\/li>\n<li>\ud83d\udd0b Akumulator umo\u017cliwiaj\u0105cy pe\u0142ne wykorzystanie e-p\u0142ynu<\/li>\n<li>\ud83c\udf08 15 popularnych smak\u00f3w, kt\u00f3re zaspokoj\u0105 r\u00f3\u017cne preferencje smakowe<\/li>\n<li>\ud83d\udc41\ufe0f Widoczny poziom e-p\u0142ynu u\u0142atwia sprawdzanie jego ilo\u015bci<\/li>\n<li>\ud83d\udce6 Opakowania hurtowe dla sklep\u00f3w z e-papierosami i dystrybutor\u00f3w<\/li>\n<li>\ud83d\ude9a Wysy\u0142ka z magazynu UE z szybk\u0105 dostaw\u0105 w ci\u0105gu 3\u20135 dni<\/li>\n<\/ul>\n<h3>POCO SC30000 Dane techniczne<\/h3>\n<table>\n<tbody>\n<tr>\n<td>Model<\/td>\n<td>POCO SC30000<\/td>\n<\/tr>\n<tr>\n<td>Liczba zaci\u0105gni\u0119\u0107<\/td>\n<td>Do 30000 zaci\u0105gni\u0119\u0107<\/td>\n<\/tr>\n<tr>\n<td>Pojemno\u015b\u0107 E-Liquid<\/td>\n<td>30 ml<\/td>\n<\/tr>\n<tr>\n<td>Si\u0142a nikotyny<\/td>\n<td>5%<\/td>\n<\/tr>\n<tr>\n<td>Bateria<\/td>\n<td>Akumulator<\/td>\n<\/tr>\n<tr>\n<td>Smaki<\/td>\n<td>15 dost\u0119pnych opcji<\/td>\n<\/tr>\n<tr>\n<td>Rozmiar<\/td>\n<td>23,3 \u00d7 131,3 mm<\/td>\n<\/tr>\n<tr>\n<td>Wsparcie OEM<\/td>\n<td>Tak<\/td>\n<\/tr>\n<tr>\n<td>Pakowanie<\/td>\n<td>1 sztuka\/opakowanie, 10 sztuk\/pude\u0142ko ekspozycyjne<\/td>\n<\/tr>\n<\/tbody>\n<\/table>\n<h3>POCO SC30K Dost\u0119pne smaki \ud83c\udf53\ud83c\udf49\ud83c\udf4d<\/h3>\n<ul>\n<li><strong>Aloe Grape<\/strong> \u2013 Delikatny smak winogron z nut\u0105 \u015bwie\u017cego aloesu w finiszu<\/li>\n<li><strong>Arbuz truskawkowy<\/strong> \u2013 S\u0142odka i soczysta letnia mieszanka<\/li>\n<li><strong>Kwa\u015bne jab\u0142ko<\/strong> \u2013 Kwaskowate jab\u0142ko o chrupi\u0105cej konsystencji<\/li>\n<li><strong>Potr\u00f3jny Melon<\/strong> \u2013 Mieszanka smak\u00f3w melona, ch\u0142odna i orze\u017awiaj\u0105ca<\/li>\n<li><strong>Ananas Kokos<\/strong> \u2013 Tropikalny i kremowy smak wyspy<\/li>\n<li><strong>Truskawka Malina Kiwi<\/strong> \u2013 Zr\u00f3wnowa\u017cona mieszanka s\u0142odkich i kwa\u015bnych owoc\u00f3w<\/li>\n<li><strong>Ch\u0142odna Mi\u0119ta<\/strong> \u2013 Czysty, lodowaty i orze\u017awiaj\u0105cy<\/li>\n<li><strong>Jagoda Malina Cytryna<\/strong> \u2013 S\u0142odki smak jag\u00f3d z cytrusow\u0105 nut\u0105<\/li>\n<li><strong>Cherry Cola<\/strong> \u2013 Klasyczny smak inspirowany napojami gazowanymi<\/li>\n<li><strong>Mleko bananowe<\/strong> \u2013 G\u0142adki i kremowy deserowy vape<\/li>\n<li><strong>Arbuzowa guma balonowa<\/strong> \u2013 S\u0142odki arbuz o smaku cukierk\u00f3w<\/li>\n<li><strong>Lemoniada wi\u015bniowo-brzoskwiniowa<\/strong> \u2013 Owocowa mieszanka lemoniady<\/li>\n<li><strong>Jagoda Smocze Owoce<\/strong> \u2013 Egzotyczna mieszanka owoc\u00f3w<\/li>\n<li><strong>Black Ice Dragon Fruit Strawberry<\/strong> \u2013 Lodowa eksplozja owoc\u00f3w<\/li>\n<li><strong>Truskawka Malina Wi\u015bnia<\/strong> \u2013 Potr\u00f3jna s\u0142odycz jag\u00f3d<\/li>\n<\/ul>\n<h3>Idealne dla u\u017cytkownik\u00f3w i hurtowych nabywc\u00f3w<\/h3>\n<p>Model POCO SC30000 to doskona\u0142y wyb\u00f3r dla <strong>osoby intensywnie u\u017cywaj\u0105ce e-papieros\u00f3w<\/strong> kt\u00f3rzy chc\u0105 d\u0142ugotrwa\u0142ej wydajno\u015bci, <strong>poszukiwacze smak\u00f3w<\/strong> kt\u00f3rzy kochaj\u0105 r\u00f3\u017cnorodno\u015b\u0107 i <strong>sklepy z e-papierosami lub dystrybutorzy<\/strong> szukam niezawodnego jednorazowego vape'a. Ka\u017cda partia zawiera <strong>10 sztuk tego samego smaku<\/strong>, co sprawia, \u017ce zarz\u0105dzanie zapasami jest proste i wydajne w przypadku dystrybucji hurtowej.<\/p>\n<h3>POCO SC30000 Cz\u0119sto zadawane pytania \u2753<\/h3>\n<ul>\n<li><strong>Ile urz\u0105dze\u0144 znajduje si\u0119 w jednej partii?<\/strong><br \/>\nJedna partia zawiera 10 sztuk tego samego smaku i koloru.<\/li>\n<li><strong>Czy mog\u0119 miesza\u0107 smaki w jednej partii?<\/strong><br \/>\nNie. W ramach jednej partii mo\u017cna wybra\u0107 tylko jeden smak. Zam\u00f3wienie wielu partii pozwala na wyb\u00f3r wielu smak\u00f3w.<\/li>\n<li><strong>Kt\u00f3re kraje obs\u0142uguj\u0105 wysy\u0142k\u0119 z magazyn\u00f3w UE?<\/strong><br \/>\nBezp\u0142atna lub szybka wysy\u0142ka jest dost\u0119pna do wi\u0119kszo\u015bci kraj\u00f3w UE, w tym Niemiec, Francji, W\u0142och, Hiszpanii, Holandii, Polski, Szwecji i innych.<\/li>\n<li><strong>Jak d\u0142ugi jest czas dostawy?<\/strong><br \/>\nWysy\u0142ka z lokalnego magazynu w UE trwa oko\u0142o 3\u20135 dni roboczych.<\/li>\n<li><strong>Czy obs\u0142ugiwane s\u0105 produkty OEM lub branding?<\/strong><br \/>\nTak, us\u0142ugi OEM s\u0105 dost\u0119pne dla zam\u00f3wie\u0144 hurtowych i zbiorczych.<\/li>\n<\/ul>","protected":false},"excerpt":{"rendered":"<p>Ciesz si\u0119 d\u0142ugotrwa\u0142ym vapowaniem dzi\u0119ki jednorazowemu vape'owi POCO SC30000 \u26a1 30000 zaci\u0105gni\u0119\u0107, 30 ml e-p\u0142ynu, konstrukcja z mo\u017cliwo\u015bci\u0105 ponownego \u0142adowania i szybka dostawa z magazynu w UE dla detalist\u00f3w i hurtownik\u00f3w.<\/p>","protected":false},"featured_media":96844,"comment_status":"open","ping_status":"closed","template":"","meta":[],"product_brand":[232],"product_cat":[36,131],"product_tag":[482,481,483,331,484],"class_list":{"0":"post-96838","1":"product","2":"type-product","3":"status-publish","4":"has-post-thumbnail","6":"product_brand-poco","7":"product_cat-poco","8":"product_cat-30000-puffs-disposable-vape","9":"product_tag-30000-puffs-vape","10":"product_tag-disposable-vape-bulk","11":"product_tag-eu-warehouse-vape","12":"product_tag-rechargeable-disposable-vape","13":"product_tag-wholesale-vape-pen","15":"first","16":"instock","17":"shipping-taxable","18":"purchasable","19":"product-type-variable","20":"has-default-attributes"},"jetpack_sharing_enabled":true,"tiered_pricing_type":"fixed","tiered_pricing_fixed_rules":{"100":8.42999999999999971578290569595992565155029296875,"200":8.28999999999999914734871708787977695465087890625,"500":7.78000000000000024868995751603506505489349365234375},"tiered_pricing_product_settings":{"layout":"default","base_unit_name":{"singular":null,"plural":null},"default_variation":null},"tiered_pricing_minimum_quantity":50,"tiered_pricing_roles_data":[],"tiered_pricing_percentage_rules":[],"tiered_pricing_maximum_quantity":null,"tiered_pricing_quantity_step":"10","_links":{"self":[{"href":"https:\/\/aiviouvapes.com\/pl\/wp-json\/wp\/v2\/product\/96838","targetHints":{"allow":["GET"]}}],"collection":[{"href":"https:\/\/aiviouvapes.com\/pl\/wp-json\/wp\/v2\/product"}],"about":[{"href":"https:\/\/aiviouvapes.com\/pl\/wp-json\/wp\/v2\/types\/product"}],"replies":[{"embeddable":true,"href":"https:\/\/aiviouvapes.com\/pl\/wp-json\/wp\/v2\/comments?post=96838"}],"wp:featuredmedia":[{"embeddable":true,"href":"https:\/\/aiviouvapes.com\/pl\/wp-json\/wp\/v2\/media\/96844"}],"wp:attachment":[{"href":"https:\/\/aiviouvapes.com\/pl\/wp-json\/wp\/v2\/media?parent=96838"}],"wp:term":[{"taxonomy":"product_brand","embeddable":true,"href":"https:\/\/aiviouvapes.com\/pl\/wp-json\/wp\/v2\/product_brand?post=96838"},{"taxonomy":"product_cat","embeddable":true,"href":"https:\/\/aiviouvapes.com\/pl\/wp-json\/wp\/v2\/product_cat?post=96838"},{"taxonomy":"product_tag","embeddable":true,"href":"https:\/\/aiviouvapes.com\/pl\/wp-json\/wp\/v2\/product_tag?post=96838"}],"curies":[{"name":"wp","href":"https:\/\/api.w.org\/{rel}","templated":true}]}}