{"id":96740,"date":"2025-12-30T15:07:32","date_gmt":"2025-12-30T07:07:32","guid":{"rendered":"https:\/\/aiviouvapes.com\/?post_type=product&#038;p=96740"},"modified":"2026-03-17T10:06:24","modified_gmt":"2026-03-17T02:06:24","slug":"bang-king-50k","status":"publish","type":"product","link":"https:\/\/aiviouvapes.com\/pl\/product\/bang-king-50k\/","title":{"rendered":"Bang King 50K | 3 w 1 potr\u00f3jny smak 50000 zaci\u0105gni\u0119\u0107, \u0142adowalny, jednorazowy vape"},"content":{"rendered":"<h2>Bang King Triple 50000 50K zaci\u0105gni\u0119\u0107 jednorazowy vape<\/h2>\n<p>Bang King Triple 50K zosta\u0142 stworzony dla u\u017cytkownik\u00f3w e-papieros\u00f3w, kt\u00f3rzy oczekuj\u0105 d\u0142ugotrwa\u0142ej wydajno\u015bci, elastycznych smak\u00f3w i najwy\u017cszej jako\u015bci pary w jednym wydajnym produkcie jednorazowego u\u017cytku. Dzi\u0119ki pojemno\u015bci do <strong>50000 zaci\u0105gni\u0119\u0107<\/strong>, ogromny <strong>Pojemno\u015b\u0107 e-liquidu 35 ml<\/strong>, oraz innowacyjny <strong>Potr\u00f3jny system smak\u00f3w A \/ B \/ A+B<\/strong>, To urz\u0105dzenie zapewnia swobod\u0119, smak i wytrzyma\u0142o\u015b\u0107 jak nigdy dot\u0105d. \ud83d\ude0d<\/p>\n<h3>Dlaczego warto wybra\u0107 Bang King Triple 50K?<\/h3>\n<ul>\n<li>\ud83d\udd25 Do 50 000 zaci\u0105gni\u0119\u0107 dla d\u0142ugotrwa\u0142ego, beztroskiego vapowania<\/li>\n<li>\ud83c\udfa8 System smak\u00f3w 3 w 1 (A, B lub po\u0142\u0105czone A+B) zapewniaj\u0105cy ca\u0142kowit\u0105 kontrol\u0119 nad smakiem<\/li>\n<li>\ud83d\udca8 Cewki siatkowe 1,0 \u03a9 zapewniaj\u0105ce p\u0142ynn\u0105, bogat\u0105 i sta\u0142\u0105 par\u0119<\/li>\n<li>\ud83d\udd0b Akumulator o pojemno\u015bci 600 mAh z funkcj\u0105 szybkiego \u0142adowania typu C<\/li>\n<li>\ud83d\udcca Inteligentny ekran LED umo\u017cliwiaj\u0105cy sprawdzenie stanu baterii w dowolnym momencie<\/li>\n<li>\ud83d\udca7 Du\u017ca pojemno\u015b\u0107 e-p\u0142ynu 35 ml zapewnia d\u0142ugie sesje<\/li>\n<li>\ud83d\udce6 10 sztuk w pude\u0142ku, idealne dla sklep\u00f3w z e-papierosami i hurtowych nabywc\u00f3w<\/li>\n<li>\u2705 Oryginalne, fabrycznie zapiecz\u0119towane i gotowe do dystrybucji hurtowej<\/li>\n<\/ul>\n<h3>Bang King 50K Dane techniczne<\/h3>\n<table>\n<tbody>\n<tr>\n<td>Liczba puff\u00f3w<\/td>\n<td>Do 50000 zaci\u0105gni\u0119\u0107<\/td>\n<\/tr>\n<tr>\n<td>Pojemno\u015b\u0107 e-p\u0142ynu<\/td>\n<td>35 ml<\/td>\n<\/tr>\n<tr>\n<td>Si\u0142a nikotyny<\/td>\n<td>2% \/ 3% \/ 5%<\/td>\n<\/tr>\n<tr>\n<td>System smak\u00f3w<\/td>\n<td>A \/ B \/ A+B (3 w 1)<\/td>\n<\/tr>\n<tr>\n<td>Typ cewki<\/td>\n<td>Cewka o oczkach 1,0\u03a9<\/td>\n<\/tr>\n<tr>\n<td>Bateria<\/td>\n<td>600mAh akumulator<\/td>\n<\/tr>\n<tr>\n<td>\u0141adowanie<\/td>\n<td>Szybkie \u0142adowanie typu C<\/td>\n<\/tr>\n<tr>\n<td>Wy\u015bwietlacz<\/td>\n<td>Ekran LED<\/td>\n<\/tr>\n<tr>\n<td>Smaki<\/td>\n<td>12 dost\u0119pnych opcji<\/td>\n<\/tr>\n<tr>\n<td>Pakowanie<\/td>\n<td>10 sztuk w opakowaniu<\/td>\n<\/tr>\n<\/tbody>\n<\/table>\n<h3>Bang King 50K Opcje smak\u00f3w \ud83c\udf53\u2744\ufe0f\ud83c\udf4d<\/h3>\n<ul>\n<li><strong>Blue Razz Ice + Lush Ice:<\/strong> S\u0142odka niebieska malina spotyka si\u0119 z lodowat\u0105 \u015bwie\u017co\u015bci\u0105 arbuza<\/li>\n<li><strong>Lody truskawkowe + lody arbuzowe:<\/strong> Owocowa s\u0142odycz z ch\u0142odnym finiszem<\/li>\n<li><strong>Lody brzoskwiniowe + lody mango:<\/strong> Delikatna tropikalna mieszanka z lodowymi nutami<\/li>\n<li><strong>Arbuzowy l\u00f3d + brzoskwinia i mango:<\/strong> Soczyste po\u0142\u0105czenie owoc\u00f3w o orze\u017awiaj\u0105cej r\u00f3wnowadze smakowej<\/li>\n<li><strong>Truskawka, arbuz + Red Bull:<\/strong> Owocowa mieszanka energetyczna<\/li>\n<li><strong>Mieszanka jag\u00f3d + lody wi\u015bniowe:<\/strong> Odwa\u017cna mieszanka jag\u00f3d z ch\u0142odnym akcentem wi\u015bniowym<\/li>\n<li><strong>Kiwi, marakuja, guawa + truskawka Kiwi:<\/strong> Eksplozja egzotycznych tropikalnych smak\u00f3w<\/li>\n<li><strong>Lody bananowe + lody truskawkowe:<\/strong> Kremowy banan ze s\u0142odk\u0105 truskawkow\u0105 nut\u0105<\/li>\n<li><strong>Podw\u00f3jne jab\u0142ko + lody winogronowe:<\/strong> Klasyczny smak jab\u0142ka z lodowym akcentem winogronowym<\/li>\n<li><strong>Pina Colada + owoce tropikalne:<\/strong> Tropikalne doznania zwi\u0105zane z vapowaniem w stylu pla\u017cowym<\/li>\n<li><strong>Lemon Lime + Mr Blue:<\/strong> \u015awie\u017co\u015b\u0107 cytrus\u00f3w z ch\u0142odnym finiszem jagodowym<\/li>\n<li><strong>Ch\u0142odna mi\u0119ta + jagodowy l\u00f3d:<\/strong> Czysta mi\u0119ta zmieszana z lodowatymi jagodami<\/li>\n<\/ul>\n<h3>Bang King 50K FAQ \u2753<\/h3>\n<p><strong>Jak dzia\u0142a system smakowy 3 w 1?<\/strong><br \/>\nMo\u017cesz prze\u0142\u0105cza\u0107 si\u0119 mi\u0119dzy smakiem A, smakiem B lub cieszy\u0107 si\u0119 mieszank\u0105 A+B, aby uzyska\u0107 wyj\u0105tkowy smak.<\/p>\n<p><strong>Czy to urz\u0105dzenie jest \u0142adowalne?<\/strong><br \/>\nTak \ud83d\udc4d Wyposa\u017cony jest w akumulator o pojemno\u015bci 600 mAh z funkcj\u0105 szybkiego \u0142adowania typu C.<\/p>\n<p><strong>Czy model Bang King Triple 50K nadaje si\u0119 do sprzeda\u017cy hurtowej?<\/strong><br \/>\nOczywi\u015bcie. Dzi\u0119ki 10 sztukom w opakowaniu i wysokiemu popytowi na rynku, produkt ten idealnie nadaje si\u0119 dla dystrybutor\u00f3w i sklep\u00f3w z e-papierosami.<\/p>\n<p><strong>Dla kogo ten vape jest najlepszy?<\/strong><br \/>\nJest idealny dla os\u00f3b intensywnie korzystaj\u0105cych z urz\u0105dzenia, poszukiwaczy nowych smak\u00f3w oraz wszystkich, kt\u00f3rzy oczekuj\u0105 d\u0142ugotrwa\u0142ej wydajno\u015bci i elastycznych opcji smakowych.<\/p>\n<p>&nbsp;<\/p>\n<p>Jednorazowy vape Bang King Triple 50K puffs to najlepszy wyb\u00f3r dla u\u017cytkownik\u00f3w, kt\u00f3rzy wymagaj\u0105 trwa\u0142o\u015bci, r\u00f3\u017cnorodno\u015bci smak\u00f3w i inteligentnego projektu. Niezale\u017cnie od tego, czy jeste\u015b u\u017cytkownikiem indywidualnym poszukuj\u0105cym trwa\u0142ego vape'a, czy sklepem vape'owym poszukuj\u0105cym niezawodnych produkt\u00f3w hurtowych, to urz\u0105dzenie zapewnia wysok\u0105 wydajno\u015b\u0107 i doskona\u0142\u0105 warto\u015b\u0107. \ud83d\udc8e<\/p>","protected":false},"excerpt":{"rendered":"<p>Ciesz si\u0119 ogromn\u0105 liczb\u0105 50 000 zaci\u0105gni\u0119\u0107 dzi\u0119ki Bang King Triple 50K z inteligentnym systemem smak\u00f3w 3 w 1, p\u0142ynnymi cewkami siatkowymi i mo\u017cliwo\u015bci\u0105 \u0142adowania. Idealny dla os\u00f3b intensywnie korzystaj\u0105cych z urz\u0105dze\u0144 i kupuj\u0105cych hurtowo produkty do wapowania. \ud83d\ude80<\/p>","protected":false},"featured_media":96743,"comment_status":"open","ping_status":"closed","template":"","meta":[],"product_brand":[239],"product_cat":[37,219,242],"product_tag":[476,477,475,478,396],"class_list":{"0":"post-96740","1":"product","2":"type-product","3":"status-publish","4":"has-post-thumbnail","6":"product_brand-bang","7":"product_cat-bang","8":"product_cat-40000-puffs-disposable-vape","9":"product_cat-60000-puffs-disposable-vape","10":"product_tag-3-in-1-flavor-disposable-vape","11":"product_tag-50000-puffs-rechargeable-vape","12":"product_tag-bang-king-50k-disposable-vape","13":"product_tag-high-puff-disposable-vape","14":"product_tag-wholesale-disposable-vape","16":"first","17":"instock","18":"shipping-taxable","19":"purchasable","20":"product-type-variable","21":"has-default-attributes"},"jetpack_sharing_enabled":true,"tiered_pricing_type":"fixed","tiered_pricing_fixed_rules":{"30":7.839999999999999857891452847979962825775146484375,"50":6.29000000000000003552713678800500929355621337890625,"100":5.769999999999999573674358543939888477325439453125,"200":5.37999999999999989341858963598497211933135986328125,"400":4.79999999999999982236431605997495353221893310546875},"tiered_pricing_product_settings":{"layout":"default","base_unit_name":{"singular":null,"plural":null},"default_variation":null},"tiered_pricing_minimum_quantity":10,"tiered_pricing_roles_data":[],"tiered_pricing_percentage_rules":[],"tiered_pricing_maximum_quantity":null,"tiered_pricing_quantity_step":"10","_links":{"self":[{"href":"https:\/\/aiviouvapes.com\/pl\/wp-json\/wp\/v2\/product\/96740","targetHints":{"allow":["GET"]}}],"collection":[{"href":"https:\/\/aiviouvapes.com\/pl\/wp-json\/wp\/v2\/product"}],"about":[{"href":"https:\/\/aiviouvapes.com\/pl\/wp-json\/wp\/v2\/types\/product"}],"replies":[{"embeddable":true,"href":"https:\/\/aiviouvapes.com\/pl\/wp-json\/wp\/v2\/comments?post=96740"}],"wp:featuredmedia":[{"embeddable":true,"href":"https:\/\/aiviouvapes.com\/pl\/wp-json\/wp\/v2\/media\/96743"}],"wp:attachment":[{"href":"https:\/\/aiviouvapes.com\/pl\/wp-json\/wp\/v2\/media?parent=96740"}],"wp:term":[{"taxonomy":"product_brand","embeddable":true,"href":"https:\/\/aiviouvapes.com\/pl\/wp-json\/wp\/v2\/product_brand?post=96740"},{"taxonomy":"product_cat","embeddable":true,"href":"https:\/\/aiviouvapes.com\/pl\/wp-json\/wp\/v2\/product_cat?post=96740"},{"taxonomy":"product_tag","embeddable":true,"href":"https:\/\/aiviouvapes.com\/pl\/wp-json\/wp\/v2\/product_tag?post=96740"}],"curies":[{"name":"wp","href":"https:\/\/api.w.org\/{rel}","templated":true}]}}