{"id":96688,"date":"2025-12-30T15:15:03","date_gmt":"2025-12-30T07:15:03","guid":{"rendered":"https:\/\/aiviouvapes.com\/?post_type=product&#038;p=96688"},"modified":"2026-03-04T12:06:05","modified_gmt":"2026-03-04T04:06:05","slug":"bang-legend-geek-60k","status":"publish","type":"product","link":"https:\/\/aiviouvapes.com\/pl\/product\/bang-legend-geek-60k\/","title":{"rendered":"Bang Legend Geek 60K | regulowany przep\u0142yw powietrza i tryb turbo, 60000 zaci\u0105gni\u0119\u0107, du\u017ca pojemno\u015b\u0107, jednorazowy vape"},"content":{"rendered":"<h2>Bang Legend Geek 60000 60K puff jednorazowy vape - moc, kontrola i wytrzyma\u0142o\u015b\u0107<\/h2>\n<p>Jednorazowy vape Bang Legend Geek 60000 jest przeznaczony dla vaper\u00f3w, kt\u00f3rzy chc\u0105 <strong>maksymalna liczba zaci\u0105gni\u0119\u0107<\/strong> z <strong>Inteligentne dostosowywanie<\/strong>. Dzi\u0119ki nawet 60 000 zaci\u0105gni\u0119\u0107, regulowanemu przep\u0142ywowi powietrza i wyj\u0105tkowemu trybowi Turbo, urz\u0105dzenie to zapewnia pot\u0119\u017cne, ale p\u0142ynne doznania podczas waporyzacji od pierwszego do ostatniego zaci\u0105gni\u0119cia \ud83d\udca8.<\/p>\n<p>Wyposa\u017cony w du\u017c\u0105 pojemno\u015b\u0107 19 ml e-liquidu i zaawansowan\u0105 cewk\u0119 siatkow\u0105 1,0 \u03a9, zapewnia bogaty smak, g\u0119st\u0105 par\u0119 i sta\u0142\u0105 wydajno\u015b\u0107. Akumulator o pojemno\u015bci 850 mAh z szybkim \u0142adowaniem typu C pozwala na d\u0142u\u017csze wapowanie bez przestoj\u00f3w \ud83d\udd0b.<\/p>\n<h3>Dlaczego warto wybra\u0107 Bang Legend Geek 60000?<\/h3>\n<ul>\n<li>Do 60 000 zaci\u0105gni\u0119\u0107 dla bardzo d\u0142ugiego u\u017cytkowania<\/li>\n<li>Regulowany przep\u0142yw powietrza dla ciasnych lub przewiewnych rysunk\u00f3w<\/li>\n<li>Tryb Turbo dla mocniejszych uderze\u0144 i wi\u0119kszych chmur<\/li>\n<li>Du\u017ca pojemno\u015b\u0107 e-liquidu wynosz\u0105ca 19 ml zmniejsza liczb\u0119 wymian.<\/li>\n<li>12 popularnych smak\u00f3w, aby zaspokoi\u0107 r\u00f3\u017cne gusta<\/li>\n<li>Przezroczyste okienko e-liquidu do \u0142atwego sprawdzania poziomu soku<\/li>\n<li>10 sztuk w pude\u0142ku, idealne do sprzeda\u017cy detalicznej i hurtowej<\/li>\n<\/ul>\n<h3>Specyfikacja Bang Legend Geek 60K<\/h3>\n<table>\n<tbody>\n<tr>\n<td>Liczba zaci\u0105gni\u0119\u0107<\/td>\n<td>Do 60 000 zaci\u0105gni\u0119\u0107<\/td>\n<\/tr>\n<tr>\n<td>Si\u0142a nikotyny<\/td>\n<td>2% \/ 3% \/ 5%<\/td>\n<\/tr>\n<tr>\n<td>Pojemno\u015b\u0107 E-Liquid<\/td>\n<td>19 ml<\/td>\n<\/tr>\n<tr>\n<td>Typ cewki<\/td>\n<td>Cewka siatkowa 1,0\u03a9<\/td>\n<\/tr>\n<tr>\n<td>Bateria<\/td>\n<td>Akumulator 850 mAh<\/td>\n<\/tr>\n<tr>\n<td>Port \u0142adowania<\/td>\n<td>Szybkie \u0142adowanie typu C<\/td>\n<\/tr>\n<tr>\n<td>Przep\u0142yw powietrza<\/td>\n<td>Regulowany<\/td>\n<\/tr>\n<tr>\n<td>Tryb specjalny<\/td>\n<td>Tryb Turbo<\/td>\n<\/tr>\n<tr>\n<td>Rozmiar<\/td>\n<td>48,5 \u00d7 27 \u00d7 100 mm<\/td>\n<\/tr>\n<tr>\n<td>Opakowanie<\/td>\n<td>10 sztuk \/ pude\u0142ko<\/td>\n<\/tr>\n<\/tbody>\n<\/table>\n<h3>Bang Legend Geek 60K dost\u0119pnych smak\u00f3w \ud83c\udf53\ud83c\udf47\ud83c\udf51<\/h3>\n<ul>\n<li><strong>Arbuz truskawkowy<\/strong> - S\u0142odkie truskawki zmieszane z soczystym arbuzem<\/li>\n<li><strong>L\u00f3d jagodowy<\/strong> - \u015awie\u017ce jagody z ch\u0142odnym, lodowatym wyko\u0144czeniem<\/li>\n<li><strong>Bor\u00f3wka Malina<\/strong> - Zr\u00f3wnowa\u017cona mieszanka s\u0142odkich i cierpkich jag\u00f3d<\/li>\n<li><strong>Owoce truskawki i kiwi<\/strong> - Owocowe i orze\u017awiaj\u0105ce tropikalne po\u0142\u0105czenie<\/li>\n<li><strong>Banan truskawkowy<\/strong> - Kremowy banan z nutami dojrza\u0142ych truskawek<\/li>\n<li><strong>L\u00f3d winogronowy<\/strong> - Odwa\u017cny smak winogron z ch\u0142odz\u0105cym mentolem<\/li>\n<li><strong>Mango truskawkowe<\/strong> - G\u0142adka truskawka \u0142\u0105czy si\u0119 z soczystym mango<\/li>\n<li><strong>Kiwi Passion Fruit Guava<\/strong> - Eksplozja egzotycznych owoc\u00f3w tropikalnych<\/li>\n<li><strong>Mamba<\/strong> - Owocowa s\u0142odycz w stylu cukierk\u00f3w<\/li>\n<li><strong>Love 66<\/strong> - Klasyczna owocowa mieszanka inspirowana shish\u0105<\/li>\n<li><strong>Jagody mieszane<\/strong> - Bogata mieszanka wielu smak\u00f3w jagodowych<\/li>\n<li><strong>L\u00f3d brzoskwiniowy<\/strong> - Soczysta brzoskwinia z orze\u017awiaj\u0105cym lodowym akcentem<\/li>\n<\/ul>\n<h3>Idealny dla u\u017cytkownik\u00f3w i firm<\/h3>\n<p>Bang Legend Geek 60K jest idealny dla <strong>u\u017cytkownicy intensywnie korzystaj\u0105cy<\/strong> kt\u00f3rzy chc\u0105 d\u0142ugotrwa\u0142ej wydajno\u015bci, <strong>poszukiwacze smak\u00f3w<\/strong> kt\u00f3rzy kochaj\u0105 mocny smak i g\u0119st\u0105 par\u0119 oraz <strong>sklepy z e-papierosami lub dystrybutorzy<\/strong> poszukuj\u0105cych produktu jednorazowego u\u017cytku o wysokim popycie \ud83d\udcbc. Jego wysokiej jako\u015bci funkcje i du\u017ca liczba puff\u00f3w sprawiaj\u0105, \u017ce jest to silny sprzedawca zar\u00f3wno na rynku detalicznym, jak i hurtowym.<\/p>\n<h3>Bang Legend Geek 60K FAQs<\/h3>\n<p><strong>Co sprawia, \u017ce Bang Legend Geek 60K r\u00f3\u017cni si\u0119 od zwyk\u0142ych waporyzator\u00f3w jednorazowych?<\/strong><br \/>\nModel Bang Legend Geek 60K oferuje do 60 000 zaci\u0105gni\u0119\u0107, regulowany przep\u0142yw powietrza i tryb Turbo, daj\u0105c u\u017cytkownikom pe\u0142n\u0105 kontrol\u0119 nad si\u0142\u0105 zaci\u0105gania, moc\u0105 pary i intensywno\u015bci\u0105 smaku - funkcje rzadko spotykane w standardowych urz\u0105dzeniach jednorazowych.<\/p>\n<p><strong>Jak dzia\u0142a regulowany przep\u0142yw powietrza?<\/strong><br \/>\nRegulacja przep\u0142ywu powietrza pozwala u\u017cytkownikom prze\u0142\u0105cza\u0107 si\u0119 mi\u0119dzy ciasnym, papierosowym zaci\u0105ganiem si\u0119 a lu\u017anym, przewiewnym wdechem. Dzi\u0119ki temu urz\u0105dzenie nadaje si\u0119 zar\u00f3wno do waporyzacji MTL, jak i DTL.<\/p>\n<p><strong>Czym jest tryb Turbo i kiedy nale\u017cy go u\u017cywa\u0107?<\/strong><br \/>\nTryb Turbo zwi\u0119ksza moc wyj\u015bciow\u0105, zapewniaj\u0105c mocniejsze uderzenia i wi\u0119ksze chmury \u26a1. Jest to idealne rozwi\u0105zanie dla do\u015bwiadczonych u\u017cytkownik\u00f3w, ci\u0119\u017ckich vaper\u00f3w lub ka\u017cdego, kto chce bardziej intensywnych dozna\u0144 smakowych.<\/p>\n<p><strong>Czy smak pozostanie niezmienny przy tak du\u017cej liczbie puff\u00f3w?<\/strong><br \/>\nTak \u2705. Siatkowa cewka 1,0 \u03a9 i du\u017ca pojemno\u015b\u0107 e-liquidu 19 ml zosta\u0142y zaprojektowane w celu utrzymania g\u0142adkiej pary i bogatego smaku od pierwszego do ostatniego zaci\u0105gni\u0119cia.<\/p>\n<p><strong>Jak d\u0142ugo dzia\u0142a bateria i czy mo\u017cna j\u0105 \u0142adowa\u0107?<\/strong><br \/>\nWbudowany akumulator o pojemno\u015bci 850 mAh mo\u017cna w pe\u0142ni na\u0142adowa\u0107 za pomoc\u0105 \u0142adowania typu C, dzi\u0119ki czemu mo\u017cna u\u017cy\u0107 wszystkich 60 000 zaci\u0105gni\u0119\u0107 bez problem\u00f3w z zasilaniem \ud83d\udd0b.<\/p>\n<p><strong>Czy mog\u0119 sprawdzi\u0107, ile e-cieczy pozosta\u0142o?<\/strong><br \/>\nTak. Przezroczyste okienko na e-liquid pozwala u\u017cytkownikom \u0142atwo monitorowa\u0107 poziom soku, pomagaj\u0105c zapobiega\u0107 suchym uderzeniom i poprawiaj\u0105c og\u00f3ln\u0105 niezawodno\u015b\u0107.<\/p>\n<p><strong>Czy to urz\u0105dzenie jest odpowiednie dla sklep\u00f3w detalicznych i hurtowni?<\/strong><br \/>\nAbsolutnie \ud83d\udcbc. Dzi\u0119ki funkcjom o wysokim popycie, 12 popularnym smakom i opakowaniu 10 sztuk w pude\u0142ku, Bang Legend Geek 60K jest doskona\u0142ym wyborem dla sklep\u00f3w vape, dystrybutor\u00f3w i nabywc\u00f3w hurtowych.<\/p>","protected":false},"excerpt":{"rendered":"<p>Do\u015bwiadcz ogromnej wydajno\u015bci dzi\u0119ki jednorazowemu waporyzatorowi Bang Legend Geek 60000 \ud83d\ude80. Wyposa\u017cony w regulowany przep\u0142yw powietrza, tryb Turbo i do 60 000 zaci\u0105gni\u0119\u0107, zosta\u0142 stworzony z my\u015bl\u0105 o d\u0142ugotrwa\u0142ym smaku, g\u0142adkich chmurach i masowych zakupach.<\/p>","protected":false},"featured_media":96729,"comment_status":"open","ping_status":"closed","template":"","meta":[],"product_brand":[239],"product_cat":[37],"product_tag":[473,463,471,472,474],"class_list":{"0":"post-96688","1":"product","2":"type-product","3":"status-publish","4":"has-post-thumbnail","6":"product_brand-bang","7":"product_cat-bang","8":"product_tag-adjustable-airflow-vape","9":"product_tag-bulk-disposable-vape-wholesale","10":"product_tag-disposable-vape-60000-puffs","11":"product_tag-high-capacity-disposable-vape","12":"product_tag-turbo-mode-disposable-vape","14":"first","15":"instock","16":"shipping-taxable","17":"purchasable","18":"product-type-variable","19":"has-default-attributes"},"jetpack_sharing_enabled":true,"tiered_pricing_type":"fixed","tiered_pricing_fixed_rules":{"30":9.07000000000000028421709430404007434844970703125,"50":7.519999999999999573674358543939888477325439453125,"100":7,"200":6.61000000000000031974423109204508364200592041015625,"400":5.8300000000000000710542735760100185871124267578125},"tiered_pricing_product_settings":{"layout":"default","base_unit_name":{"singular":null,"plural":null},"default_variation":null},"tiered_pricing_minimum_quantity":10,"tiered_pricing_roles_data":[],"tiered_pricing_percentage_rules":[],"tiered_pricing_maximum_quantity":null,"tiered_pricing_quantity_step":"10","_links":{"self":[{"href":"https:\/\/aiviouvapes.com\/pl\/wp-json\/wp\/v2\/product\/96688","targetHints":{"allow":["GET"]}}],"collection":[{"href":"https:\/\/aiviouvapes.com\/pl\/wp-json\/wp\/v2\/product"}],"about":[{"href":"https:\/\/aiviouvapes.com\/pl\/wp-json\/wp\/v2\/types\/product"}],"replies":[{"embeddable":true,"href":"https:\/\/aiviouvapes.com\/pl\/wp-json\/wp\/v2\/comments?post=96688"}],"wp:featuredmedia":[{"embeddable":true,"href":"https:\/\/aiviouvapes.com\/pl\/wp-json\/wp\/v2\/media\/96729"}],"wp:attachment":[{"href":"https:\/\/aiviouvapes.com\/pl\/wp-json\/wp\/v2\/media?parent=96688"}],"wp:term":[{"taxonomy":"product_brand","embeddable":true,"href":"https:\/\/aiviouvapes.com\/pl\/wp-json\/wp\/v2\/product_brand?post=96688"},{"taxonomy":"product_cat","embeddable":true,"href":"https:\/\/aiviouvapes.com\/pl\/wp-json\/wp\/v2\/product_cat?post=96688"},{"taxonomy":"product_tag","embeddable":true,"href":"https:\/\/aiviouvapes.com\/pl\/wp-json\/wp\/v2\/product_tag?post=96688"}],"curies":[{"name":"wp","href":"https:\/\/api.w.org\/{rel}","templated":true}]}}