{"id":96564,"date":"2025-12-30T15:20:04","date_gmt":"2025-12-30T07:20:04","guid":{"rendered":"https:\/\/aiviouvapes.com\/?post_type=product&#038;p=96564"},"modified":"2026-03-17T10:01:26","modified_gmt":"2026-03-17T02:01:26","slug":"bang-legend-140k","status":"publish","type":"product","link":"https:\/\/aiviouvapes.com\/pl\/product\/bang-legend-140k\/","title":{"rendered":"BANG LEGEND 140K | potr\u00f3jne opcje 140000 zaci\u0105gni\u0119\u0107, podw\u00f3jna siatka, \u0142adowalny, jednorazowy vape luzem"},"content":{"rendered":"<h2>\ud83d\udd25 Dlaczego warto wybra\u0107 BANG LEGEND 140K?<\/h2>\n<ul>\n<li>\ud83d\udca5 Ogromny <strong>Pojemno\u015b\u0107 140 000 zaci\u0105gni\u0119\u0107<\/strong> \u2013 jeden z najwi\u0119kszych jednorazowych vape'\u00f3w na rynku<\/li>\n<li>\ud83c\udfa8 <strong>Potr\u00f3jne opcje (3 w 1)<\/strong> \u2013 prze\u0142\u0105czanie mi\u0119dzy trzema smakami w jednym urz\u0105dzeniu<\/li>\n<li>\u2601\ufe0f <strong>Podw\u00f3jna cewka siatkowa<\/strong> \u2013 \u0142agodne uderzenia, g\u0119ste chmury i stabilny smak<\/li>\n<li>\ud83d\udd0b <strong>Akumulator 550 mAh<\/strong> z nowoczesnym szybkim \u0142adowaniem typu C<\/li>\n<li>\ud83d\udcb0 <strong>Idealne do zam\u00f3wie\u0144 hurtowych i zbiorczych<\/strong> \u2013 idealny dla sklep\u00f3w z e-papierosami i dystrybutor\u00f3w<\/li>\n<li>\ud83d\uded2 Wysoka retencja klient\u00f3w \u2013 mniej wymian, wi\u0119ksza satysfakcja<\/li>\n<\/ul>\n<hr \/>\n<h3>\ud83d\udccb BANG LEGEND 140K Dane techniczne<\/h3>\n<table>\n<tbody>\n<tr>\n<td><strong>Nazwa produktu<\/strong><\/td>\n<td>BANG LEGEND Potr\u00f3jne opcje jednorazowego vape'a<\/td>\n<\/tr>\n<tr>\n<td><strong>Total Puffs<\/strong><\/td>\n<td>Do 140 000 zaci\u0105gni\u0119\u0107<\/td>\n<\/tr>\n<tr>\n<td><strong>System aromat\u00f3w<\/strong><\/td>\n<td>Potr\u00f3jne opcje 3 w 1<\/td>\n<\/tr>\n<tr>\n<td><strong>Typ cewki<\/strong><\/td>\n<td>Cewka podw\u00f3jna siatkowa 1,0 \u03a9<\/td>\n<\/tr>\n<tr>\n<td><strong>Pojemno\u015b\u0107 akumulatora<\/strong><\/td>\n<td>Akumulator 550 mAh<\/td>\n<\/tr>\n<tr>\n<td><strong>Port \u0142adowania<\/strong><\/td>\n<td>Szybkie \u0142adowanie typu C<\/td>\n<\/tr>\n<tr>\n<td><strong>Si\u0142a nikotyny<\/strong><\/td>\n<td>Dost\u0119pne w wielu opcjach (mo\u017cliwo\u015b\u0107 dostosowania do potrzeb hurtowych)<\/td>\n<\/tr>\n<tr>\n<td><strong>Rynek docelowy<\/strong><\/td>\n<td>Hurtownia B2B, sklepy z e-papierosami, dystrybutorzy<\/td>\n<\/tr>\n<\/tbody>\n<\/table>\n<hr \/>\n<h3>\ud83c\udf08 BANG LEGEND 140K Potr\u00f3jne opcje smak\u00f3w (przedstawienie smak\u00f3w)<\/h3>\n<p><strong>Opcja pierwsza \ud83c\udf49\ud83c\udf6d<\/strong><br \/>\nS\u0142odka i figlarna mieszanka sch\u0142odzonego arbuza, delikatnych r\u00f3\u017cowych owoc\u00f3w i cukierkowej s\u0142odyczy.<\/p>\n<p><strong>Opcja druga \ud83c\udf51\ud83c\udf4b<\/strong><br \/>\nMi\u0119kka brzoskwinia, orze\u017awiaj\u0105ca jagoda i melon oraz jasne cytrusy z ch\u0142odnym finiszem.<\/p>\n<p><strong>Opcja trzecia \ud83c\udf47\ud83e\udd6d<\/strong><br \/>\nCiemny l\u00f3d winogronowy, tropikalne mango i mieszanka jag\u00f3d zapewniaj\u0105 intensywne doznania owocowe.<\/p>\n<p><strong>Opcja czwarta \ud83e\uded0\ud83c\udfdd\ufe0f<\/strong><br \/>\nLodowato niebieskie jagody, owoce tropikalne i s\u0142ynna mieszanka Love66.<\/p>\n<p><strong>Opcja pi\u0105ta \ud83e\udd65\ud83c\udf4d<\/strong><br \/>\nNiebiesko-czerwone jagody, tropikalne \u017c\u00f3\u0142te owoce i kremowy kokosowo-ananasowy posmak.<\/p>\n<p><strong>Opcja sz\u00f3sta \ud83c\udf53\ud83c\udf4d<\/strong><br \/>\nTruskawkowy melon, jagodowo-brzoskwiniowy i g\u0142\u0119boko jagodowy ananasowy l\u00f3d.<\/p>\n<p><strong>Opcja si\u00f3dma \ud83e\udd5d\ud83c\udf52<\/strong><br \/>\nMieszanka jag\u00f3d kiwi, musuj\u0105cy melon i po\u0142\u0105czenie jag\u00f3d i wi\u015bni.<\/p>\n<p><strong>Opcja \u00f3sma \ud83d\udc09\ud83c\udf47<\/strong><br \/>\nCzarny lodowy smok, mieszanka jag\u00f3d i moc winogron.<\/p>\n<p><strong>Opcja dziewi\u0105ta \u26a1\ud83e\udd6d<\/strong><br \/>\nMieszanka owoc\u00f3w pomara\u0144czy, energetycznych jag\u00f3d i chrupi\u0105cych zielono-fioletowych owoc\u00f3w.<\/p>\n<p><strong>Opcja dziesi\u0105ta \u2600\ufe0f\ud83c\udf4a<\/strong><br \/>\nPotr\u00f3jne nuty cytrusowe z jagodami i g\u0142\u0119bokimi nutami niebieskich owoc\u00f3w.<\/p>\n<p><strong>Opcja jedenasta \ud83c\udf4b\ud83c\udf48<\/strong><br \/>\n\u015awie\u017ce cytrusy, zio\u0142owy melon i r\u00f3\u017cowy melon z owocem smoka.<\/p>\n<p><strong>Opcja dwunasta \ud83c\udf4c\ud83c\udf66<\/strong><br \/>\nSch\u0142odzone \u017c\u00f3\u0142te owoce, kremowe r\u00f3\u017cowe nuty deserowe i finisz jagodowo-melonowy.<\/p>\n<hr \/>\n<h3>\u2753 Cz\u0119sto zadawane pytania (FAQ) dotycz\u0105ce BANG LEGEND 140K<\/h3>\n<p><strong>P: Czym r\u00f3\u017cni si\u0119 BANG LEGEND 140K od zwyk\u0142ych produkt\u00f3w jednorazowego u\u017cytku?<\/strong><br \/>\nO: Jedno urz\u0105dzenie zapewnia do 140 000 zaci\u0105gni\u0119\u0107 i trzy smaki, podczas gdy wi\u0119kszo\u015b\u0107 produkt\u00f3w jednorazowych wystarcza tylko na kilka dni.<\/p>\n<p><strong>P: Czy ten vape jest odpowiedni dla os\u00f3b intensywnie korzystaj\u0105cych z urz\u0105dze\u0144 tego typu?<\/strong><br \/>\nO: Tak \ud83d\udc4d Jest przeznaczony dla os\u00f3b intensywnie korzystaj\u0105cych z urz\u0105dzenia, kt\u00f3re chc\u0105 u\u017cywa\u0107 go przez d\u0142ugi czas bez konieczno\u015bci cz\u0119stej wymiany.<\/p>\n<p><strong>P: Czy sklepy z e-papierosami mog\u0105 zamawia\u0107 ten produkt hurtowo?<\/strong><br \/>\nO: Oczywi\u015bcie. Ten produkt jest zoptymalizowany pod k\u0105tem sprzeda\u017cy hurtowej, zakup\u00f3w hurtowych i dystrybucji na du\u017c\u0105 skal\u0119.<\/p>\n<p><strong>P: Czy jest trudny w u\u017cyciu?<\/strong><br \/>\nO: Nie, wcale nie. Po prostu zaci\u0105gnij si\u0119, aby zacz\u0105\u0107 wapowa\u0107. Gdy bateria b\u0119dzie s\u0142aba, na\u0142aduj j\u0105 za pomoc\u0105 kabla typu C.<\/p>\n<p><strong>P: Czy smaki i zawarto\u015b\u0107 nikotyny mog\u0105 by\u0107 dostosowane do zam\u00f3wie\u0144 B2B?<\/strong><br \/>\nO: Tak. Klienci hurtowi mog\u0105 om\u00f3wi\u0107 opcje dostosowania smak\u00f3w i poziom\u00f3w nikotyny.<\/p>\n<hr \/>\n<p><strong>BANG LEGEND 140K potr\u00f3jne opcje jednorazowego vape'a<\/strong> jest przeznaczony dla intensywnych u\u017cytkownik\u00f3w, poszukiwaczy smak\u00f3w i profesjonalnych sprzedawc\u00f3w detalicznych produkt\u00f3w do wapowania. Dzi\u0119ki bardzo du\u017cej liczbie zaci\u0105gni\u0119\u0107, potr\u00f3jnej elastyczno\u015bci smak\u00f3w i mo\u017cliwo\u015bci \u0142adowania, jest to doskona\u0142y wyb\u00f3r dla sklep\u00f3w z produktami do wapowania, hurtownik\u00f3w i dystrybutor\u00f3w, kt\u00f3rzy chc\u0105 oferowa\u0107 prawdziwie flagowe urz\u0105dzenia jednorazowego u\u017cytku. \ud83d\udca8\ud83d\udcbc<\/p>\n<p><strong>Kupuj du\u017co. Sprzedawaj m\u0105drze. Zosta\u0144 legend\u0105.<\/strong> \ud83c\udfc6<\/p>\n<p><img data-recalc-dims=\"1\" loading=\"lazy\" decoding=\"async\" class=\"alignnone size-full wp-image-96630\" src=\"https:\/\/i0.wp.com\/aiviouvapes.com\/wp-content\/uploads\/2025\/12\/BANG-LEGEND-140K-13.jpg?resize=1020%2C1637&#038;ssl=1\" alt=\"BANG LEGEND 140K | potr\u00f3jne opcje 140 000 zaci\u0105gni\u0119\u0107 podw\u00f3jna siatka wielokrotnego \u0142adowania jednorazowy vape\" width=\"1020\" height=\"1637\" title=\"\" srcset=\"https:\/\/i0.wp.com\/aiviouvapes.com\/wp-content\/uploads\/2025\/12\/BANG-LEGEND-140K-13.jpg?w=1196&amp;ssl=1 1196w, https:\/\/i0.wp.com\/aiviouvapes.com\/wp-content\/uploads\/2025\/12\/BANG-LEGEND-140K-13.jpg?resize=187%2C300&amp;ssl=1 187w, https:\/\/i0.wp.com\/aiviouvapes.com\/wp-content\/uploads\/2025\/12\/BANG-LEGEND-140K-13.jpg?resize=638%2C1024&amp;ssl=1 638w, https:\/\/i0.wp.com\/aiviouvapes.com\/wp-content\/uploads\/2025\/12\/BANG-LEGEND-140K-13.jpg?resize=768%2C1233&amp;ssl=1 768w, https:\/\/i0.wp.com\/aiviouvapes.com\/wp-content\/uploads\/2025\/12\/BANG-LEGEND-140K-13.jpg?resize=957%2C1536&amp;ssl=1 957w, https:\/\/i0.wp.com\/aiviouvapes.com\/wp-content\/uploads\/2025\/12\/BANG-LEGEND-140K-13.jpg?resize=7%2C12&amp;ssl=1 7w, https:\/\/i0.wp.com\/aiviouvapes.com\/wp-content\/uploads\/2025\/12\/BANG-LEGEND-140K-13.jpg?resize=800%2C1284&amp;ssl=1 800w\" sizes=\"auto, (max-width: 1020px) 100vw, 1020px\" \/><\/p>","protected":false},"excerpt":{"rendered":"<p>140 000 zaci\u0105gni\u0119\u0107. 3 smaki w 1 urz\u0105dzeniu. BANG LEGEND 140K to jednorazowy vape nowej generacji z trzema opcjami, zaprojektowany z my\u015bl\u0105 o d\u0142ugotrwa\u0142ej wydajno\u015bci, bogatym smaku i sprzeda\u017cy hurtowej z wysok\u0105 mar\u017c\u0105. \ud83d\ude80<\/p>","protected":false},"featured_media":96621,"comment_status":"open","ping_status":"closed","template":"","meta":[],"product_brand":[239],"product_cat":[37],"product_tag":[467,465,468,466,396],"class_list":{"0":"post-96564","1":"product","2":"type-product","3":"status-publish","4":"has-post-thumbnail","6":"product_brand-bang","7":"product_cat-bang","8":"product_tag-140000-puffs-vape","9":"product_tag-bang-legend-140k-disposable-vape","10":"product_tag-rechargeable-bulk-disposable-vape","11":"product_tag-triple-flavor-disposable-vape","12":"product_tag-wholesale-disposable-vape","14":"first","15":"instock","16":"shipping-taxable","17":"purchasable","18":"product-type-variable","19":"has-default-attributes"},"jetpack_sharing_enabled":true,"tiered_pricing_type":"fixed","tiered_pricing_fixed_rules":{"30":8.1699999999999999289457264239899814128875732421875,"50":6.61000000000000031974423109204508364200592041015625,"100":6.089999999999999857891452847979962825775146484375,"200":5.70000000000000017763568394002504646778106689453125,"400":5.12000000000000010658141036401502788066864013671875},"tiered_pricing_product_settings":{"layout":"default","base_unit_name":{"singular":null,"plural":null},"default_variation":null},"tiered_pricing_minimum_quantity":10,"tiered_pricing_roles_data":[],"tiered_pricing_percentage_rules":[],"tiered_pricing_maximum_quantity":null,"tiered_pricing_quantity_step":"10","_links":{"self":[{"href":"https:\/\/aiviouvapes.com\/pl\/wp-json\/wp\/v2\/product\/96564","targetHints":{"allow":["GET"]}}],"collection":[{"href":"https:\/\/aiviouvapes.com\/pl\/wp-json\/wp\/v2\/product"}],"about":[{"href":"https:\/\/aiviouvapes.com\/pl\/wp-json\/wp\/v2\/types\/product"}],"replies":[{"embeddable":true,"href":"https:\/\/aiviouvapes.com\/pl\/wp-json\/wp\/v2\/comments?post=96564"}],"wp:featuredmedia":[{"embeddable":true,"href":"https:\/\/aiviouvapes.com\/pl\/wp-json\/wp\/v2\/media\/96621"}],"wp:attachment":[{"href":"https:\/\/aiviouvapes.com\/pl\/wp-json\/wp\/v2\/media?parent=96564"}],"wp:term":[{"taxonomy":"product_brand","embeddable":true,"href":"https:\/\/aiviouvapes.com\/pl\/wp-json\/wp\/v2\/product_brand?post=96564"},{"taxonomy":"product_cat","embeddable":true,"href":"https:\/\/aiviouvapes.com\/pl\/wp-json\/wp\/v2\/product_cat?post=96564"},{"taxonomy":"product_tag","embeddable":true,"href":"https:\/\/aiviouvapes.com\/pl\/wp-json\/wp\/v2\/product_tag?post=96564"}],"curies":[{"name":"wp","href":"https:\/\/api.w.org\/{rel}","templated":true}]}}