{"id":96529,"date":"2025-12-30T15:24:17","date_gmt":"2025-12-30T07:24:17","guid":{"rendered":"https:\/\/aiviouvapes.com\/?post_type=product&#038;p=96529"},"modified":"2026-03-05T16:52:52","modified_gmt":"2026-03-05T08:52:52","slug":"vopk-btc-35k","status":"publish","type":"product","link":"https:\/\/aiviouvapes.com\/pl\/product\/vopk-btc-35k\/","title":{"rendered":"VOPK BTC 35K | inteligentny ekran, 35000 zaci\u0105gni\u0119\u0107, podw\u00f3jna siatka, regulowany przep\u0142yw powietrza, jednorazowy vape luzem"},"content":{"rendered":"<p><strong>VOPK BTC 35000 zaci\u0105gni\u0119\u0107 jednorazowy vape<\/strong> jest przeznaczony dla u\u017cytkownik\u00f3w, kt\u00f3rzy oczekuj\u0105 mocy, stylu i kontroli w jednym zaawansowanym urz\u0105dzeniu. Zainspirowany odwa\u017cnym stylem Bitcoin, ten jednorazowy produkt wielokrotnego \u0142adowania posiada du\u017cy interaktywny ekran, podw\u00f3jny system cewek siatkowych i regulowany przep\u0142yw powietrza. Stworzony zar\u00f3wno dla intensywnych u\u017cytkownik\u00f3w, jak i profesjonalnych dystrybutor\u00f3w produkt\u00f3w do wapowania, zapewnia sta\u0142y smak, ogromne chmury i doskona\u0142\u0105 atrakcyjno\u015b\u0107 na p\u00f3\u0142kach sklepowych.<\/p>\n<h2>Dlaczego warto wybra\u0107 VOPK BTC 35000 zaci\u0105gni\u0119\u0107?<\/h2>\n<ul>\n<li>\ud83d\udca8 Do <strong>35 000 zaci\u0105gni\u0119\u0107<\/strong> dla d\u0142u\u017cszego u\u017cytkowania i wi\u0119kszej satysfakcji klienta<\/li>\n<li>\ud83d\udcf1 <strong>Pe\u0142ny ekran smart<\/strong> Wyra\u017anie pokazuje poziom baterii i e-cieczy<\/li>\n<li>\ud83c\udf2c\ufe0f <strong>System podw\u00f3jnej cewki siatkowej<\/strong> dla mocniejszego smaku i g\u0142adszej pary<\/li>\n<li>\ud83c\udf9b\ufe0f <strong>Regulowany przep\u0142yw powietrza i tryby mocy<\/strong> do spersonalizowanego vapowania<\/li>\n<li>\ud83d\udd0b <strong>Akumulator o pojemno\u015bci 850 mAh<\/strong> z szybkim \u0142adowaniem Type-C<\/li>\n<li>\ud83d\udc41\ufe0f Widoczny zbiornik e-liquidu \u2013 nie musisz zgadywa\u0107, vapuj bez obaw<\/li>\n<li>Idealny dla <strong>zam\u00f3wienia hurtowe, sklepy z e-papierosami i dystrybucja hurtowa<\/strong><\/li>\n<\/ul>\n<figure class=\"wp-block-videopress-video wp-block-jetpack-videopress jetpack-videopress-player\"><div class=\"jetpack-videopress-player__wrapper\"><iframe title=\"Odtwarzacz film\u00f3w VideoPress\" aria-label=\"Odtwarzacz film\u00f3w VideoPress\" src=\"https:\/\/videopress.com\/embed\/uWXiLczv?at=0&#038;controls=1&#038;preloadContent=metadata\" width=\"640\"height=\"360\" frameborder=\"0\" allowfullscreen data-resize-to-parent=\"true\" allow=\"clipboard-write\"><\/iframe><\/div><\/figure>\n<h3>VOPK BTC 35K Dane techniczne<\/h3>\n<table>\n<tbody>\n<tr>\n<th>Cecha<\/th>\n<th>Szczeg\u00f3\u0142y<\/th>\n<\/tr>\n<tr>\n<td>Maksymalna liczba zaci\u0105gni\u0119\u0107<\/td>\n<td>35 000 zaci\u0105gni\u0119\u0107<\/td>\n<\/tr>\n<tr>\n<td>Pojemno\u015b\u0107 e-liquidu<\/td>\n<td>22 ml (widoczny zbiornik)<\/td>\n<\/tr>\n<tr>\n<td>Bateria<\/td>\n<td>Akumulator 850 mAh<\/td>\n<\/tr>\n<tr>\n<td>\u0141adowanie<\/td>\n<td>Szybkie \u0142adowanie typu C<\/td>\n<\/tr>\n<tr>\n<td>Typ cewki<\/td>\n<td>Podw\u00f3jna cewka siatkowa 0,8 \u03a9<\/td>\n<\/tr>\n<tr>\n<td>Przep\u0142yw powietrza<\/td>\n<td>Regulowany<\/td>\n<\/tr>\n<tr>\n<td>Wy\u015bwietlacz<\/td>\n<td>Inteligentny ekran 3D (bateria i pojemno\u015b\u0107)<\/td>\n<\/tr>\n<tr>\n<td>Opakowanie<\/td>\n<td>150 sztuk w kartonie (ok. 17,5 kg)<\/td>\n<\/tr>\n<\/tbody>\n<\/table>\n<h3>VOPK BTC 35K Dost\u0119pne smaki<\/h3>\n<ul>\n<li>\ud83c\udf49 <strong>Arbuzowy l\u00f3d<\/strong> \u2013 soczysty arbuz z ch\u0142odnym, lodowym finiszem<\/li>\n<li>\ud83e\uded0 <strong>Blue Razz Ice<\/strong> \u2013 s\u0142odka niebieska malina z orze\u017awiaj\u0105cym ch\u0142odem<\/li>\n<li>\ud83c\udf53 <strong>Truskawkowy wybuch<\/strong> \u2013 wyrazisty i s\u0142odki smak truskawek<\/li>\n<li>\ud83c\udf51 <strong>Brzoskwinia z Georgii<\/strong> \u2013 g\u0142adki smak dojrza\u0142ej brzoskwini<\/li>\n<li>\ud83e\udd5d <strong>Kiwi Passion<\/strong> \u2013 tropikalna marakuja zmieszana z kiwi<\/li>\n<li>\ud83c\udf4a <strong>Pomara\u0144czowo-\u017curawinowy l\u00f3d limonkowy<\/strong> \u2013 mieszanka cytrus\u00f3w o lodowatej \u015bwie\u017co\u015bci<\/li>\n<li>\ud83c\udf3f <strong>Ch\u0142odna Mi\u0119ta<\/strong> \u2013 czysta i orze\u017awiaj\u0105ca menta<\/li>\n<li>\ud83e\udd6d <strong>Kwa\u015bny ananas z mango<\/strong> \u2013 pikantny mango ze s\u0142odkim ananasem<\/li>\n<li>\ud83c\udf51 <strong>White Peach Raspberry<\/strong> \u2013 delikatna brzoskwinia zr\u00f3wnowa\u017cona malin\u0105<\/li>\n<li>\ud83c\udf4c <strong>Banana Taffy Freeze<\/strong> \u2013 kremowy cukierek bananowy z lodowym akcentem<\/li>\n<\/ul>\n<h3>VOPK BTC 35K Porada dla profesjonalist\u00f3w \ud83d\udca1<\/h3>\n<p>Prze\u0142\u0105czaj si\u0119 mi\u0119dzy trybem pojedynczej i podw\u00f3jnej cewki, aby kontrolowa\u0107 swoje doznania. Tryb podw\u00f3jny zapewnia mocniejsze chmury i smak, natomiast tryb pojedynczy pomaga wyd\u0142u\u017cy\u0107 \u017cywotno\u015b\u0107 baterii i zu\u017cycie e-p\u0142ynu.<\/p>\n<h3>Cz\u0119sto zadawane pytania (FAQ) dotycz\u0105ce VOPK BTC 35K<\/h3>\n<p><strong>P: Sk\u0105d mam wiedzie\u0107, kiedy poziom p\u0142ynu w vape si\u0119 ko\u0144czy?<\/strong><br \/>\nInteligentny ekran 3D pokazuje poziom na\u0142adowania baterii i poziom e-p\u0142ynu, a przezroczysty zbiornik pozwala \u0142atwo sprawdzi\u0107 ilo\u015b\u0107 pozosta\u0142ego p\u0142ynu.<\/p>\n<p><strong>P: Czy to urz\u0105dzenie nadaje si\u0119 do zam\u00f3wie\u0144 hurtowych i zbiorczych?<\/strong><br \/>\nTak. Model VOPK BTC 35K jest przeznaczony dla sklep\u00f3w z e-papierosami, dystrybutor\u00f3w i odbiorc\u00f3w hurtowych poszukuj\u0105cych jednorazowych e-papieros\u00f3w ciesz\u0105cych si\u0119 du\u017cym popytem.<\/p>\n<p><strong>P: Jak d\u0142ugo trwa \u0142adowanie?<\/strong><br \/>\nDzi\u0119ki portowi szybkiego \u0142adowania typu C urz\u0105dzenie \u0142aduje si\u0119 szybko, dzi\u0119ki czemu u\u017cytkownicy mog\u0105 ponownie korzysta\u0107 z vape'a przy minimalnym czasie przestoju.<\/p>\n<p><strong>P: Dla kogo ten vape jest najlepszy?<\/strong><br \/>\nJest idealny dla os\u00f3b intensywnie korzystaj\u0105cych z e-papieros\u00f3w, poszukiwaczy nowych smak\u00f3w, sprzedawc\u00f3w detalicznych i hurtownik\u00f3w, kt\u00f3rzy poszukuj\u0105 wysokiej jako\u015bci, trwa\u0142ych e-papieros\u00f3w jednorazowego u\u017cytku.<\/p>\n<hr \/>\n<p><strong>VOPK BTC 35000 zaci\u0105gni\u0119\u0107 jednorazowy vape<\/strong> \u0142\u0105czy w sobie zaawansowan\u0105 technologi\u0119, odwa\u017cny design i ogromn\u0105 wydajno\u015b\u0107 w jednym pot\u0119\u017cnym urz\u0105dzeniu. Niezale\u017cnie od tego, czy zaopatrujesz sw\u00f3j sklep z e-papierosami, czy te\u017c poszukujesz produkt\u00f3w do dystrybucji hurtowej, ten model zosta\u0142 stworzony, aby zachwyci\u0107 klient\u00f3w i zach\u0119ci\u0107 ich do ponownych zakup\u00f3w \ud83d\ude80.<\/p>\n<p><img data-recalc-dims=\"1\" loading=\"lazy\" decoding=\"async\" class=\"alignnone size-full wp-image-96547\" src=\"https:\/\/i0.wp.com\/aiviouvapes.com\/wp-content\/uploads\/2025\/12\/VOPK-BTC-35K-16.jpg?resize=1020%2C1549&#038;ssl=1\" alt=\"VOPK BTC 35K\" width=\"1020\" height=\"1549\" title=\"\" srcset=\"https:\/\/i0.wp.com\/aiviouvapes.com\/wp-content\/uploads\/2025\/12\/VOPK-BTC-35K-16.jpg?w=1200&amp;ssl=1 1200w, https:\/\/i0.wp.com\/aiviouvapes.com\/wp-content\/uploads\/2025\/12\/VOPK-BTC-35K-16.jpg?resize=198%2C300&amp;ssl=1 198w, https:\/\/i0.wp.com\/aiviouvapes.com\/wp-content\/uploads\/2025\/12\/VOPK-BTC-35K-16.jpg?resize=674%2C1024&amp;ssl=1 674w, https:\/\/i0.wp.com\/aiviouvapes.com\/wp-content\/uploads\/2025\/12\/VOPK-BTC-35K-16.jpg?resize=768%2C1166&amp;ssl=1 768w, https:\/\/i0.wp.com\/aiviouvapes.com\/wp-content\/uploads\/2025\/12\/VOPK-BTC-35K-16.jpg?resize=1012%2C1536&amp;ssl=1 1012w, https:\/\/i0.wp.com\/aiviouvapes.com\/wp-content\/uploads\/2025\/12\/VOPK-BTC-35K-16.jpg?resize=8%2C12&amp;ssl=1 8w, https:\/\/i0.wp.com\/aiviouvapes.com\/wp-content\/uploads\/2025\/12\/VOPK-BTC-35K-16.jpg?resize=800%2C1215&amp;ssl=1 800w\" sizes=\"auto, (max-width: 1020px) 100vw, 1020px\" \/><\/p>","protected":false},"excerpt":{"rendered":"<p>Zaawansowany technologicznie jednorazowy vape 35 000 zaci\u0105gni\u0119\u0107 VOPK BTC 35K z inteligentnym ekranem, podw\u00f3jn\u0105 cewk\u0105 siatkow\u0105 i regulowanym przep\u0142ywem powietrza. Idealny dla sklep\u00f3w z vape'ami i hurtowych nabywc\u00f3w poszukuj\u0105cych wysokiej jako\u015bci, trwa\u0142ych urz\u0105dze\u0144.<\/p>","protected":false},"featured_media":96534,"comment_status":"open","ping_status":"closed","template":"","meta":[],"product_brand":[245],"product_cat":[131,219,39],"product_tag":[462,463,456,331,464],"class_list":{"0":"post-96529","1":"product","2":"type-product","3":"status-publish","4":"has-post-thumbnail","6":"product_brand-vopk","7":"product_cat-30000-puffs-disposable-vape","8":"product_cat-40000-puffs-disposable-vape","9":"product_cat-vopk","10":"product_tag-35000-puffs-vape","11":"product_tag-bulk-disposable-vape-wholesale","12":"product_tag-disposable-vape","13":"product_tag-rechargeable-disposable-vape","14":"product_tag-smart-screen-vape","16":"first","17":"instock","18":"shipping-taxable","19":"purchasable","20":"product-type-variable","21":"has-default-attributes"},"jetpack_sharing_enabled":true,"tiered_pricing_type":"fixed","tiered_pricing_fixed_rules":[],"tiered_pricing_product_settings":{"layout":"default","base_unit_name":{"singular":null,"plural":null},"default_variation":null},"tiered_pricing_minimum_quantity":1000,"tiered_pricing_roles_data":[],"tiered_pricing_percentage_rules":[],"tiered_pricing_maximum_quantity":null,"tiered_pricing_quantity_step":"10","_links":{"self":[{"href":"https:\/\/aiviouvapes.com\/pl\/wp-json\/wp\/v2\/product\/96529","targetHints":{"allow":["GET"]}}],"collection":[{"href":"https:\/\/aiviouvapes.com\/pl\/wp-json\/wp\/v2\/product"}],"about":[{"href":"https:\/\/aiviouvapes.com\/pl\/wp-json\/wp\/v2\/types\/product"}],"replies":[{"embeddable":true,"href":"https:\/\/aiviouvapes.com\/pl\/wp-json\/wp\/v2\/comments?post=96529"}],"wp:featuredmedia":[{"embeddable":true,"href":"https:\/\/aiviouvapes.com\/pl\/wp-json\/wp\/v2\/media\/96534"}],"wp:attachment":[{"href":"https:\/\/aiviouvapes.com\/pl\/wp-json\/wp\/v2\/media?parent=96529"}],"wp:term":[{"taxonomy":"product_brand","embeddable":true,"href":"https:\/\/aiviouvapes.com\/pl\/wp-json\/wp\/v2\/product_brand?post=96529"},{"taxonomy":"product_cat","embeddable":true,"href":"https:\/\/aiviouvapes.com\/pl\/wp-json\/wp\/v2\/product_cat?post=96529"},{"taxonomy":"product_tag","embeddable":true,"href":"https:\/\/aiviouvapes.com\/pl\/wp-json\/wp\/v2\/product_tag?post=96529"}],"curies":[{"name":"wp","href":"https:\/\/api.w.org\/{rel}","templated":true}]}}