{"id":91105,"date":"2025-12-08T23:17:17","date_gmt":"2025-12-08T15:17:17","guid":{"rendered":"https:\/\/aiviouvapes.com\/?post_type=product&#038;p=91105"},"modified":"2026-03-17T11:24:22","modified_gmt":"2026-03-17T03:24:22","slug":"bang-leader-85k","status":"publish","type":"product","link":"https:\/\/aiviouvapes.com\/pl\/product\/bang-leader-85k\/","title":{"rendered":"Bang Leader 85K | potr\u00f3jny smak 3 w 1, 85000 zaci\u0105gni\u0119\u0107, 70 ml, jednorazowy vape luzem"},"content":{"rendered":"<p>Przedstawiamy <strong>Bang Leader 85000 zaci\u0105gni\u0119\u0107<\/strong>, prze\u0142omowy jednorazowy vape przeznaczony dla tych, kt\u00f3rzy wymagaj\u0105 wi\u0119cej. To nie jest zwyk\u0142y vape; to urz\u0105dzenie o du\u017cej pojemno\u015bci, stworzone z my\u015bl\u0105 o d\u0142ugiej \u017cywotno\u015bci i satysfakcji. Dzi\u0119ki osza\u0142amiaj\u0105cej <strong>Zbiornik na e-p\u0142yn o pojemno\u015bci 70 ml<\/strong> i solidny <strong>Akumulator o pojemno\u015bci 850 mAh<\/strong>, To urz\u0105dzenie sprawia, \u017ce sp\u0119dzasz wi\u0119cej czasu na wapowaniu, a mniej na martwieniu si\u0119 o to, \u017ce sko\u0144czy si\u0119 bateria. \ud83d\udd0b\u2728<\/p>\n<p>Najbardziej wyr\u00f3\u017cniaj\u0105c\u0105 si\u0119 cech\u0105 jest innowacyjna <strong>System smak\u00f3w 3 w 1<\/strong>. Znudzony tym samym smakiem? Po prostu zmie\u0144 ustawienia, aby cieszy\u0107 si\u0119 trzema r\u00f3\u017cnymi smakami premium w jednym urz\u0105dzeniu! Zaprojektowane z <strong>Cewka siatkowa 1,0\u03a9<\/strong>, zapewnia sta\u0142\u0105, g\u0142adk\u0105 i bogat\u0105 par\u0119 od pierwszego do ostatniego zaci\u0105gni\u0119cia. Idealny do <strong>w\u0142a\u015bciciele sklep\u00f3w z e-papierosami<\/strong> szukasz produktu, kt\u00f3ry cieszy si\u0119 du\u017c\u0105 popularno\u015bci\u0105, lub jeste\u015b zapalonym u\u017cytkownikiem e-papieros\u00f3w i szukasz produktu o wysokiej warto\u015bci. \ud83c\udfc6\ud83d\udce6<\/p>\n<h3>\ud83c\udf1f Dlaczego warto wybra\u0107 Bang Leader 85000?<\/h3>\n<ul>\n<li><strong>\ud83d\udd04 Technologia smaku 3 w 1:<\/strong> Ciesz si\u0119 trzema r\u00f3\u017cnymi smakami w jednym kompaktowym urz\u0105dzeniu. Prze\u0142\u0105czaj si\u0119 b\u0142yskawicznie, dostosowuj\u0105c do swojego nastroju!<\/li>\n<li><strong>\ud83d\udca7 Ogromna pojemno\u015b\u0107 70 ml:<\/strong> Jedna z najwi\u0119kszych pojemno\u015bci na rynku, umo\u017cliwiaj\u0105ca wykonanie a\u017c 85 000 zaci\u0105gni\u0119\u0107.<\/li>\n<li><strong>\u26a1 Akumulator typu C:<\/strong> Szybkie \u0142adowanie przez port typu C sprawia, \u017ce bateria o pojemno\u015bci 850 mAh jest zawsze gotowa do dzia\u0142ania.<\/li>\n<li><strong>\u2601\ufe0f Zaawansowana cewka siatkowa:<\/strong> Cewka siatkowa o rezystancji 1,0 \u03a9 gwarantuje czystszy smak i g\u0119stsze chmury.<\/li>\n<li><strong>\ud83c\udf9a\ufe0f Elastyczne opcje nikotynowe:<\/strong> Dost\u0119pne w wersjach 0%, 2%, 3% i 5%, aby zaspokoi\u0107 preferencje ka\u017cdego klienta.<\/li>\n<\/ul>\n<h3>\ud83d\udcca Bang Leader 85K Dane techniczne<\/h3>\n<table>\n<thead>\n<tr>\n<th align=\"left\">Cecha<\/th>\n<th align=\"left\">Szczeg\u00f3\u0142y<\/th>\n<\/tr>\n<\/thead>\n<tbody>\n<tr>\n<td><strong>Liczba zaci\u0105gni\u0119\u0107<\/strong><\/td>\n<td>Do 85 000 zaci\u0105gni\u0119\u0107<\/td>\n<\/tr>\n<tr>\n<td><strong>Pojemno\u015b\u0107 E-Liquid<\/strong><\/td>\n<td>70 ml<\/td>\n<\/tr>\n<tr>\n<td><strong>System aromat\u00f3w<\/strong><\/td>\n<td>Potr\u00f3jny prze\u0142\u0105cznik smak\u00f3w 3 w 1<\/td>\n<\/tr>\n<tr>\n<td><strong>Bateria<\/strong><\/td>\n<td>850 mAh (akumulator)<\/td>\n<\/tr>\n<tr>\n<td><strong>\u0141adowanie<\/strong><\/td>\n<td>Port typu C<\/td>\n<\/tr>\n<tr>\n<td><strong>Cewka<\/strong><\/td>\n<td>Cewka siatkowa 1,0\u03a9<\/td>\n<\/tr>\n<tr>\n<td><strong>Si\u0142a nikotyny<\/strong><\/td>\n<td>0% (0 mg), 2% (20 mg), 3% (30 mg), 5% (50 mg)<\/td>\n<\/tr>\n<\/tbody>\n<\/table>\n<h3>\ud83c\udf6d Bang Leader 85K kombinacji smak\u00f3w (3 smaki na urz\u0105dzenie)<\/h3>\n<p>Ka\u017cde urz\u0105dzenie Bang Leader zawiera trzy apetyczne smaki. Wybierz swoj\u0105 ulubion\u0105 mieszank\u0119:<\/p>\n<ul>\n<li>\ud83c\udf4c <strong>Mieszanka 1:<\/strong> Lody bananowe \/ Truskawki i arbuz \/ \u017belki w kszta\u0142cie misi\u00f3w<\/li>\n<li>\ud83d\udc09 <strong>Mieszanka 2:<\/strong> Czarny Smok L\u00f3d \/ Pianka \/ Letni Sen<\/li>\n<li>\ud83e\uded0 <strong>Mieszanka 3:<\/strong> Lody jagodowe \/ Niebieski rabarbar \/ Pachn\u0105ca gruszka<\/li>\n<li>\ud83c\udf4d <strong>Mieszanka 4:<\/strong> Wi\u015bnia i \u017curawina \/ Brzoskwinia i mango \/ Ananas<\/li>\n<li>\ud83e\udd64 <strong>Mieszanka 5:<\/strong> Coke Ice \/ Jab\u0142ko-brzoskwinia \/ R\u00f3\u017cowa lemoniada<\/li>\n<li>\ud83e\udd5d <strong>Mieszanka 6:<\/strong> Lody winogronowe \/ truskawkowe z kiwi \/ marakuja z guaw\u0105<\/li>\n<li>\ud83d\udc9c <strong>Mieszanka 7:<\/strong> Mi\u0142o\u015b\u0107 666 \/ Jagoda Malina \/ Vimto<\/li>\n<li>\ud83c\udf79 <strong>Mieszanka 8:<\/strong> Mieszanka owoc\u00f3w \/ Brzoskwinia mojito \/ Jagoda i malina<\/li>\n<li>\ud83c\udf53 <strong>Mieszanka 9:<\/strong> Ananasowy l\u00f3d \/ Truskawkowy Red Bull \/ Mieszanka jag\u00f3d<\/li>\n<li>\ud83c\udf4e <strong>Mieszanka 10:<\/strong> Czerwone jab\u0142ko z lodem \/ Malina z arbuzem \/ Aloes z winogronami<\/li>\n<li>\ud83c\udf66 <strong>Mieszanka 11:<\/strong> Red Bull \/ Jagoda Arbuz \/ Lody truskawkowe<\/li>\n<li>\ud83c\udf4a <strong>Mieszanka 12:<\/strong> Truskawkowy l\u00f3d \/ Cytrynowo-pomara\u0144czowy \/ Arbuzowa guma balonowa<\/li>\n<li>\ud83c\udf4c <strong>Mieszanka 13:<\/strong> Truskawka Malina \/ Czarna porzeczka \/ Truskawka Banana<\/li>\n<li>\ud83c\udf52 <strong>Mieszanka 14:<\/strong> Truskawkowy arbuz \/ Wi\u015bniowa cola \/ Truskawkowa \u015bmietanka<\/li>\n<li>\ud83e\udd6d <strong>Mieszanka 15:<\/strong> Arbuzowy l\u00f3d \/ Mango brzoskwinia \/ Pomara\u0144czowa soda<\/li>\n<\/ul>\n<p><strong>Bang Leader 85000 zaci\u0105gni\u0119\u0107<\/strong> wyznacza nowy standard dla jednorazowych vape'\u00f3w. Doskonale nadaje si\u0119 do <strong>u\u017cytkownicy intensywnie korzystaj\u0105cy<\/strong> kt\u00f3rzy chc\u0105 wygody bez kompromis\u00f3w, oraz <strong>poszukiwacze smak\u00f3w<\/strong> kt\u00f3rzy kochaj\u0105 r\u00f3\u017cnorodno\u015b\u0107. Dla <strong>Sprzedawcy detaliczni i hurtowi<\/strong>, To wysokowydajne urz\u0105dzenie o wielu smakach jest produktem, kt\u00f3ry koniecznie trzeba mie\u0107 w magazynie, poniewa\u017c przyci\u0105ga klient\u00f3w poszukuj\u0105cych najlepszej jako\u015bci i najnowszych technologii. Ju\u017c dzi\u015b zaktualizuj swoje zapasy! \ud83d\ude80\ud83d\uded2<\/p>\n<h3>\u2753 Cz\u0119sto zadawane pytania (FAQ)<\/h3>\n<p><strong>P: Jak zmieni\u0107 smak w urz\u0105dzeniu Bang Leader 85K?<\/strong><br \/>\nO: Urz\u0105dzenie posiada prosty mechanizm prze\u0142\u0105czaj\u0105cy, kt\u00f3ry umo\u017cliwia prze\u0142\u0105czanie mi\u0119dzy trzema oddzielnymi zbiornikami na p\u0142yn znajduj\u0105cymi si\u0119 w \u015brodku. \ud83d\udd00<\/p>\n<p><strong>P: Czy bateria jest wielokrotnego \u0142adowania?<\/strong><br \/>\nO: Tak! Urz\u0105dzenie jest wyposa\u017cone w bateri\u0119 o pojemno\u015bci 850 mAh, kt\u00f3r\u0105 mo\u017cna \u0142atwo \u0142adowa\u0107 za pomoc\u0105 standardowego kabla \u0142aduj\u0105cego typu C. \ud83d\udd0c<\/p>\n<p><strong>P: Czy ten produkt nadaje si\u0119 do dystrybucji hurtowej?<\/strong><br \/>\nO: Oczywi\u015bcie. Unikalna zaleta produktu 3 w 1 oraz du\u017ca liczba zaci\u0105gni\u0119\u0107 sprawiaj\u0105, \u017ce jest to bardzo atrakcyjny produkt dla nabywc\u00f3w B2B i sklep\u00f3w z e-papierosami. \ud83c\udfed<\/p>\n<p><strong>P: Na ile wystarcza 85 000 zaci\u0105gni\u0119\u0107?<\/strong><br \/>\nO: Dzi\u0119ki pojemno\u015bci 70 ml p\u0142ynu urz\u0105dzenie to mo\u017ce dzia\u0142a\u0107 przez kilka tygodni, w zale\u017cno\u015bci od sposobu u\u017cytkowania, co czyni je niezwykle ekonomicznym. \ud83d\uddd3\ufe0f<\/p>","protected":false},"excerpt":{"rendered":"<p>A\u017c 85 000 zaci\u0105gni\u0119\u0107, 3 w 1 zmiana smaku i pojemno\u015b\u0107 70 ml! Bang Leader 85K to najlepszy, d\u0142ugotrwa\u0142y vape z mo\u017cliwo\u015bci\u0105 \u0142adowania dla hurtownik\u00f3w i mi\u0142o\u015bnik\u00f3w smak\u00f3w. \ud83c\udf2c\ufe0f\ud83d\udca8<\/p>","protected":false},"featured_media":91116,"comment_status":"open","ping_status":"closed","template":"","meta":[],"product_brand":[239],"product_cat":[336,242,37],"product_tag":[443,444,442,445,433],"class_list":{"0":"post-91105","1":"product","2":"type-product","3":"status-publish","4":"has-post-thumbnail","6":"product_brand-bang","7":"product_cat-100k-puffs-disposable-vape","8":"product_cat-60000-puffs-disposable-vape","9":"product_cat-bang","10":"product_tag-3-in-1-flavor-vape","11":"product_tag-85000-puffs-disposable","12":"product_tag-bang-leader-85000-puffs","13":"product_tag-bang-vape-wholesale","14":"product_tag-rechargeable-vape","16":"first","17":"instock","18":"shipping-taxable","19":"purchasable","20":"product-type-variable","21":"has-default-attributes"},"jetpack_sharing_enabled":true,"tiered_pricing_type":"fixed","tiered_pricing_fixed_rules":{"30":9.07000000000000028421709430404007434844970703125,"50":7.519999999999999573674358543939888477325439453125,"100":7,"200":6.61000000000000031974423109204508364200592041015625,"400":5.8300000000000000710542735760100185871124267578125},"tiered_pricing_product_settings":{"layout":"default","base_unit_name":{"singular":null,"plural":null},"default_variation":null},"tiered_pricing_minimum_quantity":10,"tiered_pricing_roles_data":[],"tiered_pricing_percentage_rules":[],"tiered_pricing_maximum_quantity":null,"tiered_pricing_quantity_step":"10","_links":{"self":[{"href":"https:\/\/aiviouvapes.com\/pl\/wp-json\/wp\/v2\/product\/91105","targetHints":{"allow":["GET"]}}],"collection":[{"href":"https:\/\/aiviouvapes.com\/pl\/wp-json\/wp\/v2\/product"}],"about":[{"href":"https:\/\/aiviouvapes.com\/pl\/wp-json\/wp\/v2\/types\/product"}],"replies":[{"embeddable":true,"href":"https:\/\/aiviouvapes.com\/pl\/wp-json\/wp\/v2\/comments?post=91105"}],"wp:featuredmedia":[{"embeddable":true,"href":"https:\/\/aiviouvapes.com\/pl\/wp-json\/wp\/v2\/media\/91116"}],"wp:attachment":[{"href":"https:\/\/aiviouvapes.com\/pl\/wp-json\/wp\/v2\/media?parent=91105"}],"wp:term":[{"taxonomy":"product_brand","embeddable":true,"href":"https:\/\/aiviouvapes.com\/pl\/wp-json\/wp\/v2\/product_brand?post=91105"},{"taxonomy":"product_cat","embeddable":true,"href":"https:\/\/aiviouvapes.com\/pl\/wp-json\/wp\/v2\/product_cat?post=91105"},{"taxonomy":"product_tag","embeddable":true,"href":"https:\/\/aiviouvapes.com\/pl\/wp-json\/wp\/v2\/product_tag?post=91105"}],"curies":[{"name":"wp","href":"https:\/\/api.w.org\/{rel}","templated":true}]}}