{"id":91088,"date":"2025-12-08T23:36:54","date_gmt":"2025-12-08T15:36:54","guid":{"rendered":"https:\/\/aiviouvapes.com\/?post_type=product&#038;p=91088"},"modified":"2026-03-17T11:23:41","modified_gmt":"2026-03-17T03:23:41","slug":"bang-leader-50k","status":"publish","type":"product","link":"https:\/\/aiviouvapes.com\/pl\/product\/bang-leader-50k\/","title":{"rendered":"Bang Leader 50K | podw\u00f3jny system kapsu\u0142ek 50000 zaci\u0105gni\u0119\u0107, 40 ml, du\u017ca pojemno\u015b\u0107, jednorazowy vape luzem"},"content":{"rendered":"<p>\ud83c\udf1f <strong>Bang Leader 50000 zaci\u0105gni\u0119\u0107 jednorazowy vape<\/strong> to pot\u0119\u017cne urz\u0105dzenie przeznaczone dla os\u00f3b, kt\u00f3re wymagaj\u0105 wi\u0119cej. W przeciwie\u0144stwie do standardowych produkt\u00f3w jednorazowego u\u017cytku, ten zestaw zawiera innowacyjny <strong>System podw\u00f3jnych kapsu\u0142ek<\/strong> trzymaj\u0105c osza\u0142amiaj\u0105c\u0105 <strong>40 ml e-p\u0142ynu (20 ml + 20 ml)<\/strong>. Niezale\u017cnie od tego, czy jeste\u015b w\u0142a\u015bcicielem sklepu z e-papierosami poszukuj\u0105cym najnowszych produkt\u00f3w, czy te\u017c u\u017cytkownikiem e-papieros\u00f3w zm\u0119czonym ci\u0105g\u0142ym wyczerpywaniem si\u0119 p\u0142yn\u00f3w, model Bang Leader zapewnia niezr\u00f3wnan\u0105 wydajno\u015b\u0107.<\/p>\n<p>Dzi\u0119ki solidnej baterii o pojemno\u015bci 650 mAh i regulowanej zawarto\u015bci nikotyny (od 0% do 5%) urz\u0105dzenie zaspokoi wszystkie preferencje. Prze\u0142\u0105czaj si\u0119 mi\u0119dzy smakami, ciesz si\u0119 ogromnymi chmurami i do\u015bwiadcz wygody urz\u0105dzenia, kt\u00f3re naprawd\u0119 dzia\u0142a d\u0142ugo. \ud83d\udd25<\/p>\n<h2>Dlaczego warto wybra\u0107 Bang Leader 50000 Puffs? \ud83c\udfc6<\/h2>\n<ul>\n<li><strong>\ud83e\udd2f Ogromna pojemno\u015b\u0107 50 000 zaci\u0105gni\u0119\u0107:<\/strong> Jedno z najtrwalszych urz\u0105dze\u0144 na rynku, zmniejszaj\u0105ce potrzeb\u0119 cz\u0119stej wymiany. Idealne do podr\u00f3\u017cy lub d\u0142ugotrwa\u0142ego u\u017cytkowania.<\/li>\n<li><strong>\ud83d\udd04 Innowacyjna technologia Dual Pod:<\/strong> Po co zadowala\u0107 si\u0119 jednym zbiornikiem? To urz\u0105dzenie jest wyposa\u017cone w dwa wk\u0142ady o pojemno\u015bci 20 ml, co daje \u0142\u0105cznie 40 ml najwy\u017cszej jako\u015bci e-p\u0142ynu. Zapewnia to \u015bwie\u017cy smak od pierwszego do pi\u0119\u0107dziesi\u0105tego tysi\u0105ca zaci\u0105gni\u0119cia.<\/li>\n<li><strong>\ud83d\udd0b Niezawodny i wielokrotnego \u0142adowania:<\/strong> Wyposa\u017cony w bateri\u0119 o pojemno\u015bci 650 mAh i obs\u0142ug\u0119 \u0142adowania typu C (kabel nie wchodzi w sk\u0142ad zestawu), dzi\u0119ki czemu masz pewno\u015b\u0107, \u017ce zu\u017cyjesz ka\u017cdy kropl\u0119 e-p\u0142ynu.<\/li>\n<li><strong>\ud83c\udf9a\ufe0f Indywidualnie dostosowana zawarto\u015b\u0107 nikotyny:<\/strong> Dost\u0119pne w wersjach 0%, 2%, 3% i 5%. Niezale\u017cnie od tego, czy chcesz odzwyczai\u0107 si\u0119 od nikotyny, czy szukasz mocnego uderzenia, mamy dla Ciebie odpowiedni poziom.<\/li>\n<li><strong>\ud83d\udcbc Najlepsze dla hurtowni i sprzeda\u017cy hurtowej:<\/strong> Wysoka liczba zaci\u0105gni\u0119\u0107 oznacza wy\u017csz\u0105 warto\u015b\u0107. Ten produkt jest najlepszym wyborem dla dystrybutor\u00f3w i sprzedawc\u00f3w detalicznych, kt\u00f3rzy chc\u0105 zwi\u0119kszy\u0107 mar\u017c\u0119 zysku dzi\u0119ki produktowi ciesz\u0105cemu si\u0119 du\u017cym popytem.<\/li>\n<\/ul>\n<h2>Specyfikacja Bang Leader 50K \ud83d\udcca<\/h2>\n<table>\n<thead>\n<tr>\n<th>Cecha<\/th>\n<th>Szczeg\u00f3\u0142y<\/th>\n<\/tr>\n<\/thead>\n<tbody>\n<tr>\n<td><strong>Liczba zaci\u0105gni\u0119\u0107<\/strong><\/td>\n<td>Do 50 000 zaci\u0105gni\u0119\u0107<\/td>\n<\/tr>\n<tr>\n<td><strong>Pojemno\u015b\u0107 E-Liquid<\/strong><\/td>\n<td>40 ml \u0142\u0105cznie (podw\u00f3jne wk\u0142ady 20 ml)<\/td>\n<\/tr>\n<tr>\n<td><strong>Pojemno\u015b\u0107 akumulatora<\/strong><\/td>\n<td>650mAh (\u0142adowalny)<\/td>\n<\/tr>\n<tr>\n<td><strong>Si\u0142a nikotyny<\/strong><\/td>\n<td>0%, 2%, 3%, 5% Opcje<\/td>\n<\/tr>\n<tr>\n<td><strong>Port \u0142adowania<\/strong><\/td>\n<td>USB typu C<\/td>\n<\/tr>\n<tr>\n<td><strong>Typ cewki<\/strong><\/td>\n<td>Zaawansowana cewka siatkowa zapewniaj\u0105ca czysty smak<\/td>\n<\/tr>\n<tr>\n<td><strong>Przep\u0142yw powietrza<\/strong><\/td>\n<td>Regulowany dla MTL lub RDL<\/td>\n<\/tr>\n<\/tbody>\n<\/table>\n<h2>Bang Leader 50K Wyb\u00f3r smak\u00f3w \ud83c\udf47\ud83c\udf49<\/h2>\n<p>W przypadku Bang Leader 50K nie chodzi tylko o rozmiar, ale tak\u017ce o smak! Ka\u017cde urz\u0105dzenie oferuje ekscytuj\u0105ce doznania smakowe dzi\u0119ki podw\u00f3jnym smakom lub z\u0142o\u017conym mieszankom. Oto najlepiej sprzedaj\u0105ce si\u0119 kombinacje:<\/p>\n<ul>\n<li><strong>\ud83c\udf53\ud83c\udf52 Truskawka, malina, wi\u015bnia i lody wi\u015bniowe:<\/strong> Eksplozja jag\u00f3d z ch\u0142odnym, lodowym finiszem, po\u0142\u0105czona z klasycznym s\u0142odkim ponczem wi\u015bniowym.<\/li>\n<li><strong>\ud83c\udf49\ud83d\udc02 Arbuz Truskawka i arbuz Redbull:<\/strong> Letnie owoce spotykaj\u0105 si\u0119 z energetyzuj\u0105cym napojem.<\/li>\n<li><strong>\ud83c\udf47 Czarne winogrona i zielone winogrona:<\/strong> Ostateczna bitwa winogron \u2013 g\u0142\u0119boka, bogata s\u0142odycz kontra rze\u015bka, cierpka \u015bwie\u017co\u015b\u0107.<\/li>\n<li><strong>\ud83c\udf4f\ud83e\udd5d Jab\u0142ko, gruszka, kiwi, marakuja, guawa:<\/strong> Z jednej strony \u015bwie\u017ca mieszanka owoc\u00f3w z sadu, z drugiej tropikalny raj.<\/li>\n<li><strong>\ud83c\udf4d\ud83c\udf4b Kwa\u015bna lemoniada ananasowa i Redbull cytrynowo-limonkowy:<\/strong> Pikantny, cytrusowy i idealny dla tych, kt\u00f3rzy kochaj\u0105 kwa\u015bny smak.<\/li>\n<li><strong>\ud83c\udf4c\ud83e\udd6d Lody bananowe i truskawkowe z mango:<\/strong> Kremowy lukier bananowy w po\u0142\u0105czeniu z g\u0142adkim smoothie z owoc\u00f3w tropikalnych.<\/li>\n<li><strong>\ud83e\uded0 Jagoda Kwa\u015bna malina i jagoda:<\/strong> Podw\u00f3jna dawka jag\u00f3d z kwaskowatym akcentem malinowym.<\/li>\n<li><strong>\ud83e\udd64\ud83c\udf4b Cherry Cola &amp; Pink Lemonade:<\/strong> Fizzy klimat cukierni z orze\u017awiaj\u0105c\u0105 lemoniad\u0105.<\/li>\n<li><strong>\ud83c\udf79 Lemoniada jagodowo-malinowa i lody truskawkowe z malinami i wi\u015bniami:<\/strong> Z\u0142o\u017cona mieszanka jag\u00f3d i cytrus\u00f3w dla wyrafinowanych podniebie\u0144.<\/li>\n<li><strong>\ud83c\udf53\ud83e\udd5d Truskawka, kiwi i lody truskawkowe:<\/strong> Klasyczne po\u0142\u0105czenie wzbogacone o ch\u0142odny smak truskawek.<\/li>\n<li><strong>\ud83c\udf4d\ud83e\uddca Ananasowo-marakujowy i ananasowy l\u00f3d:<\/strong> Czyste egzotyczne z\u0142oto, oferuj\u0105ce zar\u00f3wno s\u0142odkie nuty marakui, jak i lodowate orze\u017awienie ananasa.<\/li>\n<li><strong>\ud83c\udf78 Mojito limonkowe z malinami i wi\u015bniowo-malinowo-limonkowe:<\/strong> Mieszanka inspirowana koktajlem, kt\u00f3ra jest pikantna, mi\u0119towa i s\u0142odka.<\/li>\n<li><strong>\ud83c\udfb2 Losowe smaki:<\/strong> Nie mo\u017cesz si\u0119 zdecydowa\u0107? Wybierz t\u0119 opcj\u0119, aby otrzyma\u0107 szybk\u0105 dostaw\u0119 i mi\u0142\u0105 niespodziank\u0119!<\/li>\n<\/ul>\n<h2>Dla kogo jest ten produkt? \ud83c\udfaf<\/h2>\n<p>The <strong>Bang Leader 50000 zaci\u0105gni\u0119\u0107<\/strong> jest najlepszym rozwi\u0105zaniem dla <strong>u\u017cytkownicy intensywnie korzystaj\u0105cy<\/strong> kt\u00f3rzy maj\u0105 do\u015b\u0107 tego, \u017ce ich vape'y psuj\u0105 si\u0119 po dw\u00f3ch dniach. Zosta\u0142 zaprojektowany z my\u015bl\u0105 o <strong>poszukiwacze smak\u00f3w<\/strong> kt\u00f3rzy chc\u0105 r\u00f3\u017cnorodno\u015bci bez konieczno\u015bci noszenia wielu urz\u0105dze\u0144.<\/p>\n<p><strong>Dla nabywc\u00f3w B2B i sklep\u00f3w z e-papierosami:<\/strong> Jest to produkt z wy\u017cszej p\u00f3\u0142ki, kt\u00f3ry szybko znika z p\u00f3\u0142ek sklepowych. Jego wyj\u0105tkowa cecha (50 tys. zaci\u0105gni\u0119\u0107 + podw\u00f3jne wk\u0142ady) sprawia, \u017ce \u0142atwo go sprzeda\u0107 w por\u00f3wnaniu ze standardowymi produktami jednorazowego u\u017cytku. Zaopatrz si\u0119 ju\u017c teraz w hurtow\u0105 dystrybucj\u0119 i zaoferuj swoim klientom najlepsz\u0105 warto\u015b\u0107 za zaci\u0105gni\u0119cie na rynku! \ud83d\udce6\ud83d\ude9b<\/p>\n<h2>Cz\u0119sto zadawane pytania (FAQ) \u2753<\/h2>\n<h3>1. Jak dzia\u0142aj\u0105 podw\u00f3jne kapsu\u0142ki?<\/h3>\n<p>Urz\u0105dzenie zawiera dwa oddzielne zbiorniki o pojemno\u015bci 20 ml w jednym urz\u0105dzeniu. Pozwala to uzyska\u0107 ogromn\u0105 \u0142\u0105czn\u0105 pojemno\u015b\u0107 40 ml, dzi\u0119ki czemu urz\u0105dzenie dzia\u0142a znacznie d\u0142u\u017cej ni\u017c standardowe vape'y z jednym zbiornikiem.<\/p>\n<h3>2. Czy model Bang Leader 50000 jest akumulatorowy?<\/h3>\n<p>Tak! Aby zapewni\u0107 ogromn\u0105 liczb\u0119 50 000 zaci\u0105gni\u0119\u0107, urz\u0105dzenie jest wyposa\u017cone w bateri\u0119 o pojemno\u015bci 650 mAh, kt\u00f3r\u0105 mo\u017cna \u0142adowa\u0107 za pomoc\u0105 portu USB typu C (kabel zazwyczaj sprzedawany oddzielnie), dzi\u0119ki czemu nigdy nie zmarnujesz ani kropli energii.<\/p>\n<h3>3. Jaka moc nikotyny jest dla mnie najlepsza?<\/h3>\n<p>Je\u015bli chcesz ca\u0142kowicie rzuci\u0107 nikotyn\u0119, wybierz <strong>0%<\/strong> opcja. Aby uzyska\u0107 \u0142agodny efekt, wybierz <strong>2%<\/strong>. Osoby pal\u0105ce du\u017co zazwyczaj preferuj\u0105 <strong>5%<\/strong> dla maksymalnej satysfakcji.<\/p>\n<h3>4. Czy oferujecie ceny hurtowe?<\/h3>\n<p>Tak! Specjalizujemy si\u0119 w zam\u00f3wieniach hurtowych dla sklep\u00f3w z e-papierosami i dystrybutor\u00f3w. Wybierz opcje hurtowe lub skontaktuj si\u0119 z naszym zespo\u0142em sprzeda\u017cy, aby uzyska\u0107 konkurencyjne ceny przy du\u017cych zam\u00f3wieniach.<\/p>","protected":false},"excerpt":{"rendered":"<p>Uwolnij moc 50 000 zaci\u0105gni\u0119\u0107 dzi\u0119ki Bang Leader. Wyposa\u017cony w pot\u0119\u017cny system podw\u00f3jnych kapsu\u0142ek o pojemno\u015bci 40 ml i akumulator 650 mAh, jest to najlepszy wyb\u00f3r dla hurtownik\u00f3w produkt\u00f3w do wapowania i intensywnych u\u017cytkownik\u00f3w poszukuj\u0105cych d\u0142ugiej \u017cywotno\u015bci i r\u00f3\u017cnorodno\u015bci smak\u00f3w. \ud83d\ude80\ud83d\udca8<\/p>","protected":false},"featured_media":91098,"comment_status":"open","ping_status":"closed","template":"","meta":[],"product_brand":[239],"product_cat":[219,242,37],"product_tag":[436,435,434,437,433],"class_list":{"0":"post-91088","1":"product","2":"type-product","3":"status-publish","4":"has-post-thumbnail","6":"product_brand-bang","7":"product_cat-40000-puffs-disposable-vape","8":"product_cat-60000-puffs-disposable-vape","9":"product_cat-bang","10":"product_tag-50000-puffs-vape","11":"product_tag-bang-leader-50000","12":"product_tag-bang-vape","13":"product_tag-dual-pod-disposable","14":"product_tag-rechargeable-vape","16":"first","17":"instock","18":"shipping-taxable","19":"purchasable","20":"product-type-variable","21":"has-default-attributes"},"jetpack_sharing_enabled":true,"tiered_pricing_type":"fixed","tiered_pricing_fixed_rules":{"30":8.5600000000000004973799150320701301097869873046875,"50":7,"100":6.480000000000000426325641456060111522674560546875,"200":6.089999999999999857891452847979962825775146484375,"400":5.5099999999999997868371792719699442386627197265625},"tiered_pricing_product_settings":{"layout":"default","base_unit_name":{"singular":null,"plural":null},"default_variation":null},"tiered_pricing_minimum_quantity":10,"tiered_pricing_roles_data":[],"tiered_pricing_percentage_rules":[],"tiered_pricing_maximum_quantity":null,"tiered_pricing_quantity_step":"10","_links":{"self":[{"href":"https:\/\/aiviouvapes.com\/pl\/wp-json\/wp\/v2\/product\/91088","targetHints":{"allow":["GET"]}}],"collection":[{"href":"https:\/\/aiviouvapes.com\/pl\/wp-json\/wp\/v2\/product"}],"about":[{"href":"https:\/\/aiviouvapes.com\/pl\/wp-json\/wp\/v2\/types\/product"}],"replies":[{"embeddable":true,"href":"https:\/\/aiviouvapes.com\/pl\/wp-json\/wp\/v2\/comments?post=91088"}],"wp:featuredmedia":[{"embeddable":true,"href":"https:\/\/aiviouvapes.com\/pl\/wp-json\/wp\/v2\/media\/91098"}],"wp:attachment":[{"href":"https:\/\/aiviouvapes.com\/pl\/wp-json\/wp\/v2\/media?parent=91088"}],"wp:term":[{"taxonomy":"product_brand","embeddable":true,"href":"https:\/\/aiviouvapes.com\/pl\/wp-json\/wp\/v2\/product_brand?post=91088"},{"taxonomy":"product_cat","embeddable":true,"href":"https:\/\/aiviouvapes.com\/pl\/wp-json\/wp\/v2\/product_cat?post=91088"},{"taxonomy":"product_tag","embeddable":true,"href":"https:\/\/aiviouvapes.com\/pl\/wp-json\/wp\/v2\/product_tag?post=91088"}],"curies":[{"name":"wp","href":"https:\/\/api.w.org\/{rel}","templated":true}]}}