{"id":91074,"date":"2025-12-08T22:54:36","date_gmt":"2025-12-08T14:54:36","guid":{"rendered":"https:\/\/aiviouvapes.com\/?post_type=product&#038;p=91074"},"modified":"2026-03-17T10:09:31","modified_gmt":"2026-03-17T02:09:31","slug":"bang-legend-110k","status":"publish","type":"product","link":"https:\/\/aiviouvapes.com\/pl\/product\/bang-legend-110k\/","title":{"rendered":"Bang Legend 110K | 110000 zaci\u0105gni\u0119\u0107, 56 ml, 3 w 1, bardzo d\u0142uga cewka siatkowa, jednorazowy vape"},"content":{"rendered":"<p><!-- \ud83d\ude80 Product Title --><\/p>\n<p><!-- \u2b50 Short Description --><\/p>\n<p><!-- \ud83d\udcd8 Long Description --><\/p>\n<h2>Bang Legend 110000 zaci\u0105gni\u0119\u0107 3 w 1 Vape \u2013 Nowa definicja mocy, smaku i wytrzyma\u0142o\u015bci \u26a1<\/h2>\n<p>Wejd\u017a w now\u0105 generacj\u0119 vaping\u00f3w o du\u017cej pojemno\u015bci dzi\u0119ki <strong>Bang Legend 110000 zaci\u0105gni\u0119\u0107 3 w 1 Vape<\/strong> \u2014 urz\u0105dzenie stworzone dla u\u017cytkownik\u00f3w, kt\u00f3rzy nie godz\u0105 si\u0119 na kompromisy. Dzi\u0119ki ogromnej <strong>\u017bywotno\u015b\u0107 110 000 zaci\u0105gni\u0119\u0107<\/strong>, Dzi\u0119ki potr\u00f3jnemu systemowi smak\u00f3w i p\u0142ynnej pracy cewki siatkowej, ta przedpremierowa edycja zapewnia moc, smak i wygod\u0119 w jednym eleganckim urz\u0105dzeniu.<\/p>\n<p>Jego wydajno\u015b\u0107 <strong>Akumulator o pojemno\u015bci 600 mAh<\/strong>, <strong>Szybkie \u0142adowanie typu C<\/strong>oraz <strong>Cewka o oczkach 1,0\u03a9<\/strong> zapewniaj\u0105 intensywny smak, sta\u0142\u0105 ilo\u015b\u0107 pary i d\u0142ugotrwa\u0142e u\u017cytkowanie \u2014 idealne zar\u00f3wno dla klient\u00f3w detalicznych, jak i dystrybutor\u00f3w hurtowych.<\/p>\n<p><!-- \u2b50 Why Choose Section --><\/p>\n<h2>Dlaczego warto wybra\u0107 Bang Legend 110000 Puffs? \ud83d\udca1<\/h2>\n<ul>\n<li>\ud83d\udd25 <strong>Niesamowita \u017cywotno\u015b\u0107 110 000 zaci\u0105gni\u0119\u0107<\/strong> \u2014 trwa tygodnie, a nawet miesi\u0105ce, w zale\u017cno\u015bci od intensywno\u015bci u\u017cytkowania<\/li>\n<li>\ud83c\udfaf <strong>Tryb potr\u00f3jnego smaku 3 w 1<\/strong> \u2014 b\u0142yskawicznie prze\u0142\u0105czaj si\u0119 mi\u0119dzy trzema pysznymi smakami<\/li>\n<li>\ud83d\udca8 <strong>Cewka siatkowa 1,0\u03a9<\/strong> \u2014 bardziej p\u0142ynna para, bogatszy smak i lepszy przep\u0142yw powietrza<\/li>\n<li>\ud83d\udd0b <strong>Akumulator 600mAh<\/strong> \u2014 zoptymalizowana wydajno\u015b\u0107 energetyczna<\/li>\n<li>\u26a1 <strong>Szybkie \u0142adowanie typu C<\/strong> \u2014 szybko na\u0142aduj i wr\u00f3\u0107 do vapowania<\/li>\n<li>\ud83c\udf08 <strong>12 wyselekcjonowanych zestaw\u00f3w trzech smak\u00f3w<\/strong> dla pocz\u0105tkuj\u0105cych i ekspert\u00f3w od smaku<\/li>\n<li>\ud83e\uddea <strong>Wiele opcji nikotyny<\/strong>: 0%, 2%, 3%, 5%<\/li>\n<li>\ud83d\udce6 <strong>Idealny do sprzeda\u017cy hurtowej<\/strong> \u2014 du\u017ce zapotrzebowanie, urz\u0105dzenie o d\u0142ugiej \u017cywotno\u015bci, idealne dla sklep\u00f3w z e-papierosami<\/li>\n<\/ul>\n<p><!-- \ud83d\udd27 Specifications --><\/p>\n<h2>Bang Legend 110K Dane techniczne \ud83d\udcca<\/h2>\n<table>\n<tbody>\n<tr>\n<td>Liczba zaci\u0105gni\u0119\u0107<\/td>\n<td>110 000 zaci\u0105gni\u0119\u0107<\/td>\n<\/tr>\n<tr>\n<td>System aromat\u00f3w<\/td>\n<td>Potr\u00f3jny prze\u0142\u0105cznik smak\u00f3w 3 w 1<\/td>\n<\/tr>\n<tr>\n<td>Pojemno\u015b\u0107 e-liquidu<\/td>\n<td>20 ml<\/td>\n<\/tr>\n<tr>\n<td>Bateria<\/td>\n<td>Akumulator 600 mAh<\/td>\n<\/tr>\n<tr>\n<td>Port \u0142adowania<\/td>\n<td>Typ-C<\/td>\n<\/tr>\n<tr>\n<td>Typ cewki<\/td>\n<td>Cewka siatkowa 1,0\u03a9<\/td>\n<\/tr>\n<tr>\n<td>Poziomy nikotyny<\/td>\n<td>0%, 2%, 3%, 5%<\/td>\n<\/tr>\n<tr>\n<td>Wydanie<\/td>\n<td>Wydanie przedsprzeda\u017cowe<\/td>\n<\/tr>\n<\/tbody>\n<\/table>\n<p><!-- \ud83c\udf53 Flavor Section --><\/p>\n<h2>Bang Legend 110K Wyb\u00f3r smak\u00f3w \u2013 12 kombinacji trzech smak\u00f3w \ud83c\udf6d<\/h2>\n<p>Ka\u017cdy zestaw zawiera trzy idealnie dopasowane smaki, oferuj\u0105c nieograniczone mo\u017cliwo\u015bci kombinacji dzi\u0119ki konstrukcji 3 w 1.<\/p>\n<ul>\n<li>\ud83c\udf49 Arbuzowy l\u00f3d \u2022 \ud83c\udf50 Jab\u0142ko i gruszka \u2022 \ud83d\udc8b Nami\u0119tny poca\u0142unek<\/li>\n<li>\ud83e\uded0 Lody jagodowe \u2022 \ud83c\udf48 Melon i jab\u0142ko \u2022 \ud83c\udf4b Limonkowy romans<\/li>\n<li>\u26a1 Nap\u00f3j energetyczny \u2022 \ud83c\udf4f Jab\u0142ko i winogrono \u2022 \ud83e\udd6d Mango, brzoskwinia i morela<\/li>\n<li>\ud83c\udf53 Truskawka i mango \u2022 \ud83e\uded0 Jagoda i brzoskwinia \u2022 \ud83c\udf49 Arbuz i jagody<\/li>\n<li>\ud83e\uded0 Jagoda malina \u2022 \ud83d\udc3b \u017belki \u2022 \ud83c\udf49 Arbuz pitaja<\/li>\n<li>\ud83c\udf53 Truskawka i kiwi \u2022 \ud83d\udc09 Czarny smok lodowy \u2022 \ud83c\udf4b Cytryna i limonka<\/li>\n<li>\ud83e\uded0 Jagoda i arbuz \u2022 \ud83c\udf47 Lody winogronowe \u2022 \u2744 Lody Fuji<\/li>\n<li>\ud83c\udf53 Truskawka i arbuz \u2022 \ud83c\udf47 Winogrona i je\u017cyna \u2022 \ud83c\udf4b Limonka i romans<\/li>\n<li>\ud83c\udf4c Truskawka i banan \u2022 \ud83c\udf51 Brzoskwinia lodowa \u2022 \ud83c\udf51 Arbuz i kwa\u015bna brzoskwinia<\/li>\n<li>\ud83e\udd6d Brzoskwinia, mango, arbuz \u2022 \ud83e\udd64 Wi\u015bnia, cola \u2022 \ud83e\udd5d Marakuja, kiwi, limonka<\/li>\n<li>\ud83c\udf6c Arbuzowa guma balonowa \u2022 \ud83e\udd5d Kiwi, marakuja, guawa \u2022 \ud83d\udc0d Mamba<\/li>\n<li>\ud83c\udf53 Mieszanka jag\u00f3d \u2022 \ud83e\udd6d Marakuja i mango \u2022 \u2764\ufe0f Love 66<\/li>\n<\/ul>\n<p><!-- \u2753 FAQ --><\/p>\n<h2>FAQ \u2753<\/h2>\n<p><strong>P: Jak prze\u0142\u0105cza\u0107 si\u0119 mi\u0119dzy trzema smakami?<\/strong><br \/>\nWystarczy przesun\u0105\u0107 lub obr\u00f3ci\u0107 wbudowany selektor, aby natychmiast zmieni\u0107 smak. To bardzo proste! \ud83d\udd04<\/p>\n<p><strong>P: Czy urz\u0105dzenie mo\u017cna \u0142adowa\u0107?<\/strong><br \/>\nTak! Urz\u0105dzenie jest wyposa\u017cone w port \u0142adowania typu C, kt\u00f3ry umo\u017cliwia szybkie i wydajne \u0142adowanie. \u26a1<\/p>\n<p><strong>P: Na ile wystarcza 110 000 zaci\u0105gni\u0119\u0107?<\/strong><br \/>\nW przypadku wi\u0119kszo\u015bci u\u017cytkownik\u00f3w wystarcza na kilka tygodni lub miesi\u0119cy, w zale\u017cno\u015bci od codziennego zu\u017cycia. Bardzo ekonomiczne! \u23f3<\/p>\n<p><strong>P: Czy jest to dobre dla sprzeda\u017cy hurtowej?<\/strong><br \/>\nOczywi\u015bcie \u2014 bardzo du\u017cy popyt, d\u0142ugi okres przydatno\u015bci do spo\u017cycia i doskona\u0142e mar\u017ce zysku. \ud83d\udce6<\/p>\n<p><strong>P: Czy przecieka?<\/strong><br \/>\nNie. Wykorzystuje on szczeln\u0105 konstrukcj\u0119 z siatkow\u0105 cewk\u0105, kt\u00f3ra zapewnia stabiln\u0105 wydajno\u015b\u0107 i odporno\u015b\u0107 na wycieki. \ud83d\udca7\u274c<\/p>\n<p><!-- \ud83c\udfaf Conclusion --><\/p>\n<h2>Idealny dla os\u00f3b intensywnie korzystaj\u0105cych z produktu, mi\u0142o\u015bnik\u00f3w smaku i hurtowych nabywc\u00f3w \ud83d\udcbc<\/h2>\n<p>The <strong>Bang Legend 110K 3 w 1 jednorazowy vape<\/strong> jest stworzony z my\u015bl\u0105 o d\u0142ugich sesjach, wyrazistych smakach i maksymalnej wygodzie. Niezale\u017cnie od tego, czy jeste\u015b zapalonym u\u017cytkownikiem e-papieros\u00f3w, mi\u0142o\u015bnikiem smak\u00f3w, czy sklepem z e-papierosami poszukuj\u0105cym najlepiej sprzedaj\u0105cego si\u0119 modelu o du\u017cej pojemno\u015bci, to urz\u0105dzenie zapewnia wyj\u0105tkow\u0105 wydajno\u015b\u0107 i warto\u015b\u0107. Ciesz si\u0119 nieograniczonymi mo\u017cliwo\u015bciami odkrywania smak\u00f3w i wyj\u0105tkowo d\u0142ug\u0105 \u017cywotno\u015bci\u0105 \u2014 wszystko w jednym pot\u0119\u017cnym urz\u0105dzeniu. \ud83d\udd25\ud83d\udca8<\/p>","protected":false},"excerpt":{"rendered":"<p>Do\u015bwiadcz ekstremalnej wytrzyma\u0142o\u015bci i potr\u00f3jnej przyjemno\u015bci smaku dzi\u0119ki Bang Legend 110K \u2014 stworzonemu z my\u015bl\u0105 o intensywnych u\u017cytkownikach, mi\u0142o\u015bnikach smaku i hurtowych nabywcach. Ultra d\u0142ugie 110 000 zaci\u0105gni\u0119\u0107 + cewka siatkowa + szybkie \u0142adowanie typu C. \ud83d\udca8\u2728<\/p>","protected":false},"featured_media":91087,"comment_status":"open","ping_status":"closed","template":"","meta":[],"product_brand":[239],"product_cat":[336,37],"product_tag":[440,439,441,438,396],"class_list":{"0":"post-91074","1":"product","2":"type-product","3":"status-publish","4":"has-post-thumbnail","6":"product_brand-bang","7":"product_cat-100k-puffs-disposable-vape","8":"product_cat-bang","9":"product_tag-110k-puffs-vape","10":"product_tag-3-in-1-disposable-vape","11":"product_tag-bang-legend","12":"product_tag-bang-legend-110000-puffs","13":"product_tag-wholesale-disposable-vape","15":"first","16":"instock","17":"shipping-taxable","18":"purchasable","19":"product-type-variable","20":"has-default-attributes"},"jetpack_sharing_enabled":true,"tiered_pricing_type":"fixed","tiered_pricing_fixed_rules":{"30":9.199999999999999289457264239899814128875732421875,"50":7.38999999999999968025576890795491635799407958984375,"100":6.87000000000000010658141036401502788066864013671875,"200":6.480000000000000426325641456060111522674560546875,"400":5.95999999999999996447286321199499070644378662109375},"tiered_pricing_product_settings":{"layout":"default","base_unit_name":{"singular":null,"plural":null},"default_variation":null},"tiered_pricing_minimum_quantity":10,"tiered_pricing_roles_data":[],"tiered_pricing_percentage_rules":[],"tiered_pricing_maximum_quantity":null,"tiered_pricing_quantity_step":"10","_links":{"self":[{"href":"https:\/\/aiviouvapes.com\/pl\/wp-json\/wp\/v2\/product\/91074","targetHints":{"allow":["GET"]}}],"collection":[{"href":"https:\/\/aiviouvapes.com\/pl\/wp-json\/wp\/v2\/product"}],"about":[{"href":"https:\/\/aiviouvapes.com\/pl\/wp-json\/wp\/v2\/types\/product"}],"replies":[{"embeddable":true,"href":"https:\/\/aiviouvapes.com\/pl\/wp-json\/wp\/v2\/comments?post=91074"}],"wp:featuredmedia":[{"embeddable":true,"href":"https:\/\/aiviouvapes.com\/pl\/wp-json\/wp\/v2\/media\/91087"}],"wp:attachment":[{"href":"https:\/\/aiviouvapes.com\/pl\/wp-json\/wp\/v2\/media?parent=91074"}],"wp:term":[{"taxonomy":"product_brand","embeddable":true,"href":"https:\/\/aiviouvapes.com\/pl\/wp-json\/wp\/v2\/product_brand?post=91074"},{"taxonomy":"product_cat","embeddable":true,"href":"https:\/\/aiviouvapes.com\/pl\/wp-json\/wp\/v2\/product_cat?post=91074"},{"taxonomy":"product_tag","embeddable":true,"href":"https:\/\/aiviouvapes.com\/pl\/wp-json\/wp\/v2\/product_tag?post=91074"}],"curies":[{"name":"wp","href":"https:\/\/api.w.org\/{rel}","templated":true}]}}