{"id":87549,"date":"2025-11-26T18:54:33","date_gmt":"2025-11-26T10:54:33","guid":{"rendered":"https:\/\/aiviouvapes.com\/?post_type=product&#038;p=87549"},"modified":"2026-03-17T23:53:00","modified_gmt":"2026-03-17T15:53:00","slug":"uzy-crystal-twin-50k","status":"publish","type":"product","link":"https:\/\/aiviouvapes.com\/pl\/product\/uzy-crystal-twin-50k\/","title":{"rendered":"UZY Crystal Twin 50K | 2-w-1 podw\u00f3jny smak 50000 zaci\u0105gni\u0119\u0107 inteligentny wy\u015bwietlacz LED 40ml mega pojemno\u015b\u0107 hurtownia"},"content":{"rendered":"<p><strong>UZY Crystal Twin 50000 zaci\u0105gni\u0119\u0107 jednorazowy vape<\/strong> zosta\u0142 zaprojektowany dla vaper\u00f3w, kt\u00f3rzy chc\u0105 wi\u0119cej smaku, wi\u0119cej mocy i wi\u0119cej wygody. Z <strong>podw\u00f3jne zbiorniki 20 ml<\/strong>, <strong>dwie cewki o oczkach 0,9\u03a9<\/strong>oraz <strong>Inteligentny ekran LED<\/strong>, To urz\u0105dzenie zapewnia najwy\u017cszej jako\u015bci doznania przy ka\u017cdym zaci\u0105gni\u0119ciu. Prze\u0142\u0105czaj si\u0119 mi\u0119dzy dwoma smakami w dowolnym momencie i ciesz si\u0119 wyj\u0105tkowo g\u0142adkim smakiem przez tygodnie. \ud83d\ude80<\/p>\n<h2>Dlaczego warto wybra\u0107 UZY Crystal Twin 50K?<\/h2>\n<ul>\n<li>\ud83d\udca8 <strong>Ogromne 50 000 zaci\u0105gni\u0119\u0107<\/strong> do bardzo d\u0142ugiego u\u017cytkowania<\/li>\n<li>\ud83c\udf53 <strong>System podw\u00f3jnego aromatu 2 w 1<\/strong> - natychmiastowe prze\u0142\u0105czanie mi\u0119dzy dwoma smakami<\/li>\n<li>\ud83d\udd25 <strong>Podw\u00f3jne cewki siatkowe 0,9\u03a9<\/strong> dla mocniejszego smaku i g\u0142adszej pary<\/li>\n<li>\ud83d\udcfa <strong>Inteligentny wy\u015bwietlacz LED<\/strong> Wyra\u017anie pokazuje poziom baterii i e-cieczy<\/li>\n<li>\ud83d\udd0b <strong>Akumulator o pojemno\u015bci 850 mAh<\/strong> z szybkim \u0142adowaniem typu C<\/li>\n<li>\ud83e\uddca <strong>Du\u017ca pojemno\u015b\u0107 40 ml e-soku<\/strong> (20 ml + 20 ml)<\/li>\n<li>Dost\u0119pne w <strong>2%, 3% i 5% nikotyna<\/strong> opcje<\/li>\n<li>Kryszta\u0142owy design, kt\u00f3ry wygl\u0105da premium i wygodnie le\u017cy w d\u0142oni<\/li>\n<li>Idealny dla <strong>zam\u00f3wienia detaliczne, hurtowe i masowe<\/strong><\/li>\n<\/ul>\n<h3>UZY Crystal Twin 50K Specyfikacja<\/h3>\n<table>\n<tbody>\n<tr>\n<td><strong>Liczba zaci\u0105gni\u0119\u0107<\/strong><\/td>\n<td>Do 50 000 zaci\u0105gni\u0119\u0107<\/td>\n<\/tr>\n<tr>\n<td><strong>Smaki<\/strong><\/td>\n<td>Prze\u0142\u0105cznik dw\u00f3ch smak\u00f3w (2 smaki w jednym urz\u0105dzeniu)<\/td>\n<\/tr>\n<tr>\n<td><strong>Pojemno\u015b\u0107 E-Liquid<\/strong><\/td>\n<td>40 ml (20 ml + 20 ml)<\/td>\n<\/tr>\n<tr>\n<td><strong>Cewka<\/strong><\/td>\n<td>Cewka siatkowa 0,9\u03a9 \u00d7 2<\/td>\n<\/tr>\n<tr>\n<td><strong>Si\u0142a nikotyny<\/strong><\/td>\n<td>2% \/ 3% \/ 5%<\/td>\n<\/tr>\n<tr>\n<td><strong>Bateria<\/strong><\/td>\n<td>Akumulator 850 mAh<\/td>\n<\/tr>\n<tr>\n<td><strong>\u0141adowanie<\/strong><\/td>\n<td>Szybkie \u0142adowanie typu C<\/td>\n<\/tr>\n<tr>\n<td><strong>Wy\u015bwietlacz<\/strong><\/td>\n<td>Inteligentny ekran LED<\/td>\n<\/tr>\n<tr>\n<td><strong>Typ u\u017cytkowania<\/strong><\/td>\n<td>Jednorazowego u\u017cytku<\/td>\n<\/tr>\n<\/tbody>\n<\/table>\n<h3>UZY Crystal Twin 50K Dost\u0119pne smaki<\/h3>\n<ul>\n<li><strong>Bor\u00f3wka na lodzie i letni l\u00f3d brzoskwiniowy<\/strong> - Lodowata jagoda \u0142\u0105czy si\u0119 ze s\u0142odk\u0105 brzoskwini\u0105, tworz\u0105c orze\u017awiaj\u0105ce po\u0142\u0105czenie.<\/li>\n<li><strong>Kiwi Passion Fruit Guava &amp; Blueberry Raspberry<\/strong> - Tropikalna eksplozja po\u0142\u0105czona z jagodow\u0105 s\u0142odycz\u0105.<\/li>\n<li><strong>L\u00f3d truskawkowy, kiwi i winogronowy<\/strong> - Owocowa \u015bwie\u017co\u015b\u0107 z ch\u0142odn\u0105 nut\u0105 winogron.<\/li>\n<li><strong>Kiwi, marakuja, guawa i dwa jab\u0142ka<\/strong> - Egzotyczne tropikalne mieszanki z chrupi\u0105cym podw\u00f3jnym jab\u0142kiem.<\/li>\n<li><strong>Truskawka, arbuz i cytryna z limonk\u0105<\/strong> - S\u0142odka, soczysta mieszanka zr\u00f3wnowa\u017cona pikantnymi cytrusami.<\/li>\n<li><strong>L\u00f3d jagodowy, malinowy i wi\u015bniowy<\/strong> - G\u0142adkie jagody z ch\u0142odnym wi\u015bniowym finiszem.<\/li>\n<li><strong>Strawberry Raspberry Cherry &amp; Mr Blue<\/strong> - Potr\u00f3jny jagodowy twist \u0142\u0105czy si\u0119 z ch\u0142odn\u0105, tajemnicz\u0105 mieszank\u0105.<\/li>\n<li><strong>Brzoskwinia Mango Ananas &amp; Red Bull<\/strong> - Tropikalny koktajl i energetyzuj\u0105cy nap\u00f3j gazowany.<\/li>\n<li><strong>L\u00f3d arbuzowy i mieszane jagody<\/strong> - Ch\u0142odz\u0105cy arbuz w po\u0142\u0105czeniu ze \u015bwie\u017co\u015bci\u0105 dzikich jag\u00f3d.<\/li>\n<li><strong>Strawberry Banana &amp; Love 66<\/strong> - G\u0142adki kremowy banan + egzotyczny smak shishy.<\/li>\n<\/ul>\n<h3>Idealny dla<\/h3>\n<p>To urz\u0105dzenie jest idealne dla <strong>intensywni vaperzy, mi\u0142o\u015bnicy smak\u00f3w, w\u0142a\u015bciciele sklep\u00f3w vape i dystrybutorzy hurtowi<\/strong> kt\u00f3rzy chc\u0105 wysokiej jako\u015bci, d\u0142ugotrwa\u0142ego waporyzatora jednorazowego u\u017cytku. Dzi\u0119ki du\u017cemu smakowi, du\u017cej pojemno\u015bci i du\u017cej wydajno\u015bci, UZY Crystal Twin 50K zapewnia satysfakcj\u0119 od pierwszego do ostatniego zaci\u0105gni\u0119cia. \ud83d\udca8\ud83d\udd25<\/p>\n<h3>Najcz\u0119\u015bciej zadawane pytania dotycz\u0105ce UZY Crystal Twin 50K<\/h3>\n<p><strong>P: Jak d\u0142ugo dzia\u0142a UZY Crystal Twin 50K?<\/strong><br \/>\nO: Do 50 000 zaci\u0105gni\u0119\u0107 mo\u017ce wystarczy\u0107 na tygodnie lub miesi\u0105ce, w zale\u017cno\u015bci od nawyk\u00f3w waporyzacyjnych.<\/p>\n<p><strong>P: Czy mog\u0119 na\u0142adowa\u0107 to urz\u0105dzenie?<\/strong><br \/>\nTak! Zawiera akumulator o pojemno\u015bci 850 mAh z funkcj\u0105 \u0142adowania typu C.<\/p>\n<p><strong>P: Czy naprawd\u0119 ma dwa smaki?<\/strong><br \/>\nTak. Urz\u0105dzenie posiada dwa oddzielne zbiorniki o pojemno\u015bci 20 ml i dwie cewki siatkowe, co pozwala na zmian\u0119 smak\u00f3w w dowolnym momencie.<\/p>\n<p><strong>P: Czy jest to dobre dla sprzeda\u017cy hurtowej?<\/strong><br \/>\nOczywi\u015bcie. Jest to produkt o wysokim popycie, d\u0142ugotrwa\u0142y i idealny do sklep\u00f3w vape, dystrybucji i zam\u00f3wie\u0144 hurtowych.<\/p>\n<p><strong>P: Jakie st\u0119\u017cenia nikotyny s\u0105 dost\u0119pne?<\/strong><br \/>\nMo\u017cesz wybra\u0107 2%, 3% lub 5% w zale\u017cno\u015bci od potrzeb rynkowych.<\/p>","protected":false},"excerpt":{"rendered":"<p>Ciesz si\u0119 dwoma niesamowitymi smakami w jednym urz\u0105dzeniu dzi\u0119ki UZY Crystal Twin 50K! Trwa\u0142e urz\u0105dzenie jednorazowe na 50 000 zaci\u0105gni\u0119\u0107 z inteligentnym wy\u015bwietlaczem LED, podw\u00f3jnymi cewkami siatkowymi i ogromn\u0105 pojemno\u015bci\u0105 40 ml e-liquidu - idealne dla codziennych vaper\u00f3w i nabywc\u00f3w hurtowych.<\/p>","protected":false},"featured_media":87550,"comment_status":"open","ping_status":"closed","template":"","meta":[],"product_brand":[254],"product_cat":[253,219,242,137,146,138,141,143],"product_tag":[389,391,392,388,390],"class_list":{"0":"post-87549","1":"product","2":"type-product","3":"status-publish","4":"has-post-thumbnail","6":"product_brand-uzy","7":"product_cat-uzy","8":"product_cat-40000-puffs-disposable-vape","9":"product_cat-60000-puffs-disposable-vape","10":"product_cat-disposable-vapes-in-germany","11":"product_cat-disposable-vapes-in-hungary","12":"product_cat-disposable-vapes-in-ltaly","13":"product_cat-disposable-vapes-in-poland","14":"product_cat-disposable-vapes-in-spain","15":"product_tag-dual-flavor-50k-puffs-vape","16":"product_tag-led-display-high-puff-vape","17":"product_tag-long-lasting-2-in-1-vape-device","18":"product_tag-uzy-crystal-twin-50000-disposable-vape","19":"product_tag-wholesale-disposable-vape-bulk","21":"first","22":"instock","23":"shipping-taxable","24":"purchasable","25":"product-type-variable","26":"has-default-attributes"},"jetpack_sharing_enabled":true,"tiered_pricing_type":"fixed","tiered_pricing_fixed_rules":{"30":7.589999999999999857891452847979962825775146484375,"50":6.20999999999999996447286321199499070644378662109375,"100":5.95999999999999996447286321199499070644378662109375,"200":5.589999999999999857891452847979962825775146484375,"400":5.04000000000000003552713678800500929355621337890625},"tiered_pricing_product_settings":{"layout":"default","base_unit_name":{"singular":null,"plural":null},"default_variation":null},"tiered_pricing_minimum_quantity":10,"tiered_pricing_roles_data":[],"tiered_pricing_percentage_rules":[],"tiered_pricing_maximum_quantity":null,"tiered_pricing_quantity_step":"10","_links":{"self":[{"href":"https:\/\/aiviouvapes.com\/pl\/wp-json\/wp\/v2\/product\/87549","targetHints":{"allow":["GET"]}}],"collection":[{"href":"https:\/\/aiviouvapes.com\/pl\/wp-json\/wp\/v2\/product"}],"about":[{"href":"https:\/\/aiviouvapes.com\/pl\/wp-json\/wp\/v2\/types\/product"}],"replies":[{"embeddable":true,"href":"https:\/\/aiviouvapes.com\/pl\/wp-json\/wp\/v2\/comments?post=87549"}],"wp:featuredmedia":[{"embeddable":true,"href":"https:\/\/aiviouvapes.com\/pl\/wp-json\/wp\/v2\/media\/87550"}],"wp:attachment":[{"href":"https:\/\/aiviouvapes.com\/pl\/wp-json\/wp\/v2\/media?parent=87549"}],"wp:term":[{"taxonomy":"product_brand","embeddable":true,"href":"https:\/\/aiviouvapes.com\/pl\/wp-json\/wp\/v2\/product_brand?post=87549"},{"taxonomy":"product_cat","embeddable":true,"href":"https:\/\/aiviouvapes.com\/pl\/wp-json\/wp\/v2\/product_cat?post=87549"},{"taxonomy":"product_tag","embeddable":true,"href":"https:\/\/aiviouvapes.com\/pl\/wp-json\/wp\/v2\/product_tag?post=87549"}],"curies":[{"name":"wp","href":"https:\/\/api.w.org\/{rel}","templated":true}]}}