{"id":7712,"date":"2024-08-20T06:43:08","date_gmt":"2024-08-19T22:43:08","guid":{"rendered":"https:\/\/aiviouvapes.com\/?post_type=product&#038;p=7712"},"modified":"2026-04-17T13:01:19","modified_gmt":"2026-04-17T05:01:19","slug":"elfworld-plus-20000-puffs","status":"publish","type":"product","link":"https:\/\/aiviouvapes.com\/pl\/product\/elfworld-plus-20000-puffs\/","title":{"rendered":"ELFWORLD PLUS+ 20000 Puffs | 0%-5% nikotyna, 22 ml, jednorazowy vape luzem"},"content":{"rendered":"<h2>ELFWORLD PLUS+ 20000 zaci\u0105gni\u0119\u0107 | 0% 2% 3% 5% nikotyna, 22 ml e-liquidu, grza\u0142ka typu mesh, \u0142adowalny typ C, hurtowy zakup jednorazowych waporyzator\u00f3w<\/h2>\n<h3>ELFWORLD PLUS+ 20000 Puff Przegl\u0105d i funkcje<\/h3>\n<p>Model ELFWORLD PLUS+ 20000 Puffs zosta\u0142 opracowany z my\u015bl\u0105 o zapewnieniu najwy\u017cszej jako\u015bci i d\u0142u\u017cszych wra\u017ce\u0144 z waporyzacji, oferuj\u0105c do 20 000 zaci\u0105gni\u0119\u0107 i du\u017c\u0105 pojemno\u015b\u0107 22 ml e-liquidu, co minimalizuje potrzeb\u0119 uzupe\u0142niania. Zasilany akumulatorem 650 mAh z wygodnym portem \u0142adowania typu C, zapewnia niezawodn\u0105 i d\u0142ugotrwa\u0142\u0105 wydajno\u015b\u0107. Urz\u0105dzenie jest wyposa\u017cone w cewk\u0119 siatkow\u0105, kt\u00f3ra poprawia smak i produkcj\u0119 pary, zapewniaj\u0105c niezmiennie p\u0142ynn\u0105 waporyzacj\u0119. Dost\u0119pny w poziomach nikotyny 0%, 2%, 3% i 5%, zaspokaja szereg preferencji, zapewniaj\u0105c konfigurowalne wra\u017cenia.<\/p>\n<ul>\n<li><strong>Do 20 000 zaci\u0105gni\u0119\u0107<\/strong>: Zapewnia szerokie zastosowanie, maksymalizuj\u0105c satysfakcj\u0119 i wygod\u0119.<\/li>\n<li><strong>Pojemno\u015b\u0107 e-liquidu 22 ml<\/strong>: Zmniejsza cz\u0119stotliwo\u015b\u0107 uzupe\u0142niania, zapewniaj\u0105c nieprzerwan\u0105 przyjemno\u015b\u0107.<\/li>\n<li><strong>Akumulator 650 mAh<\/strong>: Oferuje sta\u0142\u0105 moc z szybkim \u0142adowaniem typu C.<\/li>\n<li><strong>Siatkowa cewka<\/strong>: Zapewnia bogaty, g\u0142adki smak i optymaln\u0105 produkcj\u0119 pary.<\/li>\n<li><strong>Opcje nikotyny<\/strong>: Dost\u0119pne w wersjach 0%, 2%, 3% i 5%, aby zapewni\u0107 indywidualne wra\u017cenia.<\/li>\n<\/ul>\n<h3>ELFWORLD PLUS+ 20000 Puff Flavors w magazynie:<\/h3>\n<p>Grape Lemon, Fcuking Fab, Cherry Bomb, Juicy Peach Ice, Berry Bliss, Blue Razz Ice, Dragon Melon, Blueberry Watermelon, Pink Lemonade, Mexico Mango, Strawberry Banana, Watermelon Ice, White Gummy Ice, Strawberry Mango, Miami Mint.<\/p>\n<h3>Dlaczego warto wybra\u0107 ELFWORLD PLUS+ 20000 Puff?<\/h3>\n<p>Model ELFWORLD PLUS+ 20000 Puffs \u0142\u0105czy w sobie du\u017c\u0105 pojemno\u015b\u0107, r\u00f3\u017cnorodne opcje smakowe i zaawansowan\u0105 technologi\u0119 cewek siatkowych, co czyni go idealnym wyborem dla os\u00f3b poszukuj\u0105cych d\u0142ugowieczno\u015bci i jako\u015bci w urz\u0105dzeniu vape. Kompaktowa konstrukcja i akumulator sprawiaj\u0105, \u017ce jest on idealny do u\u017cytku w podr\u00f3\u017cy, a szeroka gama smak\u00f3w sprawia, \u017ce ka\u017cdy znajdzie co\u015b dla siebie. Dost\u0119pne w sprzeda\u017cy hurtowej, urz\u0105dzenie to jest idealne dla sprzedawc\u00f3w detalicznych, kt\u00f3rzy chc\u0105 oferowa\u0107 wysokiej jako\u015bci jednorazowe waporyzatory. Niezale\u017cnie od tego, czy jeste\u015b pocz\u0105tkuj\u0105cym, czy do\u015bwiadczonym waperem, ELFWORLD PLUS+ 20000 Puffs zapewnia satysfakcjonuj\u0105ce, wysokowydajne doznania przy ka\u017cdym zaci\u0105gni\u0119ciu.<\/p>\n<h3>Dlaczego warto wybra\u0107 AiviouVapes<\/h3>\n<p>Witamy w <a href=\"https:\/\/aiviouvapes.com\/pl\/\">AiviouVapes<\/a> - Zaufane \u017ar\u00f3d\u0142o wysokiej jako\u015bci, przyst\u0119pnych cen <a href=\"https:\/\/aiviouvapes.com\/pl\/shop\/\">hurtowe waporyzatory jednorazowe<\/a> w naprawd\u0119 niskich cenach. Dzi\u0119ki ponad pi\u0119cioletniemu do\u015bwiadczeniu w bran\u017cy vape, z dum\u0105 oferujemy starannie wyselekcjonowany wyb\u00f3r wiod\u0105cych marek, w tym <a href=\"https:\/\/aiviouvapes.com\/pl\/kategoria-produktu\/waspe\/\">WASPE<\/a>, <a href=\"https:\/\/aiviouvapes.com\/pl\/kategoria-produktu\/bang\/\">Bang Vape<\/a>, <a href=\"https:\/\/aiviouvapes.com\/pl\/kategoria-produktu\/vapme-vapes\/\">Vapme<\/a>oraz <a href=\"https:\/\/aiviouvapes.com\/pl\/kategoria-produktu\/mrvi\/\">MRVI<\/a>.<\/p>\n<p>Od urz\u0105dze\u0144 o wysokiej wydajno\u015bci, takich jak <a href=\"https:\/\/aiviouvapes.com\/pl\/produkt\/waspe-4-in-1-100000-puffs\/\">WASPE 100K 4 w 1 Smak<\/a> do odwa\u017cnych faworyt\u00f3w, takich jak <a href=\"https:\/\/aiviouvapes.com\/pl\/produkt\/bang-king-triple-flavors-85000\/\">Bang 85,000 Triple Puff<\/a>a nawet ekscytuj\u0105ce <a class=\"woocommerce-LoopProduct-link woocommerce-loop-product__link\" href=\"https:\/\/aiviouvapes.com\/pl\/produkt\/mystery-vape-blind-box\/\">Tajemnicze jednorazowe pude\u0142ko Vape<\/a>Ka\u017cdy produkt jest wybierany ze wzgl\u0119du na najwy\u017csz\u0105 jako\u015b\u0107 i bezkonkurencyjn\u0105 warto\u015b\u0107. W AiviouVapes b\u0119dziesz cieszy\u0107 si\u0119 doskona\u0142\u0105 obs\u0142ug\u0105, hurtowymi oszcz\u0119dno\u015bciami i kolekcj\u0105 zaprojektowan\u0105 tak, aby pasowa\u0142a do Twoich potrzeb w zakresie waporyzacji.<\/p>\n<div class=\"row row-large row-full-width align-middle\"  id=\"row-1317610949\">\n\n\n\t<div id=\"col-984586851\" class=\"col medium-3 small-6 large-3\"  >\n\t\t\t\t<div class=\"col-inner text-center\"  >\n\t\t\t\n\t\t\t\n\n\n\t\t<div class=\"icon-box featured-box icon-box-top text-left\"  >\n\t\t\t\t\t<div class=\"icon-box-img\" style=\"width: 90px\">\n\t\t\t\t<div class=\"icon\">\n\t\t\t\t\t<div class=\"icon-inner\" >\n\t\t\t\t\t\t<img loading=\"lazy\" decoding=\"async\" width=\"200\" height=\"200\" src=\"https:\/\/i0.wp.com\/aiviouvapes.com\/wp-content\/uploads\/2024\/08\/vape-1-1.png?fit=200%2C200&amp;ssl=1\" class=\"attachment-medium size-medium\" alt=\"Dlaczego warto wybra\u0107 AIVIOUVAPES\" srcset=\"https:\/\/i0.wp.com\/aiviouvapes.com\/wp-content\/uploads\/2024\/08\/vape-1-1.png?w=200&amp;ssl=1 200w, https:\/\/i0.wp.com\/aiviouvapes.com\/wp-content\/uploads\/2024\/08\/vape-1-1.png?resize=150%2C150&amp;ssl=1 150w, https:\/\/i0.wp.com\/aiviouvapes.com\/wp-content\/uploads\/2024\/08\/vape-1-1.png?resize=12%2C12&amp;ssl=1 12w, https:\/\/i0.wp.com\/aiviouvapes.com\/wp-content\/uploads\/2024\/08\/vape-1-1.png?resize=100%2C100&amp;ssl=1 100w\" sizes=\"auto, (max-width: 200px) 100vw, 200px\" title=\"\">\t\t\t\t\t<\/div>\n\t\t\t\t<\/div>\n\t\t\t<\/div>\n\t\t\t\t<div class=\"icon-box-text last-reset\">\n\t\t\t\t\t\t\t\t\t\n\n\t<div id=\"text-3905516755\" class=\"text\">\n\t\t\n\n<h3 style=\"text-align: center;\">Szeroka gama produkt\u00f3w Vape<\/h3>\n<p style=\"text-align: center;\">Odkryj nasz\u0105 szerok\u0105 ofert\u0119 produkt\u00f3w, zaprojektowanych tak, aby spe\u0142ni\u0107 wszelkie preferencje.<\/p>\n\t\t\n<style>\n#text-3905516755 {\n  font-size: 0.9rem;\n}\n<\/style>\n\t<\/div>\n\t\n\n\t\t<\/div>\n\t<\/div>\n\t\n\t\n\n\t\t<\/div>\n\t\t\t\t\t<\/div>\n\n\t\n\n\t<div id=\"col-1969719774\" class=\"col medium-3 small-6 large-3\"  >\n\t\t\t\t<div class=\"col-inner text-center\"  >\n\t\t\t\n\t\t\t\n\n\n\t\t<div class=\"icon-box featured-box icon-box-top text-left\"  >\n\t\t\t\t\t<div class=\"icon-box-img\" style=\"width: 90px\">\n\t\t\t\t<div class=\"icon\">\n\t\t\t\t\t<div class=\"icon-inner\" >\n\t\t\t\t\t\t<img loading=\"lazy\" decoding=\"async\" width=\"200\" height=\"200\" src=\"https:\/\/i0.wp.com\/aiviouvapes.com\/wp-content\/uploads\/2024\/08\/save-money-1-1-1.png?fit=200%2C200&amp;ssl=1\" class=\"attachment-medium size-medium\" alt=\"Dlaczego warto wybra\u0107 AIVIOUVAPES\" srcset=\"https:\/\/i0.wp.com\/aiviouvapes.com\/wp-content\/uploads\/2024\/08\/save-money-1-1-1.png?w=200&amp;ssl=1 200w, https:\/\/i0.wp.com\/aiviouvapes.com\/wp-content\/uploads\/2024\/08\/save-money-1-1-1.png?resize=150%2C150&amp;ssl=1 150w, https:\/\/i0.wp.com\/aiviouvapes.com\/wp-content\/uploads\/2024\/08\/save-money-1-1-1.png?resize=12%2C12&amp;ssl=1 12w, https:\/\/i0.wp.com\/aiviouvapes.com\/wp-content\/uploads\/2024\/08\/save-money-1-1-1.png?resize=100%2C100&amp;ssl=1 100w\" sizes=\"auto, (max-width: 200px) 100vw, 200px\" title=\"\">\t\t\t\t\t<\/div>\n\t\t\t\t<\/div>\n\t\t\t<\/div>\n\t\t\t\t<div class=\"icon-box-text last-reset\">\n\t\t\t\t\t\t\t\t\t\n\n\t<div id=\"text-3865840353\" class=\"text\">\n\t\t\n\n<h3 style=\"text-align: center;\">Niezr\u00f3wnana warto\u015b\u0107<\/h3>\n<p style=\"text-align: center;\">Ciesz si\u0119 produktami najwy\u017cszej jako\u015bci w cenach dostosowanych do Twojego bud\u017cetu.<\/p>\n\t\t\n<style>\n#text-3865840353 {\n  font-size: 0.9rem;\n}\n<\/style>\n\t<\/div>\n\t\n\n\t\t<\/div>\n\t<\/div>\n\t\n\t\n\n\t\t<\/div>\n\t\t\t\t\t<\/div>\n\n\t\n\n\t<div id=\"col-2087433455\" class=\"col medium-3 small-6 large-3\"  >\n\t\t\t\t<div class=\"col-inner text-center\"  >\n\t\t\t\n\t\t\t\n\n\n\t\t<div class=\"icon-box featured-box icon-box-top text-left\"  >\n\t\t\t\t\t<div class=\"icon-box-img\" style=\"width: 90px\">\n\t\t\t\t<div class=\"icon\">\n\t\t\t\t\t<div class=\"icon-inner\" >\n\t\t\t\t\t\t<img loading=\"lazy\" decoding=\"async\" width=\"200\" height=\"200\" src=\"https:\/\/i0.wp.com\/aiviouvapes.com\/wp-content\/uploads\/2024\/08\/delivery-truck-1-1.png?fit=200%2C200&amp;ssl=1\" class=\"attachment-medium size-medium\" alt=\"Dlaczego warto wybra\u0107 AIVIOUVAPES\" srcset=\"https:\/\/i0.wp.com\/aiviouvapes.com\/wp-content\/uploads\/2024\/08\/delivery-truck-1-1.png?w=200&amp;ssl=1 200w, https:\/\/i0.wp.com\/aiviouvapes.com\/wp-content\/uploads\/2024\/08\/delivery-truck-1-1.png?resize=150%2C150&amp;ssl=1 150w, https:\/\/i0.wp.com\/aiviouvapes.com\/wp-content\/uploads\/2024\/08\/delivery-truck-1-1.png?resize=12%2C12&amp;ssl=1 12w, https:\/\/i0.wp.com\/aiviouvapes.com\/wp-content\/uploads\/2024\/08\/delivery-truck-1-1.png?resize=100%2C100&amp;ssl=1 100w\" sizes=\"auto, (max-width: 200px) 100vw, 200px\" title=\"\">\t\t\t\t\t<\/div>\n\t\t\t\t<\/div>\n\t\t\t<\/div>\n\t\t\t\t<div class=\"icon-box-text last-reset\">\n\t\t\t\t\t\t\t\t\t\n\n\t<div id=\"text-1899643300\" class=\"text\">\n\t\t\n\n<h3 style=\"text-align: center;\">Szybka wysy\u0142ka na ca\u0142y \u015bwiat<\/h3>\n<p style=\"text-align: center;\">Dostarczamy przesy\u0142ki na ca\u0142y \u015bwiat, gwarantuj\u0105c odpraw\u0119 celn\u0105, co zapewnia bezproblemow\u0105 realizacj\u0119 zam\u00f3wienia.<\/p>\n\t\t\n<style>\n#text-1899643300 {\n  font-size: 0.9rem;\n}\n<\/style>\n\t<\/div>\n\t\n\n\t\t<\/div>\n\t<\/div>\n\t\n\t\n\n\t\t<\/div>\n\t\t\t\t\t<\/div>\n\n\t\n\n\t<div id=\"col-1050380684\" class=\"col medium-3 small-6 large-3\"  >\n\t\t\t\t<div class=\"col-inner text-center\"  >\n\t\t\t\n\t\t\t\n\n\n\t\t<div class=\"icon-box featured-box icon-box-top text-left\"  >\n\t\t\t\t\t<div class=\"icon-box-img\" style=\"width: 90px\">\n\t\t\t\t<div class=\"icon\">\n\t\t\t\t\t<div class=\"icon-inner\" >\n\t\t\t\t\t\t<img loading=\"lazy\" decoding=\"async\" width=\"200\" height=\"200\" src=\"https:\/\/i0.wp.com\/aiviouvapes.com\/wp-content\/uploads\/2024\/08\/support-1-1.png?fit=200%2C200&amp;ssl=1\" class=\"attachment-medium size-medium\" alt=\"Dlaczego warto wybra\u0107 AIVIOUVAPES\" srcset=\"https:\/\/i0.wp.com\/aiviouvapes.com\/wp-content\/uploads\/2024\/08\/support-1-1.png?w=200&amp;ssl=1 200w, https:\/\/i0.wp.com\/aiviouvapes.com\/wp-content\/uploads\/2024\/08\/support-1-1.png?resize=150%2C150&amp;ssl=1 150w, https:\/\/i0.wp.com\/aiviouvapes.com\/wp-content\/uploads\/2024\/08\/support-1-1.png?resize=12%2C12&amp;ssl=1 12w, https:\/\/i0.wp.com\/aiviouvapes.com\/wp-content\/uploads\/2024\/08\/support-1-1.png?resize=100%2C100&amp;ssl=1 100w\" sizes=\"auto, (max-width: 200px) 100vw, 200px\" title=\"\">\t\t\t\t\t<\/div>\n\t\t\t\t<\/div>\n\t\t\t<\/div>\n\t\t\t\t<div class=\"icon-box-text last-reset\">\n\t\t\t\t\t\t\t\t\t\n\n\t<div id=\"text-3157732318\" class=\"text\">\n\t\t\n\n<h3 style=\"text-align: center;\">Pomoc ca\u0142odobowa<\/h3>\n<p style=\"text-align: center;\">Mo\u017cesz skontaktowa\u0107 si\u0119 z naszym zespo\u0142em wsparcia o ka\u017cdej porze, 24 godziny na dob\u0119, 7 dni w tygodniu, za po\u015brednictwem WhatsApp lub poczty e-mail.<\/p>\n\t\t\n<style>\n#text-3157732318 {\n  font-size: 0.9rem;\n}\n<\/style>\n\t<\/div>\n\t\n\n\t\t<\/div>\n\t<\/div>\n\t\n\t\n\n\t\t<\/div>\n\t\t\t\t\t<\/div>\n\n\t\n\n<\/div>\n<div class=\"row row-full-width align-middle\"  id=\"row-326644590\">\n\n\n\t<div id=\"col-642499237\" class=\"col medium-6 small-12 large-6\"  >\n\t\t\t\t<div class=\"col-inner\"  >\n\t\t\t\n\t\t\t\n\n\t<div class=\"img has-hover x md-x lg-x y md-y lg-y\" id=\"image_160798233\">\n\t\t\t\t\t\t\t\t<div class=\"img-inner dark\" >\n\t\t\t<img loading=\"lazy\" decoding=\"async\" width=\"930\" height=\"1024\" src=\"https:\/\/i0.wp.com\/aiviouvapes.com\/wp-content\/uploads\/2024\/08\/%E6%8B%BC%E5%9B%BE.jpg?fit=930%2C1024&amp;ssl=1\" class=\"attachment-large size-large\" alt=\"Dlaczego warto wybra\u0107 AIVIOUVAPES\" title=\"\">\t\t\t\t\t\t\n\t\t\t\t\t<\/div>\n\t\t\t\t\t\t\t\t\n<style>\n#image_160798233 {\n  width: 100%;\n}\n<\/style>\n\t<\/div>\n\t\n\n\n\t\t<\/div>\n\t\t\t\t\t<\/div>\n\n\t\n\n\t<div id=\"col-2071499422\" class=\"col medium-6 small-12 large-6\"  >\n\t\t\t\t<div class=\"col-inner\"  >\n\t\t\t\n\t\t\t\n\n<div class=\"container section-title-container\" ><h4 class=\"section-title section-title-normal\"><b aria-hidden=\"true\"><\/b><span class=\"section-title-main\" style=\"font-size:91%;\">Nasze zalety<\/span><b aria-hidden=\"true\"><\/b><\/h4><\/div>\n\n<div class=\"accordion\">\n\n\t<div id=\"accordion-223920186\" class=\"accordion-item\">\n\t\t<a id=\"accordion-223920186-label\" class=\"accordion-title plain\" href=\"#accordion-item-commitment-to-quality\" aria-expanded=\"false\" aria-controls=\"accordion-223920186-content\">\n\t\t\t<button class=\"toggle\" aria-label=\"Prze\u0142\u0105cznik\"><i class=\"icon-angle-down\" aria-hidden=\"true\"><\/i><\/button>\n\t\t\t<span>Zaanga\u017cowanie w jako\u015b\u0107<\/span>\n\t\t<\/a>\n\t\t<div id=\"accordion-223920186-content\" class=\"accordion-inner\" aria-labelledby=\"accordion-223920186-label\">\n\t\t\t\n\n<p>Przy <a href=\"https:\/\/aiviouvapes.com\/pl\/\">AiviouVape<\/a>, jako\u015b\u0107 nap\u0119dza wszystko, co robimy. Nasze jednorazowe waporyzatory s\u0105 starannie wykonane i rygorystycznie testowane, aby spe\u0142nia\u0107 najwy\u017csze standardy, zapewniaj\u0105c p\u0142ynne, niezawodne wra\u017cenia z wapowania za ka\u017cdym razem. Dzi\u0119ki naszemu zaanga\u017cowaniu w zerow\u0105 liczb\u0119 wad i zerow\u0105 liczb\u0119 reklamacji mo\u017cesz by\u0107 pewien, \u017ce otrzymujesz to, co najlepsze.<\/p>\n\n\t\t<\/div>\n\t<\/div>\n\t\n\t<div id=\"accordion-2751792483\" class=\"accordion-item\">\n\t\t<a id=\"accordion-2751792483-label\" class=\"accordion-title plain\" href=\"#accordion-item-diverse-range-of-products\" aria-expanded=\"false\" aria-controls=\"accordion-2751792483-content\">\n\t\t\t<button class=\"toggle\" aria-label=\"Prze\u0142\u0105cznik\"><i class=\"icon-angle-down\" aria-hidden=\"true\"><\/i><\/button>\n\t\t\t<span>Zr\u00f3\u017cnicowany zakres produkt\u00f3w<\/span>\n\t\t<\/a>\n\t\t<div id=\"accordion-2751792483-content\" class=\"accordion-inner\" aria-labelledby=\"accordion-2751792483-label\">\n\t\t\t\n\n<p>Jeste\u015bmy dumni z oferowania szerokiej gamy wysokiej jako\u015bci waporyzator\u00f3w jednorazowych, kt\u00f3re zaspokoj\u0105 ka\u017cde preferencje. Od najnowszych innowacji po d\u0142ugoletnich ulubie\u0144c\u00f3w fan\u00f3w, nasz wyb\u00f3r obejmuje zaufane marki, takie jak Waspe, Vapme, RandM Tornado, Bang Box, ELF Box i Bang King. Niezale\u017cnie od tego, czy szukasz odwa\u017cnych smak\u00f3w Vapme, czy eleganckiego designu RandM Tornado, nasza kolekcja zosta\u0142a stworzona, aby pom\u00f3c Ci odkry\u0107 idealny waporyzator pasuj\u0105cy do Twojego gustu i stylu \u017cycia.<\/p>\n\n\n\t\t<\/div>\n\t<\/div>\n\t\n\t<div id=\"accordion-1372394696\" class=\"accordion-item\">\n\t\t<a id=\"accordion-1372394696-label\" class=\"accordion-title plain\" href=\"#accordion-item-wholesale-and-retail-solutions\" aria-expanded=\"false\" aria-controls=\"accordion-1372394696-content\">\n\t\t\t<button class=\"toggle\" aria-label=\"Prze\u0142\u0105cznik\"><i class=\"icon-angle-down\" aria-hidden=\"true\"><\/i><\/button>\n\t\t\t<span>Rozwi\u0105zania hurtowe i detaliczne<\/span>\n\t\t<\/a>\n\t\t<div id=\"accordion-1372394696-content\" class=\"accordion-inner\" aria-labelledby=\"accordion-1372394696-label\">\n\t\t\t\n\n<p>AiviouVape spe\u0142nia wymagania zar\u00f3wno klient\u00f3w detalicznych, jak i hurtowych, dostarczaj\u0105c wyj\u0105tkowe produkty i us\u0142ugi za ka\u017cdym razem. Je\u015bli jeste\u015b u nas nowy, zalecamy rozpocz\u0119cie od ma\u0142ej partii, aby do\u015bwiadczy\u0107 naszej jako\u015bci z pierwszej r\u0119ki. Dzi\u0119ki konkurencyjnym cenom i najwy\u017cszym standardom jeste\u015bmy zaufanym wyborem w bran\u017cy jednorazowych waporyzator\u00f3w.\u00a0<\/p>\n\n\t\t<\/div>\n\t<\/div>\n\t\n\t<div id=\"accordion-3431370714\" class=\"accordion-item\">\n\t\t<a id=\"accordion-3431370714-label\" class=\"accordion-title plain\" href=\"#accordion-item-continuous-improvement\" aria-expanded=\"false\" aria-controls=\"accordion-3431370714-content\">\n\t\t\t<button class=\"toggle\" aria-label=\"Prze\u0142\u0105cznik\"><i class=\"icon-angle-down\" aria-hidden=\"true\"><\/i><\/button>\n\t\t\t<span>Ci\u0105g\u0142e doskonalenie<\/span>\n\t\t<\/a>\n\t\t<div id=\"accordion-3431370714-content\" class=\"accordion-inner\" aria-labelledby=\"accordion-3431370714-label\">\n\t\t\t\n\n<p>To, co wyr\u00f3\u017cnia AiviouVape, to nasze oddanie wyj\u0105tkowej obs\u0142udze klienta. Niezale\u017cnie od tego, czy potrzebujesz porady przed zakupem, czy pomocy przy zam\u00f3wieniu, nasz zesp\u00f3\u0142 jest zawsze dost\u0119pny za po\u015brednictwem WhatsApp lub poczty e-mail. Staramy si\u0119 budowa\u0107 trwa\u0142e relacje z naszymi klientami, zapewniaj\u0105c satysfakcj\u0119 na ka\u017cdym etapie.<\/p>\n\n\t\t<\/div>\n\t<\/div>\n\t\n\t<div id=\"accordion-2345043035\" class=\"accordion-item\">\n\t\t<a id=\"accordion-2345043035-label\" class=\"accordion-title plain\" href=\"#accordion-item-quality-assurance\" aria-expanded=\"false\" aria-controls=\"accordion-2345043035-content\">\n\t\t\t<button class=\"toggle\" aria-label=\"Prze\u0142\u0105cznik\"><i class=\"icon-angle-down\" aria-hidden=\"true\"><\/i><\/button>\n\t\t\t<span>Zapewnienie jako\u015bci<\/span>\n\t\t<\/a>\n\t\t<div id=\"accordion-2345043035-content\" class=\"accordion-inner\" aria-labelledby=\"accordion-2345043035-label\">\n\t\t\t\n\n<p>Na ka\u017cdym etapie \u2014 rozwoju produktu, produkcji, marketingu i dystrybucji \u2014 nasze zaanga\u017cowanie w jako\u015b\u0107 nigdy nie s\u0142abnie. Nasze jednorazowe waporyzatory przechodz\u0105 rygorystyczne testy, aby upewni\u0107 si\u0119, \u017ce s\u0105 nietoksyczne, czyste i zapewniaj\u0105 wyj\u0105tkowy smak. To zaanga\u017cowanie w doskona\u0142o\u015b\u0107 stanowi kr\u0119gos\u0142up naszej kultury korporacyjnej.<\/p>\n\n\t\t<\/div>\n\t<\/div>\n\t\n\t<div id=\"accordion-3684059786\" class=\"accordion-item\">\n\t\t<a id=\"accordion-3684059786-label\" class=\"accordion-title plain\" href=\"#accordion-item-efficient-logistics-and-delivery\" aria-expanded=\"false\" aria-controls=\"accordion-3684059786-content\">\n\t\t\t<button class=\"toggle\" aria-label=\"Prze\u0142\u0105cznik\"><i class=\"icon-angle-down\" aria-hidden=\"true\"><\/i><\/button>\n\t\t\t<span>Wydajna logistyka i dostawa<\/span>\n\t\t<\/a>\n\t\t<div id=\"accordion-3684059786-content\" class=\"accordion-inner\" aria-labelledby=\"accordion-3684059786-label\">\n\t\t\t\n\n<p>AiviouVape zapewnia wydajn\u0105 logistyk\u0119 i dostaw\u0119, w tym us\u0142ugi DDP (Delivered Duty Paid), zapewniaj\u0105c bezproblemow\u0105 odpraw\u0119 celn\u0105 bez \u017cadnych op\u0142at ani podatk\u00f3w. Dzi\u0119ki szybkiej dostawie i wyj\u0105tkowej obs\u0142udze klienta oferujemy p\u0142ynne i niezawodne do\u015bwiadczenie, co czyni nas zaufanym partnerem w bran\u017cy.<\/p>\n\n\t\t<\/div>\n\t<\/div>\n\t\n\t<div id=\"accordion-1669050669\" class=\"accordion-item\">\n\t\t<a id=\"accordion-1669050669-label\" class=\"accordion-title plain\" href=\"#accordion-item-odm-and-oem-services\" aria-expanded=\"false\" aria-controls=\"accordion-1669050669-content\">\n\t\t\t<button class=\"toggle\" aria-label=\"Prze\u0142\u0105cznik\"><i class=\"icon-angle-down\" aria-hidden=\"true\"><\/i><\/button>\n\t\t\t<span>Us\u0142ugi ODM i OEM<\/span>\n\t\t<\/a>\n\t\t<div id=\"accordion-1669050669-content\" class=\"accordion-inner\" aria-labelledby=\"accordion-1669050669-label\">\n\t\t\t\n\n<p>AiviouVapes oferuje pe\u0142ne us\u0142ugi ODM (Original Design Manufacturing) i OEM (Original Equipment Manufacturing). Dzi\u0119ki dw\u00f3m du\u017cym zak\u0142adom pomagamy klientom projektowa\u0107 wyj\u0105tkowe produkty i przyci\u0105gaj\u0105ce wzrok loga do opakowa\u0144. Zapewniamy r\u00f3wnie\u017c bezp\u0142atne wskaz\u00f3wki dotycz\u0105ce projektowania opakowa\u0144 i wspieramy klient\u00f3w, kt\u00f3rzy sami pakuj\u0105 swoje produkty, zapewniaj\u0105c, \u017ce ich marka wyr\u00f3\u017cnia si\u0119 na rynku.<\/p>\n\n\t\t<\/div>\n\t<\/div>\n\t\n\n<\/div>\n\n\t\t<\/div>\n\t\t\t\t\t<\/div>\n\n\t\n\n<\/div>","protected":false},"excerpt":{"rendered":"<p>ELFWORLD PLUS+ 20000 zaci\u0105gni\u0119\u0107 zapewnia do 20 000 zaci\u0105gni\u0119\u0107 z pojemno\u015bci\u0105 22 ml e-liquidu i grza\u0142k\u0105 siateczkow\u0105 dla g\u0142adkiej, aromatycznej pary. Wyposa\u017cony w akumulator 650 mAh z \u0142adowaniem typu C, oferuje dostosowywane poziomy nikotyny i r\u00f3\u017cnorodne smaki dla doskona\u0142ego do\u015bwiadczenia wapowania.<\/p>","protected":false},"featured_media":7714,"comment_status":"open","ping_status":"closed","template":"","meta":[],"product_brand":[],"product_cat":[45,129,90,117,81,76,134,135,133,136,137,146,138,139,140,141,142,143,144,145,79,573,572,132,82],"product_tag":[],"class_list":{"0":"post-7712","1":"product","2":"type-product","3":"status-publish","4":"has-post-thumbnail","6":"product_cat-elfworld","7":"product_cat-20000-puffs-disposable-vape","8":"product_cat-big-puffs-vapes","9":"product_cat-different-puffs-of-diposable-vapes","10":"product_cat-digital-box-vapes","11":"product_cat-disposable-vape-types","12":"product_cat-disposable-vapes-in-austria","13":"product_cat-disposable-vapes-in-belgium","14":"product_cat-disposable-vapes-in-europe","15":"product_cat-disposable-vapes-in-france","16":"product_cat-disposable-vapes-in-germany","17":"product_cat-disposable-vapes-in-hungary","18":"product_cat-disposable-vapes-in-ltaly","19":"product_cat-disposable-vapes-in-netherlands","20":"product_cat-disposable-vapes-in-norway","21":"product_cat-disposable-vapes-in-poland","22":"product_cat-disposable-vapes-in-portugal","23":"product_cat-disposable-vapes-in-spain","24":"product_cat-disposable-vapes-in-sweden","25":"product_cat-disposable-vapes-in-switzerland","26":"product_cat-dual-mesh-vapes","27":"product_cat-new-3","28":"product_cat-new-2","29":"product_cat-rechargeable-vapes","30":"product_cat-smart-screen-vapes","32":"first","33":"instock","34":"shipping-taxable","35":"purchasable","36":"product-type-variable","37":"has-default-attributes"},"jetpack_sharing_enabled":true,"tiered_pricing_type":"fixed","tiered_pricing_fixed_rules":{"2000":6.19000000000000039079850466805510222911834716796875},"tiered_pricing_product_settings":{"layout":"default","base_unit_name":{"singular":null,"plural":null},"default_variation":null},"tiered_pricing_minimum_quantity":1000,"tiered_pricing_roles_data":[],"tiered_pricing_percentage_rules":[],"tiered_pricing_maximum_quantity":null,"tiered_pricing_quantity_step":"10","_links":{"self":[{"href":"https:\/\/aiviouvapes.com\/pl\/wp-json\/wp\/v2\/product\/7712","targetHints":{"allow":["GET"]}}],"collection":[{"href":"https:\/\/aiviouvapes.com\/pl\/wp-json\/wp\/v2\/product"}],"about":[{"href":"https:\/\/aiviouvapes.com\/pl\/wp-json\/wp\/v2\/types\/product"}],"replies":[{"embeddable":true,"href":"https:\/\/aiviouvapes.com\/pl\/wp-json\/wp\/v2\/comments?post=7712"}],"wp:featuredmedia":[{"embeddable":true,"href":"https:\/\/aiviouvapes.com\/pl\/wp-json\/wp\/v2\/media\/7714"}],"wp:attachment":[{"href":"https:\/\/aiviouvapes.com\/pl\/wp-json\/wp\/v2\/media?parent=7712"}],"wp:term":[{"taxonomy":"product_brand","embeddable":true,"href":"https:\/\/aiviouvapes.com\/pl\/wp-json\/wp\/v2\/product_brand?post=7712"},{"taxonomy":"product_cat","embeddable":true,"href":"https:\/\/aiviouvapes.com\/pl\/wp-json\/wp\/v2\/product_cat?post=7712"},{"taxonomy":"product_tag","embeddable":true,"href":"https:\/\/aiviouvapes.com\/pl\/wp-json\/wp\/v2\/product_tag?post=7712"}],"curies":[{"name":"wp","href":"https:\/\/api.w.org\/{rel}","templated":true}]}}