{"id":75037,"date":"2025-10-20T14:52:27","date_gmt":"2025-10-20T06:52:27","guid":{"rendered":"https:\/\/aiviouvapes.com\/?post_type=product&#038;p=75037"},"modified":"2026-03-17T13:59:28","modified_gmt":"2026-03-17T05:59:28","slug":"uzy-crystal-four-flavors-100000-puffs-%f0%9f%92%8e-4-in-1-quad-mesh-coil-rechargeable-disposable-vape","status":"publish","type":"product","link":"https:\/\/aiviouvapes.com\/pl\/product\/uzy-crystal-four-flavors-100000-puffs-%f0%9f%92%8e-4-in-1-quad-mesh-coil-rechargeable-disposable-vape\/","title":{"rendered":"UZY Crystal 100000 zaci\u0105gni\u0119\u0107 | 100k 4-w-1 quad mesh coil wielokrotnego u\u017cytku vape cztery smaki"},"content":{"rendered":"<h2>UZY Crystal Four Flavors 100000 Puffs \ud83d\udc8e | jednorazowy vape 4 w 1 z poczw\u00f3rn\u0105 cewk\u0105 siatkow\u0105 do wielokrotnego \u0142adowania<\/h2>\n<p><strong>UZY Crystal Four Flavors 100000 Puffs<\/strong> przenosi innowacyjno\u015b\u0107 waporyzacji na wy\u017cszy poziom. Zaprojektowane dla u\u017cytkownik\u00f3w, kt\u00f3rzy pragn\u0105 r\u00f3\u017cnorodno\u015bci i wydajno\u015bci, urz\u0105dzenie to pozwala prze\u0142\u0105cza\u0107 si\u0119 mi\u0119dzy <strong>cztery pyszne wbudowane smaki<\/strong> za pomoc\u0105 prostego przekr\u0119cenia lub zmiany przycisku.<br \/>\nZasilany przez <strong>Akumulator 650 mAh<\/strong> i zawieraj\u0105cy <strong>poczw\u00f3rne cewki siatkowe<\/strong> dla lepszej pary i smaku, zapewnia g\u0142adk\u0105 i satysfakcjonuj\u0105c\u0105 waporyzacj\u0119 przy ka\u017cdym zaci\u0105gni\u0119ciu.<br \/>\nThe <strong>Inteligentny ekran LED<\/strong> Pokazuje zar\u00f3wno \u017cywotno\u015b\u0107 baterii, jak i poziom e-liquidu - dzi\u0119ki czemu zawsze masz kontrol\u0119. Jego <strong>Kryszta\u0142owa pow\u0142oka<\/strong> dodaje odrobin\u0119 stylu, kt\u00f3ry przyci\u0105ga ka\u017cdy wzrok.<\/p>\n<h3>Dlaczego warto wybra\u0107 UZY Crystal 100000 Puffs?<\/h3>\n<ul>\n<li>\ud83d\udca8 <strong>Ogromne 100 000 zaci\u0105gni\u0119\u0107<\/strong> - Idealny do d\u0142ugotrwa\u0142ej przyjemno\u015bci bez przerw.<\/li>\n<li>\ud83c\udf08 <strong>System aromat\u00f3w 4 w 1<\/strong> - Ciesz si\u0119 czterema r\u00f3\u017cnymi smakami w jednym eleganckim urz\u0105dzeniu.<\/li>\n<li>\ud83d\udd25 <strong>Poczw\u00f3rna cewka siatkowa (1,0\u03a9)<\/strong> - zapewnia bogaty smak i g\u0142adkie chmury pary.<\/li>\n<li>\ud83d\udd0b <strong>Akumulator 650 mAh<\/strong> - niezawodny i przyjazny dla \u015brodowiska dzi\u0119ki szybkiemu \u0142adowaniu typu C.<\/li>\n<li>\ud83d\udca1 <strong>Wy\u015bwietlacz LED<\/strong> - wyra\u017anie pokazuje stan e-liquidu i baterii.<\/li>\n<li>\ud83d\udc8e <strong>Kryszta\u0142owa pow\u0142oka<\/strong> - Wysokiej jako\u015bci przezroczysta konstrukcja, kt\u00f3ra l\u015bni z ka\u017cdym zaci\u0105gni\u0119ciem.<\/li>\n<li>\ud83e\uddc3 <strong>Pojemno\u015b\u0107 e-liquidu 56 ml<\/strong> - Wi\u0119cej soku, mniej zmartwie\u0144, \u017ce si\u0119 sko\u0144czy.<\/li>\n<li>\u2699\ufe0f <strong>Wiele opcji nikotyny<\/strong> - Dost\u0119pne w wersjach 0%, 2%, 3% i 5% dla r\u00f3\u017cnych preferencji.<\/li>\n<li>\ud83d\udce6 <strong>Opakowanie gotowe do sprzeda\u017cy hurtowej<\/strong> - 10 sztuk w pude\u0142ku, 120 sztuk w kartonie.<\/li>\n<\/ul>\n<h3>Specyfikacje<\/h3>\n<table>\n<tbody>\n<tr>\n<th>Cecha<\/th>\n<th>Specyfikacja<\/th>\n<\/tr>\n<tr>\n<td>Liczba zaci\u0105gni\u0119\u0107<\/td>\n<td>100 000 zaci\u0105gni\u0119\u0107 na urz\u0105dzenie<\/td>\n<\/tr>\n<tr>\n<td>Smaki<\/td>\n<td>4 r\u00f3\u017cne wbudowane smaki<\/td>\n<\/tr>\n<tr>\n<td>Cewka<\/td>\n<td>Poczw\u00f3rna cewka siatkowa, 1,0 ohm<\/td>\n<\/tr>\n<tr>\n<td>Pojemno\u015b\u0107 e-liquidu<\/td>\n<td>56 ml<\/td>\n<\/tr>\n<tr>\n<td>Moce nikotyny<\/td>\n<td>0%, 2%, 3%, 5%<\/td>\n<\/tr>\n<tr>\n<td>Bateria<\/td>\n<td>650 mAh, akumulator typu C<\/td>\n<\/tr>\n<tr>\n<td>Wy\u015bwietlacz<\/td>\n<td>Inteligentny ekran LED (wska\u017aniki baterii i e-cieczy)<\/td>\n<\/tr>\n<tr>\n<td>Projekt<\/td>\n<td>Przezroczysta pow\u0142oka w stylu kryszta\u0142u<\/td>\n<\/tr>\n<tr>\n<td>Waga<\/td>\n<td>Oko\u0142o 140 g na urz\u0105dzenie<\/td>\n<\/tr>\n<tr>\n<td>Opakowanie<\/td>\n<td>10 sztuk\/pude\u0142ko, 120 sztuk\/karton (waga brutto ~18 kg)<\/td>\n<\/tr>\n<\/tbody>\n<\/table>\n<h3>Zestaw smak\u00f3w \ud83c\udf53\ud83c\udf49\ud83c\udf47\ud83c\udf52<\/h3>\n<ol>\n<li>Strawberry Watermelon &amp; Blue Razz Ice &amp; Blueberry Raspberry Cherry &amp; Fizzy Cherry Ice<\/li>\n<li>Peach Ice &amp; Blueberry Cherry &amp; Energy Drink &amp; Watermelon Lychee<\/li>\n<li>Blueberry Ice &amp; Strawberry Banana &amp; Two Apple &amp; Skittles<\/li>\n<li>Cherry Ice &amp; Grape Ice &amp; Passion Fruit Mango &amp; Love 66<\/li>\n<li>Blueberry Ice &amp; Mango Peach Apricot &amp; Kiwi Passion Fruit Guava &amp; White Peach Razz<\/li>\n<li>Brzoskwinia Mango Ananas &amp; Jagoda Malina &amp; Cytryna Limonka &amp; Arbuz Bubblegum<\/li>\n<li>Mixed Berry &amp; Passion Fruit Kiwi Lime &amp; Cranberry Grape &amp; Strawberry Kiwi<\/li>\n<li>Strawberry Ice &amp; Gummy Bear &amp; Watermelon Dragon Fruit &amp; Blueberry Kiwi<\/li>\n<li>Watermelon Ice &amp; Blue Razz Cherry &amp; Watermelon Sour Peach &amp; Passion Fruit Kiwi<\/li>\n<li>Strawberry Mango &amp; MR Blue &amp; Summer Peach Ice &amp; Black Ice<\/li>\n<\/ol>\n<h3>Dla kogo?<\/h3>\n<p>\u2714\ufe0f <strong>Ci\u0119\u017ccy u\u017cytkownicy<\/strong> kt\u00f3rzy potrzebuj\u0105 wydajnego i trwa\u0142ego urz\u0105dzenia.<br \/>\n\u2714\ufe0f <strong>Pogo\u0144 za smakiem<\/strong> kt\u00f3rzy kochaj\u0105 r\u00f3\u017cnorodno\u015b\u0107 i intensywny smak.<br \/>\n\u2714\ufe0f <strong>Sklepy Vape<\/strong> poszukuj\u0105cych produkt\u00f3w detalicznych o wysokim popycie.<br \/>\n\u2714\ufe0f <strong>Dystrybutorzy hurtowi<\/strong> obs\u0142uguj\u0105cych rynek UE (Niemcy, Francja, Hiszpania, W\u0142ochy, Holandia itp.).<\/p>\n<p><img data-recalc-dims=\"1\" decoding=\"async\" style=\"max-width: 100%; height: auto; display: block; margin: 0 auto;\" src=\"https:\/\/i0.wp.com\/aiviouvapes.com\/wp-content\/uploads\/2025\/10\/UZY-Crystal-Four-Flavors-100000-Puffs-Authentic-Disposable-Vape-Low-Nicotine-Bulk-Buy-Wholesale-5-scaled-1.webp?w=1020&#038;ssl=1\" alt=\"UZY Crystal Four Flavors 100000 Puffs\" title=\"\"><\/p>\n<h3>FAQ<\/h3>\n<ul>\n<li><strong>Q:<\/strong> Ile smak\u00f3w znajduje si\u0119 w ka\u017cdym urz\u0105dzeniu?<br \/>\n<strong>A:<\/strong> Ka\u017cda jednostka zawiera cztery wst\u0119pnie nape\u0142nione smaki - nie wymaga uzupe\u0142niania.<\/li>\n<li><strong>Q:<\/strong> Czy mog\u0119 go na\u0142adowa\u0107?<br \/>\n<strong>A:<\/strong> Tak, jest wyposa\u017cony w port typu C do szybkiego \u0142adowania.<\/li>\n<li><strong>Q:<\/strong> Jakie poziomy nikotyny s\u0105 dost\u0119pne?<br \/>\n<strong>A:<\/strong> Wybierz nikotyn\u0119 0%, 2%, 3% lub 5% w zale\u017cno\u015bci od preferencji.<\/li>\n<li><strong>Q:<\/strong> Sk\u0105d mam wiedzie\u0107, kiedy nale\u017cy go na\u0142adowa\u0107 lub wymieni\u0107?<br \/>\n<strong>A:<\/strong> Ekran LED wy\u015bwietla zar\u00f3wno poziom e-liquidu, jak i baterii w czasie rzeczywistym.<\/li>\n<li><strong>Q:<\/strong> Czy nadaje si\u0119 do sprzeda\u017cy detalicznej czy hurtowej?<br \/>\n<strong>A:<\/strong> Tak - \u015bwietnie nadaje si\u0119 zar\u00f3wno do indywidualnej sprzeda\u017cy detalicznej, jak i dystrybucji na du\u017c\u0105 skal\u0119.<\/li>\n<\/ul>\n<p>&nbsp;<\/p>\n<p><strong>UZY Crystal Four Flavors 100000 Puffs<\/strong> na nowo definiuje jednorazow\u0105 waporyzacj\u0119 - osza\u0142amiaj\u0105cy kryszta\u0142owy design, inteligentny wy\u015bwietlacz LED i cztery doznania smakowe w jednym urz\u0105dzeniu.<br \/>\nNiezale\u017cnie od tego, czy jeste\u015b <strong>ci\u0119\u017cki waporyzator<\/strong> lub <strong>w\u0142a\u015bciciel sklepu<\/strong> Rozszerzaj\u0105c swoj\u0105 ofert\u0119, ten zestaw 4 w 1 zapewnia wyj\u0105tkow\u0105 wydajno\u015b\u0107 i styl. \ud83d\udca8\u2728<\/p>\n<p>&nbsp;<\/p>","protected":false},"excerpt":{"rendered":"<p>Ciesz si\u0119 <strong>cztery niesamowite smaki<\/strong> w jednym eleganckim, kryszta\u0142owym waporyzatorze! The <strong>UZY Crystal 100000 Puffs<\/strong> \u0142\u0105czy w sobie <strong>poczw\u00f3rna cewka siatkowa<\/strong>, <strong>Inteligentny ekran LED<\/strong>oraz <strong>\u0141adowanie typu C<\/strong> zapewniaj\u0105c d\u0142ugotrwa\u0142e doznania najwy\u017cszej jako\u015bci - idealne zar\u00f3wno dla klient\u00f3w detalicznych, jak i hurtowych w ca\u0142ej Europie. \u26a1<\/p>","protected":false},"featured_media":75038,"comment_status":"open","ping_status":"closed","template":"","meta":[],"product_brand":[254],"product_cat":[253,137,146,138,141,143],"product_tag":[359,361,358,362,360],"class_list":{"0":"post-75037","1":"product","2":"type-product","3":"status-publish","4":"has-post-thumbnail","6":"product_brand-uzy","7":"product_cat-uzy","8":"product_cat-disposable-vapes-in-germany","9":"product_cat-disposable-vapes-in-hungary","10":"product_cat-disposable-vapes-in-ltaly","11":"product_cat-disposable-vapes-in-poland","12":"product_cat-disposable-vapes-in-spain","13":"product_tag-4-in-1-quad-mesh-coil-vape-device","14":"product_tag-high-capacity-disposable-vape-56ml","15":"product_tag-rechargeable-100000-puff-disposable-vape","16":"product_tag-switchable-multi-flavour-disposable-vape","17":"product_tag-uzy-crystal-four-flavours-vape","19":"first","20":"instock","21":"shipping-taxable","22":"purchasable","23":"product-type-variable","24":"has-default-attributes"},"jetpack_sharing_enabled":true,"tiered_pricing_type":"fixed","tiered_pricing_fixed_rules":{"30":9.980000000000000426325641456060111522674560546875,"50":8.1699999999999999289457264239899814128875732421875,"100":7.910000000000000142108547152020037174224853515625,"200":7.2599999999999997868371792719699442386627197265625,"400":6.7400000000000002131628207280300557613372802734375},"tiered_pricing_product_settings":{"layout":"default","base_unit_name":{"singular":null,"plural":null},"default_variation":null},"tiered_pricing_minimum_quantity":10,"tiered_pricing_roles_data":[],"tiered_pricing_percentage_rules":[],"tiered_pricing_maximum_quantity":null,"tiered_pricing_quantity_step":"10","_links":{"self":[{"href":"https:\/\/aiviouvapes.com\/pl\/wp-json\/wp\/v2\/product\/75037","targetHints":{"allow":["GET"]}}],"collection":[{"href":"https:\/\/aiviouvapes.com\/pl\/wp-json\/wp\/v2\/product"}],"about":[{"href":"https:\/\/aiviouvapes.com\/pl\/wp-json\/wp\/v2\/types\/product"}],"replies":[{"embeddable":true,"href":"https:\/\/aiviouvapes.com\/pl\/wp-json\/wp\/v2\/comments?post=75037"}],"wp:featuredmedia":[{"embeddable":true,"href":"https:\/\/aiviouvapes.com\/pl\/wp-json\/wp\/v2\/media\/75038"}],"wp:attachment":[{"href":"https:\/\/aiviouvapes.com\/pl\/wp-json\/wp\/v2\/media?parent=75037"}],"wp:term":[{"taxonomy":"product_brand","embeddable":true,"href":"https:\/\/aiviouvapes.com\/pl\/wp-json\/wp\/v2\/product_brand?post=75037"},{"taxonomy":"product_cat","embeddable":true,"href":"https:\/\/aiviouvapes.com\/pl\/wp-json\/wp\/v2\/product_cat?post=75037"},{"taxonomy":"product_tag","embeddable":true,"href":"https:\/\/aiviouvapes.com\/pl\/wp-json\/wp\/v2\/product_tag?post=75037"}],"curies":[{"name":"wp","href":"https:\/\/api.w.org\/{rel}","templated":true}]}}