{"id":74990,"date":"2025-10-18T14:41:39","date_gmt":"2025-10-18T06:41:39","guid":{"rendered":"https:\/\/aiviouvapes.com\/?post_type=product&#038;p=74990"},"modified":"2026-04-17T13:00:36","modified_gmt":"2026-04-17T05:00:36","slug":"waspe-40k-double-flavor-twins-40000-puffs-dual-flavor-disposable-vape-%f0%9f%92%a8-1-piece-trial-pack","status":"publish","type":"product","link":"https:\/\/aiviouvapes.com\/pl\/product\/waspe-40k-double-flavor-twins-40000-puffs-dual-flavor-disposable-vape-%f0%9f%92%a8-1-piece-trial-pack\/","title":{"rendered":"WASPE 40K Double Flavor Twins 40000 Puffs | vape jednorazowe o dw\u00f3ch smakach \ud83d\udca8 (opakowanie pr\u00f3bne 1 szt.)"},"content":{"rendered":"<p><img data-recalc-dims=\"1\" decoding=\"async\" style=\"max-width: 100%; height: auto; display: block; margin: 0 auto;\" src=\"https:\/\/i0.wp.com\/aiviouvapes.com\/wp-content\/uploads\/2025\/10\/%E5%9C%BA%E6%99%AF030150.jpg?w=1020&#038;ssl=1\" alt=\"WASPE 40K Podw\u00f3jny Smak\" title=\"\"><\/p>\n<h1>WASPE 40K Double Flavor Twins 40000 Puffs | vape jednorazowe o dw\u00f3ch smakach \ud83d\udca8 (opakowanie pr\u00f3bne 1 szt.)<\/h1>\n<h2>Przegl\u0105d produkt\u00f3w<\/h2>\n<p>The <strong>WASPE 40K Podw\u00f3jne smaki Twins<\/strong> jest przeznaczony dla waper\u00f3w, kt\u00f3rzy kochaj\u0105 r\u00f3\u017cnorodno\u015b\u0107, g\u0142adkie chmury i najwy\u017csz\u0105 jako\u015b\u0107 smaku. Ka\u017cde urz\u0105dzenie zawiera <strong>dwa r\u00f3\u017cne smaki<\/strong> kt\u00f3re mo\u017cna \u0142atwo prze\u0142\u0105cza\u0107 - podwajaj\u0105c przyjemno\u015b\u0107 bez konieczno\u015bci noszenia ze sob\u0105 kilku waporyzator\u00f3w.<br \/>\nZ hojnym <strong>Pojemno\u015b\u0107 e-liquidu 36 ml<\/strong> i d\u0142ugotrwa\u0142y <strong>Akumulator 850 mAh<\/strong>Dzi\u0119ki temu b\u0119dziesz cieszy\u0107 si\u0119 niezmiennym smakiem przez ca\u0142y dzie\u0144. Jego <strong>Konstrukcja cewki z podw\u00f3jn\u0105 siatk\u0105<\/strong> zwi\u0119ksza g\u0142adko\u015b\u0107 pary i bogactwo smaku, podczas gdy <strong>\u0141adowanie typu C<\/strong> zapewnia szybkie i wydajne \u0142adowanie dla nieprzerwanej przyjemno\u015bci z waporyzacji.<\/p>\n<h3>Kluczowe cechy<\/h3>\n<ul>\n<li>\ud83d\udca8 <strong>Do 40 000 zaci\u0105gni\u0119\u0107<\/strong> - cieszy\u0107 si\u0119 d\u0142ugotrwa\u0142\u0105 satysfakcj\u0105.<\/li>\n<li>\ud83c\udf53 <strong>Podw\u00f3jny system aromatyzacji<\/strong> - Prze\u0142\u0105czaj si\u0119 mi\u0119dzy dwoma ekscytuj\u0105cymi smakami w dowolnym momencie.<\/li>\n<li>\ud83d\udd25 <strong>Podw\u00f3jne cewki siatkowe<\/strong> - mocniejszy smak, g\u0142adsza para.<\/li>\n<li>\ud83e\uddc3 <strong>36 ml e-liquidu<\/strong> - d\u0142u\u017csze u\u017cytkowanie bez konieczno\u015bci uzupe\u0142niania.<\/li>\n<li>\ud83d\udd0b <strong>Akumulator o pojemno\u015bci 850 mAh<\/strong> - sta\u0142a, niezawodna moc.<\/li>\n<li>\u26a1 <strong>Szybkie \u0142adowanie typu C<\/strong> - wydajne \u0142adowanie przy minimalnym czasie przestoju.<\/li>\n<li>\ud83d\udc4c <strong>Kompaktowa i przeno\u015bna konstrukcja<\/strong> - Idealny do codziennego noszenia.<\/li>\n<li>\ud83d\udecd\ufe0f <strong>Opcja sprzeda\u017cy detalicznej 1 szt.<\/strong> - Idealny do testowania lub u\u017cytku osobistego.<\/li>\n<\/ul>\n<h3>Specyfikacje<\/h3>\n<table>\n<tbody>\n<tr>\n<th>Cecha<\/th>\n<th>Specyfikacja<\/th>\n<\/tr>\n<tr>\n<td>Pojemno\u015b\u0107 puff\u00f3w<\/td>\n<td>Do 40 000 zaci\u0105gni\u0119\u0107<\/td>\n<\/tr>\n<tr>\n<td>Pojemno\u015b\u0107 e-liquidu<\/td>\n<td>36 ml<\/td>\n<\/tr>\n<tr>\n<td>Bateria<\/td>\n<td>850 mAh (akumulator)<\/td>\n<\/tr>\n<tr>\n<td>Opcje nikotyny<\/td>\n<td>0%, 2% lub 5%<\/td>\n<\/tr>\n<tr>\n<td>Typ cewki<\/td>\n<td>Podw\u00f3jne cewki siatkowe<\/td>\n<\/tr>\n<tr>\n<td>System aromat\u00f3w<\/td>\n<td>2 smaki na urz\u0105dzenie (prze\u0142\u0105cznik dw\u00f3ch smak\u00f3w)<\/td>\n<\/tr>\n<tr>\n<td>\u0141adowanie<\/td>\n<td>Szybkie \u0142adowanie typu C<\/td>\n<\/tr>\n<tr>\n<td>Projekt<\/td>\n<td>Przeno\u015bny, gotowy do u\u017cycia, bezobs\u0142ugowy<\/td>\n<\/tr>\n<\/tbody>\n<\/table>\n<h3>Kombinacje smakowe \ud83c\udf47\ud83c\udf49\ud83c\udf4b<\/h3>\n<ol>\n<li>L\u00f3d arbuzowy i limonka cytrynowa<\/li>\n<li>Musuj\u0105ca Wi\u015bnia Lodowa i jagodowa wata cukrowa<\/li>\n<li>Arbuz truskawkowy i malina z jagodami<\/li>\n<li>Red Bull Ice &amp; Strawberry Mango<\/li>\n<li>Peach Ice &amp; Pineapple Mango Peach<\/li>\n<li>Grape Ice &amp; Strawberry Kiwi<\/li>\n<li>Mieszane jagody i podw\u00f3jny l\u00f3d jab\u0142kowy<\/li>\n<li>Blue Razz Lemonade &amp; Watermelon Bubblegum<\/li>\n<li>Truskawka Malina Wi\u015bnia &amp; Mi\u0142o\u015b\u0107 666<\/li>\n<li>L\u00f3d truskawkowo-bananowo-ananasowo-kokosowy<\/li>\n<li>Truskawka, arbuz, guma balonowa i mieszane owoce<\/li>\n<li>Wi\u015bnia Cola Lodowa i cukierki truskawkowo-malinowe<\/li>\n<li>Kwa\u015bne jab\u0142ko, malina i truskawka Big Bang<\/li>\n<li>Peach Berry &amp; Watermelon Mango Peach<\/li>\n<li>Jagoda Lodowa i Czarny Smok Lodowy<\/li>\n<li>Truskawka z wi\u015bni\u0105 i kiwi z marakuj\u0105<\/li>\n<li>Gummy Bear &amp; Strawberry Cola<\/li>\n<li>L\u00f3d bananowo-ananasowy i Red Bull Lodowy<\/li>\n<li>Red Bull Strawberry &amp; Blackcurrant Ice<\/li>\n<li>Potr\u00f3jny l\u00f3d melonowy i arbuz malinowy<\/li>\n<\/ol>\n<h3>Idealny dla<\/h3>\n<p>\u2714\ufe0f Nabywcy detaliczni poszukuj\u0105cy wysokiej jako\u015bci, \u0142atwego w u\u017cyciu waporyzatora.<br \/>\n\u2714\ufe0f Klienci, kt\u00f3rzy uwielbiaj\u0105 prze\u0142\u0105cza\u0107 si\u0119 mi\u0119dzy dwoma smakami.<br \/>\n\u2714\ufe0f Dystrybutorzy obs\u0142uguj\u0105cy rynki UE, takie jak Niemcy, Francja, Hiszpania i Holandia.<br \/>\n\u2714\ufe0f Pocz\u0105tkuj\u0105cy vaperzy poszukuj\u0105cy urz\u0105dze\u0144 wielokrotnego \u0142adowania o du\u017cej pojemno\u015bci.<\/p>\n<h3>FAQ<\/h3>\n<ul>\n<li><strong>Q:<\/strong> Ile smak\u00f3w wchodzi w sk\u0142ad zestawu?<br \/>\n<strong>A:<\/strong> Dwa - ka\u017cde urz\u0105dzenie zawiera dwa wst\u0119pnie nape\u0142nione aromaty dla podw\u00f3jnego do\u015bwiadczenia.<\/li>\n<li><strong>Q:<\/strong> Jak d\u0142ugo to trwa?<br \/>\n<strong>A:<\/strong> Do 40 000 zaci\u0105gni\u0119\u0107 na urz\u0105dzenie.<\/li>\n<li><strong>Q:<\/strong> Jakie poziomy nikotyny s\u0105 dost\u0119pne?<br \/>\n<strong>A:<\/strong> 0%, 2% lub 5% - wybierz preferowan\u0105 wytrzyma\u0142o\u015b\u0107.<\/li>\n<li><strong>Q:<\/strong> Czy mo\u017cna go \u0142adowa\u0107?<br \/>\n<strong>A:<\/strong> Tak, z portem \u0142adowania typu C.<\/li>\n<li><strong>Q:<\/strong> Czy musz\u0119 go uzupe\u0142nia\u0107 lub konserwowa\u0107?<br \/>\n<strong>A:<\/strong> Nie - jest w pe\u0142ni jednorazowy i nie wymaga konserwacji.<\/li>\n<\/ul>\n<p><strong>Wnioski:<\/strong> The <strong>WASPE 40K Podw\u00f3jne smaki Twins<\/strong> zapewnia niezr\u00f3wnan\u0105 wygod\u0119 i elastyczno\u015b\u0107 smaku w kompaktowej formie.<br \/>\nCiesz si\u0119 swobod\u0105 prze\u0142\u0105czania mi\u0119dzy dwoma charakterystycznymi smakami, wspieranymi przez podw\u00f3jne cewki siatkowe i d\u0142ugotrwa\u0142\u0105 moc - dost\u0119pne teraz jako <strong>1-cz\u0119\u015bciowe opakowanie pr\u00f3bne<\/strong> dla nabywc\u00f3w detalicznych w ca\u0142ej Europie. \ud83d\udca8\u2728<\/p>\n<p>&nbsp;<\/p>","protected":false},"excerpt":{"rendered":"<p><em>Minimalna ilo\u015b\u0107 zam\u00f3wienia dla tego produktu to jedna sztuka.<\/em><br \/>\nOdkryj <strong>WASPE 40K Podw\u00f3jne smaki Twins<\/strong> - pot\u0119\u017cny jednorazowy vape, kt\u00f3ry \u0142\u0105czy w sobie <strong>dwa wyj\u0105tkowe smaki<\/strong> i do <strong>40 000 zaci\u0105gni\u0119\u0107<\/strong> satysfakcji. Z <strong>36 ml e-liquidu<\/strong>, <strong>podw\u00f3jne cewki siatkowe<\/strong>oraz <strong>\u0141adowanie typu C<\/strong>to idealna r\u00f3wnowaga smaku i wygody. Dost\u0119pny ju\u017c dla <strong>Zakup pr\u00f3bny 1 sztuki<\/strong> w Europie. \ud83c\udf08<\/p>\n<style>\n#moqsection1 {display:none}<br \/>\n<\/style>\n<script>window.addEventListener(\"load\", function () {\r\n    setTimeout(function () {\r\n        var restricted = document.querySelector(\"p.restricted_country\");\r\n        if (!restricted) return;\r\n\r\n        var url = new URL(window.location.href);\r\n\r\n        \/\/ If \"new\" param is already present, do nothing\r\n        if (url.searchParams.has(\"new\")) return;\r\n\r\n        \/\/ Add ?new (or &new) once\r\n        url.searchParams.append(\"new\", \"\");\r\n\r\n        window.location.href = url.toString();\r\n    }, 5000); \/\/ 5 seconds\r\n});<\/script>","protected":false},"featured_media":74919,"comment_status":"open","ping_status":"closed","template":"","meta":[],"product_brand":[227],"product_cat":[19,137,146,138,141,143,573],"product_tag":[338],"class_list":{"0":"post-74990","1":"product","2":"type-product","3":"status-publish","4":"has-post-thumbnail","6":"product_brand-waspe","7":"product_cat-waspe","8":"product_cat-disposable-vapes-in-germany","9":"product_cat-disposable-vapes-in-hungary","10":"product_cat-disposable-vapes-in-ltaly","11":"product_cat-disposable-vapes-in-poland","12":"product_cat-disposable-vapes-in-spain","13":"product_cat-new-3","14":"product_tag-samples","16":"first","17":"instock","18":"shipping-taxable","19":"product-type-variable","20":"has-default-attributes"},"jetpack_sharing_enabled":true,"tiered_pricing_type":"fixed","tiered_pricing_fixed_rules":{"3":19.89999999999999857891452847979962825775146484375,"5":15.9000000000000003552713678800500929355621337890625},"tiered_pricing_product_settings":{"layout":"default","base_unit_name":{"singular":null,"plural":null},"default_variation":null},"tiered_pricing_minimum_quantity":null,"tiered_pricing_roles_data":[],"tiered_pricing_percentage_rules":[],"tiered_pricing_maximum_quantity":null,"tiered_pricing_quantity_step":null,"_links":{"self":[{"href":"https:\/\/aiviouvapes.com\/pl\/wp-json\/wp\/v2\/product\/74990","targetHints":{"allow":["GET"]}}],"collection":[{"href":"https:\/\/aiviouvapes.com\/pl\/wp-json\/wp\/v2\/product"}],"about":[{"href":"https:\/\/aiviouvapes.com\/pl\/wp-json\/wp\/v2\/types\/product"}],"replies":[{"embeddable":true,"href":"https:\/\/aiviouvapes.com\/pl\/wp-json\/wp\/v2\/comments?post=74990"}],"wp:featuredmedia":[{"embeddable":true,"href":"https:\/\/aiviouvapes.com\/pl\/wp-json\/wp\/v2\/media\/74919"}],"wp:attachment":[{"href":"https:\/\/aiviouvapes.com\/pl\/wp-json\/wp\/v2\/media?parent=74990"}],"wp:term":[{"taxonomy":"product_brand","embeddable":true,"href":"https:\/\/aiviouvapes.com\/pl\/wp-json\/wp\/v2\/product_brand?post=74990"},{"taxonomy":"product_cat","embeddable":true,"href":"https:\/\/aiviouvapes.com\/pl\/wp-json\/wp\/v2\/product_cat?post=74990"},{"taxonomy":"product_tag","embeddable":true,"href":"https:\/\/aiviouvapes.com\/pl\/wp-json\/wp\/v2\/product_tag?post=74990"}],"curies":[{"name":"wp","href":"https:\/\/api.w.org\/{rel}","templated":true}]}}