{"id":74961,"date":"2025-10-18T14:40:26","date_gmt":"2025-10-18T06:40:26","guid":{"rendered":"https:\/\/aiviouvapes.com\/?post_type=product&#038;p=74961"},"modified":"2026-03-30T07:12:47","modified_gmt":"2026-03-29T23:12:47","slug":"waspe-60k-3-in-1-60000-puffs-triple-flavor-disposable-vape-%f0%9f%92%a8-1-piece-trial-pack-available","status":"publish","type":"product","link":"https:\/\/aiviouvapes.com\/pl\/product\/waspe-60k-3-in-1-60000-puffs-triple-flavor-disposable-vape-%f0%9f%92%a8-1-piece-trial-pack-available\/","title":{"rendered":"WASPE 60K 3-w-1 60000 Puffs | jednorazowy vape o potr\u00f3jnym smaku \ud83d\udca8 (dost\u0119pne opakowanie pr\u00f3bne na 1 sztuk\u0119)"},"content":{"rendered":"<p><img data-recalc-dims=\"1\" decoding=\"async\" style=\"max-width: 100%; height: auto; display: block; margin: 0 auto;\" src=\"https:\/\/i0.wp.com\/aiviouvapes.com\/wp-content\/uploads\/2025\/10\/%E5%9C%BA%E6%99%AF050000.jpg?w=1020&#038;ssl=1\" alt=\"WASPE 60K 3-w-1\" title=\"\"><\/p>\n<h1>WASPE 60K 3-w-1 60000 Puffs | jednorazowy vape o potr\u00f3jnym smaku \ud83d\udca8 (dost\u0119pne opakowanie pr\u00f3bne na 1 sztuk\u0119)<\/h1>\n<h2>Przegl\u0105d produkt\u00f3w<\/h2>\n<p>The <strong>WASPE 60K jednorazowy Vape 3 w 1<\/strong> zosta\u0142 stworzony z my\u015bl\u0105 o codziennych u\u017cytkownikach, kt\u00f3rzy uwielbiaj\u0105 g\u0142adki smak, wysok\u0105 wydajno\u015b\u0107 i wygod\u0119. Z <strong>trzy smaki<\/strong> w jednym eleganckim urz\u0105dzeniu, jest idealny dla tych, kt\u00f3rzy chc\u0105 r\u00f3\u017cnorodno\u015bci bez konieczno\u015bci noszenia wielu waporyzator\u00f3w.<br \/>\nDu\u017cy <strong>54 ml<\/strong> Pojemno\u015b\u0107 e-liquidu zapewnia do <strong>60 000 zaci\u0105gni\u0119\u0107<\/strong>zasilany przez <strong>Akumulator typu C<\/strong>. Jego <strong>Wy\u015bwietlacz LED<\/strong> na bie\u017c\u0105co informuje o poziomie na\u0142adowania baterii i poziomu e-cieczy, podczas gdy <strong>Cewki z potr\u00f3jn\u0105 siatk\u0105<\/strong> zapewniaj\u0105 g\u0142\u0119boki, satysfakcjonuj\u0105cy smak w ka\u017cdym zaci\u0105gni\u0119ciu. Kompaktowy i \u0142atwy do przenoszenia, jest idealny do u\u017cytku osobistego lub sprzeda\u017cy detalicznej w ca\u0142ej Europie. \ud83c\udf0d<\/p>\n<h3>Dlaczego warto wybra\u0107 WASPE 60K 3-w-1 60000 Puffs?<\/h3>\n<ul>\n<li>\ud83d\udd0b <strong>Akumulator \u0142adowalny<\/strong> - szybkie \u0142adowanie typu C dla codziennej wygody.<\/li>\n<li>\ud83d\udcfa <strong>Ekran LED<\/strong> - Wyra\u017anie pokazuje poziom baterii i e-cieczy.<\/li>\n<li>\ud83d\udd25 <strong>Cewki z potr\u00f3jn\u0105 siatk\u0105<\/strong> - g\u0142adsza para, mocniejszy smak.<\/li>\n<li>\ud83e\uddc3 <strong>Pojemno\u015b\u0107 e-liquidu 54 ml<\/strong> - wystarczaj\u0105ca na d\u0142ugie sesje.<\/li>\n<li>\ud83d\udc4c <strong>Kompaktowy i przeno\u015bny:<\/strong> 47 mm \u00d7 47 mm \u00d7 116 mm - \u0142atwo mie\u015bci si\u0119 w kieszeni lub torbie.<\/li>\n<li>\ud83d\udca8 <strong>Do 60 000 zaci\u0105gni\u0119\u0107<\/strong> - idealny do d\u0142ugotrwa\u0142ego u\u017cytkowania.<\/li>\n<li>\ud83c\udf6d <strong>System aromat\u00f3w 3 w 1<\/strong> - Prze\u0142\u0105czaj si\u0119 mi\u0119dzy trzema pysznymi smakami w dowolnym momencie.<\/li>\n<li>\ud83d\udecd\ufe0f <strong>Przyjazny dla handlu detalicznego:<\/strong> Dost\u0119pne ju\u017c od 1 sztuki - idealne do testowania lub prezentowania.<\/li>\n<\/ul>\n<h3>Specyfikacje<\/h3>\n<table>\n<tbody>\n<tr>\n<th>Cecha<\/th>\n<th>Specyfikacja<\/th>\n<\/tr>\n<tr>\n<td>Total Puffs<\/td>\n<td>Do 60 000 zaci\u0105gni\u0119\u0107<\/td>\n<\/tr>\n<tr>\n<td>Opcje smakowe<\/td>\n<td>3 w 1 - prze\u0142\u0105czanie mi\u0119dzy trzema wbudowanymi smakami<\/td>\n<\/tr>\n<tr>\n<td>Moce nikotyny<\/td>\n<td>0%, 2% lub 5% nikotyna<\/td>\n<\/tr>\n<tr>\n<td>Pojemno\u015b\u0107 e-liquidu<\/td>\n<td>54 ml<\/td>\n<\/tr>\n<tr>\n<td>Wy\u015bwietlacz<\/td>\n<td>Ekran LED pokazuje stan baterii i e-liquidu<\/td>\n<\/tr>\n<tr>\n<td>Cewki<\/td>\n<td>Cewki z potr\u00f3jn\u0105 siatk\u0105<\/td>\n<\/tr>\n<tr>\n<td>\u0141adowanie<\/td>\n<td>Akumulator typu C<\/td>\n<\/tr>\n<tr>\n<td>Przeno\u015bno\u015b\u0107<\/td>\n<td>47 mm \u00d7 47 mm \u00d7 116 mm<\/td>\n<\/tr>\n<tr>\n<td>Idealny dla<\/td>\n<td>Detali\u015bci i klienci w Holandii, Niemczech, Belgii i Hiszpanii<\/td>\n<\/tr>\n<\/tbody>\n<\/table>\n<h3>Kombinacje smakowe \ud83c\udf53\ud83c\udf47\ud83e\udd6d<\/h3>\n<ol>\n<li><strong>Combo 1:<\/strong> Watermelon Ice, Strawberry Kiwi, Lemon Lime<\/li>\n<li><strong>Combo 2:<\/strong> Arbuz truskawkowy, Cukierki truskawkowo-malinowe, L\u00f3d winogronowy<\/li>\n<li><strong>Combo 3:<\/strong> Blueberry Ice, Black Dragon Ice, Fizzy Cherry Ice<\/li>\n<li><strong>Combo 4:<\/strong> Strawberry Raspberry Cherry, Love 666, Cherry Candy Ice<\/li>\n<li><strong>Combo 5:<\/strong> Peach Ice, Pineapple Mango Peach, Cranberry Lemon<\/li>\n<li><strong>Combo 6:<\/strong> Red Bull Ice, Strawberry Mango, Strawberry Watermelon Bubblegum<\/li>\n<li><strong>Combo 7:<\/strong> Mieszane jagody, \u017celki, mieszane owoce<\/li>\n<li><strong>Combo 8:<\/strong> Triple Melon Ice, Rainbow Candy, Blueberry Candy<\/li>\n<li><strong>Combo 9:<\/strong> Grape Ice, Strawberry Candy, Strawberry Raspberry Cherry<\/li>\n<li><strong>Combo 10:<\/strong> L\u00f3d truskawkowo-bananowy, l\u00f3d ananasowo-kokosowy, l\u00f3d mango<\/li>\n<li><strong>Combo 11:<\/strong> Cherry Cola Ice, Strawberry Cola, Cola Ice<\/li>\n<li><strong>Combo 12:<\/strong> Jagodowa malina, jagodowa wata cukrowa, podw\u00f3jny l\u00f3d jab\u0142kowy<\/li>\n<\/ol>\n<h3>Idealny dla<\/h3>\n<p>\u2714\ufe0f Klienci detaliczni poszukuj\u0105cy kompaktowego urz\u0105dzenia vape klasy premium.<br \/>\n\u2714\ufe0f Mi\u0142o\u015bnicy smak\u00f3w, kt\u00f3rzy lubi\u0105 prze\u0142\u0105cza\u0107 si\u0119 mi\u0119dzy smakami.<br \/>\n\u2714\ufe0f Vape dla pocz\u0105tkuj\u0105cych i entuzjast\u00f3w, kt\u00f3rzy chc\u0105 kontroli LED i niezawodnej wydajno\u015bci.<br \/>\n\u2714\ufe0f Idealny dla europejskich sklep\u00f3w vape i dystrybutor\u00f3w poszukuj\u0105cych modeli gotowych do sprzeda\u017cy detalicznej.<\/p>\n<h3>FAQ<\/h3>\n<ul>\n<li><strong>Q:<\/strong> Ile smak\u00f3w znajduje si\u0119 w \u015brodku?<br \/>\n<strong>A:<\/strong> Trzy - mo\u017cna \u0142atwo prze\u0142\u0105cza\u0107 si\u0119 mi\u0119dzy nimi za pomoc\u0105 selektora.<\/li>\n<li><strong>Q:<\/strong> Jak d\u0142ugo to trwa?<br \/>\n<strong>A:<\/strong> Do 60 000 zaci\u0105gni\u0119\u0107 przy pe\u0142nym na\u0142adowaniu i 54 ml e-liquidu.<\/li>\n<li><strong>Q:<\/strong> Jakie poziomy nikotyny s\u0105 dost\u0119pne?<br \/>\n<strong>A:<\/strong> Wybierz nikotyn\u0119 0%, 2% lub 5%.<\/li>\n<li><strong>Q:<\/strong> Czy mo\u017cna go \u0142adowa\u0107?<br \/>\n<strong>A:<\/strong> Tak, przez USB typu C.<\/li>\n<li><strong>Q:<\/strong> Czy pokazuje poziom na\u0142adowania baterii i poziom e-cieczy?<br \/>\n<strong>A:<\/strong> Tak - ekran LED wy\u015bwietla oba wyra\u017anie.<\/li>\n<\/ul>\n<p><strong>Wnioski:<\/strong> The <strong>WASPE 60K 3-w-1 60000 Puff\u00f3w<\/strong> \u0142\u0105czy w sobie wygod\u0119, r\u00f3\u017cnorodno\u015b\u0107 smak\u00f3w i wydajno\u015b\u0107. Niezale\u017cnie od tego, czy jeste\u015b zwyk\u0142ym u\u017cytkownikiem, czy codziennym waperem, ten akumulatorowy waporyzator z wy\u015bwietlaczem LED jest idealnym wyborem - dost\u0119pny ju\u017c teraz w cenie <strong>Zakup pr\u00f3bny 1 sztuki<\/strong>. \ud83d\udd0b\ud83c\udf08<\/p>\n<p>&nbsp;<\/p>","protected":false},"excerpt":{"rendered":"<p><em>Minimalna ilo\u015b\u0107 zam\u00f3wienia dla tego produktu to jedna sztuka.<\/em><br \/>\nOdkryj <strong>WASPE 60K 3-w-1<\/strong> - Kompaktowa oferta vape <strong>60 000 zaci\u0105gni\u0119\u0107<\/strong> i <strong>3 wbudowane smaki<\/strong> w jednym urz\u0105dzeniu do \u0142adowania! Wy\u015bwietlacz LED, potr\u00f3jne cewki siatkowe i \u0142adowanie typu C - teraz dost\u0119pne dla <strong>zakup detaliczny pojedynczej sztuki<\/strong>. \u26a1\ud83c\udf47<\/p>\n<style>\n#moqsection1 {display:none}<br \/><\/style>\n<script>window.addEventListener(\"load\", function () {\r\n    setTimeout(function () {\r\n        var restricted = document.querySelector(\"p.restricted_country\");\r\n        if (!restricted) return;\r\n\r\n        var url = new URL(window.location.href);\r\n\r\n        \/\/ If \"new\" param is already present, do nothing\r\n        if (url.searchParams.has(\"new\")) return;\r\n\r\n        \/\/ Add ?new (or &new) once\r\n        url.searchParams.append(\"new\", \"\");\r\n\r\n        window.location.href = url.toString();\r\n    }, 5000); \/\/ 5 seconds\r\n});<\/script>","protected":false},"featured_media":74920,"comment_status":"open","ping_status":"closed","template":"","meta":[],"product_brand":[227],"product_cat":[19,137,146,138,141,143],"product_tag":[338],"class_list":{"0":"post-74961","1":"product","2":"type-product","3":"status-publish","4":"has-post-thumbnail","6":"product_brand-waspe","7":"product_cat-waspe","8":"product_cat-disposable-vapes-in-germany","9":"product_cat-disposable-vapes-in-hungary","10":"product_cat-disposable-vapes-in-ltaly","11":"product_cat-disposable-vapes-in-poland","12":"product_cat-disposable-vapes-in-spain","13":"product_tag-samples","15":"first","16":"instock","17":"shipping-taxable","18":"product-type-variable","19":"has-default-attributes"},"jetpack_sharing_enabled":true,"tiered_pricing_type":"fixed","tiered_pricing_fixed_rules":{"3":21.89999999999999857891452847979962825775146484375,"5":17.89999999999999857891452847979962825775146484375},"tiered_pricing_product_settings":{"layout":"default","base_unit_name":{"singular":null,"plural":null},"default_variation":null},"tiered_pricing_minimum_quantity":null,"tiered_pricing_roles_data":[],"tiered_pricing_percentage_rules":[],"tiered_pricing_maximum_quantity":null,"tiered_pricing_quantity_step":null,"_links":{"self":[{"href":"https:\/\/aiviouvapes.com\/pl\/wp-json\/wp\/v2\/product\/74961","targetHints":{"allow":["GET"]}}],"collection":[{"href":"https:\/\/aiviouvapes.com\/pl\/wp-json\/wp\/v2\/product"}],"about":[{"href":"https:\/\/aiviouvapes.com\/pl\/wp-json\/wp\/v2\/types\/product"}],"replies":[{"embeddable":true,"href":"https:\/\/aiviouvapes.com\/pl\/wp-json\/wp\/v2\/comments?post=74961"}],"wp:featuredmedia":[{"embeddable":true,"href":"https:\/\/aiviouvapes.com\/pl\/wp-json\/wp\/v2\/media\/74920"}],"wp:attachment":[{"href":"https:\/\/aiviouvapes.com\/pl\/wp-json\/wp\/v2\/media?parent=74961"}],"wp:term":[{"taxonomy":"product_brand","embeddable":true,"href":"https:\/\/aiviouvapes.com\/pl\/wp-json\/wp\/v2\/product_brand?post=74961"},{"taxonomy":"product_cat","embeddable":true,"href":"https:\/\/aiviouvapes.com\/pl\/wp-json\/wp\/v2\/product_cat?post=74961"},{"taxonomy":"product_tag","embeddable":true,"href":"https:\/\/aiviouvapes.com\/pl\/wp-json\/wp\/v2\/product_tag?post=74961"}],"curies":[{"name":"wp","href":"https:\/\/api.w.org\/{rel}","templated":true}]}}