{"id":65805,"date":"2025-09-10T17:21:41","date_gmt":"2025-09-10T09:21:41","guid":{"rendered":"https:\/\/aiviouvapes.com\/?post_type=product&#038;p=65805"},"modified":"2026-03-17T14:05:39","modified_gmt":"2026-03-17T06:05:39","slug":"bang-legend-120k-5-in-1-120000-puffs","status":"publish","type":"product","link":"https:\/\/aiviouvapes.com\/pl\/product\/bang-legend-120k-5-in-1-120000-puffs\/","title":{"rendered":"Bang Legend 120K | 120000 zaci\u0105gni\u0119\u0107, 5 w 1, wielosmakowy, regulowany, jednorazowy vape luzem"},"content":{"rendered":"<h2>Dlaczego warto wybra\u0107 Bang Legend 120K?<\/h2>\n<ul>\n<li>\ud83d\udca8 <strong>Ogromna liczba zaci\u0105gni\u0119\u0107:<\/strong> Do 120 000 zaci\u0105gni\u0119\u0107 dla d\u0142ugotrwa\u0142ej satysfakcji.<\/li>\n<li>\ud83c\udfa8 <strong>Tryby smaku 5 w 1:<\/strong> \u0141atwo prze\u0142\u0105czaj si\u0119 mi\u0119dzy 5 smakami, aby uzyska\u0107 niesko\u0144czon\u0105 r\u00f3\u017cnorodno\u015b\u0107 smaku.<\/li>\n<li>\ud83d\udd0b <strong>Akumulator 850 mAh:<\/strong> Niezawodna i sta\u0142a wydajno\u015b\u0107.<\/li>\n<li>\u26a1 <strong>System cewek siatkowych:<\/strong> 5*zwoj\u00f3w siatkowych zapewnia wyrazisty smak i obfite chmury pary.<\/li>\n<li>\ud83d\udcfa <strong>Inteligentny wy\u015bwietlacz LED:<\/strong> Sprawd\u017a \u017cywotno\u015b\u0107 baterii, liczb\u0119 zaci\u0105gni\u0119\u0107 i tryb smaku w dowolnym momencie.<\/li>\n<li>\ud83d\udd0c <strong>\u0141adowanie typu C:<\/strong> Szybkie i wydajne \u0142adowanie dla u\u017cytkownik\u00f3w w ruchu.<\/li>\n<li>\ud83d\udce6 <strong>Opakowanie gotowe do sprzeda\u017cy hurtowej:<\/strong> 10 sztuk w opakowaniu, idealne dla sklep\u00f3w vape i dystrybutor\u00f3w.<\/li>\n<li>\ud83c\udf0d <strong>Szeroki zakres smak\u00f3w:<\/strong> 12 zestaw\u00f3w wielu smak\u00f3w (ponad 60 unikalnych nazw smak\u00f3w), aby zadowoli\u0107 r\u00f3\u017cnych klient\u00f3w.<\/li>\n<\/ul>\n<h3>Specyfikacje<\/h3>\n<table>\n<tbody>\n<tr>\n<td><strong>Si\u0142a nikotyny<\/strong><\/td>\n<td>2% \/ 3% \/ 5%<\/td>\n<\/tr>\n<tr>\n<td><strong>Liczba zaci\u0105gni\u0119\u0107<\/strong><\/td>\n<td>Do 120 000<\/td>\n<\/tr>\n<tr>\n<td><strong>Tryby smaku<\/strong><\/td>\n<td>5 regulowanych smak\u00f3w<\/td>\n<\/tr>\n<tr>\n<td><strong>Zbiornik oleju<\/strong><\/td>\n<td>5 zbiornik\u00f3w<\/td>\n<\/tr>\n<tr>\n<td><strong>Pojemno\u015b\u0107 cieczy<\/strong><\/td>\n<td>50 ml<\/td>\n<\/tr>\n<tr>\n<td><strong>Bateria<\/strong><\/td>\n<td>Akumulator 850 mAh<\/td>\n<\/tr>\n<tr>\n<td><strong>Cewka<\/strong><\/td>\n<td>5*zwoj\u00f3w siatki<\/td>\n<\/tr>\n<tr>\n<td><strong>Ekran LED<\/strong><\/td>\n<td>Tak (bateria, liczba zaci\u0105gni\u0119\u0107, tryb smaku)<\/td>\n<\/tr>\n<tr>\n<td><strong>Port \u0142adowania<\/strong><\/td>\n<td>Typ-C<\/td>\n<\/tr>\n<tr>\n<td><strong>Opakowanie<\/strong><\/td>\n<td>10 sztuk\/opakowanie<\/td>\n<\/tr>\n<tr>\n<td><strong>Smaki<\/strong><\/td>\n<td>12 zestaw\u00f3w o r\u00f3\u017cnych smakach (pe\u0142na lista poni\u017cej)<\/td>\n<\/tr>\n<\/tbody>\n<\/table>\n<h3>Smaki<\/h3>\n<p>Poni\u017cej znajduje si\u0119 12 zestaw\u00f3w wielu smak\u00f3w zawartych w Bang Legend 120K. Ka\u017cdy zestaw zawiera 5 smak\u00f3w (5 zbiornik\u00f3w \/ 5 tryb\u00f3w), dzi\u0119ki czemu klienci mog\u0105 prze\u0142\u0105cza\u0107 si\u0119 w locie.<\/p>\n<ol>\n<li><strong>Zestaw 1:<\/strong> Energy Drink &amp; Blueberry Cherry &amp; Apple Grape &amp; Watermelon Dragon Fruit &amp; Mamba<\/li>\n<li><strong>Zestaw 2:<\/strong> Energy Drink &amp; Peach Ice &amp; Mango Ice &amp; Cranberry Grape &amp; Blackcurrant<\/li>\n<li><strong>Zestaw 3:<\/strong> Blueberry Raspberry &amp; Peach Mango Watermelon &amp; Cherry Coke &amp; Grape Blackberry Ice &amp; Mango Peach Apricot<\/li>\n<li><strong>Zestaw 4:<\/strong> Blueberry Raspberry &amp; Black Dragon Ice &amp; Rainbow Candy &amp; Fuji Ice &amp; Watermelon Sour Peach<\/li>\n<li><strong>Zestaw 5:<\/strong> Blueberry Ice &amp; Kiwi Passion Fruit Guava &amp; Triple Melon &amp; Peach Pineapple &amp; Passionate Kiss<\/li>\n<li><strong>Zestaw 6:<\/strong> Blueberry Ice &amp; Watermelon Bubble Gum &amp; Sour Apple Raspberry &amp; Lotus Fruit Mango Melon &amp; Passion Fruit Kiwi Lime<\/li>\n<li><strong>Zestaw 7:<\/strong> Watermelon Ice &amp; Mixed Berries &amp; Apple Pear &amp; Blueberry Mint &amp; Summer Time<\/li>\n<li><strong>Zestaw 8:<\/strong> Watermelon Ice &amp; Strawberry Mango &amp; California Cherry &amp; Blueberry Peach Ice &amp; Berry Cool<\/li>\n<li><strong>Zestaw 9:<\/strong> Arbuz truskawkowy &amp; L\u00f3d winogronowy &amp; Czerwone Mojito &amp; L\u00f3d bananowy &amp; Limonka cytrynowa<\/li>\n<li><strong>Zestaw 10:<\/strong> Truskawka Arbuz &amp; Kantalupa Jab\u0142ko &amp; Cola Ice &amp; Mango Brzoskwinia &amp; Love 66<\/li>\n<li><strong>Zestaw 11:<\/strong> Truskawka Kiwi &amp; Truskawka Banan &amp; Liczi Ice &amp; Arbuz Berry &amp; Mango Passion Fruit<\/li>\n<li><strong>Zestaw 12:<\/strong> Strawberry Kiwi &amp; Blueberry Watermelon &amp; Bear Fudge &amp; Blueberry Bubble Gum &amp; Sour Mango Pineapple<\/li>\n<\/ol>\n<h3>FAQ<\/h3>\n<p><strong>P: Jak d\u0142ugo dzia\u0142a Bang Legend 120K?<\/strong><br \/>\nDo 120 000 zaci\u0105gni\u0119\u0107 i akumulator o pojemno\u015bci 850 mAh sprawiaj\u0105, \u017ce urz\u0105dzenie mo\u017ce dzia\u0142a\u0107 od kilku tygodni do miesi\u0119cy, w zale\u017cno\u015bci od sposobu u\u017cytkowania i prze\u0142\u0105czania tryb\u00f3w. Wy\u015bwietlacz LED pomaga monitorowa\u0107 pozosta\u0142y czas pracy.<\/p>\n<p><strong>P: Jak dzia\u0142a 5 tryb\u00f3w smaku?<\/strong><br \/>\nO: Urz\u0105dzenie posiada 5 oddzielnych zbiornik\u00f3w\/tryb\u00f3w. U\u017cyj prze\u0142\u0105cznika trybu (zgodnie z opisem w instrukcji obs\u0142ugi), aby natychmiast prze\u0142\u0105cza\u0107 si\u0119 mi\u0119dzy za\u0142adowanymi smakami.<\/p>\n<p><strong>P: Czy to urz\u0105dzenie mo\u017cna \u0142adowa\u0107?<\/strong><br \/>\nO: Tak - wykorzystuje port \u0142adowania typu C do szybkiego i niezawodnego \u0142adowania.<\/p>\n<p><strong>P: Czy moc nikotyny mo\u017cna dostosowa\u0107?<\/strong><br \/>\nO: Zam\u00f3wienia s\u0105 dost\u0119pne w wersjach o mocy nikotyny 2%, 3% lub 5%. Wyb\u00f3r zale\u017cy od preferencji rynkowych\/regionalnych i ogranicze\u0144 prawnych.<\/p>\n<p><strong>P: Czy mog\u0119 kupowa\u0107 hurtowo?<\/strong><br \/>\nTak. Opakowanie zawiera 10 sztuk, dzi\u0119ki czemu idealnie nadaje si\u0119 do ekspozycji detalicznej lub dystrybucji hurtowej do sklep\u00f3w vape i sklep\u00f3w internetowych.<\/p>\n<p><strong>P: Dla kogo przeznaczony jest ten produkt?<\/strong><br \/>\nO: Intensywni u\u017cytkownicy, smakosze, w\u0142a\u015bciciele vape shop\u00f3w i dystrybutorzy, kt\u00f3rzy potrzebuj\u0105 gotowego do sprzeda\u017cy hurtowej, jednorazowego produktu o du\u017cej pojemno\u015bci i szerokiej gamie smak\u00f3w.<\/p>\n<p>&nbsp;<\/p>\n<p><strong>Bang Legend 120K<\/strong> zosta\u0142 stworzony z my\u015bl\u0105 o rynkach o du\u017cym popycie - ogromna liczba zaci\u0105gni\u0119\u0107, pi\u0119\u0107 regulowanych tryb\u00f3w smakowych i obszerny katalog smak\u00f3w sprawiaj\u0105, \u017ce jest to najlepszy wyb\u00f3r dla ci\u0119\u017ckich u\u017cytkownik\u00f3w i poszukiwaczy smak\u00f3w. Sklepy Vape i hurtownicy doceni\u0105 10-pakowe opakowanie gotowe do sprzeda\u017cy detalicznej i du\u017c\u0105 atrakcyjno\u015b\u0107 na p\u00f3\u0142ce. Zaopatrz si\u0119 i zaoferuj klientom d\u0142ugotrwa\u0142y, wszechstronny jednorazowy vape, kt\u00f3ry sprawi, \u017ce b\u0119d\u0105 wraca\u0107. \ud83d\ude80<\/p>","protected":false},"excerpt":{"rendered":"<p>Bang Legend 120K jednorazowe vape zapewnia <strong>120 000 zaci\u0105gni\u0119\u0107<\/strong>, <strong>5 regulowanych smak\u00f3w<\/strong>oraz <strong>wydajny akumulator<\/strong> - Idealny dla poszukiwaczy smak\u00f3w, intensywnych u\u017cytkownik\u00f3w i nabywc\u00f3w hurtowych.<\/p>","protected":false},"featured_media":65813,"comment_status":"open","ping_status":"closed","template":"","meta":[],"product_brand":[239],"product_cat":[37,336,280,137,146,138,141,143],"product_tag":[306,303,305,304,302],"class_list":{"0":"post-65805","1":"product","2":"type-product","3":"status-publish","4":"has-post-thumbnail","6":"product_brand-bang","7":"product_cat-bang","8":"product_cat-100k-puffs-disposable-vape","9":"product_cat-cheap-rechargeable-disposable-vapes","10":"product_cat-disposable-vapes-in-germany","11":"product_cat-disposable-vapes-in-hungary","12":"product_cat-disposable-vapes-in-ltaly","13":"product_cat-disposable-vapes-in-poland","14":"product_cat-disposable-vapes-in-spain","15":"product_tag-best-disposable-vapes","16":"product_tag-screen-vape","17":"product_tag-vape-suppliers","18":"product_tag-wholesale-vapes","19":"product_tag-wholesale-vapor","21":"first","22":"instock","23":"shipping-taxable","24":"purchasable","25":"product-type-variable","26":"has-default-attributes"},"jetpack_sharing_enabled":true,"tiered_pricing_type":"fixed","tiered_pricing_fixed_rules":{"30":11.300000000000000710542735760100185871124267578125,"50":8.269999999999999573674358543939888477325439453125,"100":8.019999999999999573674358543939888477325439453125,"200":7.410000000000000142108547152020037174224853515625,"400":7.04000000000000003552713678800500929355621337890625},"tiered_pricing_product_settings":{"layout":"default","base_unit_name":{"singular":null,"plural":null},"default_variation":null},"tiered_pricing_minimum_quantity":10,"tiered_pricing_roles_data":[],"tiered_pricing_percentage_rules":[],"tiered_pricing_maximum_quantity":null,"tiered_pricing_quantity_step":"10","_links":{"self":[{"href":"https:\/\/aiviouvapes.com\/pl\/wp-json\/wp\/v2\/product\/65805","targetHints":{"allow":["GET"]}}],"collection":[{"href":"https:\/\/aiviouvapes.com\/pl\/wp-json\/wp\/v2\/product"}],"about":[{"href":"https:\/\/aiviouvapes.com\/pl\/wp-json\/wp\/v2\/types\/product"}],"replies":[{"embeddable":true,"href":"https:\/\/aiviouvapes.com\/pl\/wp-json\/wp\/v2\/comments?post=65805"}],"wp:featuredmedia":[{"embeddable":true,"href":"https:\/\/aiviouvapes.com\/pl\/wp-json\/wp\/v2\/media\/65813"}],"wp:attachment":[{"href":"https:\/\/aiviouvapes.com\/pl\/wp-json\/wp\/v2\/media?parent=65805"}],"wp:term":[{"taxonomy":"product_brand","embeddable":true,"href":"https:\/\/aiviouvapes.com\/pl\/wp-json\/wp\/v2\/product_brand?post=65805"},{"taxonomy":"product_cat","embeddable":true,"href":"https:\/\/aiviouvapes.com\/pl\/wp-json\/wp\/v2\/product_cat?post=65805"},{"taxonomy":"product_tag","embeddable":true,"href":"https:\/\/aiviouvapes.com\/pl\/wp-json\/wp\/v2\/product_tag?post=65805"}],"curies":[{"name":"wp","href":"https:\/\/api.w.org\/{rel}","templated":true}]}}