{"id":5353,"date":"2024-08-19T03:51:49","date_gmt":"2024-08-18T19:51:49","guid":{"rendered":"https:\/\/aiviouvapes.com\/?post_type=product&#038;p=5353"},"modified":"2025-07-24T09:10:22","modified_gmt":"2025-07-24T01:10:22","slug":"aivono-winner-6000-puffs-disposable-wholesale","status":"publish","type":"product","link":"https:\/\/aiviouvapes.com\/pl\/product\/aivono-winner-6000-puffs-disposable-wholesale\/","title":{"rendered":"AIVONO Winner 6000 Puffs | 0%-5% nikotyna, 26 ml, podw\u00f3jna siatka, wy\u015bwietlacz LCD, vape luzem"},"content":{"rendered":"<h2>Zwyci\u0119zca AIVONO 6000 zaci\u0105gni\u0119\u0107 | 0% 2% 3% 5% nikotyna, 26 ml e-liquidu, podw\u00f3jne cewki siatkowe, wy\u015bwietlacz LCD, \u0142adowalny typ C, hurtowy zakup jednorazowych waporyzator\u00f3w<\/h2>\n<h3>AIVONO WINNER 6000 Puffs Przegl\u0105d i funkcje<\/h3>\n<p>AIVONO WINNER 6000 Puffs zosta\u0142 zaprojektowany tak, aby zapewni\u0107 d\u0142u\u017csz\u0105 satysfakcj\u0119, oferuj\u0105c do 6000 zaci\u0105gni\u0119\u0107 z du\u017c\u0105 pojemno\u015bci\u0105 15 ml e-liquidu, co zmniejsza potrzeb\u0119 cz\u0119stego uzupe\u0142niania. Zasilany akumulatorem o pojemno\u015bci 600 mAh, ten sprz\u0119t obs\u0142uguje d\u0142u\u017csze sesje wapowania, a port \u0142adowania typu C zapewnia szybkie i wydajne \u0142adowanie. Dost\u0119pny w poziomach nikotyny 0%, 2% i 5%, spe\u0142nia r\u00f3\u017cne preferencje. Cewka siatkowa 1,2 \u03a9 poprawia smak i konsystencj\u0119 pary, dzi\u0119ki czemu ka\u017cdy zaci\u0105g jest g\u0142adki i przyjemny.<\/p>\n<ul>\n<li><strong>Do 6000 zaci\u0105gni\u0119\u0107<\/strong>:Zapewnia szerokie zastosowanie, maksymalizuj\u0105c warto\u015b\u0107 i wygod\u0119.<\/li>\n<li><strong>Pojemno\u015b\u0107 e-liquidu 15 ml<\/strong>: Zmniejsza cz\u0119stotliwo\u015b\u0107 uzupe\u0142niania, zapewniaj\u0105c nieprzerwan\u0105 przyjemno\u015b\u0107.<\/li>\n<li><strong>Bateria 600 mAh<\/strong>: Zapewnia niezawodn\u0105 wydajno\u015b\u0107 dzi\u0119ki szybkiemu \u0142adowaniu typu C.<\/li>\n<li><strong>Opcje nikotyny<\/strong>Dost\u0119pne w wersjach 0%, 2% i 5%, aby zapewni\u0107 Ci spersonalizowane do\u015bwiadczenie.<\/li>\n<li><strong>Cewka siatkowa 1,2\u03a9<\/strong>:Zapewnia bogaty, \u0142agodny smak i r\u00f3wnomiern\u0105 produkcj\u0119 pary.<\/li>\n<\/ul>\n<h3>AIVONO WINNER 6000 smak\u00f3w ciasteczek dost\u0119pnych w magazynie:<\/h3>\n<p>L\u00f3d arbuzowy, mi\u0119ta ch\u0142odz\u0105ca, l\u00f3d bananowy, l\u00f3d jagodowy, l\u00f3d brzoskwiniowy, l\u00f3d winogronowy, grejpfrut z pomara\u0144cz\u0105, mango z guaw\u0105, truskawka z marakuj\u0105, pomara\u0144cza z gazowanym napojem.<\/p>\n<h3>Dlaczego warto wybra\u0107 AIVONO WINNER 6000 Puffs?<\/h3>\n<p>AIVONO WINNER 6000 Puffs \u0142\u0105czy w sobie du\u017c\u0105 pojemno\u015b\u0107 zaci\u0105gania, r\u00f3\u017cnorodno\u015b\u0107 smak\u00f3w i zaawansowan\u0105 technologi\u0119 grza\u0142ek siatkowych, co czyni go najlepszym wyborem dla os\u00f3b poszukuj\u0105cych jako\u015bci i wygody. Lekka, przeno\u015bna konstrukcja i akumulator sprawiaj\u0105, \u017ce jest idealny do u\u017cytku w podr\u00f3\u017cy, a jednorazowy format oznacza, \u017ce nie wymaga uzupe\u0142niania ani konserwacji. Idealne do sprzeda\u017cy hurtowej, to urz\u0105dzenie jest doskona\u0142\u0105 opcj\u0105 dla sprzedawc\u00f3w detalicznych, kt\u00f3rzy chc\u0105 oferowa\u0107 wysokiej jako\u015bci jednorazowe waporyzatory. AIVONO WINNER 6000 Puffs zapewnia najwy\u017cszej jako\u015bci, satysfakcjonuj\u0105ce wra\u017cenia z waporyzacji przy ka\u017cdym zaci\u0105gni\u0119ciu.<img data-recalc-dims=\"1\" loading=\"lazy\" decoding=\"async\" class=\"alignnone wp-image-8224 size-full\" title=\"AIVONO WINNER 6000 Puffs 0% 2% 5% Akumulator nikotynowy Bulk Buy Jednorazowe Vape Hurtownia\" src=\"https:\/\/i0.wp.com\/aiviouvapes.com\/wp-content\/uploads\/2024\/08\/%E9%9B%86%E5%90%88%E5%9B%BE3.jpg?resize=1020%2C599&#038;ssl=1\" alt=\"AIVONO WINNER 6000 Puffs 0% 2% 5% Akumulator nikotynowy Bulk Buy Jednorazowe Vape Hurtownia\" width=\"1020\" height=\"599\" srcset=\"https:\/\/i0.wp.com\/aiviouvapes.com\/wp-content\/uploads\/2024\/08\/%E9%9B%86%E5%90%88%E5%9B%BE3.jpg?w=1920&amp;ssl=1 1920w, https:\/\/i0.wp.com\/aiviouvapes.com\/wp-content\/uploads\/2024\/08\/%E9%9B%86%E5%90%88%E5%9B%BE3.jpg?resize=300%2C176&amp;ssl=1 300w, https:\/\/i0.wp.com\/aiviouvapes.com\/wp-content\/uploads\/2024\/08\/%E9%9B%86%E5%90%88%E5%9B%BE3.jpg?resize=1024%2C602&amp;ssl=1 1024w, https:\/\/i0.wp.com\/aiviouvapes.com\/wp-content\/uploads\/2024\/08\/%E9%9B%86%E5%90%88%E5%9B%BE3.jpg?resize=768%2C451&amp;ssl=1 768w, https:\/\/i0.wp.com\/aiviouvapes.com\/wp-content\/uploads\/2024\/08\/%E9%9B%86%E5%90%88%E5%9B%BE3.jpg?resize=1536%2C902&amp;ssl=1 1536w, https:\/\/i0.wp.com\/aiviouvapes.com\/wp-content\/uploads\/2024\/08\/%E9%9B%86%E5%90%88%E5%9B%BE3.jpg?resize=18%2C12&amp;ssl=1 18w, https:\/\/i0.wp.com\/aiviouvapes.com\/wp-content\/uploads\/2024\/08\/%E9%9B%86%E5%90%88%E5%9B%BE3.jpg?resize=800%2C470&amp;ssl=1 800w\" sizes=\"auto, (max-width: 1020px) 100vw, 1020px\" \/><\/p>","protected":false},"excerpt":{"rendered":"<p>AIVONO WINNER 6000 Puffs oferuje do 6000 zaci\u0105gni\u0119\u0107 z pojemno\u015bci\u0105 15 ml e-liquidu, g\u0142adk\u0105 grza\u0142k\u0105 1,2\u03a9 mesh i akumulatorem 600mAh. Dost\u0119pny w nikotynie 0%, 2% i 5%, zapewnia sta\u0142y smak i satysfakcj\u0119 w przeno\u015bnej, bezobs\u0142ugowej konstrukcji.<\/p>","protected":false},"featured_media":5354,"comment_status":"open","ping_status":"closed","template":"","meta":[],"product_brand":[],"product_cat":[41,119,117,76,134,135,133,136,137,146,138,139,140,141,142,143,144,145,116,132],"product_tag":[],"class_list":{"0":"post-5353","1":"product","2":"type-product","3":"status-publish","4":"has-post-thumbnail","6":"product_cat-aivono-vapes","7":"product_cat-5000-puffs-disposable-vape","8":"product_cat-different-puffs-of-diposable-vapes","9":"product_cat-disposable-vape-types","10":"product_cat-disposable-vapes-in-austria","11":"product_cat-disposable-vapes-in-belgium","12":"product_cat-disposable-vapes-in-europe","13":"product_cat-disposable-vapes-in-france","14":"product_cat-disposable-vapes-in-germany","15":"product_cat-disposable-vapes-in-hungary","16":"product_cat-disposable-vapes-in-ltaly","17":"product_cat-disposable-vapes-in-netherlands","18":"product_cat-disposable-vapes-in-norway","19":"product_cat-disposable-vapes-in-poland","20":"product_cat-disposable-vapes-in-portugal","21":"product_cat-disposable-vapes-in-spain","22":"product_cat-disposable-vapes-in-sweden","23":"product_cat-disposable-vapes-in-switzerland","24":"product_cat-mini-puffs-vapes","25":"product_cat-rechargeable-vapes","27":"first","28":"instock","29":"shipping-taxable","30":"purchasable","31":"product-type-variable","32":"has-default-attributes"},"jetpack_sharing_enabled":true,"tiered_pricing_type":"fixed","tiered_pricing_fixed_rules":{"2000":5.12999999999999989341858963598497211933135986328125},"tiered_pricing_product_settings":{"layout":"default","base_unit_name":{"singular":null,"plural":null},"default_variation":null},"tiered_pricing_minimum_quantity":1000,"tiered_pricing_roles_data":[],"tiered_pricing_percentage_rules":[],"tiered_pricing_maximum_quantity":null,"tiered_pricing_quantity_step":"10","_links":{"self":[{"href":"https:\/\/aiviouvapes.com\/pl\/wp-json\/wp\/v2\/product\/5353","targetHints":{"allow":["GET"]}}],"collection":[{"href":"https:\/\/aiviouvapes.com\/pl\/wp-json\/wp\/v2\/product"}],"about":[{"href":"https:\/\/aiviouvapes.com\/pl\/wp-json\/wp\/v2\/types\/product"}],"replies":[{"embeddable":true,"href":"https:\/\/aiviouvapes.com\/pl\/wp-json\/wp\/v2\/comments?post=5353"}],"wp:featuredmedia":[{"embeddable":true,"href":"https:\/\/aiviouvapes.com\/pl\/wp-json\/wp\/v2\/media\/5354"}],"wp:attachment":[{"href":"https:\/\/aiviouvapes.com\/pl\/wp-json\/wp\/v2\/media?parent=5353"}],"wp:term":[{"taxonomy":"product_brand","embeddable":true,"href":"https:\/\/aiviouvapes.com\/pl\/wp-json\/wp\/v2\/product_brand?post=5353"},{"taxonomy":"product_cat","embeddable":true,"href":"https:\/\/aiviouvapes.com\/pl\/wp-json\/wp\/v2\/product_cat?post=5353"},{"taxonomy":"product_tag","embeddable":true,"href":"https:\/\/aiviouvapes.com\/pl\/wp-json\/wp\/v2\/product_tag?post=5353"}],"curies":[{"name":"wp","href":"https:\/\/api.w.org\/{rel}","templated":true}]}}