{"id":52966,"date":"2025-08-12T10:02:17","date_gmt":"2025-08-12T02:02:17","guid":{"rendered":"https:\/\/aiviouvapes.com\/?post_type=product&#038;p=52966"},"modified":"2026-04-17T10:32:57","modified_gmt":"2026-04-17T02:32:57","slug":"bang-king-twins-50000","status":"publish","type":"product","link":"https:\/\/aiviouvapes.com\/pl\/product\/bang-king-twins-50000\/","title":{"rendered":"Bang King Twins 50000 Puffs | podw\u00f3jny smak 56ml d\u0142ugotrwa\u0142y jednorazowy vape"},"content":{"rendered":"<h2>Dlaczego warto wybra\u0107 Bang King Twins 50000?<\/h2>\n<ul>\n<li>\ud83d\udd25 Ogromna pojemno\u015b\u0107 50 000 zaci\u0105gni\u0119\u0107 zapewnia d\u0142ugotrwa\u0142\u0105 przyjemno\u015b\u0107 z u\u017cytkowania<\/li>\n<li>Podw\u00f3jne komory smakowe zapewniaj\u0105ce wyj\u0105tkowe doznania podczas waporyzacji<\/li>\n<li>Pojemno\u015b\u0107 56 ml e-liquidu dla d\u0142u\u017cszego u\u017cytkowania<\/li>\n<li>Cyfrowy wy\u015bwietlacz LED do \u015bledzenia stanu baterii i e-cieczy<\/li>\n<li>Szybkie \u0142adowanie typu C minimalizuj\u0105ce czas przestoju<\/li>\n<li>Idealny zar\u00f3wno dla klient\u00f3w detalicznych, jak i dystrybutor\u00f3w hurtowych<\/li>\n<\/ul>\n<p>Je\u015bli jeste\u015b intensywnym waperem, poszukiwaczem smak\u00f3w lub w\u0142a\u015bcicielem vape shopu poszukuj\u0105cym wysokiej jako\u015bci produkt\u00f3w luzem, Bang King Twins 50000 to najlepszy wyb\u00f3r. Dzi\u0119ki ogromnej pojemno\u015bci, wyj\u0105tkowemu dostarczaniu smaku i konstrukcji stworzonej z my\u015bl\u0105 o wygodzie, jest to idealny jednorazowy waporyzator do u\u017cytku osobistego lub dystrybucji na du\u017c\u0105 skal\u0119.<\/p>\n<h3>Specyfikacja Bang King Twins 50000<\/h3>\n<table>\n<tbody>\n<tr>\n<td>Pojemno\u015b\u0107 puff\u00f3w<\/td>\n<td>Do 50 000 zaci\u0105gni\u0119\u0107<\/td>\n<\/tr>\n<tr>\n<td>Pojemno\u015b\u0107 e-liquidu<\/td>\n<td>56 ml (28 ml + 28 ml)<\/td>\n<\/tr>\n<tr>\n<td>Bateria<\/td>\n<td>650 mAh, akumulator typu C<\/td>\n<\/tr>\n<tr>\n<td>Typ cewki<\/td>\n<td>Cewka siatkowa 1,0\u03a9<\/td>\n<\/tr>\n<tr>\n<td>Opcje nikotyny<\/td>\n<td>2%, 3%, 5%<\/td>\n<\/tr>\n<tr>\n<td>Wy\u015bwietlacz<\/td>\n<td>Cyfrowy ekran LED<\/td>\n<\/tr>\n<tr>\n<td>Projekt<\/td>\n<td>Dwukomorowy, elegancki, przeno\u015bny korpus<\/td>\n<\/tr>\n<\/tbody>\n<\/table>\n<h3>Bang King Twins 50000 Przegl\u0105d i funkcje<\/h3>\n<p>Przenie\u015b swoje doznania z waporyzacji na wy\u017cszy poziom dzi\u0119ki Bang King Twins 50000! Zaprojektowany z my\u015bl\u0105 o powa\u017cnych poszukiwaczach chmur i entuzjastach smaku, ten powerhouse oferuje niesamowit\u0105 moc. <strong>do 50 000 zaci\u0105gni\u0119\u0107<\/strong> z jego masywnego <strong>Pojemno\u015b\u0107 e-liquidu 56 ml<\/strong> - podzielony na dwie oddzielne komory dla <strong>podw\u00f3jna przyjemno\u015b\u0107 smaku<\/strong>. Zaawansowany <strong>cewka siatkowa<\/strong> zapewnia intensywny smak i p\u0142ynne zaci\u0105ganie, podczas gdy <strong>Cyfrowy wy\u015bwietlacz LED<\/strong> informuje u\u017cytkownika o poziomie na\u0142adowania baterii i poziomu e-cieczy. Niezale\u017cnie od tego, czy jeste\u015b klientem detalicznym, czy hurtowym, to urz\u0105dzenie zosta\u0142o stworzone z my\u015bl\u0105 o wydajno\u015bci, stylu i satysfakcji.<\/p>\n<h3>Kombinacje smak\u00f3w<\/h3>\n<table>\n<tbody>\n<tr>\n<th>Smak A<\/th>\n<th>Smak B<\/th>\n<\/tr>\n<tr>\n<td>Love 66<\/td>\n<td>Owoc m\u0119czennicy cytrynowej<\/td>\n<\/tr>\n<tr>\n<td>Brzoskwinia Guawa Truskawka<\/td>\n<td>Sakura Grape<\/td>\n<\/tr>\n<tr>\n<td>Banan truskawkowy<\/td>\n<td>Heisenberg<\/td>\n<\/tr>\n<tr>\n<td>Blue Razz Ice<\/td>\n<td>Blue Razz Cherry<\/td>\n<\/tr>\n<tr>\n<td>Arbuz truskawkowy<\/td>\n<td>Lody truskawkowe<\/td>\n<\/tr>\n<tr>\n<td>Arbuzowy l\u00f3d<\/td>\n<td>Arbuz Hubba Bubba<\/td>\n<\/tr>\n<tr>\n<td>Podw\u00f3jna limonka<\/td>\n<td>Lodowy aloes<\/td>\n<\/tr>\n<tr>\n<td>Mix Berry<\/td>\n<td>Truskawka Kiwi<\/td>\n<\/tr>\n<tr>\n<td>Super Cool Lychee<\/td>\n<td>Pink Man<\/td>\n<\/tr>\n<tr>\n<td>Juice Peach Ice<\/td>\n<td>Mango truskawkowe<\/td>\n<\/tr>\n<tr>\n<td>Cola Lemon<\/td>\n<td>Truskawkowe cukierki Skittles<\/td>\n<\/tr>\n<tr>\n<td>Brzoskwinia Mango Arbuz<\/td>\n<td>Blue Razz Cherry<\/td>\n<\/tr>\n<\/tbody>\n<\/table>\n<h3>Bang King Twins 50000 smak\u00f3w w magazynie:<\/h3>\n<p>Love 66 &amp; Lemon Passion Fruit, Peach Guava Strawberry &amp; Sakura Grape, Strawberry Banana &amp; Heisenberg, Blue Razz Ice &amp; Blue Razz Cherry, Strawberry Watermelon &amp; Strawberry Ice Cream, Watermelon Ice &amp; Watermelon Hubba Bubba, Double Lime &amp; Ice Aloe Vera, Mix Berry &amp; Strawberry Kiwi, Super Cool Lychee &amp; Pink Man, Juice Peach Ice &amp; Strawberry Mango, Cola Lemon &amp; Strawberry Skittles, Peach Mango Watermelon &amp; Blue Razz Cherry.<a style=\"font-size: 14.4px;\" href=\"https:\/\/aiviouvapes.com\/wp-content\/uploads\/2025\/08\/Bang-King-Twins-50000-flavor-chart.avif\"><br \/>\n<img decoding=\"async\" class=\"alignnone size-full wp-image-52973\" src=\"https:\/\/aiviouvapes.com\/wp-content\/uploads\/2025\/08\/Bang-King-Twins-50000-flavor-chart.avif\" alt=\",\" title=\"\"><\/a><\/p>","protected":false},"excerpt":{"rendered":"<p>Bang King Twins 50000 zapewnia do 50 000 zaci\u0105gni\u0119\u0107 dzi\u0119ki trwa\u0142ej konstrukcji o podw\u00f3jnym smaku, ogromnej pojemno\u015bci 56 ml e-liquidu i wy\u015bwietlaczowi LED. Idealny dla mi\u0142o\u015bnik\u00f3w smaku, intensywnych u\u017cytkownik\u00f3w i hurtowej dystrybucji waporyzator\u00f3w.<\/p>","protected":false},"featured_media":52984,"comment_status":"open","ping_status":"closed","template":"","meta":[],"product_brand":[239],"product_cat":[37,280,137,146,138,141,143],"product_tag":[306,308,303,305,304,302],"class_list":{"0":"post-52966","1":"product","2":"type-product","3":"status-publish","4":"has-post-thumbnail","6":"product_brand-bang","7":"product_cat-bang","8":"product_cat-cheap-rechargeable-disposable-vapes","9":"product_cat-disposable-vapes-in-germany","10":"product_cat-disposable-vapes-in-hungary","11":"product_cat-disposable-vapes-in-ltaly","12":"product_cat-disposable-vapes-in-poland","13":"product_cat-disposable-vapes-in-spain","14":"product_tag-best-disposable-vapes","15":"product_tag-disposable-vape-in-europe","16":"product_tag-screen-vape","17":"product_tag-vape-suppliers","18":"product_tag-wholesale-vapes","19":"product_tag-wholesale-vapor","21":"first","22":"instock","23":"shipping-taxable","24":"purchasable","25":"product-type-variable","26":"has-default-attributes"},"jetpack_sharing_enabled":true,"tiered_pricing_type":"fixed","tiered_pricing_fixed_rules":{"30":7.6500000000000003552713678800500929355621337890625,"50":6.3499999999999996447286321199499070644378662109375,"100":5.57000000000000028421709430404007434844970703125,"200":5.19000000000000039079850466805510222911834716796875,"400":4.5999999999999996447286321199499070644378662109375},"tiered_pricing_product_settings":{"layout":"default","base_unit_name":{"singular":null,"plural":null},"default_variation":null},"tiered_pricing_minimum_quantity":10,"tiered_pricing_roles_data":[],"tiered_pricing_percentage_rules":[],"tiered_pricing_maximum_quantity":null,"tiered_pricing_quantity_step":"10","_links":{"self":[{"href":"https:\/\/aiviouvapes.com\/pl\/wp-json\/wp\/v2\/product\/52966","targetHints":{"allow":["GET"]}}],"collection":[{"href":"https:\/\/aiviouvapes.com\/pl\/wp-json\/wp\/v2\/product"}],"about":[{"href":"https:\/\/aiviouvapes.com\/pl\/wp-json\/wp\/v2\/types\/product"}],"replies":[{"embeddable":true,"href":"https:\/\/aiviouvapes.com\/pl\/wp-json\/wp\/v2\/comments?post=52966"}],"wp:featuredmedia":[{"embeddable":true,"href":"https:\/\/aiviouvapes.com\/pl\/wp-json\/wp\/v2\/media\/52984"}],"wp:attachment":[{"href":"https:\/\/aiviouvapes.com\/pl\/wp-json\/wp\/v2\/media?parent=52966"}],"wp:term":[{"taxonomy":"product_brand","embeddable":true,"href":"https:\/\/aiviouvapes.com\/pl\/wp-json\/wp\/v2\/product_brand?post=52966"},{"taxonomy":"product_cat","embeddable":true,"href":"https:\/\/aiviouvapes.com\/pl\/wp-json\/wp\/v2\/product_cat?post=52966"},{"taxonomy":"product_tag","embeddable":true,"href":"https:\/\/aiviouvapes.com\/pl\/wp-json\/wp\/v2\/product_tag?post=52966"}],"curies":[{"name":"wp","href":"https:\/\/api.w.org\/{rel}","templated":true}]}}