{"id":5272,"date":"2024-08-19T03:33:10","date_gmt":"2024-08-18T19:33:10","guid":{"rendered":"https:\/\/aiviouvapes.com\/?post_type=product&#038;p=5272"},"modified":"2025-07-24T11:59:37","modified_gmt":"2025-07-24T03:59:37","slug":"aivono-aim-puff-star-6500-puffs-disposable-wholesale","status":"publish","type":"product","link":"https:\/\/aiviouvapes.com\/pl\/product\/aivono-aim-puff-star-6500-puffs-disposable-wholesale\/","title":{"rendered":"AIVONO Aim Puff Star 6500 Puffs | 0%-5% nikotyna, 13 ml, jednorazowe vape luzem"},"content":{"rendered":"<h2>AIVONO Aim Puff Star 6500 zaci\u0105gni\u0119\u0107 | 0% 2% 5% nikotyna, 13 ml e-liquidu, grza\u0142ka siatkowa 1,2\u03a9, typ C do ponownego na\u0142adowania, hurtowy zakup jednorazowego waporyzatora<\/h2>\n<h3>AIVONO AIM PUFF STAR 6500 Przegl\u0105d i funkcje zaci\u0105gni\u0119\u0107<\/h3>\n<p>AIVONO AIM PUFF STAR 6500 Puffs zosta\u0142 stworzony z my\u015bl\u0105 o d\u0142u\u017cszej przyjemno\u015bci, oferuj\u0105c do 6500 zaci\u0105gni\u0119\u0107 z 13 ml zbiornikiem na e-liquid, aby zmniejszy\u0107 potrzeb\u0119 cz\u0119stego uzupe\u0142niania. Zasilany akumulatorem o pojemno\u015bci 400 mAh, ten sprz\u0119t obs\u0142uguje d\u0142u\u017csze sesje wapowania, a port \u0142adowania typu C zapewnia szybkie i wydajne \u0142adowanie. Dost\u0119pny w st\u0119\u017ceniach nikotyny 0%, 2% i 5%, spe\u0142nia r\u00f3\u017cne preferencje. Cewka siatkowa 1,2 \u03a9 poprawia smak i konsystencj\u0119 pary, zapewniaj\u0105c g\u0142adkie i przyjemne wapowanie przy ka\u017cdym zaci\u0105gni\u0119ciu.<\/p>\n<ul>\n<li><strong>Do 6500 zaci\u0105gni\u0119\u0107<\/strong>:Zapewnia d\u0142ugotrwa\u0142e u\u017cytkowanie, maksymalizuj\u0105c wygod\u0119 i satysfakcj\u0119.<\/li>\n<li><strong>Pojemno\u015b\u0107 e-liquidu 13 ml<\/strong>:Zmniejsza potrzeb\u0119 uzupe\u0142niania, idealny, aby m\u00f3c cieszy\u0107 si\u0119 nieprzerwan\u0105 przyjemno\u015bci\u0105.<\/li>\n<li><strong>Bateria 400mAh<\/strong>: Zapewnia niezawodn\u0105 wydajno\u015b\u0107 dzi\u0119ki szybkiemu \u0142adowaniu typu C.<\/li>\n<li><strong>Opcje nikotyny<\/strong>Dost\u0119pne w wersjach 0%, 2% i 5%, aby zapewni\u0107 Ci spersonalizowane do\u015bwiadczenie.<\/li>\n<li><strong>Cewka siatkowa 1,2\u03a9<\/strong>:Zapewnia bogaty, \u0142agodny smak i r\u00f3wnomiern\u0105 produkcj\u0119 pary.<\/li>\n<\/ul>\n<h3>AIVONO AIM PUFF STAR 6500 Smaki puf\u00f3w w magazynie:<\/h3>\n<p>Mieszane owoce jagodowe, cukierki mentolowe, truskawka z kiwi, mieszane mango, arbuz, l\u00f3d truskawkowy, nap\u00f3j energetyczny, jagoda Blue Razz, melon coco, sok brzoskwiniowy.<\/p>\n<h3>Dlaczego warto wybra\u0107 AIVONO AIM PUFF STAR 6500 Puffs?<\/h3>\n<p>AIVONO AIM PUFF STAR 6500 Puffs \u0142\u0105czy w sobie du\u017c\u0105 pojemno\u015b\u0107 zaci\u0105gni\u0119\u0107, r\u00f3\u017cnorodne smaki i zaawansowan\u0105 technologi\u0119 cewek siateczkowych, dzi\u0119ki czemu jest idealny dla waper\u00f3w poszukuj\u0105cych jako\u015bci i wygody. Kompaktowa, przeno\u015bna konstrukcja i akumulator s\u0105 idealne do u\u017cytku w podr\u00f3\u017cy, a jednorazowy format eliminuje konserwacj\u0119. Idealne do sprzeda\u017cy hurtowej, to urz\u0105dzenie jest doskona\u0142\u0105 opcj\u0105 dla sprzedawc\u00f3w detalicznych, kt\u00f3rzy chc\u0105 oferowa\u0107 wysokiej jako\u015bci jednorazowe waporyzatory. Niezale\u017cnie od tego, czy jeste\u015b do\u015bwiadczonym waperem, czy nowicjuszem, AIVONO AIM PUFF STAR 6500 Puffs obiecuje satysfakcjonuj\u0105ce i pe\u0142ne smaku doznania przy ka\u017cdym zaci\u0105gni\u0119ciu.<\/p>\n<p><img data-recalc-dims=\"1\" loading=\"lazy\" decoding=\"async\" class=\"alignnone wp-image-8222 size-full\" title=\"AIVONO AIM PUFF STAR 6500 Puffs 0% 2% 5% Akumulator nikotynowy Bulk Buy Jednorazowe Vape Hurtownia\" src=\"https:\/\/i0.wp.com\/aiviouvapes.com\/wp-content\/uploads\/2024\/08\/1-21.jpg?resize=1020%2C816&#038;ssl=1\" alt=\"AIVONO AIM PUFF STAR 6500 Puffs 0% 2% 5% Akumulator nikotynowy Bulk Buy Jednorazowe Vape Hurtownia\" width=\"1020\" height=\"816\" srcset=\"https:\/\/i0.wp.com\/aiviouvapes.com\/wp-content\/uploads\/2024\/08\/1-21.jpg?w=1876&amp;ssl=1 1876w, https:\/\/i0.wp.com\/aiviouvapes.com\/wp-content\/uploads\/2024\/08\/1-21.jpg?resize=300%2C240&amp;ssl=1 300w, https:\/\/i0.wp.com\/aiviouvapes.com\/wp-content\/uploads\/2024\/08\/1-21.jpg?resize=1024%2C819&amp;ssl=1 1024w, https:\/\/i0.wp.com\/aiviouvapes.com\/wp-content\/uploads\/2024\/08\/1-21.jpg?resize=768%2C614&amp;ssl=1 768w, https:\/\/i0.wp.com\/aiviouvapes.com\/wp-content\/uploads\/2024\/08\/1-21.jpg?resize=1536%2C1228&amp;ssl=1 1536w, https:\/\/i0.wp.com\/aiviouvapes.com\/wp-content\/uploads\/2024\/08\/1-21.jpg?resize=15%2C12&amp;ssl=1 15w, https:\/\/i0.wp.com\/aiviouvapes.com\/wp-content\/uploads\/2024\/08\/1-21.jpg?resize=800%2C640&amp;ssl=1 800w\" sizes=\"auto, (max-width: 1020px) 100vw, 1020px\" \/><\/p>","protected":false},"excerpt":{"rendered":"<p>\u2764\ufe0f\ud83d\udca8AIVONO AIM PUFF STAR 6500 Puffs oferuje do 6500 zaci\u0105gni\u0119\u0107, pojemno\u015b\u0107 13 ml e-liquidu i akumulator 400 mAh do przed\u0142u\u017conego, bezproblemowego wapowania. Dost\u0119pny w r\u00f3\u017cnych st\u0119\u017ceniach nikotyny, wyposa\u017cony w grza\u0142k\u0119 siatkow\u0105 1,2 \u03a9 dla g\u0142adkiej, aromatycznej pary. Idealny zar\u00f3wno do u\u017cytku osobistego, jak i hurtowego.<\/p>","protected":false},"featured_media":5290,"comment_status":"open","ping_status":"closed","template":"","meta":[],"product_brand":[],"product_cat":[41,119,120,90,117,76,134,135,133,136,137,146,138,139,140,141,142,143,144,145,132],"product_tag":[],"class_list":{"0":"post-5272","1":"product","2":"type-product","3":"status-publish","4":"has-post-thumbnail","6":"product_cat-aivono-vapes","7":"product_cat-5000-puffs-disposable-vape","8":"product_cat-8000-puffs-disposable-vape","9":"product_cat-big-puffs-vapes","10":"product_cat-different-puffs-of-diposable-vapes","11":"product_cat-disposable-vape-types","12":"product_cat-disposable-vapes-in-austria","13":"product_cat-disposable-vapes-in-belgium","14":"product_cat-disposable-vapes-in-europe","15":"product_cat-disposable-vapes-in-france","16":"product_cat-disposable-vapes-in-germany","17":"product_cat-disposable-vapes-in-hungary","18":"product_cat-disposable-vapes-in-ltaly","19":"product_cat-disposable-vapes-in-netherlands","20":"product_cat-disposable-vapes-in-norway","21":"product_cat-disposable-vapes-in-poland","22":"product_cat-disposable-vapes-in-portugal","23":"product_cat-disposable-vapes-in-spain","24":"product_cat-disposable-vapes-in-sweden","25":"product_cat-disposable-vapes-in-switzerland","26":"product_cat-rechargeable-vapes","28":"first","29":"instock","30":"shipping-taxable","31":"purchasable","32":"product-type-variable","33":"has-default-attributes"},"jetpack_sharing_enabled":true,"tiered_pricing_type":"fixed","tiered_pricing_fixed_rules":{"2000":5.589999999999999857891452847979962825775146484375},"tiered_pricing_product_settings":{"layout":"default","base_unit_name":{"singular":null,"plural":null},"default_variation":null},"tiered_pricing_minimum_quantity":1000,"tiered_pricing_roles_data":[],"tiered_pricing_percentage_rules":[],"tiered_pricing_maximum_quantity":null,"tiered_pricing_quantity_step":"10","_links":{"self":[{"href":"https:\/\/aiviouvapes.com\/pl\/wp-json\/wp\/v2\/product\/5272","targetHints":{"allow":["GET"]}}],"collection":[{"href":"https:\/\/aiviouvapes.com\/pl\/wp-json\/wp\/v2\/product"}],"about":[{"href":"https:\/\/aiviouvapes.com\/pl\/wp-json\/wp\/v2\/types\/product"}],"replies":[{"embeddable":true,"href":"https:\/\/aiviouvapes.com\/pl\/wp-json\/wp\/v2\/comments?post=5272"}],"wp:featuredmedia":[{"embeddable":true,"href":"https:\/\/aiviouvapes.com\/pl\/wp-json\/wp\/v2\/media\/5290"}],"wp:attachment":[{"href":"https:\/\/aiviouvapes.com\/pl\/wp-json\/wp\/v2\/media?parent=5272"}],"wp:term":[{"taxonomy":"product_brand","embeddable":true,"href":"https:\/\/aiviouvapes.com\/pl\/wp-json\/wp\/v2\/product_brand?post=5272"},{"taxonomy":"product_cat","embeddable":true,"href":"https:\/\/aiviouvapes.com\/pl\/wp-json\/wp\/v2\/product_cat?post=5272"},{"taxonomy":"product_tag","embeddable":true,"href":"https:\/\/aiviouvapes.com\/pl\/wp-json\/wp\/v2\/product_tag?post=5272"}],"curies":[{"name":"wp","href":"https:\/\/api.w.org\/{rel}","templated":true}]}}