{"id":46957,"date":"2025-07-29T21:47:25","date_gmt":"2025-07-29T13:47:25","guid":{"rendered":"https:\/\/aiviouvapes.com\/?post_type=product&#038;p=46957"},"modified":"2026-03-27T09:19:18","modified_gmt":"2026-03-27T01:19:18","slug":"bang-de-80000","status":"publish","type":"product","link":"https:\/\/aiviouvapes.com\/pl\/product\/bang-de-80000\/","title":{"rendered":"Bang DE 80000 | 3 w 1 80 tys. zaci\u0105gni\u0119\u0107 potr\u00f3jny smak hurtowa jednorazowa sprzeda\u017c vape"},"content":{"rendered":"<h2>Dlaczego warto wybra\u0107 Bang DE 80000? \u2b50<\/h2>\n<ul>\n<li><strong>Bezprecedensowa liczba zaci\u0105gni\u0119\u0107:<\/strong> Dzi\u0119ki ogromnej pojemno\u015bci 80 000 zaci\u0105gni\u0119\u0107, urz\u0105dzenie to zosta\u0142o zbudowane z my\u015bl\u0105 o wytrzyma\u0142o\u015bci, oferuj\u0105c wyj\u0105tkow\u0105 warto\u015b\u0107 i d\u0142ugowieczno\u015b\u0107.<\/li>\n<li><strong>Rewolucyjny system smakowy 3 w 1:<\/strong> Nigdy si\u0119 nie nudzisz! B\u0142yskawicznie prze\u0142\u0105czaj si\u0119 mi\u0119dzy trzema r\u00f3\u017cnymi smakami umieszczonymi w jednym eleganckim urz\u0105dzeniu, aby uzyska\u0107 prawdziwie konfigurowalne wra\u017cenia.<\/li>\n<li><strong>Zaawansowany wy\u015bwietlacz LCD:<\/strong> B\u0105d\u017a na bie\u017c\u0105co dzi\u0119ki przejrzystemu, intuicyjnemu ekranowi, kt\u00f3ry na pierwszy rzut oka pokazuje pozosta\u0142y poziom e-liquidu dla wszystkich trzech kapsu\u0142ek i \u017cywotno\u015b\u0107 baterii.<\/li>\n<li><strong>\ud83d\udca8 Najwy\u017cszej jako\u015bci cewki z potr\u00f3jn\u0105 siatk\u0105:<\/strong> Ka\u017cda kapsu\u0142ka smakowa jest sparowana z w\u0142asn\u0105 cewk\u0105 siatkow\u0105 1,0\u03a9, zapewniaj\u0105c czysty, intensywny i sp\u00f3jny smak od pierwszego do ostatniego zaci\u0105gni\u0119cia.<\/li>\n<li><strong>Idealny dla biznesu:<\/strong> Zapakowany w wygodne 10-cz\u0119\u015bciowe pude\u0142ka ekspozycyjne i oferuj\u0105cy niezr\u00f3wnane funkcje, Bang DE 80000 jest wysokomar\u017cowym, szybko rotuj\u0105cym produktem dla sklep\u00f3w vape i dystrybutor\u00f3w.<\/li>\n<li><strong>Szybkie i wygodne \u0142adowanie:<\/strong> Bateria o pojemno\u015bci 650 mAh jest wyposa\u017cona w nowoczesny port \u0142adowania typu C, kt\u00f3ry zapewnia szybkie i niezawodne \u0142adowanie.<\/li>\n<\/ul>\n<h3>Potr\u00f3jny smak, potr\u00f3jna zabawa! \ud83d\ude80<\/h3>\n<p>Przygotuj si\u0119 na zrewolucjonizowanie swoich do\u015bwiadcze\u0144 z waporyzacj\u0105 dzi\u0119ki Bang DE 80000! To nie jest kolejny jednorazowy waporyzator; to pot\u0119ga smaku i technologii zaprojektowana dla najwi\u0119kszych entuzjast\u00f3w. Dzi\u0119ki niesamowitej pojemno\u015bci 80 000 zaci\u0105gni\u0119\u0107 i prze\u0142omowemu systemowi regulacji smaku 3 w 1, Bang DE 80000 zapewnia pe\u0142n\u0105 kontrol\u0119. P\u0142ynnie prze\u0142\u0105czaj si\u0119 mi\u0119dzy trzema wst\u0119pnie nape\u0142nionymi kapsu\u0142kami smakowymi i monitoruj poziom e-liquidu oraz \u017cywotno\u015b\u0107 baterii na krystalicznie czystym ekranie LCD. Przygotuj si\u0119 na epick\u0105 podr\u00f3\u017c smaku, kt\u00f3ra trwa i trwa! \ud83d\udca8\u2728<\/p>\n<h3>\u2699\ufe0f Specyfikacje \u2699\ufe0f<\/h3>\n<table>\n<tbody>\n<tr>\n<td><strong>Puffy<\/strong><\/td>\n<td>Do 80 000<\/td>\n<\/tr>\n<tr>\n<td><strong>Total E-Liquid<\/strong><\/td>\n<td>60 ml (20 ml \u00d7 3)<\/td>\n<\/tr>\n<tr>\n<td><strong>Si\u0142a nikotyny<\/strong><\/td>\n<td>2% \/ 3% \/ 5%<\/td>\n<\/tr>\n<tr>\n<td><strong>System aromat\u00f3w<\/strong><\/td>\n<td>3 regulowane smaki<\/td>\n<\/tr>\n<tr>\n<td><strong>System cewek<\/strong><\/td>\n<td>Cewka z potr\u00f3jn\u0105 siatk\u0105 (1,0\u03a9 \u00d7 3)<\/td>\n<\/tr>\n<tr>\n<td><strong>Bateria<\/strong><\/td>\n<td>Akumulator 650 mAh<\/td>\n<\/tr>\n<tr>\n<td><strong>Port \u0142adowania<\/strong><\/td>\n<td>Typ-C<\/td>\n<\/tr>\n<tr>\n<td><strong>Wy\u015bwietlacz<\/strong><\/td>\n<td>Ekran LCD (wska\u017anik na\u0142adowania baterii i poziomu p\u0142ynu)<\/td>\n<\/tr>\n<tr>\n<td><strong>Opakowanie<\/strong><\/td>\n<td>10 urz\u0105dze\u0144 na wy\u015bwietlacz<\/td>\n<\/tr>\n<\/tbody>\n<\/table>\n<h3>Poznaj potr\u00f3jne kombinacje smak\u00f3w \ud83e\udd5d<\/h3>\n<p>Ka\u017cde urz\u0105dzenie Bang DE 80000 jest fabrycznie wyposa\u017cone w trzy niesamowite smaki, mi\u0119dzy kt\u00f3rymi mo\u017cna si\u0119 prze\u0142\u0105cza\u0107 w dowolnym momencie. Znajd\u017a swoj\u0105 idealn\u0105 trifect\u0119 spo\u015br\u00f3d naszych 12 mistrzowskich kombinacji!<\/p>\n<table>\n<thead>\n<tr>\n<th>Smak 1<\/th>\n<th>Flavor 2<\/th>\n<th>Smak 3<\/th>\n<\/tr>\n<\/thead>\n<tbody>\n<tr>\n<td>Arbuzowy l\u00f3d<\/td>\n<td>Red Bull<\/td>\n<td>Truskawka Kiwi<\/td>\n<\/tr>\n<tr>\n<td>L\u00f3d jagodowy<\/td>\n<td>Arbuz truskawkowy<\/td>\n<td>Cytryna Limonka<\/td>\n<\/tr>\n<tr>\n<td>Arbuz jagodowy<\/td>\n<td>Kiwi Passion Fruit Guava<\/td>\n<td>Arbuzowa guma balonowa<\/td>\n<\/tr>\n<tr>\n<td>Lodowy Czarny Smok<\/td>\n<td>Kwa\u015bny ananas z mango<\/td>\n<td>Red Bull<\/td>\n<\/tr>\n<tr>\n<td>Arbuz truskawkowy<\/td>\n<td>Mixed Berry<\/td>\n<td>Brzoskwinia cytrynowa<\/td>\n<\/tr>\n<tr>\n<td>Blueberry Razz<\/td>\n<td>Banan truskawkowy<\/td>\n<td>Ananas Kokos<\/td>\n<\/tr>\n<tr>\n<td>L\u00f3d jagodowy<\/td>\n<td>Potr\u00f3jny Melon<\/td>\n<td>Jab\u0142ko Winogrono<\/td>\n<\/tr>\n<tr>\n<td>Arbuz Smoczy Owoc<\/td>\n<td>Mango Brzoskwinia<\/td>\n<td>Truskawka Kiwi<\/td>\n<\/tr>\n<tr>\n<td>Bor\u00f3wka Malina<\/td>\n<td>Truskawkowo-waniliowa cola<\/td>\n<td>Mixed Berry<\/td>\n<\/tr>\n<tr>\n<td>Arbuzowy l\u00f3d<\/td>\n<td>Lody truskawkowe<\/td>\n<td>Kiwi Passion Fruit Guava<\/td>\n<\/tr>\n<tr>\n<td>Blueberry Razz<\/td>\n<td>Lodowy Czarny Smok<\/td>\n<td>Fizzy Cherry Ice<\/td>\n<\/tr>\n<tr>\n<td>Wi\u015bnia cola lodowa<\/td>\n<td>Arbuz jagodowy<\/td>\n<td>Mango truskawkowe<\/td>\n<\/tr>\n<\/tbody>\n<\/table>\n<h3>Idealny dla u\u017cytkownik\u00f3w o du\u017cym obci\u0105\u017ceniu i dystrybucji hurtowej \ud83d\udcbc<\/h3>\n<p>Bang DE 80000 zosta\u0142 zaprojektowany tak, aby sprosta\u0107 wymaganiom najbardziej wymagaj\u0105cych waper\u00f3w i najbardziej sprytnych w\u0142a\u015bcicieli firm. Dla os\u00f3b prywatnych jest to najlepsze urz\u0105dzenie typu \"wszystko w jednym\", kt\u00f3re eliminuje potrzeb\u0119 noszenia przy sobie wielu waporyzator\u00f3w. Dla sprzedawc\u00f3w detalicznych i hurtowych jest to produkt premium, ciesz\u0105cy si\u0119 du\u017cym popytem, kt\u00f3ry obiecuje doskona\u0142\u0105 satysfakcj\u0119 klienta i powtarzalno\u015b\u0107 transakcji. Zaopatrz swoje p\u00f3\u0142ki w przysz\u0142o\u015b\u0107 jednorazowych waporyzator\u00f3w i daj swoim klientom moc wyboru i wydajno\u015bci. Zam\u00f3w hurtow\u0105 dostaw\u0119 Bang DE 80000 ju\u017c dzi\u015b!<\/p>\n<h3>\u2753 Cz\u0119sto zadawane pytania\u2753<\/h3>\n<p><strong>P: Jak dzia\u0142a system regulowanego smaku 3 w 1?<\/strong><\/p>\n<p>O: Model Bang DE 80000 jest wyposa\u017cony w prosty mechanizm prze\u0142\u0105czania, kt\u00f3ry umo\u017cliwia prze\u0142\u0105czanie mi\u0119dzy trzema wst\u0119pnie nape\u0142nionymi kapsu\u0142kami e-liquidu o pojemno\u015bci 20 ml. Ka\u017cda kapsu\u0142ka ma w\u0142asn\u0105 dedykowan\u0105 cewk\u0119 siatkow\u0105, wi\u0119c po prze\u0142\u0105czeniu za ka\u017cdym razem otrzymujesz \u015bwie\u017cy, nieska\u017cony smak.<\/p>\n<p><strong>P: Co wy\u015bwietla ekran LCD?<\/strong><\/p>\n<p>O: Inteligentny ekran LCD zapewnia informacje w czasie rzeczywistym na temat procentowego stanu baterii i indywidualnych poziom\u00f3w e-cieczy dla ka\u017cdego z trzech kapsu\u0142ek smakowych, dzi\u0119ki czemu zawsze znasz sw\u00f3j status.<\/p>\n<p><strong>P: Czy Bang DE 80000 jest odpowiedni dla pocz\u0105tkuj\u0105cych?<\/strong><\/p>\n<p>O: Podczas gdy jego zaawansowane funkcje i du\u017ca liczba zaci\u0105gni\u0119\u0107 s\u0105 idealne dla do\u015bwiadczonych waper\u00f3w, jego przyjazna dla u\u017cytkownika konstrukcja (aktywowana rysowaniem z prostym prze\u0142\u0105czaniem smak\u00f3w) sprawia, \u017ce jest on dost\u0119pny dla pocz\u0105tkuj\u0105cych poszukuj\u0105cych d\u0142ugotrwa\u0142ych, wysokiej jako\u015bci wra\u017ce\u0144.<\/p>\n<p><strong>P: Jak d\u0142ugo trwa \u0142adowanie baterii?<\/strong><\/p>\n<p>O: Dzi\u0119ki portowi \u0142adowania typu C, bateria o pojemno\u015bci 650 mAh \u0142aduje si\u0119 szybko, zazwyczaj w oko\u0142o 45-60 minut, minimalizuj\u0105c przestoje.<\/p>","protected":false},"excerpt":{"rendered":"<p>Poznaj przysz\u0142o\u015b\u0107 waporyzacji dzi\u0119ki Bang DE 80000, rewolucyjnemu jednorazowemu waporyzatorowi 3 w 1 oferuj\u0105cemu 80 000 zaci\u0105gni\u0119\u0107 i regulowane potr\u00f3jne smaki. Idealny dla nabywc\u00f3w hurtowych i hurtowych poszukuj\u0105cych innowacji i d\u0142ugowieczno\u015bci.<\/p>","protected":false},"featured_media":46967,"comment_status":"open","ping_status":"closed","template":"","meta":[],"product_brand":[239],"product_cat":[37,280,137,146,138,141,143],"product_tag":[306,308,303,305,304,302],"class_list":{"0":"post-46957","1":"product","2":"type-product","3":"status-publish","4":"has-post-thumbnail","6":"product_brand-bang","7":"product_cat-bang","8":"product_cat-cheap-rechargeable-disposable-vapes","9":"product_cat-disposable-vapes-in-germany","10":"product_cat-disposable-vapes-in-hungary","11":"product_cat-disposable-vapes-in-ltaly","12":"product_cat-disposable-vapes-in-poland","13":"product_cat-disposable-vapes-in-spain","14":"product_tag-best-disposable-vapes","15":"product_tag-disposable-vape-in-europe","16":"product_tag-screen-vape","17":"product_tag-vape-suppliers","18":"product_tag-wholesale-vapes","19":"product_tag-wholesale-vapor","21":"first","22":"instock","23":"shipping-taxable","24":"purchasable","25":"product-type-variable","26":"has-default-attributes"},"jetpack_sharing_enabled":true,"tiered_pricing_type":"fixed","tiered_pricing_fixed_rules":{"2000":5.4900000000000002131628207280300557613372802734375},"tiered_pricing_product_settings":{"layout":"default","base_unit_name":{"singular":null,"plural":null},"default_variation":null},"tiered_pricing_minimum_quantity":1000,"tiered_pricing_roles_data":[],"tiered_pricing_percentage_rules":[],"tiered_pricing_maximum_quantity":null,"tiered_pricing_quantity_step":"10","_links":{"self":[{"href":"https:\/\/aiviouvapes.com\/pl\/wp-json\/wp\/v2\/product\/46957","targetHints":{"allow":["GET"]}}],"collection":[{"href":"https:\/\/aiviouvapes.com\/pl\/wp-json\/wp\/v2\/product"}],"about":[{"href":"https:\/\/aiviouvapes.com\/pl\/wp-json\/wp\/v2\/types\/product"}],"replies":[{"embeddable":true,"href":"https:\/\/aiviouvapes.com\/pl\/wp-json\/wp\/v2\/comments?post=46957"}],"wp:featuredmedia":[{"embeddable":true,"href":"https:\/\/aiviouvapes.com\/pl\/wp-json\/wp\/v2\/media\/46967"}],"wp:attachment":[{"href":"https:\/\/aiviouvapes.com\/pl\/wp-json\/wp\/v2\/media?parent=46957"}],"wp:term":[{"taxonomy":"product_brand","embeddable":true,"href":"https:\/\/aiviouvapes.com\/pl\/wp-json\/wp\/v2\/product_brand?post=46957"},{"taxonomy":"product_cat","embeddable":true,"href":"https:\/\/aiviouvapes.com\/pl\/wp-json\/wp\/v2\/product_cat?post=46957"},{"taxonomy":"product_tag","embeddable":true,"href":"https:\/\/aiviouvapes.com\/pl\/wp-json\/wp\/v2\/product_tag?post=46957"}],"curies":[{"name":"wp","href":"https:\/\/api.w.org\/{rel}","templated":true}]}}