{"id":46917,"date":"2025-07-29T21:23:27","date_gmt":"2025-07-29T13:23:27","guid":{"rendered":"https:\/\/aiviouvapes.com\/?post_type=product&#038;p=46917"},"modified":"2026-03-24T11:26:13","modified_gmt":"2026-03-24T03:26:13","slug":"mr-goodie-adjust-flavor-king-60000","status":"publish","type":"product","link":"https:\/\/aiviouvapes.com\/pl\/product\/mr-goodie-adjust-flavor-king-60000\/","title":{"rendered":"Mr.Goodie Adjust Flavor King 60000 Puffs | potr\u00f3jny smak jednorazowego vape luzem"},"content":{"rendered":"<p>Przygotuj si\u0119 na zrewolucjonizowanie swoich do\u015bwiadcze\u0144 z waporyzacj\u0105 dzi\u0119ki NOWEMU <b>Mr.Goodie Adjust Flavor King 60000 Puffs<\/b>! To nie jest zwyk\u0142y waporyzator; to imperium smaku w Twojej kieszeni. Zaprojektowany z my\u015bl\u0105 o najwy\u017cszej satysfakcji i niezr\u00f3wnanej trwa\u0142o\u015bci, Flavor King mo\u017ce pochwali\u0107 si\u0119 niesamowit\u0105 liczb\u0105 60 000 zaci\u0105gni\u0119\u0107 i prze\u0142omowym systemem potr\u00f3jnego smaku. Po\u017cegnaj si\u0119 z przyziemnym wapowaniem i przywitaj si\u0119 z symfoni\u0105 smak\u00f3w! Niezale\u017cnie od tego, czy jeste\u015b do\u015bwiadczonym waporyzatorem, czy sklepem, kt\u00f3ry chce zaopatrzy\u0107 si\u0119 w kolejn\u0105 wielk\u0105 rzecz, Mr.Goodie Adjust Flavor King jest twoj\u0105 koronn\u0105 chwa\u0142\u0105. \ud83d\udca8<\/p>\n<h2>Mr.Goodie Adjust Flavor King 60000 puff\u00f3w Przegl\u0105d i cechy produktu<\/h2>\n<p>The <b>Mr.Goodie Adjust Flavor King 60000<\/b> to monumentalny skok w technologii jednorazowych urz\u0105dze\u0144 vape, oferuj\u0105cy zdumiewaj\u0105c\u0105 liczb\u0119 zaci\u0105gni\u0119\u0107 i innowacyjny mechanizm prze\u0142\u0105czania smak\u00f3w. Zaprojektowane zar\u00f3wno dla indywidualnych entuzjast\u00f3w, jak i nabywc\u00f3w B2B, urz\u0105dzenie to na nowo definiuje wygod\u0119 i wszechstronno\u015b\u0107. \ud83d\ude80<\/p>\n<ul>\n<li><b>Niespotykana liczba zaci\u0105gni\u0119\u0107:<\/b> Ciesz si\u0119 do <b>60 000 zaci\u0105gni\u0119\u0107<\/b> w trybie pojedynczego smaku lub 30 000 zaci\u0105gni\u0119\u0107 w trybie mieszanym, co zapewnia d\u0142u\u017csze u\u017cytkowanie. \ud83e\udd2f\ud83d\udca8<\/li>\n<li><b>Podw\u00f3jna pojemno\u015b\u0107 e-liquidu:<\/b> Wyposa\u017cony w ogromny <b>20ML + 20ML (\u0142\u0105cznie 40ML)<\/b> Pojemno\u015b\u0107 e-soku zapewnia d\u0142ugotrwa\u0142\u0105 przyjemno\u015b\u0107 bez konieczno\u015bci cz\u0119stej wymiany. \ud83c\udf0a\ud83d\udd0b<\/li>\n<li><b>Regulowana moc nikotyny:<\/b> Dost\u0119pne w <b>Opcje nikotynowe 2% i 5%<\/b> aby zaspokoi\u0107 r\u00f3\u017cnorodne preferencje. nikotyna<\/li>\n<li><b>Wydajny i \u0142adowalny:<\/b> Wyposa\u017cony w solidny <b>Akumulator o pojemno\u015bci 950 mAh<\/b> i wygodny <b>Port \u0142adowania typu C<\/b> dla nieprzerwanego wapowania. \ud83d\udcaa\ud83d\udd0c<\/li>\n<li><b>Zaawansowana technologia cewek:<\/b> <b>Cewki z podw\u00f3jn\u0105 siatk\u0105<\/b> w po\u0142\u0105czeniu z najnowocze\u015bniejszymi <b>Technologia iDuomesh<\/b> zapewniaj\u0105 sp\u00f3jny, bogaty smak i ogromn\u0105 produkcj\u0119 pary. \ud83d\ude80\ud83c\udf2c\ufe0f<\/li>\n<li><b>Intuicyjny wy\u015bwietlacz LCD 3:<\/b> \u0141atwe monitorowanie \u017cywotno\u015bci baterii, poziomu e-cieczy i bie\u017c\u0105cego trybu zapewnia p\u0142ynn\u0105 waporyzacj\u0119. \ud83d\udcca\ud83d\udc40<\/li>\n<li><b>System potr\u00f3jnego smaku:<\/b> Eksploruj <b>10 unikalnych potr\u00f3jnych kombinacji smakowych<\/b>umo\u017cliwiaj\u0105c prze\u0142\u0105czanie mi\u0119dzy dwoma r\u00f3\u017cnymi smakami lub \u0142\u0105czenie ich w celu uzyskania wyj\u0105tkowego trzeciego do\u015bwiadczenia. \ud83c\udf53\ud83c\udf49\ud83c\udf4d\ud83c\udf4a<\/li>\n<\/ul>\n<h3>Specyfikacje<\/h3>\n<table>\n<thead>\n<tr>\n<th>Cecha<\/th>\n<th>Szczeg\u00f3\u0142y<\/th>\n<\/tr>\n<\/thead>\n<tbody>\n<tr>\n<td>Opcje nikotyny<\/td>\n<td>2%, 5%<\/td>\n<\/tr>\n<tr>\n<td>Puffy (pojedynczy smak)<\/td>\n<td>60,000 Puffs<\/td>\n<\/tr>\n<tr>\n<td>Puffy (mix smak\u00f3w)<\/td>\n<td>30,000 Puffs (Mix A + B)<\/td>\n<\/tr>\n<tr>\n<td>Pojemno\u015b\u0107 e-liquidu<\/td>\n<td>20ML + 20ML (\u0142\u0105cznie 40ML)<\/td>\n<\/tr>\n<tr>\n<td>Pojemno\u015b\u0107 akumulatora<\/td>\n<td>950 mAh (akumulator)<\/td>\n<\/tr>\n<tr>\n<td>Port \u0142adowania<\/td>\n<td>Typ-C<\/td>\n<\/tr>\n<tr>\n<td>Typ cewki<\/td>\n<td>Podw\u00f3jne cewki siatkowe, technologia iDuomesh<\/td>\n<\/tr>\n<tr>\n<td>Wy\u015bwietlacz<\/td>\n<td>3 Wy\u015bwietlacz LCD<\/td>\n<\/tr>\n<tr>\n<td>Tryby smaku<\/td>\n<td>Pojedynczy smak, mieszanka smak\u00f3w<\/td>\n<\/tr>\n<tr>\n<td>Total Triple Flavors<\/td>\n<td>10 unikalnych kombinacji<\/td>\n<\/tr>\n<\/tbody>\n<\/table>\n<p><span style=\"font-size: 20.16px;\">Kombinacje smak\u00f3w<\/span><\/p>\n<p>Poznaj ekscytuj\u0105cy wachlarz mo\u017cliwo\u015bci smakowych dzi\u0119ki Mr.Goodie Adjust Flavor King 60000. Ka\u017cde urz\u0105dzenie oferuje trzy r\u00f3\u017cne doznania podczas waporyzacji:<\/p>\n<table>\n<thead>\n<tr>\n<th>Smak<\/th>\n<th>B Flavor<\/th>\n<th>Smak \u0142\u0105czony (A+B)<\/th>\n<\/tr>\n<\/thead>\n<tbody>\n<tr>\n<td>Arbuzowy l\u00f3d<\/td>\n<td>Guma balonowa<\/td>\n<td>Arbuzowa guma balonowa<\/td>\n<\/tr>\n<tr>\n<td>Soczysty brzoskwiniowy l\u00f3d<\/td>\n<td>Cola Lodowa<\/td>\n<td>Peach Cola Ice<\/td>\n<\/tr>\n<tr>\n<td>Niebieska malina<\/td>\n<td>Wi\u015bnia Cytryna<\/td>\n<td>Blue Raspberry Cherry Lemon<\/td>\n<\/tr>\n<tr>\n<td>Truskawka<\/td>\n<td>Arbuz<\/td>\n<td>Arbuz truskawkowy<\/td>\n<\/tr>\n<tr>\n<td>Zielone jab\u0142ko<\/td>\n<td>Winogrono<\/td>\n<td>Green Apple Grape<\/td>\n<\/tr>\n<tr>\n<td>Cytryna<\/td>\n<td>T\u0119czowe cukierki<\/td>\n<td>Cytrynowe t\u0119czowe cukierki<\/td>\n<\/tr>\n<tr>\n<td>Miami Mint<\/td>\n<td>Cytryna<\/td>\n<td>Mi\u0119ta cytrynowa<\/td>\n<\/tr>\n<tr>\n<td>Ananas Kokos<\/td>\n<td>Energy Ice<\/td>\n<td>Kokosowy nap\u00f3j energetyczny<\/td>\n<\/tr>\n<tr>\n<td>Winogrono<\/td>\n<td>Malina<\/td>\n<td>Winogrono Malina<\/td>\n<\/tr>\n<tr>\n<td>Pomara\u0144cza Mango Guawa<\/td>\n<td>Gummy Bear<\/td>\n<td>OMG Blow-Pop<\/td>\n<\/tr>\n<\/tbody>\n<\/table>\n<p>Dlaczego warto wybra\u0107 Mr.Goodie Adjust Flavor King 60000 Puffs?<\/p>\n<ul>\n<li>\ud83d\udc51 <b>King of Puffs:<\/b> Urz\u0105dzenie to, oferuj\u0105ce do 60 000 zaci\u0105gni\u0119\u0107, jest jednym z najlepszych w swojej klasie, oferuj\u0105c trwa\u0142o\u015b\u0107, o kt\u00f3rej tradycyjne jednoraz\u00f3wki mog\u0105 tylko pomarzy\u0107.<\/li>\n<li>\ud83c\udf08 <b>Potr\u00f3jna innowacja smakowa:<\/b> Zanurz si\u0119 w 10 unikalnych potr\u00f3jnych kombinacjach smakowych, zapewniaj\u0105c niezr\u00f3wnan\u0105 r\u00f3\u017cnorodno\u015b\u0107 i zapobiegaj\u0105c j\u0119zykowi wapera. Prze\u0142\u0105czaj na \u017c\u0105danie!<\/li>\n<li>\ud83d\udd0b <b>Niezr\u00f3wnana niezawodno\u015b\u0107:<\/b> Akumulator o pojemno\u015bci 950 mAh i \u0142adowanie typu C zapewniaj\u0105, \u017ce zawsze jeste\u015b gotowy do nast\u0119pnego zaci\u0105gni\u0119cia si\u0119, minimalizuj\u0105c przestoje.<\/li>\n<li>\ud83c\udf2c\ufe0f <b>Doskona\u0142a para i smak:<\/b> Podw\u00f3jne cewki siatkowe i technologia iDuomesh gwarantuj\u0105 niezmiennie p\u0142ynne, bogate i satysfakcjonuj\u0105ce doznania podczas waporyzacji przy ka\u017cdym zaci\u0105gni\u0119ciu.<\/li>\n<li>\ud83d\udcca <b>Inteligentny i przyjazny dla u\u017cytkownika:<\/b> 3 wy\u015bwietlacze LCD informuj\u0105 u\u017cytkownika na bie\u017c\u0105co, u\u0142atwiaj\u0105c zarz\u0105dzanie sesjami waporyzacji.<\/li>\n<li>\ud83d\udcb0 <b>Wyj\u0105tkowa warto\u015b\u0107:<\/b> Dla intensywnych u\u017cytkownik\u00f3w urz\u0105dzenie to oferuje niesamowit\u0105 op\u0142acalno\u015b\u0107 w przeliczeniu na jedno zaci\u0105gni\u0119cie. Dla nabywc\u00f3w B2B jest to produkt, na kt\u00f3ry jest du\u017ce zapotrzebowanie i kt\u00f3ry zniknie z p\u00f3\u0142ek.<\/li>\n<li>\ud83c\udf3f <b>Zapewniona jako\u015b\u0107:<\/b> Stworzony z najwy\u017cszej jako\u015bci sk\u0142adnik\u00f3w i zaawansowanych proces\u00f3w produkcyjnych, zapewniaj\u0105cych bezpiecze\u0144stwo i satysfakcj\u0119.<\/li>\n<\/ul>\n<p>The <b>Mr.Goodie Adjust Flavor King 60000 Puffs<\/b> to najlepszy wyb\u00f3r dla intensywnych u\u017cytkownik\u00f3w i smakoszy poszukuj\u0105cych d\u0142u\u017cszej przyjemno\u015bci i r\u00f3\u017cnorodnych opcji smakowych. Jego solidna konstrukcja i innowacyjne funkcje sprawiaj\u0105, \u017ce jest to r\u00f3wnie\u017c oferta, kt\u00f3rej nie mo\u017cna si\u0119 oprze\u0107. <b>sklepy vape<\/b> chc\u0105cych rozszerzy\u0107 sw\u00f3j wyb\u00f3r jednorazowych vape premium i dla <b>dystrybucja hurtowa<\/b> poszukuj\u0105cych wysokonak\u0142adowego, wysokomar\u017cowego produktu. Zaopatrz si\u0119 w przysz\u0142o\u015b\u0107 waporyzacji ju\u017c dzi\u015b! \ud83d\udcaa<\/p>\n<h3>FAQ<\/h3>\n<p>P: Ile zaci\u0105gni\u0119\u0107 oferuje Mr.Goodie Adjust Flavor King 60000?<br \/>\nO: Oferuje do 60 000 zaci\u0105gni\u0119\u0107 w trybie pojedynczego smaku i 30 000 zaci\u0105gni\u0119\u0107 podczas mieszania smak\u00f3w (komora A + komora B).<\/p>\n<p>P: Jaka jest pojemno\u015b\u0107 e-liquidu?<br \/>\nO: Ca\u0142kowita pojemno\u015b\u0107 e-liquidu wynosi 40 ml i jest podzielona na dwie komory po 20 ml (20 ml + 20 ml).<\/p>\n<p>P: Czy Mr.Goodie Adjust Flavor King mo\u017cna \u0142adowa\u0107?<br \/>\nO: Tak, jest wyposa\u017cony w akumulator o pojemno\u015bci 950 mAh z portem \u0142adowania typu C.<\/p>\n<p>P: Jak dzia\u0142a system potr\u00f3jnego smaku?<br \/>\nO: Urz\u0105dzenie ma dwie r\u00f3\u017cne komory na e-ciecz (A i B). Mo\u017cesz waporyzowa\u0107 smak A, smak B lub po\u0142\u0105czy\u0107 je, aby stworzy\u0107 unikalny trzeci mieszany smak.<\/p>\n<p>P: Jakie st\u0119\u017cenia nikotyny s\u0105 dost\u0119pne?<br \/>\nO: Model Mr.Goodie Adjust Flavor King 60000 jest dost\u0119pny w wersjach o mocy nikotyny 2% i 5%.<\/p>\n<p>P: Jak mog\u0119 sprawdzi\u0107 \u017cywotno\u015b\u0107 baterii lub poziom e-liquidu?<br \/>\nO: Urz\u0105dzenie jest wyposa\u017cone w 3 wy\u015bwietlacze LCD, kt\u00f3re pokazuj\u0105 \u017cywotno\u015b\u0107 baterii, poziom e-liquidu i aktualny tryb.<\/p>\n<p>P: Czy ten produkt nadaje si\u0119 do sprzeda\u017cy hurtowej?<br \/>\nO: Jak najbardziej! Mr.Goodie Adjust Flavor King 60000 Puffs to doskona\u0142y produkt do dystrybucji hurtowej i dla sklep\u00f3w vape ze wzgl\u0119du na wysoki popyt, unikalne funkcje i wyj\u0105tkow\u0105 warto\u015b\u0107.<\/p>","protected":false},"excerpt":{"rendered":"<p>Do\u015bwiadcz najwy\u017cszej jako\u015bci waporyzacji dzi\u0119ki Mr.Goodie Adjust Flavor King 60000 Puffs. Podw\u00f3jna pojemno\u015b\u0107 20ML e-liquidu, 60 000 zaci\u0105gni\u0119\u0107, 10 potr\u00f3jnych smak\u00f3w. Idealny dla sklep\u00f3w vape i odbiorc\u00f3w hurtowych!<\/p>","protected":false},"featured_media":46924,"comment_status":"open","ping_status":"closed","template":"","meta":[],"product_brand":[258],"product_cat":[257,137,146,138,141,143],"product_tag":[],"class_list":{"0":"post-46917","1":"product","2":"type-product","3":"status-publish","4":"has-post-thumbnail","6":"product_brand-mr-goodie","7":"product_cat-mr-goodie","8":"product_cat-disposable-vapes-in-germany","9":"product_cat-disposable-vapes-in-hungary","10":"product_cat-disposable-vapes-in-ltaly","11":"product_cat-disposable-vapes-in-poland","12":"product_cat-disposable-vapes-in-spain","14":"first","15":"instock","16":"shipping-taxable","17":"purchasable","18":"product-type-variable","19":"has-default-attributes"},"jetpack_sharing_enabled":true,"tiered_pricing_type":"fixed","tiered_pricing_fixed_rules":[],"tiered_pricing_product_settings":{"layout":"default","base_unit_name":{"singular":null,"plural":null},"default_variation":null},"tiered_pricing_minimum_quantity":1000,"tiered_pricing_roles_data":[],"tiered_pricing_percentage_rules":[],"tiered_pricing_maximum_quantity":null,"tiered_pricing_quantity_step":"10","_links":{"self":[{"href":"https:\/\/aiviouvapes.com\/pl\/wp-json\/wp\/v2\/product\/46917","targetHints":{"allow":["GET"]}}],"collection":[{"href":"https:\/\/aiviouvapes.com\/pl\/wp-json\/wp\/v2\/product"}],"about":[{"href":"https:\/\/aiviouvapes.com\/pl\/wp-json\/wp\/v2\/types\/product"}],"replies":[{"embeddable":true,"href":"https:\/\/aiviouvapes.com\/pl\/wp-json\/wp\/v2\/comments?post=46917"}],"wp:featuredmedia":[{"embeddable":true,"href":"https:\/\/aiviouvapes.com\/pl\/wp-json\/wp\/v2\/media\/46924"}],"wp:attachment":[{"href":"https:\/\/aiviouvapes.com\/pl\/wp-json\/wp\/v2\/media?parent=46917"}],"wp:term":[{"taxonomy":"product_brand","embeddable":true,"href":"https:\/\/aiviouvapes.com\/pl\/wp-json\/wp\/v2\/product_brand?post=46917"},{"taxonomy":"product_cat","embeddable":true,"href":"https:\/\/aiviouvapes.com\/pl\/wp-json\/wp\/v2\/product_cat?post=46917"},{"taxonomy":"product_tag","embeddable":true,"href":"https:\/\/aiviouvapes.com\/pl\/wp-json\/wp\/v2\/product_tag?post=46917"}],"curies":[{"name":"wp","href":"https:\/\/api.w.org\/{rel}","templated":true}]}}