{"id":46861,"date":"2025-07-29T21:34:04","date_gmt":"2025-07-29T13:34:04","guid":{"rendered":"https:\/\/aiviouvapes.com\/?post_type=product&#038;p=46861"},"modified":"2026-04-17T13:00:41","modified_gmt":"2026-04-17T05:00:41","slug":"bang-blaze-starry-50000","status":"publish","type":"product","link":"https:\/\/aiviouvapes.com\/pl\/product\/bang-blaze-starry-50000\/","title":{"rendered":"Bang Blaze Starry 50000 Puffs | podw\u00f3jny tryb hurtowy jednorazowy vape hurtowy"},"content":{"rendered":"<h2>Dlaczego warto wybra\u0107 Bang Blaze Starry 50000?<\/h2>\n<ul>\n<li><strong>Dominacja w dw\u00f3ch trybach:<\/strong> Bezproblemowe prze\u0142\u0105czanie mi\u0119dzy d\u0142ugotrwa\u0142ym <strong>Tryb zwyk\u0142y (50 tys. zaci\u0105gni\u0119\u0107)<\/strong> dla sta\u0142ej przyjemno\u015bci i pot\u0119\u017cnego <strong>Tryb impulsowy (25 tys. zaci\u0105gni\u0119\u0107)<\/strong> dla bardziej intensywnego smaku i wzmocnienia pary.<\/li>\n<li><strong>Ekstremalna d\u0142ugowieczno\u015b\u0107:<\/strong> Dzi\u0119ki niewiarygodnej pojemno\u015bci 50 000 zaci\u0105gni\u0119\u0107 i akumulatorowi 550 mAh, urz\u0105dzenie to jest zbudowane z my\u015bl\u0105 o trwa\u0142o\u015bci, zapewniaj\u0105c niezr\u00f3wnan\u0105 warto\u015b\u0107 i zmniejszaj\u0105c potrzeb\u0119 cz\u0119stej wymiany.<\/li>\n<li><strong>\u2699\ufe0f Zaawansowana technologia VPU:<\/strong> Poznaj przysz\u0142o\u015b\u0107 waporyzacji. Zintegrowana jednostka Vape Processing Unit zapewnia doskona\u0142\u0105 konsystencj\u0119 smaku, bogatsz\u0105 produkcj\u0119 pary i zoptymalizowane zarz\u0105dzanie energi\u0105 dla bezb\u0142\u0119dnej sesji za ka\u017cdym razem.<\/li>\n<li><strong>Inteligentna i bezpieczna obs\u0142uga:<\/strong> Krystalicznie czysty ekran LED informuje o stanie baterii i e-liquidu na pierwszy rzut oka, a tryb \"Zamknij\" zabezpieczony przed dzie\u0107mi zapewnia niezb\u0119dny spok\u00f3j ducha.<\/li>\n<li><strong>Gotowy do pracy:<\/strong> Zapakowany w wygodne 10-cz\u0119\u015bciowe pude\u0142ka ekspozycyjne, Bang Blaze Starry 50000 jest idealnie zoptymalizowany dla sklep\u00f3w vape, dystrybutor\u00f3w i odbiorc\u00f3w hurtowych, kt\u00f3rzy chc\u0105 zaopatrzy\u0107 si\u0119 w produkt o wysokim popycie i wysokiej wydajno\u015bci.<\/li>\n<\/ul>\n<p>Blaze Starry 50000 Bang to najlepsze urz\u0105dzenie dla u\u017cytkownik\u00f3w wymagaj\u0105cych d\u0142ugiej \u017cywotno\u015bci i poszukiwaczy intensywnych smak\u00f3w. Wysoka liczba zaci\u0105gni\u0119\u0107 i niezawodna wydajno\u015b\u0107 sprawiaj\u0105, \u017ce jest to obowi\u0105zkowy element wyposa\u017cenia ka\u017cdego sklepu z waporyzatorami. Dost\u0119pny w hurtowych opakowaniach po 10 sztuk, jest doskonale zoptymalizowany pod k\u0105tem dystrybucji hurtowej. Podnie\u015b swoje zapasy i daj swoim klientom kolejn\u0105 wielk\u0105 rzecz w wapowaniu!<\/p>\n<h3>Niezr\u00f3wnana moc i smak \ud83d\ude80<\/h3>\n<p>Przygotuj si\u0119 do startu! Blaze Starry 50000 Bang jest tutaj, aby zrewolucjonizowa\u0107 twoj\u0105 podr\u00f3\u017c waporyzacyjn\u0105. Z astronomiczn\u0105 liczb\u0105 50 000 zaci\u0105gni\u0119\u0107 w trybie zwyk\u0142ym i intensywnym trybem pulsacyjnym dla mi\u0142o\u015bnik\u00f3w smaku, urz\u0105dzenie to zosta\u0142o zaprojektowane z my\u015bl\u0105 o czystej satysfakcji. Dzi\u0119ki wspania\u0142emu wy\u015bwietlaczowi LED i najnowocze\u015bniejszej technologii VPU, ka\u017cde zaci\u0105gni\u0119cie si\u0119 jest niezapomnianym prze\u017cyciem. To nowy punkt odniesienia dla wydajno\u015bci, trwa\u0142o\u015bci i smaku.<\/p>\n<h3>Specyfikacja produktu<\/h3>\n<p>Zaprojektowany z my\u015bl\u0105 o d\u0142ugowieczno\u015bci i wydajno\u015bci, Bang Blaze Starry 50000 jest wyposa\u017cony w innowacyjn\u0105 technologi\u0119 VPU zapewniaj\u0105c\u0105 sp\u00f3jny smak i par\u0119. Inteligentny ekran LED informuje u\u017cytkownika na bie\u017c\u0105co, a funkcja dw\u00f3ch tryb\u00f3w pozwala dostosowa\u0107 sesj\u0119 waporyzacji. Dzi\u0119ki akumulatorowi i blokadzie zabezpieczaj\u0105cej przed dzie\u0107mi jest to najlepsze po\u0142\u0105czenie mocy, bezpiecze\u0144stwa i wygody.<\/p>\n<table>\n<tbody>\n<tr>\n<th>Cecha<\/th>\n<th>Specyfikacja<\/th>\n<\/tr>\n<tr>\n<td><strong>Liczba zaci\u0105gni\u0119\u0107<\/strong><\/td>\n<td>Tryb zwyk\u0142y: 50 000 zaci\u0105gni\u0119\u0107 | Tryb pulsacyjny: 25 000 zaci\u0105gni\u0119\u0107<\/td>\n<\/tr>\n<tr>\n<td><strong>Opcje trybu<\/strong><\/td>\n<td>1. Zamkni\u0119cie (zabezpieczenie przed dzie\u0107mi) | 2. Tryb zwyk\u0142y | 3. Tryb pulsacyjny<\/td>\n<\/tr>\n<tr>\n<td><strong>Si\u0142a nikotyny<\/strong><\/td>\n<td>2% \/ 3% \/ 5%<\/td>\n<\/tr>\n<tr>\n<td><strong>Bateria<\/strong><\/td>\n<td>Akumulator 550 mAh<\/td>\n<\/tr>\n<tr>\n<td><strong>Technologia cewek<\/strong><\/td>\n<td>Podw\u00f3jna cewka siatkowa<\/td>\n<\/tr>\n<tr>\n<td><strong>Technologia podstawowa<\/strong><\/td>\n<td>Wn\u0119trze VPU (Vape Processing Unit)<\/td>\n<\/tr>\n<tr>\n<td><strong>Wy\u015bwietlacz<\/strong><\/td>\n<td>Inteligentny ekran LED (poziom na\u0142adowania baterii i poziom e-cieczy)<\/td>\n<\/tr>\n<tr>\n<td><strong>Port \u0142adowania<\/strong><\/td>\n<td>Typ-C<\/td>\n<\/tr>\n<tr>\n<td><strong>Opakowanie hurtowe<\/strong><\/td>\n<td>10 sztuk \/ pude\u0142ko ekspozycyjne<\/td>\n<\/tr>\n<\/tbody>\n<\/table>\n<h3>Wszech\u015bwiat smak\u00f3w \ud83c\udf0c<\/h3>\n<p>Odkryj 12 wspania\u0142ych opcji smakowych, dopracowanych do perfekcji i zapewniaj\u0105cych niezapomniane doznania smakowe. Ka\u017cdy z nich zosta\u0142 zaprojektowany tak, aby by\u0142 \u017cywy i sp\u00f3jny od pierwszego do ostatniego zaci\u0105gni\u0119cia.<br \/>\nArbuzowy, Truskawkowy Arbuzowy, Jagodowy Lodowy, Jagodowy Malinowy, Love 66, \u017burawinowy Winogronowy Lodowy, Brzoskwiniowy Lodowy, Truskawkowy Mango, Triple Berry, Mango Brzoskwiniowy, Summer Time, Ananasowy Kokosowy.<\/p>\n<h3>Cz\u0119sto zadawane pytania<\/h3>\n<p><strong>P: Jak prze\u0142\u0105cza\u0107 si\u0119 mi\u0119dzy trybem zwyk\u0142ym i pulsacyjnym?<\/strong><br \/>\nO: Urz\u0105dzenie jest zazwyczaj wyposa\u017cone w prosty przycisk steruj\u0105cy. Konkretn\u0105 sekwencj\u0119 mo\u017cna znale\u017a\u0107 w instrukcji obs\u0142ugi, ale zwykle obejmuje ona kilka szybkich klikni\u0119\u0107, aby prze\u0142\u0105cza\u0107 si\u0119 mi\u0119dzy trybami Close, Regular i Pulse.<\/p>\n<p><strong>P: Czym jest technologia VPU?<\/strong><br \/>\nO: VPU to skr\u00f3t od Vape Processing Unit. Jest to zaawansowany mikroprocesor, kt\u00f3ry kontroluje moc wyj\u015bciow\u0105 i sp\u00f3jno\u015b\u0107 ogrzewania, co skutkuje znacznie lepsz\u0105 wierno\u015bci\u0105 smaku i produkcj\u0105 pary przez ca\u0142y okres u\u017cytkowania urz\u0105dzenia.<\/p>\n<p><strong>P: Do czego s\u0142u\u017cy tryb \"Zamknij\"?<\/strong><br \/>\nO: Tryb \"Zamknij\" jest zabezpieczeniem przed dzie\u0107mi. Po aktywacji dezaktywuje urz\u0105dzenie, aby zapobiec przypadkowemu u\u017cyciu, dzi\u0119ki czemu jest bezpieczniejsze do przenoszenia i przechowywania.<\/p>\n<p><strong>P: Ile urz\u0105dze\u0144 znajduje si\u0119 w opakowaniu hurtowym?<\/strong><br \/>\nO: Blaze Starry 50000 Bang jest pakowany w pude\u0142ka ekspozycyjne zawieraj\u0105ce 10 pojedynczych urz\u0105dze\u0144, co u\u0142atwia zarz\u0105dzanie zapasami i ekspozycj\u0119 w handlu detalicznym.<\/p>","protected":false},"excerpt":{"rendered":"<p>Odkryj Bang Blaze Starry 50000, jednorazowy waporyzator o du\u017cej mocy z trybami Regular (50k) i Pulse (25k). Wyposa\u017cony jest w inteligentny ekran LED, technologi\u0119 VPU i jest dost\u0119pny w sprzeda\u017cy hurtowej.<\/p>","protected":false},"featured_media":46870,"comment_status":"open","ping_status":"closed","template":"","meta":[],"product_brand":[239],"product_cat":[37,137,146,138,141,143],"product_tag":[],"class_list":{"0":"post-46861","1":"product","2":"type-product","3":"status-publish","4":"has-post-thumbnail","6":"product_brand-bang","7":"product_cat-bang","8":"product_cat-disposable-vapes-in-germany","9":"product_cat-disposable-vapes-in-hungary","10":"product_cat-disposable-vapes-in-ltaly","11":"product_cat-disposable-vapes-in-poland","12":"product_cat-disposable-vapes-in-spain","14":"first","15":"instock","16":"shipping-taxable","17":"purchasable","18":"product-type-variable","19":"has-default-attributes"},"jetpack_sharing_enabled":true,"tiered_pricing_type":"fixed","tiered_pricing_fixed_rules":{"30":8.5600000000000004973799150320701301097869873046875,"50":6.7400000000000002131628207280300557613372802734375,"100":6.089999999999999857891452847979962825775146484375,"200":5.70000000000000017763568394002504646778106689453125,"400":5.25},"tiered_pricing_product_settings":{"layout":"default","base_unit_name":{"singular":null,"plural":null},"default_variation":null},"tiered_pricing_minimum_quantity":10,"tiered_pricing_roles_data":[],"tiered_pricing_percentage_rules":[],"tiered_pricing_maximum_quantity":null,"tiered_pricing_quantity_step":"10","_links":{"self":[{"href":"https:\/\/aiviouvapes.com\/pl\/wp-json\/wp\/v2\/product\/46861","targetHints":{"allow":["GET"]}}],"collection":[{"href":"https:\/\/aiviouvapes.com\/pl\/wp-json\/wp\/v2\/product"}],"about":[{"href":"https:\/\/aiviouvapes.com\/pl\/wp-json\/wp\/v2\/types\/product"}],"replies":[{"embeddable":true,"href":"https:\/\/aiviouvapes.com\/pl\/wp-json\/wp\/v2\/comments?post=46861"}],"wp:featuredmedia":[{"embeddable":true,"href":"https:\/\/aiviouvapes.com\/pl\/wp-json\/wp\/v2\/media\/46870"}],"wp:attachment":[{"href":"https:\/\/aiviouvapes.com\/pl\/wp-json\/wp\/v2\/media?parent=46861"}],"wp:term":[{"taxonomy":"product_brand","embeddable":true,"href":"https:\/\/aiviouvapes.com\/pl\/wp-json\/wp\/v2\/product_brand?post=46861"},{"taxonomy":"product_cat","embeddable":true,"href":"https:\/\/aiviouvapes.com\/pl\/wp-json\/wp\/v2\/product_cat?post=46861"},{"taxonomy":"product_tag","embeddable":true,"href":"https:\/\/aiviouvapes.com\/pl\/wp-json\/wp\/v2\/product_tag?post=46861"}],"curies":[{"name":"wp","href":"https:\/\/api.w.org\/{rel}","templated":true}]}}