{"id":46815,"date":"2025-07-29T16:57:01","date_gmt":"2025-07-29T08:57:01","guid":{"rendered":"https:\/\/aiviouvapes.com\/?post_type=product&#038;p=46815"},"modified":"2026-04-22T19:10:15","modified_gmt":"2026-04-22T11:10:15","slug":"jnr-falcon-pro-28000","status":"publish","type":"product","link":"https:\/\/aiviouvapes.com\/pl\/product\/jnr-falcon-pro-28000\/","title":{"rendered":"JNR Falcon Pro 28000 jednorazowy vape| pe\u0142en mocy i czystej perfekcji smaku!"},"content":{"rendered":"<h2><b>Rozpal swoje zmys\u0142y dzi\u0119ki JNR Falcon Pro 28000! \ud83d\ude80\ud83d\udca8<\/b><\/h2>\n<p>Masz do\u015b\u0107 jednorazowych waporyzator\u00f3w, kt\u00f3re wyczerpuj\u0105 si\u0119 zbyt szybko lub nie maj\u0105 prawdziwego smaku? Wkrocz w przysz\u0142o\u015b\u0107 waporyzacji z JNR Falcon Pro 28000! Zaprojektowane z my\u015bl\u0105 o niezr\u00f3wnanej wytrzyma\u0142o\u015bci i eksplozji smaku, urz\u0105dzenie to zmienia zasady gry zar\u00f3wno dla osobistej przyjemno\u015bci, jak i zapas\u00f3w hurtowych. Przygotuj si\u0119 na d\u0142ug\u0105, satysfakcjonuj\u0105c\u0105 i intensywnie aromatyczn\u0105 podr\u00f3\u017c waporyzacyjn\u0105, za ka\u017cdym razem. \u2728\ud83d\udcaf<\/p>\n<h3>Przegl\u0105d i cechy produktu: Niezr\u00f3wnana wydajno\u015b\u0107 i niezapomniane smaki<\/h3>\n<p>JNR Falcon Pro 28000 to nie tylko waporyzator; to o\u015bwiadczenie. Zaprojektowany z my\u015bl\u0105 o d\u0142ugowieczno\u015bci i maksymalnym dostarczaniu smaku, mo\u017ce pochwali\u0107 si\u0119 niesamowit\u0105 liczb\u0105 28 000 zaci\u0105gni\u0119\u0107, dzi\u0119ki czemu nigdy nie pozostaniesz w tyle. <span class=\"citation-9 citation-end-9\">Jego wytrzyma\u0142y akumulator o pojemno\u015bci 950 mAh i technologia podw\u00f3jnej cewki siatkowej dzia\u0142aj\u0105 w doskona\u0142ej harmonii, zapewniaj\u0105c sp\u00f3jn\u0105, g\u0142adk\u0105 par\u0119 i \u017cywy smak od pierwszego do ostatniego zaci\u0105gni\u0119cia.<\/span> Cyfrowy wy\u015bwietlacz informuje u\u017cytkownika na bie\u017c\u0105co, a du\u017ca pojemno\u015b\u0107 30 ml e-liquidu oznacza mniej zmartwie\u0144 zwi\u0105zanych z uzupe\u0142nianiem. Dzi\u0119ki 20 starannie dobranym smakom, ka\u017cdy znajdzie co\u015b dla siebie. Niezale\u017cnie od tego, czy jeste\u015b intensywnym u\u017cytkownikiem, czy koneserem smak\u00f3w, Falcon Pro 28000 zapewnia. \ud83c\udf1f\ud83d\udd0b<\/p>\n<h3>Specyfikacje:<\/h3>\n<table>\n<thead>\n<tr>\n<td>Cecha<\/td>\n<td>Szczeg\u00f3\u0142y<\/td>\n<\/tr>\n<\/thead>\n<tbody>\n<tr>\n<td><b>Liczba zaci\u0105gni\u0119\u0107<\/b><\/td>\n<td>Do 28 000 zaci\u0105gni\u0119\u0107<\/td>\n<\/tr>\n<tr>\n<td><b>Si\u0142a nikotyny<\/b><\/td>\n<td>2%<\/td>\n<\/tr>\n<tr>\n<td><b>Pojemno\u015b\u0107 e-liquidu<\/b><\/td>\n<td>30 ml<\/td>\n<\/tr>\n<tr>\n<td><b>Bateria<\/b><\/td>\n<td>Akumulator 950 mAh<\/td>\n<\/tr>\n<tr>\n<td><b>Typ cewki<\/b><\/td>\n<td>Podw\u00f3jna cewka siatkowa<\/td>\n<\/tr>\n<tr>\n<td><b>Wy\u015bwietlacz<\/b><\/td>\n<td>Wy\u015bwietlacz cyfrowy<\/td>\n<\/tr>\n<tr>\n<td><b>Dost\u0119pne smaki<\/b><\/td>\n<td>20<\/td>\n<\/tr>\n<\/tbody>\n<\/table>\n<h3>Odkryj \u015bwiat smak\u00f3w: Twoja smakowa przygoda czeka! \ud83c\udf53\ud83c\udf4d\ud83c\udf47<\/h3>\n<p>Zanurz si\u0119 w naszej zr\u00f3\u017cnicowanej gamie 20 kusz\u0105cych smak\u00f3w, z kt\u00f3rych ka\u017cdy zosta\u0142 starannie wymieszany, aby zapewni\u0107 prawdziwie wci\u0105gaj\u0105ce doznania podczas waporyzacji. Od orze\u017awiaj\u0105cych owoc\u00f3w po klasyczne mieszanki, JNR Falcon Pro 28000 ma co\u015b, co zachwyci ka\u017cdy kubek smakowy. \ud83c\udf08\ud83d\ude0b<\/p>\n<ul>\n<li>L\u00f3d truskawkowy<\/li>\n<li>Cherry Cola<\/li>\n<li>Arbuzowy l\u00f3d<\/li>\n<li>Blue Razz Cherry<\/li>\n<li>Truskawka Kiwi<\/li>\n<li>Soczyste brzoskwinie<\/li>\n<li>L\u00f3d jagodowy<\/li>\n<li>Jagody mieszane<\/li>\n<li>Podw\u00f3jne jab\u0142ko<\/li>\n<li>Cherry Berry<\/li>\n<li>Bor\u00f3wka Malina Wi\u015bnia<\/li>\n<li>Lody truskawkowo-arbuzowe<\/li>\n<li>L\u00f3d kiwi-arbuzowy<\/li>\n<li>Kwa\u015bna malina z jagodami<\/li>\n<li>Bia\u0142y Brzoskwiniowy Razz<\/li>\n<li>Mango Passion Fruit<\/li>\n<li>Brzoskwinia Mango Arbuz<\/li>\n<li>Arbuz Bubblegum<\/li>\n<li>Banan truskawkowy<\/li>\n<li>Kiwi Passion Guava<\/li>\n<\/ul>\n<h3>Dlaczego warto wybra\u0107 JNR Falcon Pro 28000? \ud83e\udd14\ud83d\udca1<\/h3>\n<ul>\n<li><b>Wyj\u0105tkowa trwa\u0142o\u015b\u0107:<\/b> Dzi\u0119ki mo\u017cliwo\u015bci zaci\u0105gni\u0119cia si\u0119 do 28 000 razy, urz\u0105dzenie to zapewnia d\u0142u\u017csz\u0105 przyjemno\u015b\u0107 i niesamowit\u0105 warto\u015b\u0107, minimalizuj\u0105c potrzeb\u0119 cz\u0119stej wymiany.<\/li>\n<li><b><span class=\"citation-8\">Intensywny aromat:<\/span><\/b><span class=\"citation-8 citation-end-8\"> Technologia podw\u00f3jnej cewki siatkowej zapewnia, \u017ce ka\u017cdy zaci\u0105g jest pe\u0142en bogatego, autentycznego smaku, kt\u00f3ry zadowoli nawet najbardziej wymagaj\u0105cych waper\u00f3w.<\/span><\/li>\n<li><b>Sta\u0142a wydajno\u015b\u0107:<\/b> Wydajny akumulator o pojemno\u015bci 950 mAh i cyfrowy wy\u015bwietlacz gwarantuj\u0105 niezawodne i \u015bwiadome sesje waporyzacji.<\/li>\n<li><b>Ogromna pojemno\u015b\u0107 e-liquidu:<\/b><span class=\"citation-7 citation-end-7\"> Wst\u0119pnie nape\u0142niony zbiornik o pojemno\u015bci 30 ml oznacza wi\u0119cej wapowania i mniej k\u0142opot\u00f3w.<\/span><\/li>\n<li><b>Zr\u00f3\u017cnicowane portfolio smak\u00f3w:<\/b> Nasz wyb\u00f3r 20 unikalnych i popularnych smak\u00f3w zaspokaja wszystkie preferencje, dzi\u0119ki czemu jest to produkt wysoce zbywalny.<\/li>\n<li><b>Stworzony do sprzeda\u017cy masowej i detalicznej:<\/b> Idealny dla sklep\u00f3w vape, kt\u00f3re chc\u0105 zaopatrzy\u0107 si\u0119 w wysokiej jako\u015bci urz\u0105dzenia jednorazowe o du\u017cym popycie, a tak\u017ce dla hurtownik\u00f3w poszukuj\u0105cych niezawodnych, poszukiwanych produkt\u00f3w.<\/li>\n<li><b>Konstrukcja przyjazna dla u\u017cytkownika:<\/b> Prosty w u\u017cyciu, bez przycisk\u00f3w i skomplikowanych ustawie\u0144 - po prostu wdychaj i ciesz si\u0119!<\/li>\n<li><b>Przyci\u0105gaj\u0105cy wzrok wygl\u0105d:<\/b> Elegancka konstrukcja i cyfrowy wy\u015bwietlacz sprawiaj\u0105, \u017ce jest to produkt atrakcyjny wizualnie dla konsument\u00f3w.<\/li>\n<\/ul>\n<h3>Sekcja FAQ: Odpowiedzi na pytania! \ud83d\udcda\u2753<\/h3>\n<p><b>P1: Ile zaci\u0105gni\u0119\u0107 mog\u0119 oczekiwa\u0107 od JNR Falcon Pro 28000?<\/b> <span class=\"citation-6 citation-end-6\">A1: JNR Falcon Pro 28000 zosta\u0142 zaprojektowany tak, aby dostarcza\u0107 do 28 000 zaci\u0105gni\u0119\u0107, zapewniaj\u0105c d\u0142u\u017csz\u0105 satysfakcj\u0119 z waporyzacji.<\/span><\/p>\n<p><b>P2: Jaka jest moc nikotyny w tym urz\u0105dzeniu?<\/b> <span class=\"citation-5 citation-end-5\">A2: JNR Falcon Pro 28000 zawiera 2% nikotyny, oferuj\u0105c satysfakcjonuj\u0105ce uderzenie zapewniaj\u0105ce p\u0142ynne doznania podczas waporyzacji.<\/span><\/p>\n<p><b>P3: Czy JNR Falcon Pro 28000 mo\u017cna \u0142adowa\u0107?<\/b> A3: Tak, jest wyposa\u017cony w akumulator o pojemno\u015bci 950 mAh, kt\u00f3ry pozwala zmaksymalizowa\u0107 pojemno\u015b\u0107 e-liquidu i cieszy\u0107 si\u0119 ka\u017cd\u0105 kropl\u0105.<\/p>\n<p><b>P4: Ile wersji kolorystycznych jest dost\u0119pnych dla JNR Falcon Pro 28000?<\/b> A4: Dost\u0119pnych jest 20 ekscytuj\u0105cych i r\u00f3\u017cnorodnych smak\u00f3w, od owocowych po lodowe, dzi\u0119ki czemu ka\u017cdy znajdzie co\u015b dla siebie.<\/p>\n<p><b>P5: Czy to urz\u0105dzenie nadaje si\u0119 do zakup\u00f3w hurtowych?<\/b> A5: Absolutnie! Wysoka liczba zaci\u0105gni\u0119\u0107, szeroka gama smak\u00f3w i niezawodna wydajno\u015b\u0107 sprawiaj\u0105, \u017ce JNR Falcon Pro 28000 jest idealnym wyborem dla sklep\u00f3w vape i dystrybutor\u00f3w hurtowych, kt\u00f3rzy chc\u0105 oferowa\u0107 wysokiej jako\u015bci, po\u017c\u0105dany produkt.<\/p>\n<p><b>P6: Czy urz\u0105dzenie posiada wy\u015bwietlacz?<\/b> A6: Tak, JNR Falcon Pro 28000 jest wyposa\u017cony w cyfrowy wy\u015bwietlacz, kt\u00f3ry informuje u\u017cytkownika o stanie urz\u0105dzenia.<\/p>\n<hr \/>\n<p><b>Gotowy, aby podnie\u015b\u0107 swoje doznania z waporyzacji lub zaopatrzy\u0107 swoje p\u00f3\u0142ki w prawdziwego zwyci\u0119zc\u0119?<\/b> Waporyzator JNR Falcon Pro 28000 to najlepsze rozwi\u0105zanie dla wymagaj\u0105cych u\u017cytkownik\u00f3w pragn\u0105cych d\u0142ugiej \u017cywotno\u015bci i poszukiwaczy r\u00f3\u017cnorodnych smak\u00f3w. Dla w\u0142a\u015bcicieli vape shop\u00f3w i dystrybutor\u00f3w hurtowych urz\u0105dzenie to stanowi doskona\u0142\u0105 okazj\u0119 do zaspokojenia rosn\u0105cego popytu konsument\u00f3w na wysokowydajne i trwa\u0142e jednorazowe waporyzatory. Nie przegap kolejnej wielkiej rzeczy w waporyzacji! Zabezpiecz sw\u00f3j zapas JNR Falcon Pro 28000 ju\u017c dzi\u015b i obserwuj, jak Twoi klienci wracaj\u0105 po wi\u0119cej! \ud83c\udfc6\ud83d\udcc8<\/p>\n<p>Uwolnij 28000 zaci\u0105gni\u0119\u0107 czystego smaku dzi\u0119ki JNR Falcon Pro. D\u0142ugotrwa\u0142y, \u0142adowalny, 20 \u017cywych smak\u00f3w. Idealny dla intensywnych u\u017cytkownik\u00f3w i nabywc\u00f3w hurtowych!<\/p>","protected":false},"excerpt":{"rendered":"<p>Do\u015bwiadcz najwy\u017cszej jako\u015bci waporyzacji dzi\u0119ki JNR Falcon Pro 28000: d\u0142ugotrwa\u0142e 28000 zaci\u0105gni\u0119\u0107, 2% nikotyny, 20 niesamowitych smak\u00f3w i pot\u0119\u017cny akumulator. Idealny do jednorazowych waporyzator\u00f3w.<\/p>","protected":false},"featured_media":46859,"comment_status":"open","ping_status":"closed","template":"","meta":[],"product_brand":[237],"product_cat":[221,137,146,138,141,143],"product_tag":[],"class_list":{"0":"post-46815","1":"product","2":"type-product","3":"status-publish","4":"has-post-thumbnail","6":"product_brand-jnr","7":"product_cat-jnr","8":"product_cat-disposable-vapes-in-germany","9":"product_cat-disposable-vapes-in-hungary","10":"product_cat-disposable-vapes-in-ltaly","11":"product_cat-disposable-vapes-in-poland","12":"product_cat-disposable-vapes-in-spain","14":"first","15":"instock","16":"shipping-taxable","17":"purchasable","18":"product-type-variable","19":"has-default-attributes"},"jetpack_sharing_enabled":true,"tiered_pricing_type":"fixed","tiered_pricing_fixed_rules":[],"tiered_pricing_product_settings":{"layout":"default","base_unit_name":{"singular":null,"plural":null},"default_variation":null},"tiered_pricing_minimum_quantity":1000,"tiered_pricing_roles_data":[],"tiered_pricing_percentage_rules":[],"tiered_pricing_maximum_quantity":null,"tiered_pricing_quantity_step":"10","_links":{"self":[{"href":"https:\/\/aiviouvapes.com\/pl\/wp-json\/wp\/v2\/product\/46815","targetHints":{"allow":["GET"]}}],"collection":[{"href":"https:\/\/aiviouvapes.com\/pl\/wp-json\/wp\/v2\/product"}],"about":[{"href":"https:\/\/aiviouvapes.com\/pl\/wp-json\/wp\/v2\/types\/product"}],"replies":[{"embeddable":true,"href":"https:\/\/aiviouvapes.com\/pl\/wp-json\/wp\/v2\/comments?post=46815"}],"wp:featuredmedia":[{"embeddable":true,"href":"https:\/\/aiviouvapes.com\/pl\/wp-json\/wp\/v2\/media\/46859"}],"wp:attachment":[{"href":"https:\/\/aiviouvapes.com\/pl\/wp-json\/wp\/v2\/media?parent=46815"}],"wp:term":[{"taxonomy":"product_brand","embeddable":true,"href":"https:\/\/aiviouvapes.com\/pl\/wp-json\/wp\/v2\/product_brand?post=46815"},{"taxonomy":"product_cat","embeddable":true,"href":"https:\/\/aiviouvapes.com\/pl\/wp-json\/wp\/v2\/product_cat?post=46815"},{"taxonomy":"product_tag","embeddable":true,"href":"https:\/\/aiviouvapes.com\/pl\/wp-json\/wp\/v2\/product_tag?post=46815"}],"curies":[{"name":"wp","href":"https:\/\/api.w.org\/{rel}","templated":true}]}}