{"id":42012,"date":"2025-07-04T10:11:35","date_gmt":"2025-07-04T02:11:35","guid":{"rendered":"https:\/\/aiviouvapes.com\/?post_type=product&#038;p=42012"},"modified":"2026-03-24T11:26:58","modified_gmt":"2026-03-24T03:26:58","slug":"mr-goodie-50k","status":"publish","type":"product","link":"https:\/\/aiviouvapes.com\/pl\/product\/mr-goodie-50k\/","title":{"rendered":"Mr.Goodie 50K | 50000 zaci\u0105gni\u0119\u0107 regulowane lusterko na imprez\u0119 lodow\u0105 jednorazowy vape"},"content":{"rendered":"<h3>Dlaczego warto wybra\u0107 Mr.Goodie 50K? \ud83c\udfaf<\/h3>\n<ul>\n<li>50 000 zaci\u0105gni\u0119\u0107 dla d\u0142ugotrwa\u0142ego u\u017cytkowania<\/li>\n<li>Eleganckie lustro Full Abyss zapewniaj\u0105ce nowoczesny wygl\u0105d<\/li>\n<li>\u2744\ufe0f 3-stopniowa regulacja lodu, aby dostosowa\u0107 ka\u017cde zaci\u0105gni\u0119cie si\u0119<\/li>\n<li>\u26a1 Szybkie \u0142adowanie typu C, aby zachowa\u0107 zasilanie<\/li>\n<li>Tryb Party Vibez zapewniaj\u0105cy wyj\u0105tkowe, zabawne wra\u017cenia.<\/li>\n<li>\ud83d\udee2\ufe0f Zbiornik o du\u017cej pojemno\u015bci 40 ml zapewniaj\u0105cy ci\u0105g\u0142o\u015b\u0107 pracy<\/li>\n<li>Podw\u00f3jne cewki siatkowe dla niezmiennie bogatego smaku<\/li>\n<li>Opcje mocy nikotyny 2% i 5% dla ka\u017cdej preferencji.<\/li>\n<li>Idealny do zakup\u00f3w hurtowych i dystrybucji hurtowej<\/li>\n<\/ul>\n<p>Je\u015bli jeste\u015b intensywnym waperem, entuzjast\u0105 smak\u00f3w lub prowadzisz sklep z waporyzatorami, kt\u00f3ry chce zachwyci\u0107 swoich klient\u00f3w, Mr.Goodie 50K jest najlepszym wyborem. Dzi\u0119ki efektownemu lustrzanemu wy\u015bwietlaczowi, ogromnej liczbie zaci\u0105gni\u0119\u0107 i systemowi regulacji lodu, na nowo definiuje on, czym mo\u017ce by\u0107 jednorazowy waporyzator. Zaopatrz si\u0119 ju\u017c dzi\u015b i pozw\u00f3l swoim klientom do\u015bwiadczy\u0107 jednorazowego waporyzatora, kt\u00f3ry nie jest jednorazowy.<\/p>\n<h2>Mr.Goodie 50K: Imprezowy, ultra-d\u0142ugi Vape! \ud83d\ude80<\/h2>\n<p>Gotowy, aby przenie\u015b\u0107 swoje doznania z waporyzacji na wy\u017cszy poziom? Przedstawiamy <strong>Mr.Goodie 50K<\/strong>to bogaty w funkcje jednorazowy waporyzator przeznaczony dla powa\u017cnych smakoszy i nabywc\u00f3w hurtowych B2B. Dzi\u0119ki ogromnej pojemno\u015bci 50 000 zaci\u0105gni\u0119\u0107, osza\u0142amiaj\u0105cemu wy\u015bwietlaczowi Full Abyss Mirror Display i innowacyjnej 3-poziomowej regulacji lodu, jest to waporyzator, kt\u00f3ry utrzymuje dobre wibracje przez ca\u0142y dzie\u0144 i noc. Niezale\u017cnie od tego, czy zaopatrujesz sw\u00f3j sklep z waporyzatorami, czy szukasz efektownego waporyzatora na imprezy, Mr.Goodie 50K zapewnia styl, wydajno\u015b\u0107 i niezr\u00f3wnan\u0105 wygod\u0119.<\/p>\n<h3>Specyfikacje<\/h3>\n<table>\n<tbody>\n<tr>\n<td>Pojemno\u015b\u0107 puff\u00f3w<\/td>\n<td>Do 50 000 zaci\u0105gni\u0119\u0107<\/td>\n<\/tr>\n<tr>\n<td>Pojemno\u015b\u0107 e-liquidu<\/td>\n<td>40 ml<\/td>\n<\/tr>\n<tr>\n<td>Bateria<\/td>\n<td>900 mAh, akumulator typu C<\/td>\n<\/tr>\n<tr>\n<td>Typ cewki<\/td>\n<td>Podw\u00f3jne cewki siatkowe<\/td>\n<\/tr>\n<tr>\n<td>Opcje nikotyny<\/td>\n<td>2%, 5%<\/td>\n<\/tr>\n<tr>\n<td>Wy\u015bwietlacz<\/td>\n<td>Pe\u0142ny wy\u015bwietlacz lustrzany Abyss<\/td>\n<\/tr>\n<tr>\n<td>Projekt<\/td>\n<td>Tryb Party Vibez<\/td>\n<\/tr>\n<tr>\n<td>Kontrola lodu<\/td>\n<td>3-stopniowa regulacja<\/td>\n<\/tr>\n<\/tbody>\n<\/table>\n<h3>Dost\u0119pne smaki<\/h3>\n<ul>\n<li>Koktajl truskawkowy<\/li>\n<li>Blue Razz<\/li>\n<li>Arbuzowy l\u00f3d<\/li>\n<li>Jab\u0142ko z cynamonem<\/li>\n<li>Zielony l\u00f3d cytrynowy<\/li>\n<li>Mango Pineapple Ice<\/li>\n<li>Soczysty brzoskwiniowy l\u00f3d<\/li>\n<li>Vanilla Passion Fruit<\/li>\n<li>L\u00f3d z krwistej pomara\u0144czy<\/li>\n<li>Love 66<\/li>\n<\/ul>\n<p><img data-recalc-dims=\"1\" loading=\"lazy\" decoding=\"async\" class=\"alignleft\" src=\"https:\/\/i0.wp.com\/static.24hvape.com\/wp-content\/uploads\/2025\/05\/30071414\/24h-vape-mr.goodie-50000-50k-puffs-flavor-list.jpg.webp?resize=1000%2C1000&#038;ssl=1\" alt=\",\" width=\"1000\" height=\"1000\" title=\"\"><\/p>","protected":false},"excerpt":{"rendered":"<p>Waporyzator jednorazowy Mr.Goodie 50K: 50 000 zaci\u0105gni\u0119\u0107, lustrzany wy\u015bwietlacz, regulowany l\u00f3d i wyraziste smaki - idealny dla hurtowni i sklep\u00f3w z waporyzatorami!<\/p>","protected":false},"featured_media":42013,"comment_status":"open","ping_status":"closed","template":"","meta":[],"product_brand":[258],"product_cat":[137,146,138,141,143,257],"product_tag":[],"class_list":{"0":"post-42012","1":"product","2":"type-product","3":"status-publish","4":"has-post-thumbnail","6":"product_brand-mr-goodie","7":"product_cat-disposable-vapes-in-germany","8":"product_cat-disposable-vapes-in-hungary","9":"product_cat-disposable-vapes-in-ltaly","10":"product_cat-disposable-vapes-in-poland","11":"product_cat-disposable-vapes-in-spain","12":"product_cat-mr-goodie","14":"first","15":"instock","16":"shipping-taxable","17":"purchasable","18":"product-type-variable","19":"has-default-attributes"},"jetpack_sharing_enabled":true,"tiered_pricing_type":"fixed","tiered_pricing_fixed_rules":[],"tiered_pricing_product_settings":{"layout":"default","base_unit_name":{"singular":null,"plural":null},"default_variation":null},"tiered_pricing_minimum_quantity":1000,"tiered_pricing_roles_data":[],"tiered_pricing_percentage_rules":[],"tiered_pricing_maximum_quantity":null,"tiered_pricing_quantity_step":"10","_links":{"self":[{"href":"https:\/\/aiviouvapes.com\/pl\/wp-json\/wp\/v2\/product\/42012","targetHints":{"allow":["GET"]}}],"collection":[{"href":"https:\/\/aiviouvapes.com\/pl\/wp-json\/wp\/v2\/product"}],"about":[{"href":"https:\/\/aiviouvapes.com\/pl\/wp-json\/wp\/v2\/types\/product"}],"replies":[{"embeddable":true,"href":"https:\/\/aiviouvapes.com\/pl\/wp-json\/wp\/v2\/comments?post=42012"}],"wp:featuredmedia":[{"embeddable":true,"href":"https:\/\/aiviouvapes.com\/pl\/wp-json\/wp\/v2\/media\/42013"}],"wp:attachment":[{"href":"https:\/\/aiviouvapes.com\/pl\/wp-json\/wp\/v2\/media?parent=42012"}],"wp:term":[{"taxonomy":"product_brand","embeddable":true,"href":"https:\/\/aiviouvapes.com\/pl\/wp-json\/wp\/v2\/product_brand?post=42012"},{"taxonomy":"product_cat","embeddable":true,"href":"https:\/\/aiviouvapes.com\/pl\/wp-json\/wp\/v2\/product_cat?post=42012"},{"taxonomy":"product_tag","embeddable":true,"href":"https:\/\/aiviouvapes.com\/pl\/wp-json\/wp\/v2\/product_tag?post=42012"}],"curies":[{"name":"wp","href":"https:\/\/api.w.org\/{rel}","templated":true}]}}