{"id":41846,"date":"2025-07-04T09:51:19","date_gmt":"2025-07-04T01:51:19","guid":{"rendered":"https:\/\/aiviouvapes.com\/?post_type=product&#038;p=41846"},"modified":"2026-03-24T11:26:56","modified_gmt":"2026-03-24T03:26:56","slug":"bang-blaze-60k-shisha","status":"publish","type":"product","link":"https:\/\/aiviouvapes.com\/pl\/product\/bang-blaze-60k-shisha\/","title":{"rendered":"Bang Blaze 60K Shisha 60000 Puffs | d\u0142ugotrwa\u0142e jednorazowe vape luzem"},"content":{"rendered":"<h3>Dlaczego warto wybra\u0107 shish\u0119 Bang Blaze 60K?<\/h3>\n<ul>\n<li>Ogromna pojemno\u015b\u0107 60 000 zaci\u0105gni\u0119\u0107 dla d\u0142u\u017cszego u\u017cytkowania<\/li>\n<li>\u015awie\u017ce smaki dla niesko\u0144czonych kombinacji smakowych<\/li>\n<li>Akumulator o pojemno\u015bci 1000 mAh z funkcj\u0105 szybkiego \u0142adowania Type-C<\/li>\n<li>Inteligentny ekran LED do \u0142atwego monitorowania poziomu na\u0142adowania baterii i zu\u017cycia energii<\/li>\n<li>Krystalicznie przezroczysta obudowa zapewnia stylowy, wysokiej jako\u015bci wygl\u0105d<\/li>\n<li>\ud83c\udf2c\ufe0f P\u0142ynne, satysfakcjonuj\u0105ce uderzenia DTL (Direct-To-Lung) z cewk\u0105 o oczkach 0,6\u03a9.<\/li>\n<li>Opakowanie hurtowe u\u0142atwiaj\u0105ce dystrybucj\u0119<\/li>\n<\/ul>\n<p>The <strong>Bang Blaze 60K Shisha<\/strong> zosta\u0142 stworzony z my\u015bl\u0105 o intensywnych u\u017cytkownikach, poszukiwaczach smak\u00f3w i firmach vape, kt\u00f3rzy potrzebuj\u0105 pot\u0119\u017cnego, wszechstronnego jednorazowego waporyzatora, kt\u00f3ry nigdy nie zawiedzie. Niezale\u017cnie od tego, czy robisz zapasy do swojego sklepu, czy szukasz przyjaznego dla mas urz\u0105dzenia z niesamowitymi funkcjami, to inspirowane shish\u0105 arcydzie\u0142o zapewnia sta\u0142\u0105 wydajno\u015b\u0107 i niezr\u00f3wnan\u0105 satysfakcj\u0119 smakow\u0105 za ka\u017cdym razem.<\/p>\n<h2>Przedstawiamy shish\u0119 Bang Blaze 60K! \ud83d\udd25<\/h2>\n<p>Gotowy do przeniesienia waporyzacji w stylu shishy na wy\u017cszy poziom? Poznaj <strong>Bang Blaze 60K Shisha<\/strong> - to najnowocze\u015bniejszy jednorazowy waporyzator z imponuj\u0105c\u0105 moc\u0105 60 000 zaci\u0105gni\u0119\u0107 i pot\u0119\u017cnym akumulatorem 1000 mAh. Niezale\u017cnie od tego, czy jeste\u015b smakoszem, czy ci\u0119\u017ckim waperem, ten krystalicznie czysty zasilacz z wy\u015bwietlaczem LED gwarantuje odwa\u017cny smak i g\u0142adkie chmury za ka\u017cdym razem. Idealny dla sprzedawc\u00f3w, hurtownik\u00f3w i ka\u017cdego, kto chce cieszy\u0107 si\u0119 najlepszymi doznaniami z waporyzacji inspirowanymi shish\u0105 na rynku!<\/p>\n<h3>Specyfikacje<\/h3>\n<table>\n<tbody>\n<tr>\n<th>Pojemno\u015b\u0107 puff\u00f3w<\/th>\n<td>Do 60 000 zaci\u0105gni\u0119\u0107<\/td>\n<\/tr>\n<tr>\n<th>Pojemno\u015b\u0107 e-liquidu<\/th>\n<td>40 ml<\/td>\n<\/tr>\n<tr>\n<th>Bateria<\/th>\n<td>1000 mAh, akumulator typu C<\/td>\n<\/tr>\n<tr>\n<th>Typ cewki<\/th>\n<td>Siatkowa cewka 0,6\u03a9<\/td>\n<\/tr>\n<tr>\n<th>Opcje nikotyny<\/th>\n<td>0%, 2%, 3%, 5%<\/td>\n<\/tr>\n<tr>\n<th>Wy\u015bwietlacz<\/th>\n<td>Inteligentny ekran LED<\/td>\n<\/tr>\n<tr>\n<th>Projekt<\/th>\n<td>Krystalicznie czysty korpus<\/td>\n<\/tr>\n<tr>\n<th>Opakowanie<\/th>\n<td>8 sztuk\/opakowanie<\/td>\n<\/tr>\n<\/tbody>\n<\/table>\n<h3>Lista smak\u00f3w<\/h3>\n<p>Ch\u0142odna Mi\u0119ta<br \/>\nPodw\u00f3jne jab\u0142ko<br \/>\nTruskawka Kiwi<br \/>\nArbuz Truskawka Melon<br \/>\nJagody mieszane<br \/>\nBrown Ale<br \/>\nMi\u0119ta wi\u015bniowa<br \/>\nBrzoskwinia Mango Arbuz<br \/>\nBlue Razz<br \/>\nMarakuja<\/p>","protected":false},"excerpt":{"rendered":"<p>Jednorazowa fajka wodna Bang Blaze 60K Shisha zapewnia do 60 000 zaci\u0105gni\u0119\u0107 dzi\u0119ki dw\u00f3m smakom, mocnej baterii 1000 mAh i cewce siatkowej 0,6 \u03a9 - idealna dla intensywnych vaper\u00f3w, vape shop\u00f3w i hurtownik\u00f3w.<\/p>","protected":false},"featured_media":41847,"comment_status":"open","ping_status":"closed","template":"","meta":[],"product_brand":[239],"product_cat":[37,320,137,146,138,141,143],"product_tag":[],"class_list":{"0":"post-41846","1":"product","2":"type-product","3":"status-publish","4":"has-post-thumbnail","6":"product_brand-bang","7":"product_cat-bang","8":"product_cat-best-disposable-vapes","9":"product_cat-disposable-vapes-in-germany","10":"product_cat-disposable-vapes-in-hungary","11":"product_cat-disposable-vapes-in-ltaly","12":"product_cat-disposable-vapes-in-poland","13":"product_cat-disposable-vapes-in-spain","15":"first","16":"instock","17":"shipping-taxable","18":"purchasable","19":"product-type-variable","20":"has-default-attributes"},"jetpack_sharing_enabled":true,"tiered_pricing_type":"fixed","tiered_pricing_fixed_rules":{"30":9.3300000000000000710542735760100185871124267578125,"50":7.519999999999999573674358543939888477325439453125,"100":6.87000000000000010658141036401502788066864013671875,"200":6.61000000000000031974423109204508364200592041015625,"400":6.089999999999999857891452847979962825775146484375},"tiered_pricing_product_settings":{"layout":"default","base_unit_name":{"singular":null,"plural":null},"default_variation":null},"tiered_pricing_minimum_quantity":10,"tiered_pricing_roles_data":[],"tiered_pricing_percentage_rules":[],"tiered_pricing_maximum_quantity":null,"tiered_pricing_quantity_step":"10","_links":{"self":[{"href":"https:\/\/aiviouvapes.com\/pl\/wp-json\/wp\/v2\/product\/41846","targetHints":{"allow":["GET"]}}],"collection":[{"href":"https:\/\/aiviouvapes.com\/pl\/wp-json\/wp\/v2\/product"}],"about":[{"href":"https:\/\/aiviouvapes.com\/pl\/wp-json\/wp\/v2\/types\/product"}],"replies":[{"embeddable":true,"href":"https:\/\/aiviouvapes.com\/pl\/wp-json\/wp\/v2\/comments?post=41846"}],"wp:featuredmedia":[{"embeddable":true,"href":"https:\/\/aiviouvapes.com\/pl\/wp-json\/wp\/v2\/media\/41847"}],"wp:attachment":[{"href":"https:\/\/aiviouvapes.com\/pl\/wp-json\/wp\/v2\/media?parent=41846"}],"wp:term":[{"taxonomy":"product_brand","embeddable":true,"href":"https:\/\/aiviouvapes.com\/pl\/wp-json\/wp\/v2\/product_brand?post=41846"},{"taxonomy":"product_cat","embeddable":true,"href":"https:\/\/aiviouvapes.com\/pl\/wp-json\/wp\/v2\/product_cat?post=41846"},{"taxonomy":"product_tag","embeddable":true,"href":"https:\/\/aiviouvapes.com\/pl\/wp-json\/wp\/v2\/product_tag?post=41846"}],"curies":[{"name":"wp","href":"https:\/\/api.w.org\/{rel}","templated":true}]}}