{"id":41701,"date":"2025-07-04T10:01:55","date_gmt":"2025-07-04T02:01:55","guid":{"rendered":"https:\/\/aiviouvapes.com\/?post_type=product&#038;p=41701"},"modified":"2026-03-17T23:55:13","modified_gmt":"2026-03-17T15:55:13","slug":"randm-fumot-tornado-20k","status":"publish","type":"product","link":"https:\/\/aiviouvapes.com\/pl\/product\/randm-fumot-tornado-20k\/","title":{"rendered":"RandM Fumot Tornado 20K | 20000 zaci\u0105gni\u0119\u0107 podw\u00f3jna siatka luzem jednorazowy vape"},"content":{"rendered":"<h2>Dlaczego warto wybra\u0107 RandM Fumot Tornado 20K?<\/h2>\n<ul>\n<li>Ogromna pojemno\u015b\u0107 20 000 dmuchaw zapewnia d\u0142ugotrwa\u0142\u0105 wydajno\u015b\u0107<\/li>\n<li>Podw\u00f3jne cewki siatkowe dla bogatszego, g\u0142adszego smaku<\/li>\n<li>Akumulator 850 mAh z Type-C do szybkiego \u0142adowania<\/li>\n<li>Krystalicznie czysta obudowa z intuicyjnym wy\u015bwietlaczem oleju i baterii<\/li>\n<li>Ogromny zbiornik e-liquidu o pojemno\u015bci 20 ml minimalizuje liczb\u0119 uzupe\u0142nie\u0144.<\/li>\n<li>39 niesamowitych opcji smakowych, aby dopasowa\u0107 si\u0119 do ka\u017cdych preferencji smakowych<\/li>\n<li>Przyjazny dla sprzeda\u017cy hurtowej - idealny dla sprzedawc\u00f3w detalicznych i dystrybutor\u00f3w<\/li>\n<\/ul>\n<p>RandM Fumot Tornado 20K zosta\u0142 stworzony z my\u015bl\u0105 o smakoszach, intensywnych u\u017cytkownikach i vape shopach poszukuj\u0105cych jednorazowego produktu premium o maksymalnej wydajno\u015bci. Niezale\u017cnie od tego, czy wapujesz solo, czy te\u017c zaopatrujesz swoje p\u00f3\u0142ki dla ch\u0119tnych klient\u00f3w, ta pot\u0119ga zapewnia sp\u00f3jne chmury, niesamowity smak i imponuj\u0105c\u0105 niezawodno\u015b\u0107 od pocz\u0105tku do ko\u0144ca. Gotowy do szturmu na rynek? Tornado 20K to najlepszy wyb\u00f3r, je\u015bli chodzi o najlepsze jednorazowe waporyzatory o dw\u00f3ch smakach.<\/p>\n<h3>RandM Fumot Tornado 20K: Dual Mesh Double Flavor, Uwolnij burz\u0119 smak\u00f3w! \ud83c\udf2a\ufe0f<\/h3>\n<p>Przygotuj si\u0119 na podniesienie poziomu waporyzacji dzi\u0119ki RandM Fumot Tornado 20K! Wyposa\u017cony w niesamowit\u0105 liczb\u0119 20 000 zaci\u0105gni\u0119\u0107, pot\u0119\u017cne podw\u00f3jne cewki siatkowe i imponuj\u0105cy zbiornik na e-ciecz o pojemno\u015bci 20 ml, to urz\u0105dzenie zosta\u0142o stworzone z my\u015bl\u0105 o g\u0142adkim, sp\u00f3jnym smaku od pierwszego do ostatniego zaci\u0105gni\u0119cia. Niezale\u017cnie od tego, czy szukasz satysfakcjonuj\u0105cego uderzenia, czy opcji hurtowej dla swojej firmy vape, Tornado 20K \u0142\u0105czy wysok\u0105 wydajno\u015b\u0107 z bezkonkurencyjnym wyborem smak\u00f3w, aby zadowoli\u0107 ka\u017cdego klienta.<\/p>\n<h3>Specyfikacje<\/h3>\n<table>\n<tbody>\n<tr>\n<th>Cecha<\/th>\n<th>Szczeg\u00f3\u0142y<\/th>\n<\/tr>\n<tr>\n<td>Pojemno\u015b\u0107 puff\u00f3w<\/td>\n<td>Do 20 000 zaci\u0105gni\u0119\u0107<\/td>\n<\/tr>\n<tr>\n<td>Pojemno\u015b\u0107 e-liquidu<\/td>\n<td>20ml<\/td>\n<\/tr>\n<tr>\n<td>Bateria<\/td>\n<td>Akumulator 850 mAh (typ C)<\/td>\n<\/tr>\n<tr>\n<td>Typ cewki<\/td>\n<td>Podw\u00f3jna cewka siatkowa<\/td>\n<\/tr>\n<tr>\n<td>Opcje nikotyny<\/td>\n<td>2%, 3%, 5%<\/td>\n<\/tr>\n<tr>\n<td>Wy\u015bwietlacz<\/td>\n<td>Wska\u017anik oleju i akumulatora<\/td>\n<\/tr>\n<tr>\n<td>Projekt<\/td>\n<td>Krystalicznie czysty korpus<\/td>\n<\/tr>\n<\/tbody>\n<\/table>\n<h3>Najlepsze smaki<\/h3>\n<p>Twarde cukierki jagodowo-malinowe<\/p>\n<p>Blue Razz<\/p>\n<p>Truskawka Kiwi<\/p>\n<p>Brzoskwinia Ananas Pomara\u0144cza<\/p>\n<p>Kr\u0119gle<\/p>\n<p>Brzoskwinia Mango Arbuz<\/p>\n<p>Lody truskawkowe<\/p>\n<p>Gruszka z lodem<\/p>\n<p>Wata cukrowa<\/p>\n<p>\u017belki<\/p>\n<p>Lemoniada og\u00f3rkowa<\/p>\n<p>Pina Colada<\/p>\n<p>Huckleberry<\/p>\n<p>Arbuzowy l\u00f3d<\/p>\n<p>Arbuz truskawkowy<\/p>\n<p>Mixed Berry<\/p>\n<p>Melon liczi<\/p>\n<p>Cherry Lime<\/p>\n<p>Ananas Cytryna Jab\u0142ko<\/p>\n<p>Ciasto bananowe<\/p>\n<p>Mr Blue<\/p>\n<p>Wi\u015bnia<\/p>\n<p>Cherry Cola<\/p>\n<p>Kiwi Passion Fruit Guava<\/p>\n<p>L\u00f3d truskawkowy<\/p>\n<p>L\u00f3d truskawkowo-wi\u015bniowy<\/p>\n<p>Cherry Berry<\/p>\n<p>Kwa\u015bna malina z jagodami<\/p>\n<p>Peach Berry<\/p>\n<p>Blue Razz Gummy Bear<\/p>\n<p>Ch\u0142odna Mi\u0119ta<\/p>\n<p>L\u00f3d jagodowy<\/p>\n<p>Cactus Ice<\/p>\n<p>Red Grape Lime<\/p>\n<p>Cola Lemon<\/p>\n<p>Jab\u0142ko z czarn\u0105 porzeczk\u0105<\/p>\n<p>Kaktus Kiwi<\/p>\n<p>Cola Lodowa<\/p>","protected":false},"excerpt":{"rendered":"<p>Do\u015bwiadcz RandM Fumot Tornado 20K z 20 000 zaci\u0105gni\u0119\u0107, podw\u00f3jnymi cewkami siatkowymi i odwa\u017cnymi smakami - stworzonymi dla mi\u0142o\u015bnik\u00f3w waporyzacji.<\/p>","protected":false},"featured_media":41705,"comment_status":"open","ping_status":"closed","template":"","meta":[],"product_brand":[231],"product_cat":[35,137,146,138,141,143],"product_tag":[],"class_list":{"0":"post-41701","1":"product","2":"type-product","3":"status-publish","4":"has-post-thumbnail","6":"product_brand-randm","7":"product_cat-randm","8":"product_cat-disposable-vapes-in-germany","9":"product_cat-disposable-vapes-in-hungary","10":"product_cat-disposable-vapes-in-ltaly","11":"product_cat-disposable-vapes-in-poland","12":"product_cat-disposable-vapes-in-spain","14":"first","15":"instock","16":"shipping-taxable","17":"purchasable","18":"product-type-variable","19":"has-default-attributes"},"jetpack_sharing_enabled":true,"tiered_pricing_type":"fixed","tiered_pricing_fixed_rules":{"30":10.050000000000000710542735760100185871124267578125,"50":8.230000000000000426325641456060111522674560546875,"100":7.5800000000000000710542735760100185871124267578125,"200":7.19000000000000039079850466805510222911834716796875,"400":6.7400000000000002131628207280300557613372802734375},"tiered_pricing_product_settings":{"layout":"default","base_unit_name":{"singular":null,"plural":null},"default_variation":null},"tiered_pricing_minimum_quantity":10,"tiered_pricing_roles_data":[],"tiered_pricing_percentage_rules":[],"tiered_pricing_maximum_quantity":null,"tiered_pricing_quantity_step":"10","_links":{"self":[{"href":"https:\/\/aiviouvapes.com\/pl\/wp-json\/wp\/v2\/product\/41701","targetHints":{"allow":["GET"]}}],"collection":[{"href":"https:\/\/aiviouvapes.com\/pl\/wp-json\/wp\/v2\/product"}],"about":[{"href":"https:\/\/aiviouvapes.com\/pl\/wp-json\/wp\/v2\/types\/product"}],"replies":[{"embeddable":true,"href":"https:\/\/aiviouvapes.com\/pl\/wp-json\/wp\/v2\/comments?post=41701"}],"wp:featuredmedia":[{"embeddable":true,"href":"https:\/\/aiviouvapes.com\/pl\/wp-json\/wp\/v2\/media\/41705"}],"wp:attachment":[{"href":"https:\/\/aiviouvapes.com\/pl\/wp-json\/wp\/v2\/media?parent=41701"}],"wp:term":[{"taxonomy":"product_brand","embeddable":true,"href":"https:\/\/aiviouvapes.com\/pl\/wp-json\/wp\/v2\/product_brand?post=41701"},{"taxonomy":"product_cat","embeddable":true,"href":"https:\/\/aiviouvapes.com\/pl\/wp-json\/wp\/v2\/product_cat?post=41701"},{"taxonomy":"product_tag","embeddable":true,"href":"https:\/\/aiviouvapes.com\/pl\/wp-json\/wp\/v2\/product_tag?post=41701"}],"curies":[{"name":"wp","href":"https:\/\/api.w.org\/{rel}","templated":true}]}}